{"id":443,"date":"2014-09-11T12:54:15","date_gmt":"2014-09-11T10:54:15","guid":{"rendered":"http:\/\/relaunch.gr2.com\/behaelterglas\/"},"modified":"2018-02-21T17:29:04","modified_gmt":"2018-02-21T16:29:04","slug":"behaelterglas","status":"publish","type":"page","link":"https:\/\/www.gr2.com\/de\/behaelterglas\/","title":{"rendered":"Beh\u00e4lterglas"},"content":{"rendered":"<section class=\"wpb-content-wrapper\"><p>[vc_row full_width=&#8220;stretch_row_content_no_spaces&#8220;][vc_column][vc_column_text]\n    \n    \n\n    \t\n    \t\n            <div data-uk-slideshow>\n                <ul class=\"uk-slideshow\">\n\n            \n                    <li class=\"slide\">\n\n                        <div class=\"uk-width-1-1 uk-height-1-1\" id=\"slider-wrapper\">\n                                <div class=\"slider-img-wrapper\">\n                                    <img decoding=\"async\" src=\"https:\/\/www.gr2.com\/wp-content\/uploads\/slide-1.jpg\" alt=\"\" \/>\n                                <\/div>\n\n                                <div class=\"slider-cc-wrapper\">\n                                                                    <\/div>\n                        <\/div>\n\n                    <\/li>\n\n            \n                <\/ul>\n            <\/div>\n\n        \n    \t\n    \t\n    \n\n    [\/vc_column_text][\/vc_column][\/vc_row][vc_row][vc_column width=&#8220;5\/6&#8243;][vc_column_text]<\/p>\n<h1>Beh\u00e4lterglas: Verpackung mit zahlreichen Vorteilen<\/h1>\n<p style=\"text-align: justify;\">Die <a title=\"Glasindustrie - Qualit\u00e4tsprodukte von GR\u00b2 GmbH\" href=\"https:\/\/www.gr2.com\/de\/\">Glasindustrie<\/a> unterteilt sich in vier gro\u00dfe Bereiche:<\/p>\n<ul>\n<li style=\"text-align: justify;\">Herstellung von <strong>Beh\u00e4lterglas<\/strong><\/li>\n<li>Herstellung von Flachglas<\/li>\n<li>Herstellung von Gebrauchs- und Spezialglas<\/li>\n<li>Glasbearbeitung und -veredelung<\/li>\n<\/ul>\n<p>Die GR\u00b2 GmbH beliefert die Glasindustrie mit Produktionsmitteln und hat sich insbesondere auf die Belieferung der <strong>Beh\u00e4lterglasindustrie<\/strong> spezialisiert. Beh\u00e4lterglas ist ein Sammelbegriff f\u00fcr Produkte aus Glas, die zur Aufbewahrung, Verpackung, zum Transport oder f\u00fcr die Konservierung von Fl\u00fcssigkeiten, Lebensmitteln, kosmetischen, pharmazeutischen und chemischen Stoffen dienen.[\/vc_column_text][vc_column_text]<\/p>\n<h2>Glas als Beh\u00e4lter st\u00e4rkt Ihr Image<\/h2>\n<p style=\"text-align: justify;\">Glas als Grundstoff f\u00fcr Beh\u00e4lter einzusetzen, hat eine Vielzahl von Vorteilen. Glas ist vielf\u00e4ltig form- und gestaltbar. Es lassen sich Formen herstellen, die einzigartig sind und die Individualit\u00e4t einer Marke betonen. Wer erkennt nicht die bekannte Marke eines f\u00fchrenden Getr\u00e4nkeherstellers nur auf Grund der einzigartigen Form seiner Flaschen? Beh\u00e4lterglas kann optimal zum \u201eCorporate Branding\u201c eingesetzt werden!<\/p>\n<h3>Hochwertiger Beh\u00e4lter f\u00fcr sensible Inhaltsstoffe<\/h3>\n<p style=\"text-align: justify;\">Glas eignet sich besonders gut als Verpackungsmaterial, da es transparent, besonders hygienisch und leicht zu reinigen ist. Glas ist dar\u00fcber hinaus geschmacks- und geruchsneutral \u2013 ein wichtiger Faktor f\u00fcr die Lebensmittel-, die Kosmetik- und die Pharmaindustrie. Au\u00dferdem nimmt ein Beh\u00e4lter aus Glas selbst keine Stoffe auf und ver\u00e4ndert die eingeschlossene Substanz auch \u00fcber einen l\u00e4ngeren Zeitraum nicht. Glas eignet sich als Beh\u00e4lter in besonderem Ma\u00dfe f\u00fcr Fl\u00fcssigkeiten mit Kohlens\u00e4ure, f\u00fcr Vakuumverpackungen und f\u00fcr die Aufbewahrung von S\u00e4uren aller Art.<\/p>\n<h3>Glas optimiert Produktionsabl\u00e4ufe und schont die Umwelt<\/h3>\n<p style=\"text-align: justify;\">F\u00fcr die Beh\u00e4lterglasindustrie von besonderer Bedeutung ist der Umstand, dass Glas sehr hohe Temperaturen vertr\u00e4gt. Damit ist es in der Lage, alle Abf\u00fcllverfahren zu unterst\u00fctzen und kann besonders effektiv gereinigt werden. Glas erm\u00f6glicht Abf\u00fcllverfahren wie Hei\u00dfabf\u00fcllung, Pasteurisierung, Sterilabf\u00fcllung sowie eine aseptische Abf\u00fcllung. Es kann zudem mit sehr hohen Geschwindigkeiten bef\u00fcllt werden. Glas kann mit hohen Temperaturen gereinigt und wieder verwendet werden \u2013 es ist ein besonders umweltfreundlicher Rohstoff.<\/p>\n<h3>GR\u00b2 GmbH erweitert Ihre M\u00f6glichkeiten<\/h3>\n<p style=\"text-align: justify;\">Mit den Produktionsmitteln der GR\u00b2 GmbH sowie den erweiterten M\u00f6glichkeiten durch die Schwesterfirmen innerhalb der Rondot-Gruppe und weiterer externer Partner stehen der Glasindustrie alle M\u00f6glichkeiten offen, Ihr Beh\u00e4lterglas optimal und kosteneffektiv zu produzieren. Sie k\u00f6nnen Ihr <strong>Beh\u00e4lterglas<\/strong> individuell gestalten und haben vielf\u00e4ltige Optionen, was die Dekoration, die Beh\u00e4lterm\u00fcndungen, die Oberfl\u00e4chen und die Verschl\u00fcsse betrifft.<\/p>\n<p style=\"text-align: justify;\">Sie planen die Entwicklung neuer Glasbeh\u00e4lter f\u00fcr den Markt?<\/p>\n<p style=\"text-align: justify;\">Sie k\u00f6nnen mit Beh\u00e4lterglas von aktuellen Trends profitieren, die dazu f\u00fchren, dass Konsumenten vermehrt zu Glasverpackungen greifen.<\/p>\n<p style=\"text-align: justify;\">Sie haben Fragen, ob mit unseren Produktionsmitteln Ihre Ideen umsetzbar sind? Sprechen Sie uns an! Wir beraten Sie gern!<\/p>\n<p>[\/vc_column_text][vc_column_text el_class=&#8220;checklist-small&#8220;]<\/p>\n<h3>Unser Lieferprogramm umfasst L\u00f6sungen f\u00fcr folgende Bereiche der Glasproduktion:<\/h3>\n<ul>\n<li>Glasschmelzwannen<\/li>\n<li>Vorherde<\/li>\n<li>Speiser<\/li>\n<li><a href=\"https:\/\/www.gr2.com\/de\/ersatzteile-fuer-scherenmechanismen\/\">Scherenmechanismen<\/a><\/li>\n<li>Tropfenverteiler<\/li>\n<li>Rinnensysteme<\/li>\n<li><a title=\"IS Mechanismen\" href=\"https:\/\/www.gr2.com\/de\/is-mechanismen\/\">IS-Stationsmechanismen<\/a><\/li>\n<li>IS-Maschinenschmierung<\/li>\n<li>Heissend-Pr\u00fcfsysteme<\/li>\n<li>F\u00f6rderb\u00e4nder<\/li>\n<li><a href=\"https:\/\/www.gr2.com\/de\/umlenkrinnen-deflektoren-is-maschinen\/\">Umlenker<\/a><\/li>\n<li><a href=\"https:\/\/www.gr2.com\/de\/sheppee-einschieber\/\">Einschieber<\/a><\/li>\n<li><a href=\"https:\/\/www.gr2.com\/de\/graphoidal-cwm2000-kaltendspruehbruecken\/\">Kaltend-Spr\u00fchbr\u00fccken<\/a><\/li>\n<li><a href=\"https:\/\/www.gr2.com\/de\/graphoidal-kaltenddosiersysteme\/\">Kaltendverg\u00fctungs-Dosiersysteme<\/a><\/li>\n<li><a href=\"https:\/\/www.gr2.com\/de\/formenabteilung-formenpoliermaschinen\/\">Formenpoliermaschinen<\/a><\/li>\n<li>Ausr\u00fcstungen f\u00fcr die Formenwerkst\u00e4tten<\/li>\n<li>Messger\u00e4te<\/li>\n<li><a href=\"https:\/\/www.gr2.com\/de\/formenabteilung-lehren-und-kaliber\/\">Lehren und Werkzeuge<\/a><\/li>\n<\/ul>\n<p>[\/vc_column_text][\/vc_column][vc_column width=&#8220;1\/6&#8243;][vc_single_image image=&#8220;107&#8243; img_size=&#8220;medium&#8220; alignment=&#8220;center&#8220;][vc_column_text]<span style=\"color: #3a7bbd;\">GR\u00b2 GMBH<\/span><br \/>\nWilhelm-von-Siemens-Stra\u00dfe 12-14<br \/>\n12277 Berlin<br \/>\n<span style=\"color: #3a7bbd;\">TEL<\/span> +49 30 7809 7720<br \/>\n<span style=\"color: #3a7bbd;\">FAX<\/span> +49 30 7809 7715<\/p>\n<p><a class=\"kontakt-button\" title=\"Kontakt\" href=\"https:\/\/www.gr2.com\/de\/kontakt\/\">Kontakt<\/a>[\/vc_column_text][\/vc_column][\/vc_row]<\/p>\n<\/section>","protected":false},"excerpt":{"rendered":"<p>[vc_row full_width=&#8220;stretch_row_content_no_spaces&#8220;][vc_column][vc_column_text][\/vc_column_text][\/vc_column][\/vc_row][vc_row][vc_column width=&#8220;5\/6&#8243;][vc_column_text] Beh\u00e4lterglas: Verpackung mit zahlreichen Vorteilen Die Glasindustrie unterteilt sich in vier gro\u00dfe Bereiche: Herstellung von Beh\u00e4lterglas Herstellung von Flachglas Herstellung von Gebrauchs- und Spezialglas Glasbearbeitung und -veredelung Die GR\u00b2 GmbH beliefert die Glasindustrie mit Produktionsmitteln und hat sich insbesondere auf die Belieferung der Beh\u00e4lterglasindustrie spezialisiert. Beh\u00e4lterglas ist ein Sammelbegriff f\u00fcr Produkte aus [&hellip;]<\/p>\n","protected":false},"author":2,"featured_media":107,"parent":0,"menu_order":2,"comment_status":"closed","ping_status":"closed","template":"","meta":{"_acf_changed":false,"inline_featured_image":false,"footnotes":""},"acf":[],"yoast_head":"<!-- This site is optimized with the Yoast SEO plugin v22.4 - https:\/\/yoast.com\/wordpress\/plugins\/seo\/ -->\n<title>Beh\u00e4lterglas: Verpackung mit zahlreichen Vorteilen - GR\u00b2 GmbH<\/title>\n<meta name=\"description\" content=\"Beh\u00e4lterglas mit der GR\u00b2 GmbH und der Rondot-Gruppe produzieren: Besonders hochwertig und kosteneffektiv fertigen! Wir beraten Sie gern!\" \/>\n<meta name=\"robots\" content=\"index, follow, max-snippet:-1, max-image-preview:large, max-video-preview:-1\" \/>\n<link rel=\"canonical\" href=\"https:\/\/www.gr2.com\/de\/behaelterglas\/\" \/>\n<meta property=\"og:locale\" content=\"de_DE\" \/>\n<meta property=\"og:type\" content=\"article\" \/>\n<meta property=\"og:title\" content=\"Beh\u00e4lterglas: Verpackung mit zahlreichen Vorteilen - GR\u00b2 GmbH\" \/>\n<meta property=\"og:description\" content=\"Beh\u00e4lterglas mit der GR\u00b2 GmbH und der Rondot-Gruppe produzieren: Besonders hochwertig und kosteneffektiv fertigen! Wir beraten Sie gern!\" \/>\n<meta property=\"og:url\" content=\"https:\/\/www.gr2.com\/de\/behaelterglas\/\" \/>\n<meta property=\"og:site_name\" content=\"GR\u00b2 GmbH\" \/>\n<meta property=\"article:modified_time\" content=\"2018-02-21T16:29:04+00:00\" \/>\n<meta property=\"og:image\" content=\"https:\/\/www.gr2.com\/wp-content\/uploads\/glasflasche-gr2.png\" \/>\n\t<meta property=\"og:image:width\" content=\"227\" \/>\n\t<meta property=\"og:image:height\" content=\"459\" \/>\n\t<meta property=\"og:image:type\" content=\"image\/png\" \/>\n<meta name=\"twitter:card\" content=\"summary_large_image\" \/>\n<meta name=\"twitter:label1\" content=\"Gesch\u00e4tzte Lesezeit\" \/>\n\t<meta name=\"twitter:data1\" content=\"3\u00a0Minuten\" \/>\n<script type=\"application\/ld+json\" class=\"yoast-schema-graph\">{\"@context\":\"https:\/\/schema.org\",\"@graph\":[{\"@type\":\"WebPage\",\"@id\":\"https:\/\/www.gr2.com\/de\/behaelterglas\/\",\"url\":\"https:\/\/www.gr2.com\/de\/behaelterglas\/\",\"name\":\"Beh\u00e4lterglas: Verpackung mit zahlreichen Vorteilen - GR\u00b2 GmbH\",\"isPartOf\":{\"@id\":\"https:\/\/www.gr2.com\/de\/#website\"},\"primaryImageOfPage\":{\"@id\":\"https:\/\/www.gr2.com\/de\/behaelterglas\/#primaryimage\"},\"image\":{\"@id\":\"https:\/\/www.gr2.com\/de\/behaelterglas\/#primaryimage\"},\"thumbnailUrl\":\"https:\/\/www.gr2.com\/wp-content\/uploads\/glasflasche-gr2.png\",\"datePublished\":\"2014-09-11T10:54:15+00:00\",\"dateModified\":\"2018-02-21T16:29:04+00:00\",\"description\":\"Beh\u00e4lterglas mit der GR\u00b2 GmbH und der Rondot-Gruppe produzieren: Besonders hochwertig und kosteneffektiv fertigen! Wir beraten Sie gern!\",\"breadcrumb\":{\"@id\":\"https:\/\/www.gr2.com\/de\/behaelterglas\/#breadcrumb\"},\"inLanguage\":\"de\",\"potentialAction\":[{\"@type\":\"ReadAction\",\"target\":[\"https:\/\/www.gr2.com\/de\/behaelterglas\/\"]}]},{\"@type\":\"ImageObject\",\"inLanguage\":\"de\",\"@id\":\"https:\/\/www.gr2.com\/de\/behaelterglas\/#primaryimage\",\"url\":\"https:\/\/www.gr2.com\/wp-content\/uploads\/glasflasche-gr2.png\",\"contentUrl\":\"https:\/\/www.gr2.com\/wp-content\/uploads\/glasflasche-gr2.png\",\"width\":227,\"height\":459,\"caption\":\"Glasflaschen Herstellung\"},{\"@type\":\"BreadcrumbList\",\"@id\":\"https:\/\/www.gr2.com\/de\/behaelterglas\/#breadcrumb\",\"itemListElement\":[{\"@type\":\"ListItem\",\"position\":1,\"name\":\"Startseite\",\"item\":\"https:\/\/www.gr2.com\/de\/\"},{\"@type\":\"ListItem\",\"position\":2,\"name\":\"Beh\u00e4lterglas\"}]},{\"@type\":\"WebSite\",\"@id\":\"https:\/\/www.gr2.com\/de\/#website\",\"url\":\"https:\/\/www.gr2.com\/de\/\",\"name\":\"GR\u00b2 GmbH\",\"description\":\"\",\"potentialAction\":[{\"@type\":\"SearchAction\",\"target\":{\"@type\":\"EntryPoint\",\"urlTemplate\":\"https:\/\/www.gr2.com\/de\/?s={search_term_string}\"},\"query-input\":\"required name=search_term_string\"}],\"inLanguage\":\"de\"}]}<\/script>\n<!-- \/ Yoast SEO plugin. -->","yoast_head_json":{"title":"Beh\u00e4lterglas: Verpackung mit zahlreichen Vorteilen - GR\u00b2 GmbH","description":"Beh\u00e4lterglas mit der GR\u00b2 GmbH und der Rondot-Gruppe produzieren: Besonders hochwertig und kosteneffektiv fertigen! Wir beraten Sie gern!","robots":{"index":"index","follow":"follow","max-snippet":"max-snippet:-1","max-image-preview":"max-image-preview:large","max-video-preview":"max-video-preview:-1"},"canonical":"https:\/\/www.gr2.com\/de\/behaelterglas\/","og_locale":"de_DE","og_type":"article","og_title":"Beh\u00e4lterglas: Verpackung mit zahlreichen Vorteilen - GR\u00b2 GmbH","og_description":"Beh\u00e4lterglas mit der GR\u00b2 GmbH und der Rondot-Gruppe produzieren: Besonders hochwertig und kosteneffektiv fertigen! Wir beraten Sie gern!","og_url":"https:\/\/www.gr2.com\/de\/behaelterglas\/","og_site_name":"GR\u00b2 GmbH","article_modified_time":"2018-02-21T16:29:04+00:00","og_image":[{"width":227,"height":459,"url":"https:\/\/www.gr2.com\/wp-content\/uploads\/glasflasche-gr2.png","type":"image\/png"}],"twitter_card":"summary_large_image","twitter_misc":{"Gesch\u00e4tzte Lesezeit":"3\u00a0Minuten"},"schema":{"@context":"https:\/\/schema.org","@graph":[{"@type":"WebPage","@id":"https:\/\/www.gr2.com\/de\/behaelterglas\/","url":"https:\/\/www.gr2.com\/de\/behaelterglas\/","name":"Beh\u00e4lterglas: Verpackung mit zahlreichen Vorteilen - GR\u00b2 GmbH","isPartOf":{"@id":"https:\/\/www.gr2.com\/de\/#website"},"primaryImageOfPage":{"@id":"https:\/\/www.gr2.com\/de\/behaelterglas\/#primaryimage"},"image":{"@id":"https:\/\/www.gr2.com\/de\/behaelterglas\/#primaryimage"},"thumbnailUrl":"https:\/\/www.gr2.com\/wp-content\/uploads\/glasflasche-gr2.png","datePublished":"2014-09-11T10:54:15+00:00","dateModified":"2018-02-21T16:29:04+00:00","description":"Beh\u00e4lterglas mit der GR\u00b2 GmbH und der Rondot-Gruppe produzieren: Besonders hochwertig und kosteneffektiv fertigen! Wir beraten Sie gern!","breadcrumb":{"@id":"https:\/\/www.gr2.com\/de\/behaelterglas\/#breadcrumb"},"inLanguage":"de","potentialAction":[{"@type":"ReadAction","target":["https:\/\/www.gr2.com\/de\/behaelterglas\/"]}]},{"@type":"ImageObject","inLanguage":"de","@id":"https:\/\/www.gr2.com\/de\/behaelterglas\/#primaryimage","url":"https:\/\/www.gr2.com\/wp-content\/uploads\/glasflasche-gr2.png","contentUrl":"https:\/\/www.gr2.com\/wp-content\/uploads\/glasflasche-gr2.png","width":227,"height":459,"caption":"Glasflaschen Herstellung"},{"@type":"BreadcrumbList","@id":"https:\/\/www.gr2.com\/de\/behaelterglas\/#breadcrumb","itemListElement":[{"@type":"ListItem","position":1,"name":"Startseite","item":"https:\/\/www.gr2.com\/de\/"},{"@type":"ListItem","position":2,"name":"Beh\u00e4lterglas"}]},{"@type":"WebSite","@id":"https:\/\/www.gr2.com\/de\/#website","url":"https:\/\/www.gr2.com\/de\/","name":"GR\u00b2 GmbH","description":"","potentialAction":[{"@type":"SearchAction","target":{"@type":"EntryPoint","urlTemplate":"https:\/\/www.gr2.com\/de\/?s={search_term_string}"},"query-input":"required name=search_term_string"}],"inLanguage":"de"}]}},"_links":{"self":[{"href":"https:\/\/www.gr2.com\/de\/wp-json\/wp\/v2\/pages\/443"}],"collection":[{"href":"https:\/\/www.gr2.com\/de\/wp-json\/wp\/v2\/pages"}],"about":[{"href":"https:\/\/www.gr2.com\/de\/wp-json\/wp\/v2\/types\/page"}],"author":[{"embeddable":true,"href":"https:\/\/www.gr2.com\/de\/wp-json\/wp\/v2\/users\/2"}],"replies":[{"embeddable":true,"href":"https:\/\/www.gr2.com\/de\/wp-json\/wp\/v2\/comments?post=443"}],"version-history":[{"count":6,"href":"https:\/\/www.gr2.com\/de\/wp-json\/wp\/v2\/pages\/443\/revisions"}],"predecessor-version":[{"id":1906,"href":"https:\/\/www.gr2.com\/de\/wp-json\/wp\/v2\/pages\/443\/revisions\/1906"}],"wp:featuredmedia":[{"embeddable":true,"href":"https:\/\/www.gr2.com\/de\/wp-json\/wp\/v2\/media\/107"}],"wp:attachment":[{"href":"https:\/\/www.gr2.com\/de\/wp-json\/wp\/v2\/media?parent=443"}],"curies":[{"name":"wp","href":"https:\/\/api.w.org\/{rel}","templated":true}]}}