{"id":349,"date":"2013-11-04T16:45:24","date_gmt":"2013-11-04T15:45:24","guid":{"rendered":"http:\/\/relaunch.gr2.com\/spezialschweissgeraet\/"},"modified":"2018-02-21T17:16:03","modified_gmt":"2018-02-21T16:16:03","slug":"formenabteilung-spezialschweissgeraet-glasformen","status":"publish","type":"page","link":"https:\/\/www.gr2.com\/de\/formenabteilung-spezialschweissgeraet-glasformen\/","title":{"rendered":"Spezialschweissger\u00e4t"},"content":{"rendered":"<section class=\"wpb-content-wrapper\"><p>[vc_row full_width=&#8220;stretch_row_content_no_spaces&#8220;][vc_column][vc_column_text]\n    \n    \n\n    \t\n    \t\n            <div data-uk-slideshow>\n                <ul class=\"uk-slideshow\">\n\n            \n                    <li class=\"slide\">\n\n                        <div class=\"uk-width-1-1 uk-height-1-1\" id=\"slider-wrapper\">\n                                <div class=\"slider-img-wrapper\">\n                                    <img decoding=\"async\" src=\"https:\/\/www.gr2.com\/wp-content\/uploads\/slide-1.jpg\" alt=\"\" \/>\n                                <\/div>\n\n                                <div class=\"slider-cc-wrapper\">\n                                                                    <\/div>\n                        <\/div>\n\n                    <\/li>\n\n            \n                <\/ul>\n            <\/div>\n\n        \n    \t\n    \t\n    \n\n    [\/vc_column_text][\/vc_column][\/vc_row][vc_row][vc_column][vc_column_text]<\/p>\n<h1>Sonicam Spezialschwei\u00dfger\u00e4t f\u00fcr schnelle Reparaturen an Glasformen:<\/h1>\n<p>[\/vc_column_text][vc_column_text el_class=&#8220;uk-column-medium-1-2&#8243;]Die Verwendung dieses\u00a0<a title=\"Sonicam\" href=\"https:\/\/www.gr2.com\/de\/sonicam\/\">Sonicam<\/a>\u00a0Spezialschwei\u00dfger\u00e4tes erfordert keine Vorw\u00e4rmung der Formen und die Vorbereitungszeit ist minimal. Es k\u00f6nnen Metallpellets (Nickel) mit metallischen und nichtmetallischen Oberfl\u00e4chen verschwei\u00dft werden. Mit dem Ger\u00e4t k\u00f6nnen Gussunregelm\u00e4ssigkeiten (z.B. Lunker), Reparaturkanten, Oberfl\u00e4chenbesch\u00e4digungen und sonstige Fehler an den Formen in k\u00fcrzester Zeit beseitigt werden. Die Handhabung ist einfach und sicher und eine sehr lange Lebensdauer sowie Wartungsfreiheit wird durch die Verwendung von kontaktloser Schalt- und Z\u00fcndkreise erreicht.[\/vc_column_text][vc_row_inner][vc_column_inner el_class=&#8220;list&#8220; width=&#8220;1\/2&#8243; css=&#8220;.vc_custom_1500292899938{padding-right: 20px !important;}&#8220;][vc_column_text][\/vc_column_text][\/vc_column_inner][vc_column_inner width=&#8220;1\/2&#8243;][vc_column_text]<\/p>\n<h3>Produkt Anfrage<\/h3>\n<p>Bei Fragen bez\u00fcglich des Produktes k\u00f6nnen Sie gerne Kontakt mit uns aufnehmen.<\/p>\n<div class=\"wpcf7 no-js\" id=\"wpcf7-f995-o1\" lang=\"de-DE\" dir=\"ltr\">\n<div class=\"screen-reader-response\"><p role=\"status\" aria-live=\"polite\" aria-atomic=\"true\"><\/p> <ul><\/ul><\/div>\n<form action=\"\/de\/wp-json\/wp\/v2\/pages\/349#wpcf7-f995-o1\" method=\"post\" class=\"wpcf7-form init anfrage-form uk-form wpcf7-acceptance-as-validation\" id=\"anfrage-form\" aria-label=\"Kontaktformular\" novalidate=\"novalidate\" data-status=\"init\">\n<div style=\"display: none;\">\n<input type=\"hidden\" name=\"_wpcf7\" value=\"995\" \/>\n<input type=\"hidden\" name=\"_wpcf7_version\" value=\"5.9.3\" \/>\n<input type=\"hidden\" name=\"_wpcf7_locale\" value=\"de_DE\" \/>\n<input type=\"hidden\" name=\"_wpcf7_unit_tag\" value=\"wpcf7-f995-o1\" \/>\n<input type=\"hidden\" name=\"_wpcf7_container_post\" value=\"0\" \/>\n<input type=\"hidden\" name=\"_wpcf7_posted_data_hash\" value=\"\" \/>\n<\/div>\n<div class=\"uk-grid\">\n<div class=\"uk-width-medium-1-1\">\n<div class=\"uk-grid uk-grid-small\">\n<div class=\"uk-width-medium-1-1 uk-margin-bottom\">\n<span class=\"wpcf7-form-control-wrap\" data-name=\"firma\"><input size=\"40\" class=\"wpcf7-form-control wpcf7-text wpcf7-validates-as-required uk-width-1-1\" aria-required=\"true\" aria-invalid=\"false\" placeholder=\"Firma\" value=\"\" type=\"text\" name=\"firma\" \/><\/span>\n<\/div>\n   <div class=\"uk-width-medium-1-2 margin-bottom-light\">\n<span class=\"wpcf7-form-control-wrap\" data-name=\"vorname\"><input size=\"40\" class=\"wpcf7-form-control wpcf7-text wpcf7-validates-as-required uk-width-1-1\" aria-required=\"true\" aria-invalid=\"false\" placeholder=\"Vorname\" value=\"\" type=\"text\" name=\"vorname\" \/><\/span>\n<\/div>\n   <div class=\"uk-width-medium-1-2\">\n<span class=\"wpcf7-form-control-wrap\" data-name=\"nachname\"><input size=\"40\" class=\"wpcf7-form-control wpcf7-text wpcf7-validates-as-required uk-width-1-1\" aria-required=\"true\" aria-invalid=\"false\" placeholder=\"Nachname\" value=\"\" type=\"text\" name=\"nachname\" \/><\/span>\n<\/div>\n<\/div><\/div>\n\n<div class=\"uk-width-medium-1-1 uk-margin-top\">\n<div class=\"uk-grid uk-grid-small\">\n        <div class=\"uk-width-medium-1-2 margin-bottom-light\">\n<span class=\"wpcf7-form-control-wrap\" data-name=\"email\"><input size=\"40\" class=\"wpcf7-form-control wpcf7-email wpcf7-validates-as-required wpcf7-text wpcf7-validates-as-email uk-width-1-1\" aria-required=\"true\" aria-invalid=\"false\" placeholder=\"E-Mail\" value=\"\" type=\"email\" name=\"email\" \/><\/span>\n<\/div>\n<div class=\"uk-width-medium-1-2\">\n<span class=\"wpcf7-form-control-wrap\" data-name=\"tele\"><input size=\"40\" class=\"wpcf7-form-control wpcf7-text wpcf7-validates-as-required uk-width-1-1\" aria-required=\"true\" aria-invalid=\"false\" placeholder=\"Telefon\" value=\"\" type=\"text\" name=\"tele\" \/><\/span>\n<\/div>\n<\/div><\/div>\n\n<div class=\"uk-width-medium-1-1 uk-margin-top\">\n<div class=\"uk-grid uk-grid-small\">\n        <div class=\"uk-width-medium-1-1\">\n<span class=\"wpcf7-form-control-wrap\" data-name=\"text-msg\"><textarea cols=\"40\" rows=\"10\" class=\"wpcf7-form-control wpcf7-textarea wpcf7-validates-as-required uk-width-1-1 input-text-block\" aria-required=\"true\" aria-invalid=\"false\" placeholder=\"Ihre Nachricht an uns...\" name=\"text-msg\"><\/textarea><\/span>\n<div class=\"uk-margin-small-bottom uk-position-relative agreement\">\n        <span class=\"wpcf7-form-control-wrap\" data-name=\"agreement-box\"><span class=\"wpcf7-form-control wpcf7-acceptance\"><span class=\"wpcf7-list-item\"><input type=\"checkbox\" name=\"agreement-box\" value=\"1\" aria-invalid=\"false\" \/><\/span><\/span><\/span> * Ich stimme zu, dass meine Angaben aus dem Kontaktformular zur Beantwortung meiner Anfrage erhoben und verarbeitet werden. Siehe auch <a href=\"https:\/\/www.gr2.com\/de\/datenschutz\/\">Datenschutz<\/a>\n        <i class=\"uk-icon-question-circle\" data-uk-tooltip=\"{pos:'top-right'}\" title=\"Hinweis: Sie k\u00f6nnen Ihre Einwilligung jederzeit f\u00fcr die Zukunft per E-Mail an info@gr2.com widerrufen.\"><\/i>\n      <\/div>\n<\/div>\n<\/div><\/div>\n\n<div class=\"uk-width-medium-1-1 uk-margin-top\">\n<div class=\"uk-grid submit-green\">\n        <div class=\"uk-width-medium-1-1\">\n<input class=\"wpcf7-form-control wpcf7-submit has-spinner\" type=\"submit\" value=\"Anfrage Senden\" \/>\n<\/div>\n<\/div><\/div><\/div><div class=\"wpcf7-response-output\" aria-hidden=\"true\"><\/div>\n<\/form>\n<\/div>\n[\/vc_column_text][\/vc_column_inner][\/vc_row_inner][\/vc_column][\/vc_row]<\/p>\n<\/section>","protected":false},"excerpt":{"rendered":"<p>[vc_row full_width=&#8220;stretch_row_content_no_spaces&#8220;][vc_column][vc_column_text][\/vc_column_text][\/vc_column][\/vc_row][vc_row][vc_column][vc_column_text] Sonicam Spezialschwei\u00dfger\u00e4t f\u00fcr schnelle Reparaturen an Glasformen: [\/vc_column_text][vc_column_text el_class=&#8220;uk-column-medium-1-2&#8243;]Die Verwendung dieses\u00a0Sonicam\u00a0Spezialschwei\u00dfger\u00e4tes erfordert keine Vorw\u00e4rmung der Formen und die Vorbereitungszeit ist minimal. Es k\u00f6nnen Metallpellets (Nickel) mit metallischen und nichtmetallischen Oberfl\u00e4chen verschwei\u00dft werden. Mit dem Ger\u00e4t k\u00f6nnen Gussunregelm\u00e4ssigkeiten (z.B. Lunker), Reparaturkanten, Oberfl\u00e4chenbesch\u00e4digungen und sonstige Fehler an den Formen in k\u00fcrzester Zeit beseitigt werden. Die [&hellip;]<\/p>\n","protected":false},"author":1,"featured_media":347,"parent":0,"menu_order":13,"comment_status":"closed","ping_status":"closed","template":"","meta":{"_acf_changed":false,"inline_featured_image":false,"footnotes":""},"acf":[],"yoast_head":"<!-- This site is optimized with the Yoast SEO plugin v22.4 - https:\/\/yoast.com\/wordpress\/plugins\/seo\/ -->\n<title>Sonicam Spezialschwei\u00dfger\u00e4t f\u00fcr Formenreparaturen - GR\u00b2 GmbH<\/title>\n<meta name=\"description\" content=\"Sonicam Spezialschwei\u00dfger\u00e4t f\u00fcr Reparaturen an Glasformen - braucht keine Vorw\u00e4rmung und ben\u00f6tigt eine minimale Vorbereitungszeit.\" \/>\n<meta name=\"robots\" content=\"index, follow, max-snippet:-1, max-image-preview:large, max-video-preview:-1\" \/>\n<link rel=\"canonical\" href=\"https:\/\/www.gr2.com\/de\/formenabteilung-spezialschweissgeraet-glasformen\/\" \/>\n<meta property=\"og:locale\" content=\"de_DE\" \/>\n<meta property=\"og:type\" content=\"article\" \/>\n<meta property=\"og:title\" content=\"Sonicam Spezialschwei\u00dfger\u00e4t f\u00fcr Formenreparaturen - GR\u00b2 GmbH\" \/>\n<meta property=\"og:description\" content=\"Sonicam Spezialschwei\u00dfger\u00e4t f\u00fcr Reparaturen an Glasformen - braucht keine Vorw\u00e4rmung und ben\u00f6tigt eine minimale Vorbereitungszeit.\" \/>\n<meta property=\"og:url\" content=\"https:\/\/www.gr2.com\/de\/formenabteilung-spezialschweissgeraet-glasformen\/\" \/>\n<meta property=\"og:site_name\" content=\"GR\u00b2 GmbH\" \/>\n<meta property=\"article:modified_time\" content=\"2018-02-21T16:16:03+00:00\" \/>\n<meta property=\"og:image\" content=\"https:\/\/www.gr2.com\/wp-content\/uploads\/produkte\/spezialschweissgeraet\/produkte_spezialschweissgeraet_1.jpg\" \/>\n\t<meta property=\"og:image:width\" content=\"419\" \/>\n\t<meta property=\"og:image:height\" content=\"428\" \/>\n\t<meta property=\"og:image:type\" content=\"image\/jpeg\" \/>\n<meta name=\"twitter:card\" content=\"summary_large_image\" \/>\n<meta name=\"twitter:label1\" content=\"Gesch\u00e4tzte Lesezeit\" \/>\n\t<meta name=\"twitter:data1\" content=\"1\u00a0Minute\" \/>\n<script type=\"application\/ld+json\" class=\"yoast-schema-graph\">{\"@context\":\"https:\/\/schema.org\",\"@graph\":[{\"@type\":\"WebPage\",\"@id\":\"https:\/\/www.gr2.com\/de\/formenabteilung-spezialschweissgeraet-glasformen\/\",\"url\":\"https:\/\/www.gr2.com\/de\/formenabteilung-spezialschweissgeraet-glasformen\/\",\"name\":\"Sonicam Spezialschwei\u00dfger\u00e4t f\u00fcr Formenreparaturen - GR\u00b2 GmbH\",\"isPartOf\":{\"@id\":\"https:\/\/www.gr2.com\/de\/#website\"},\"primaryImageOfPage\":{\"@id\":\"https:\/\/www.gr2.com\/de\/formenabteilung-spezialschweissgeraet-glasformen\/#primaryimage\"},\"image\":{\"@id\":\"https:\/\/www.gr2.com\/de\/formenabteilung-spezialschweissgeraet-glasformen\/#primaryimage\"},\"thumbnailUrl\":\"https:\/\/www.gr2.com\/wp-content\/uploads\/produkte\/spezialschweissgeraet\/produkte_spezialschweissgeraet_1.jpg\",\"datePublished\":\"2013-11-04T15:45:24+00:00\",\"dateModified\":\"2018-02-21T16:16:03+00:00\",\"description\":\"Sonicam Spezialschwei\u00dfger\u00e4t f\u00fcr Reparaturen an Glasformen - braucht keine Vorw\u00e4rmung und ben\u00f6tigt eine minimale Vorbereitungszeit.\",\"breadcrumb\":{\"@id\":\"https:\/\/www.gr2.com\/de\/formenabteilung-spezialschweissgeraet-glasformen\/#breadcrumb\"},\"inLanguage\":\"de\",\"potentialAction\":[{\"@type\":\"ReadAction\",\"target\":[\"https:\/\/www.gr2.com\/de\/formenabteilung-spezialschweissgeraet-glasformen\/\"]}]},{\"@type\":\"ImageObject\",\"inLanguage\":\"de\",\"@id\":\"https:\/\/www.gr2.com\/de\/formenabteilung-spezialschweissgeraet-glasformen\/#primaryimage\",\"url\":\"https:\/\/www.gr2.com\/wp-content\/uploads\/produkte\/spezialschweissgeraet\/produkte_spezialschweissgeraet_1.jpg\",\"contentUrl\":\"https:\/\/www.gr2.com\/wp-content\/uploads\/produkte\/spezialschweissgeraet\/produkte_spezialschweissgeraet_1.jpg\",\"width\":419,\"height\":428,\"caption\":\"Spezialschweissger\u00e4t\"},{\"@type\":\"BreadcrumbList\",\"@id\":\"https:\/\/www.gr2.com\/de\/formenabteilung-spezialschweissgeraet-glasformen\/#breadcrumb\",\"itemListElement\":[{\"@type\":\"ListItem\",\"position\":1,\"name\":\"Startseite\",\"item\":\"https:\/\/www.gr2.com\/de\/\"},{\"@type\":\"ListItem\",\"position\":2,\"name\":\"Spezialschweissger\u00e4t\"}]},{\"@type\":\"WebSite\",\"@id\":\"https:\/\/www.gr2.com\/de\/#website\",\"url\":\"https:\/\/www.gr2.com\/de\/\",\"name\":\"GR\u00b2 GmbH\",\"description\":\"\",\"potentialAction\":[{\"@type\":\"SearchAction\",\"target\":{\"@type\":\"EntryPoint\",\"urlTemplate\":\"https:\/\/www.gr2.com\/de\/?s={search_term_string}\"},\"query-input\":\"required name=search_term_string\"}],\"inLanguage\":\"de\"}]}<\/script>\n<!-- \/ Yoast SEO plugin. -->","yoast_head_json":{"title":"Sonicam Spezialschwei\u00dfger\u00e4t f\u00fcr Formenreparaturen - GR\u00b2 GmbH","description":"Sonicam Spezialschwei\u00dfger\u00e4t f\u00fcr Reparaturen an Glasformen - braucht keine Vorw\u00e4rmung und ben\u00f6tigt eine minimale Vorbereitungszeit.","robots":{"index":"index","follow":"follow","max-snippet":"max-snippet:-1","max-image-preview":"max-image-preview:large","max-video-preview":"max-video-preview:-1"},"canonical":"https:\/\/www.gr2.com\/de\/formenabteilung-spezialschweissgeraet-glasformen\/","og_locale":"de_DE","og_type":"article","og_title":"Sonicam Spezialschwei\u00dfger\u00e4t f\u00fcr Formenreparaturen - GR\u00b2 GmbH","og_description":"Sonicam Spezialschwei\u00dfger\u00e4t f\u00fcr Reparaturen an Glasformen - braucht keine Vorw\u00e4rmung und ben\u00f6tigt eine minimale Vorbereitungszeit.","og_url":"https:\/\/www.gr2.com\/de\/formenabteilung-spezialschweissgeraet-glasformen\/","og_site_name":"GR\u00b2 GmbH","article_modified_time":"2018-02-21T16:16:03+00:00","og_image":[{"width":419,"height":428,"url":"https:\/\/www.gr2.com\/wp-content\/uploads\/produkte\/spezialschweissgeraet\/produkte_spezialschweissgeraet_1.jpg","type":"image\/jpeg"}],"twitter_card":"summary_large_image","twitter_misc":{"Gesch\u00e4tzte Lesezeit":"1\u00a0Minute"},"schema":{"@context":"https:\/\/schema.org","@graph":[{"@type":"WebPage","@id":"https:\/\/www.gr2.com\/de\/formenabteilung-spezialschweissgeraet-glasformen\/","url":"https:\/\/www.gr2.com\/de\/formenabteilung-spezialschweissgeraet-glasformen\/","name":"Sonicam Spezialschwei\u00dfger\u00e4t f\u00fcr Formenreparaturen - GR\u00b2 GmbH","isPartOf":{"@id":"https:\/\/www.gr2.com\/de\/#website"},"primaryImageOfPage":{"@id":"https:\/\/www.gr2.com\/de\/formenabteilung-spezialschweissgeraet-glasformen\/#primaryimage"},"image":{"@id":"https:\/\/www.gr2.com\/de\/formenabteilung-spezialschweissgeraet-glasformen\/#primaryimage"},"thumbnailUrl":"https:\/\/www.gr2.com\/wp-content\/uploads\/produkte\/spezialschweissgeraet\/produkte_spezialschweissgeraet_1.jpg","datePublished":"2013-11-04T15:45:24+00:00","dateModified":"2018-02-21T16:16:03+00:00","description":"Sonicam Spezialschwei\u00dfger\u00e4t f\u00fcr Reparaturen an Glasformen - braucht keine Vorw\u00e4rmung und ben\u00f6tigt eine minimale Vorbereitungszeit.","breadcrumb":{"@id":"https:\/\/www.gr2.com\/de\/formenabteilung-spezialschweissgeraet-glasformen\/#breadcrumb"},"inLanguage":"de","potentialAction":[{"@type":"ReadAction","target":["https:\/\/www.gr2.com\/de\/formenabteilung-spezialschweissgeraet-glasformen\/"]}]},{"@type":"ImageObject","inLanguage":"de","@id":"https:\/\/www.gr2.com\/de\/formenabteilung-spezialschweissgeraet-glasformen\/#primaryimage","url":"https:\/\/www.gr2.com\/wp-content\/uploads\/produkte\/spezialschweissgeraet\/produkte_spezialschweissgeraet_1.jpg","contentUrl":"https:\/\/www.gr2.com\/wp-content\/uploads\/produkte\/spezialschweissgeraet\/produkte_spezialschweissgeraet_1.jpg","width":419,"height":428,"caption":"Spezialschweissger\u00e4t"},{"@type":"BreadcrumbList","@id":"https:\/\/www.gr2.com\/de\/formenabteilung-spezialschweissgeraet-glasformen\/#breadcrumb","itemListElement":[{"@type":"ListItem","position":1,"name":"Startseite","item":"https:\/\/www.gr2.com\/de\/"},{"@type":"ListItem","position":2,"name":"Spezialschweissger\u00e4t"}]},{"@type":"WebSite","@id":"https:\/\/www.gr2.com\/de\/#website","url":"https:\/\/www.gr2.com\/de\/","name":"GR\u00b2 GmbH","description":"","potentialAction":[{"@type":"SearchAction","target":{"@type":"EntryPoint","urlTemplate":"https:\/\/www.gr2.com\/de\/?s={search_term_string}"},"query-input":"required name=search_term_string"}],"inLanguage":"de"}]}},"_links":{"self":[{"href":"https:\/\/www.gr2.com\/de\/wp-json\/wp\/v2\/pages\/349"}],"collection":[{"href":"https:\/\/www.gr2.com\/de\/wp-json\/wp\/v2\/pages"}],"about":[{"href":"https:\/\/www.gr2.com\/de\/wp-json\/wp\/v2\/types\/page"}],"author":[{"embeddable":true,"href":"https:\/\/www.gr2.com\/de\/wp-json\/wp\/v2\/users\/1"}],"replies":[{"embeddable":true,"href":"https:\/\/www.gr2.com\/de\/wp-json\/wp\/v2\/comments?post=349"}],"version-history":[{"count":8,"href":"https:\/\/www.gr2.com\/de\/wp-json\/wp\/v2\/pages\/349\/revisions"}],"predecessor-version":[{"id":1894,"href":"https:\/\/www.gr2.com\/de\/wp-json\/wp\/v2\/pages\/349\/revisions\/1894"}],"wp:featuredmedia":[{"embeddable":true,"href":"https:\/\/www.gr2.com\/de\/wp-json\/wp\/v2\/media\/347"}],"wp:attachment":[{"href":"https:\/\/www.gr2.com\/de\/wp-json\/wp\/v2\/media?parent=349"}],"curies":[{"name":"wp","href":"https:\/\/api.w.org\/{rel}","templated":true}]}}