{"id":324,"date":"2012-08-03T14:34:19","date_gmt":"2012-08-03T12:34:19","guid":{"rendered":"http:\/\/relaunch.gr2.com\/einschubbalken\/"},"modified":"2018-02-21T16:47:12","modified_gmt":"2018-02-21T15:47:12","slug":"heissglastransport-einschubbalken-einschubkaemme","status":"publish","type":"page","link":"https:\/\/www.gr2.com\/de\/heissglastransport-einschubbalken-einschubkaemme\/","title":{"rendered":"Einschubbalken"},"content":{"rendered":"<section class=\"wpb-content-wrapper\"><p>[vc_row full_width=&#8220;stretch_row_content_no_spaces&#8220;][vc_column][vc_column_text]\n    \n    \n\n    \t\n    \t\n            <div data-uk-slideshow>\n                <ul class=\"uk-slideshow\">\n\n            \n                    <li class=\"slide\">\n\n                        <div class=\"uk-width-1-1 uk-height-1-1\" id=\"slider-wrapper\">\n                                <div class=\"slider-img-wrapper\">\n                                    <img decoding=\"async\" src=\"https:\/\/www.gr2.com\/wp-content\/uploads\/slide-1.jpg\" alt=\"\" \/>\n                                <\/div>\n\n                                <div class=\"slider-cc-wrapper\">\n                                                                    <\/div>\n                        <\/div>\n\n                    <\/li>\n\n            \n                <\/ul>\n            <\/div>\n\n        \n    \t\n    \t\n    \n\n    [\/vc_column_text][\/vc_column][\/vc_row][vc_row][vc_column][vc_column_text]<\/p>\n<h1>Einschubbalken (Einschubk\u00e4mme)<\/h1>\n<p>[\/vc_column_text][vc_column_text el_class=&#8220;uk-column-medium-1-2&#8243;]Die richtige Auswahl der Einschubbalken ist f\u00fcr eine effiziente Produktion von Glasbeh\u00e4ltern sehr wichtig. Durch optimal auf die Flaschenform angepassten Taschen kann der Transport der\u00a0Beh\u00e4ltern insbesondere bei instabilen Flaschen signifikant verbessert werden. Wird ein Grundbalken verwendet, der sich unter Hitze nicht oder nur gering verwirft, dann kann aufgrund sch\u00f6n gerade stehender Beh\u00e4lterreihen die Voraussetzung f\u00fcr eine gleichm\u00e4\u00dfige Verg\u00fctung der Beh\u00e4lter am kalten Ende geschaffen werden. Durch die Wahl von geeigneten\u00a0<a title=\"Glaskontaktmaterial Pro Glass Contact\" href=\"https:\/\/www.gr2.com\/de\/glaskontaktmaterial-pro-glass-contact\/\">Glaskontaktmaterialien<\/a>\u00a0kann der Glasmacher sicherstellen, dass Schrennen und Rissen auf den Beh\u00e4ltern eliminiert oder zumindest deutlich reduziert werden.[\/vc_column_text][vc_row_inner][vc_column_inner el_class=&#8220;list&#8220; width=&#8220;1\/2&#8243; css=&#8220;.vc_custom_1500292899938{padding-right: 20px !important;}&#8220;][vc_column_text]<\/p>\n<h2>Einschubbalken f\u00fcr hohe Produktionsanforderungen<\/h2>\n<p>Wir sind auch f\u00fcr Einschubbalken der richtige Partner f\u00fcr Sie und k\u00f6nnen mit einer Vielzahl an unterschiedlichen Ausf\u00fchrungen Ihre anspruchsvollen Produktionsanforderungen erf\u00fcllen. Die meisten Grundbalken unserer Einschubbalken sind in der Regel vorgespannt, so dass sie sich unter Hitze gerade ziehen. Dies kann optional durch eine Luftk\u00fchlung \u00fcber Ventilatorluft noch fein eingestellt werden. Wir haben verschiedenste glasfreundliche Isoliermaterialien wie\u00a0<a title=\"Glaskontaktmaterial Pro Glass Contact\" href=\"https:\/\/www.gr2.com\/de\/glaskontaktmaterial-pro-glass-contact\/\"><strong>Pro Glass Contact<\/strong><\/a>\u00a0(Edelstahlgeflechtband), CFC, Graphit oder Isolierwerkstoffe basierend auf mineralischen Werkstoffen (<a href=\"https:\/\/www.gr2.com\/de\/ratherm-glasskontaktwerkstoffe-auf-mineralbasis\/\"><strong>RATHERM<\/strong><\/a>) zur Auswahl.<\/p>\n<ul>\n<li>Taschen k\u00f6nnen f\u00fcr optimierten Transport an Flaschenform angepasst werden<\/li>\n<li>Standard-Grundbalken sind vorgespannt und ziehen sich unter Hitze gerade<\/li>\n<li>Gro\u00dfe Auswahl an verschiedenen Glaskontaktmaterialien<\/li>\n<li>Balken k\u00f6nnen f\u00fcr Einschieber unterschiedlicher Hersteller angepasst werden<\/li>\n<\/ul>\n<p>[\/vc_column_text][\/vc_column_inner][vc_column_inner width=&#8220;1\/2&#8243;][vc_column_text][\/vc_column_text][vc_column_text]<\/p>\n<h3>Produkt Anfrage<\/h3>\n<p>Bei Fragen bez\u00fcglich des Produktes k\u00f6nnen Sie gerne Kontakt mit uns aufnehmen.<\/p>\n<div class=\"wpcf7 no-js\" id=\"wpcf7-f995-o1\" lang=\"de-DE\" dir=\"ltr\">\n<div class=\"screen-reader-response\"><p role=\"status\" aria-live=\"polite\" aria-atomic=\"true\"><\/p> <ul><\/ul><\/div>\n<form action=\"\/de\/wp-json\/wp\/v2\/pages\/324#wpcf7-f995-o1\" method=\"post\" class=\"wpcf7-form init anfrage-form uk-form wpcf7-acceptance-as-validation\" id=\"anfrage-form\" aria-label=\"Kontaktformular\" novalidate=\"novalidate\" data-status=\"init\">\n<div style=\"display: none;\">\n<input type=\"hidden\" name=\"_wpcf7\" value=\"995\" \/>\n<input type=\"hidden\" name=\"_wpcf7_version\" value=\"5.9.3\" \/>\n<input type=\"hidden\" name=\"_wpcf7_locale\" value=\"de_DE\" \/>\n<input type=\"hidden\" name=\"_wpcf7_unit_tag\" value=\"wpcf7-f995-o1\" \/>\n<input type=\"hidden\" name=\"_wpcf7_container_post\" value=\"0\" \/>\n<input type=\"hidden\" name=\"_wpcf7_posted_data_hash\" value=\"\" \/>\n<\/div>\n<div class=\"uk-grid\">\n<div class=\"uk-width-medium-1-1\">\n<div class=\"uk-grid uk-grid-small\">\n<div class=\"uk-width-medium-1-1 uk-margin-bottom\">\n<span class=\"wpcf7-form-control-wrap\" data-name=\"firma\"><input size=\"40\" class=\"wpcf7-form-control wpcf7-text wpcf7-validates-as-required uk-width-1-1\" aria-required=\"true\" aria-invalid=\"false\" placeholder=\"Firma\" value=\"\" type=\"text\" name=\"firma\" \/><\/span>\n<\/div>\n   <div class=\"uk-width-medium-1-2 margin-bottom-light\">\n<span class=\"wpcf7-form-control-wrap\" data-name=\"vorname\"><input size=\"40\" class=\"wpcf7-form-control wpcf7-text wpcf7-validates-as-required uk-width-1-1\" aria-required=\"true\" aria-invalid=\"false\" placeholder=\"Vorname\" value=\"\" type=\"text\" name=\"vorname\" \/><\/span>\n<\/div>\n   <div class=\"uk-width-medium-1-2\">\n<span class=\"wpcf7-form-control-wrap\" data-name=\"nachname\"><input size=\"40\" class=\"wpcf7-form-control wpcf7-text wpcf7-validates-as-required uk-width-1-1\" aria-required=\"true\" aria-invalid=\"false\" placeholder=\"Nachname\" value=\"\" type=\"text\" name=\"nachname\" \/><\/span>\n<\/div>\n<\/div><\/div>\n\n<div class=\"uk-width-medium-1-1 uk-margin-top\">\n<div class=\"uk-grid uk-grid-small\">\n        <div class=\"uk-width-medium-1-2 margin-bottom-light\">\n<span class=\"wpcf7-form-control-wrap\" data-name=\"email\"><input size=\"40\" class=\"wpcf7-form-control wpcf7-email wpcf7-validates-as-required wpcf7-text wpcf7-validates-as-email uk-width-1-1\" aria-required=\"true\" aria-invalid=\"false\" placeholder=\"E-Mail\" value=\"\" type=\"email\" name=\"email\" \/><\/span>\n<\/div>\n<div class=\"uk-width-medium-1-2\">\n<span class=\"wpcf7-form-control-wrap\" data-name=\"tele\"><input size=\"40\" class=\"wpcf7-form-control wpcf7-text wpcf7-validates-as-required uk-width-1-1\" aria-required=\"true\" aria-invalid=\"false\" placeholder=\"Telefon\" value=\"\" type=\"text\" name=\"tele\" \/><\/span>\n<\/div>\n<\/div><\/div>\n\n<div class=\"uk-width-medium-1-1 uk-margin-top\">\n<div class=\"uk-grid uk-grid-small\">\n        <div class=\"uk-width-medium-1-1\">\n<span class=\"wpcf7-form-control-wrap\" data-name=\"text-msg\"><textarea cols=\"40\" rows=\"10\" class=\"wpcf7-form-control wpcf7-textarea wpcf7-validates-as-required uk-width-1-1 input-text-block\" aria-required=\"true\" aria-invalid=\"false\" placeholder=\"Ihre Nachricht an uns...\" name=\"text-msg\"><\/textarea><\/span>\n<div class=\"uk-margin-small-bottom uk-position-relative agreement\">\n        <span class=\"wpcf7-form-control-wrap\" data-name=\"agreement-box\"><span class=\"wpcf7-form-control wpcf7-acceptance\"><span class=\"wpcf7-list-item\"><input type=\"checkbox\" name=\"agreement-box\" value=\"1\" aria-invalid=\"false\" \/><\/span><\/span><\/span> * Ich stimme zu, dass meine Angaben aus dem Kontaktformular zur Beantwortung meiner Anfrage erhoben und verarbeitet werden. Siehe auch <a href=\"https:\/\/www.gr2.com\/de\/datenschutz\/\">Datenschutz<\/a>\n        <i class=\"uk-icon-question-circle\" data-uk-tooltip=\"{pos:'top-right'}\" title=\"Hinweis: Sie k\u00f6nnen Ihre Einwilligung jederzeit f\u00fcr die Zukunft per E-Mail an info@gr2.com widerrufen.\"><\/i>\n      <\/div>\n<\/div>\n<\/div><\/div>\n\n<div class=\"uk-width-medium-1-1 uk-margin-top\">\n<div class=\"uk-grid submit-green\">\n        <div class=\"uk-width-medium-1-1\">\n<input class=\"wpcf7-form-control wpcf7-submit has-spinner\" type=\"submit\" value=\"Anfrage Senden\" \/>\n<\/div>\n<\/div><\/div><\/div><div class=\"wpcf7-response-output\" aria-hidden=\"true\"><\/div>\n<\/form>\n<\/div>\n[\/vc_column_text][\/vc_column_inner][\/vc_row_inner][\/vc_column][\/vc_row]<\/p>\n<\/section>","protected":false},"excerpt":{"rendered":"<p>[vc_row full_width=&#8220;stretch_row_content_no_spaces&#8220;][vc_column][vc_column_text][\/vc_column_text][\/vc_column][\/vc_row][vc_row][vc_column][vc_column_text] Einschubbalken (Einschubk\u00e4mme) [\/vc_column_text][vc_column_text el_class=&#8220;uk-column-medium-1-2&#8243;]Die richtige Auswahl der Einschubbalken ist f\u00fcr eine effiziente Produktion von Glasbeh\u00e4ltern sehr wichtig. Durch optimal auf die Flaschenform angepassten Taschen kann der Transport der\u00a0Beh\u00e4ltern insbesondere bei instabilen Flaschen signifikant verbessert werden. Wird ein Grundbalken verwendet, der sich unter Hitze nicht oder nur gering verwirft, dann kann aufgrund sch\u00f6n gerade [&hellip;]<\/p>\n","protected":false},"author":1,"featured_media":0,"parent":0,"menu_order":11,"comment_status":"closed","ping_status":"closed","template":"","meta":{"_acf_changed":false,"inline_featured_image":false,"footnotes":""},"acf":[],"yoast_head":"<!-- This site is optimized with the Yoast SEO plugin v22.4 - https:\/\/yoast.com\/wordpress\/plugins\/seo\/ -->\n<title>Heissglastransport - Einschubbalken\/Einschubk\u00e4mme - GR\u00b2 GmbH<\/title>\n<meta name=\"description\" content=\"Einschubbalken (Einschubk\u00e4mme) - Einschubbalken f\u00fcr hohe effiziente Produktion von Glasbeh\u00e4ltern und Produktionsanforderungen.\" \/>\n<meta name=\"robots\" content=\"index, follow, max-snippet:-1, max-image-preview:large, max-video-preview:-1\" \/>\n<link rel=\"canonical\" href=\"https:\/\/www.gr2.com\/de\/heissglastransport-einschubbalken-einschubkaemme\/\" \/>\n<meta property=\"og:locale\" content=\"de_DE\" \/>\n<meta property=\"og:type\" content=\"article\" \/>\n<meta property=\"og:title\" content=\"Heissglastransport - Einschubbalken\/Einschubk\u00e4mme - GR\u00b2 GmbH\" \/>\n<meta property=\"og:description\" content=\"Einschubbalken (Einschubk\u00e4mme) - Einschubbalken f\u00fcr hohe effiziente Produktion von Glasbeh\u00e4ltern und Produktionsanforderungen.\" \/>\n<meta property=\"og:url\" content=\"https:\/\/www.gr2.com\/de\/heissglastransport-einschubbalken-einschubkaemme\/\" \/>\n<meta property=\"og:site_name\" content=\"GR\u00b2 GmbH\" \/>\n<meta property=\"article:modified_time\" content=\"2018-02-21T15:47:12+00:00\" \/>\n<meta name=\"twitter:card\" content=\"summary_large_image\" \/>\n<meta name=\"twitter:label1\" content=\"Gesch\u00e4tzte Lesezeit\" \/>\n\t<meta name=\"twitter:data1\" content=\"2\u00a0Minuten\" \/>\n<script type=\"application\/ld+json\" class=\"yoast-schema-graph\">{\"@context\":\"https:\/\/schema.org\",\"@graph\":[{\"@type\":\"WebPage\",\"@id\":\"https:\/\/www.gr2.com\/de\/heissglastransport-einschubbalken-einschubkaemme\/\",\"url\":\"https:\/\/www.gr2.com\/de\/heissglastransport-einschubbalken-einschubkaemme\/\",\"name\":\"Heissglastransport - Einschubbalken\/Einschubk\u00e4mme - GR\u00b2 GmbH\",\"isPartOf\":{\"@id\":\"https:\/\/www.gr2.com\/de\/#website\"},\"datePublished\":\"2012-08-03T12:34:19+00:00\",\"dateModified\":\"2018-02-21T15:47:12+00:00\",\"description\":\"Einschubbalken (Einschubk\u00e4mme) - Einschubbalken f\u00fcr hohe effiziente Produktion von Glasbeh\u00e4ltern und Produktionsanforderungen.\",\"breadcrumb\":{\"@id\":\"https:\/\/www.gr2.com\/de\/heissglastransport-einschubbalken-einschubkaemme\/#breadcrumb\"},\"inLanguage\":\"de\",\"potentialAction\":[{\"@type\":\"ReadAction\",\"target\":[\"https:\/\/www.gr2.com\/de\/heissglastransport-einschubbalken-einschubkaemme\/\"]}]},{\"@type\":\"BreadcrumbList\",\"@id\":\"https:\/\/www.gr2.com\/de\/heissglastransport-einschubbalken-einschubkaemme\/#breadcrumb\",\"itemListElement\":[{\"@type\":\"ListItem\",\"position\":1,\"name\":\"Startseite\",\"item\":\"https:\/\/www.gr2.com\/de\/\"},{\"@type\":\"ListItem\",\"position\":2,\"name\":\"Einschubbalken\"}]},{\"@type\":\"WebSite\",\"@id\":\"https:\/\/www.gr2.com\/de\/#website\",\"url\":\"https:\/\/www.gr2.com\/de\/\",\"name\":\"GR\u00b2 GmbH\",\"description\":\"\",\"potentialAction\":[{\"@type\":\"SearchAction\",\"target\":{\"@type\":\"EntryPoint\",\"urlTemplate\":\"https:\/\/www.gr2.com\/de\/?s={search_term_string}\"},\"query-input\":\"required name=search_term_string\"}],\"inLanguage\":\"de\"}]}<\/script>\n<!-- \/ Yoast SEO plugin. -->","yoast_head_json":{"title":"Heissglastransport - Einschubbalken\/Einschubk\u00e4mme - GR\u00b2 GmbH","description":"Einschubbalken (Einschubk\u00e4mme) - Einschubbalken f\u00fcr hohe effiziente Produktion von Glasbeh\u00e4ltern und Produktionsanforderungen.","robots":{"index":"index","follow":"follow","max-snippet":"max-snippet:-1","max-image-preview":"max-image-preview:large","max-video-preview":"max-video-preview:-1"},"canonical":"https:\/\/www.gr2.com\/de\/heissglastransport-einschubbalken-einschubkaemme\/","og_locale":"de_DE","og_type":"article","og_title":"Heissglastransport - Einschubbalken\/Einschubk\u00e4mme - GR\u00b2 GmbH","og_description":"Einschubbalken (Einschubk\u00e4mme) - Einschubbalken f\u00fcr hohe effiziente Produktion von Glasbeh\u00e4ltern und Produktionsanforderungen.","og_url":"https:\/\/www.gr2.com\/de\/heissglastransport-einschubbalken-einschubkaemme\/","og_site_name":"GR\u00b2 GmbH","article_modified_time":"2018-02-21T15:47:12+00:00","twitter_card":"summary_large_image","twitter_misc":{"Gesch\u00e4tzte Lesezeit":"2\u00a0Minuten"},"schema":{"@context":"https:\/\/schema.org","@graph":[{"@type":"WebPage","@id":"https:\/\/www.gr2.com\/de\/heissglastransport-einschubbalken-einschubkaemme\/","url":"https:\/\/www.gr2.com\/de\/heissglastransport-einschubbalken-einschubkaemme\/","name":"Heissglastransport - Einschubbalken\/Einschubk\u00e4mme - GR\u00b2 GmbH","isPartOf":{"@id":"https:\/\/www.gr2.com\/de\/#website"},"datePublished":"2012-08-03T12:34:19+00:00","dateModified":"2018-02-21T15:47:12+00:00","description":"Einschubbalken (Einschubk\u00e4mme) - Einschubbalken f\u00fcr hohe effiziente Produktion von Glasbeh\u00e4ltern und Produktionsanforderungen.","breadcrumb":{"@id":"https:\/\/www.gr2.com\/de\/heissglastransport-einschubbalken-einschubkaemme\/#breadcrumb"},"inLanguage":"de","potentialAction":[{"@type":"ReadAction","target":["https:\/\/www.gr2.com\/de\/heissglastransport-einschubbalken-einschubkaemme\/"]}]},{"@type":"BreadcrumbList","@id":"https:\/\/www.gr2.com\/de\/heissglastransport-einschubbalken-einschubkaemme\/#breadcrumb","itemListElement":[{"@type":"ListItem","position":1,"name":"Startseite","item":"https:\/\/www.gr2.com\/de\/"},{"@type":"ListItem","position":2,"name":"Einschubbalken"}]},{"@type":"WebSite","@id":"https:\/\/www.gr2.com\/de\/#website","url":"https:\/\/www.gr2.com\/de\/","name":"GR\u00b2 GmbH","description":"","potentialAction":[{"@type":"SearchAction","target":{"@type":"EntryPoint","urlTemplate":"https:\/\/www.gr2.com\/de\/?s={search_term_string}"},"query-input":"required name=search_term_string"}],"inLanguage":"de"}]}},"_links":{"self":[{"href":"https:\/\/www.gr2.com\/de\/wp-json\/wp\/v2\/pages\/324"}],"collection":[{"href":"https:\/\/www.gr2.com\/de\/wp-json\/wp\/v2\/pages"}],"about":[{"href":"https:\/\/www.gr2.com\/de\/wp-json\/wp\/v2\/types\/page"}],"author":[{"embeddable":true,"href":"https:\/\/www.gr2.com\/de\/wp-json\/wp\/v2\/users\/1"}],"replies":[{"embeddable":true,"href":"https:\/\/www.gr2.com\/de\/wp-json\/wp\/v2\/comments?post=324"}],"version-history":[{"count":4,"href":"https:\/\/www.gr2.com\/de\/wp-json\/wp\/v2\/pages\/324\/revisions"}],"predecessor-version":[{"id":1366,"href":"https:\/\/www.gr2.com\/de\/wp-json\/wp\/v2\/pages\/324\/revisions\/1366"}],"wp:attachment":[{"href":"https:\/\/www.gr2.com\/de\/wp-json\/wp\/v2\/media?parent=324"}],"curies":[{"name":"wp","href":"https:\/\/api.w.org\/{rel}","templated":true}]}}