{"id":276,"date":"2011-11-29T10:06:11","date_gmt":"2011-11-29T09:06:11","guid":{"rendered":"http:\/\/relaunch.gr2.com\/reibahlen\/"},"modified":"2023-02-06T08:18:29","modified_gmt":"2023-02-06T07:18:29","slug":"formenabteilung-reibahlen-feur-formenreparatur","status":"publish","type":"page","link":"https:\/\/www.gr2.com\/de\/formenabteilung-reibahlen-feur-formenreparatur\/","title":{"rendered":"Reibahlen"},"content":{"rendered":"<section class=\"wpb-content-wrapper\"><p>[vc_row full_width=&#8220;stretch_row_content_no_spaces&#8220;][vc_column][vc_column_text]\n    \n    \n\n    \t\n    \t\n            <div data-uk-slideshow>\n                <ul class=\"uk-slideshow\">\n\n            \n                    <li class=\"slide\">\n\n                        <div class=\"uk-width-1-1 uk-height-1-1\" id=\"slider-wrapper\">\n                                <div class=\"slider-img-wrapper\">\n                                    <img decoding=\"async\" src=\"https:\/\/www.gr2.com\/wp-content\/uploads\/slide-1.jpg\" alt=\"\" \/>\n                                <\/div>\n\n                                <div class=\"slider-cc-wrapper\">\n                                                                    <\/div>\n                        <\/div>\n\n                    <\/li>\n\n            \n                <\/ul>\n            <\/div>\n\n        \n    \t\n    \t\n    \n\n    [\/vc_column_text][\/vc_column][\/vc_row][vc_row][vc_column][vc_column_text]<\/p>\n<h1>Reibahlen f\u00fcr die Formenreparatur<\/h1>\n<p>[\/vc_column_text][vc_column_text el_class=&#8220;uk-column-medium-1-2&#8243;]Unsere\u00a0<strong>Reibahlen<\/strong> sind ein sehr n\u00fctzliches Werkzeug f\u00fcr die Reparatur von IS-Formen. Mit Hilfe der Reibahlen kann eine teure und aufwendige CNC-Bearbeitung durch eine einfache manuelle Werkbankt\u00e4tigkeit ersetzt werden. Wir bieten die komplette Bandbreite aller relevanter Standardgr\u00f6\u00dfen an und k\u00f6nnen selbstverst\u00e4ndlich auch Sonderanfertigungen nach Kundenw\u00fcnschen vornehmen. So sind zum Beispiel \u00fcberlange Reibahlen, konische Reibahlen, Kegelreibahlen sowie Sonderformen und -gr\u00f6\u00dfen in bester Qualit\u00e4t bei uns erh\u00e4ltlich.[\/vc_column_text][vc_separator][\/vc_column][\/vc_row][vc_row][vc_column][vc_row_inner][vc_column_inner el_class=&#8220;list&#8220; width=&#8220;1\/2&#8243; css=&#8220;.vc_custom_1500292899938{padding-right: 20px !important;}&#8220;][vc_column_text]<\/p>\n<h2>Kegelreibahlen, Maschinenreibahlen, D\u00fcsenreibahlen: Bei uns werden Sie f\u00fcndig<\/h2>\n<p>Mit einer Reibahle k\u00f6nnen Sie eine genaue und glatte Oberfl\u00e4che in einer Bohrung erzeugen. Deshalb eigenen sich diese Werkzeuge auch besonders gut zur Formenreparatur. Wir bieten Ihnen hochwertige Maschinenreibahlen in unterschiedlichen Ausf\u00fchrungen und mit verschiedenem Durchmesser, die den Anforderungen der DIN-Normen entsprechen. Nat\u00fcrlich k\u00f6nnen wir bei der Fertigung auch Sonderw\u00fcnsche umsetzen. Nehmen Sie f\u00fcr weitere Informationen gern <a href=\"\/de\/kontakt\/\">Kontakt<\/a> zu uns auf.<\/p>\n<h3>Reibahle aus Werkzeugstahl (HSS) oder Hartmetalleinsatz (HM)<\/h3>\n<p>Die <strong>Reibahlen<\/strong> werden alternativ in <strong>Werkzeugstahl<\/strong> (HSS) oder mit <strong>Hartmetalleins\u00e4tzen<\/strong> geliefert. Maschinenreibahlen aus Werkzeugstahl sind f\u00fcr gusseiserne Formen geeignet, Reibahlen mit Hartmetalleins\u00e4tzen sind sowohl f\u00fcr Guss- als auch Bronzeformen geeignet.<\/p>\n<p>Wir f\u00fchren:<\/p>\n<ul>\n<li>Reibahlen aus Werkzeugstahl (HSS)<\/li>\n<li>Reibahlen mit Hartmetalleins\u00e4tzen (HM)<\/li>\n<li>Standard-Fertigungen und -durchmesser gem\u00e4\u00df DIN-Norm<\/li>\n<li>auf Wunsch: Sonderanfertigungen<\/li>\n<\/ul>\n<p>Der passende Drehwinder als F\u00fchrung f\u00fcr die Reibahlen ist auch \u00fcber uns erh\u00e4ltlich.[\/vc_column_text][\/vc_column_inner][vc_column_inner width=&#8220;1\/2&#8243;][vc_column_text][\/vc_column_text][vc_column_text]<\/p>\n<h3>Produkt Anfrage<\/h3>\n<p>Wir von <a href=\"\/\">gr\u00b2<\/a> beliefern die Glasindustrie mit unseren hochwertigen Reibahlen &#8211; nehmen Sie jetzt Kontakt zu uns auf und nutzen Sie unsere Werkzeuge auch f\u00fcr Ihre Projekte!<\/p>\n<div class=\"wpcf7 no-js\" id=\"wpcf7-f995-o1\" lang=\"de-DE\" dir=\"ltr\">\n<div class=\"screen-reader-response\"><p role=\"status\" aria-live=\"polite\" aria-atomic=\"true\"><\/p> <ul><\/ul><\/div>\n<form action=\"\/de\/wp-json\/wp\/v2\/pages\/276#wpcf7-f995-o1\" method=\"post\" class=\"wpcf7-form init anfrage-form uk-form wpcf7-acceptance-as-validation\" id=\"anfrage-form\" aria-label=\"Kontaktformular\" novalidate=\"novalidate\" data-status=\"init\">\n<div style=\"display: none;\">\n<input type=\"hidden\" name=\"_wpcf7\" value=\"995\" \/>\n<input type=\"hidden\" name=\"_wpcf7_version\" value=\"5.9.3\" \/>\n<input type=\"hidden\" name=\"_wpcf7_locale\" value=\"de_DE\" \/>\n<input type=\"hidden\" name=\"_wpcf7_unit_tag\" value=\"wpcf7-f995-o1\" \/>\n<input type=\"hidden\" name=\"_wpcf7_container_post\" value=\"0\" \/>\n<input type=\"hidden\" name=\"_wpcf7_posted_data_hash\" value=\"\" \/>\n<\/div>\n<div class=\"uk-grid\">\n<div class=\"uk-width-medium-1-1\">\n<div class=\"uk-grid uk-grid-small\">\n<div class=\"uk-width-medium-1-1 uk-margin-bottom\">\n<span class=\"wpcf7-form-control-wrap\" data-name=\"firma\"><input size=\"40\" class=\"wpcf7-form-control wpcf7-text wpcf7-validates-as-required uk-width-1-1\" aria-required=\"true\" aria-invalid=\"false\" placeholder=\"Firma\" value=\"\" type=\"text\" name=\"firma\" \/><\/span>\n<\/div>\n   <div class=\"uk-width-medium-1-2 margin-bottom-light\">\n<span class=\"wpcf7-form-control-wrap\" data-name=\"vorname\"><input size=\"40\" class=\"wpcf7-form-control wpcf7-text wpcf7-validates-as-required uk-width-1-1\" aria-required=\"true\" aria-invalid=\"false\" placeholder=\"Vorname\" value=\"\" type=\"text\" name=\"vorname\" \/><\/span>\n<\/div>\n   <div class=\"uk-width-medium-1-2\">\n<span class=\"wpcf7-form-control-wrap\" data-name=\"nachname\"><input size=\"40\" class=\"wpcf7-form-control wpcf7-text wpcf7-validates-as-required uk-width-1-1\" aria-required=\"true\" aria-invalid=\"false\" placeholder=\"Nachname\" value=\"\" type=\"text\" name=\"nachname\" \/><\/span>\n<\/div>\n<\/div><\/div>\n\n<div class=\"uk-width-medium-1-1 uk-margin-top\">\n<div class=\"uk-grid uk-grid-small\">\n        <div class=\"uk-width-medium-1-2 margin-bottom-light\">\n<span class=\"wpcf7-form-control-wrap\" data-name=\"email\"><input size=\"40\" class=\"wpcf7-form-control wpcf7-email wpcf7-validates-as-required wpcf7-text wpcf7-validates-as-email uk-width-1-1\" aria-required=\"true\" aria-invalid=\"false\" placeholder=\"E-Mail\" value=\"\" type=\"email\" name=\"email\" \/><\/span>\n<\/div>\n<div class=\"uk-width-medium-1-2\">\n<span class=\"wpcf7-form-control-wrap\" data-name=\"tele\"><input size=\"40\" class=\"wpcf7-form-control wpcf7-text wpcf7-validates-as-required uk-width-1-1\" aria-required=\"true\" aria-invalid=\"false\" placeholder=\"Telefon\" value=\"\" type=\"text\" name=\"tele\" \/><\/span>\n<\/div>\n<\/div><\/div>\n\n<div class=\"uk-width-medium-1-1 uk-margin-top\">\n<div class=\"uk-grid uk-grid-small\">\n        <div class=\"uk-width-medium-1-1\">\n<span class=\"wpcf7-form-control-wrap\" data-name=\"text-msg\"><textarea cols=\"40\" rows=\"10\" class=\"wpcf7-form-control wpcf7-textarea wpcf7-validates-as-required uk-width-1-1 input-text-block\" aria-required=\"true\" aria-invalid=\"false\" placeholder=\"Ihre Nachricht an uns...\" name=\"text-msg\"><\/textarea><\/span>\n<div class=\"uk-margin-small-bottom uk-position-relative agreement\">\n        <span class=\"wpcf7-form-control-wrap\" data-name=\"agreement-box\"><span class=\"wpcf7-form-control wpcf7-acceptance\"><span class=\"wpcf7-list-item\"><input type=\"checkbox\" name=\"agreement-box\" value=\"1\" aria-invalid=\"false\" \/><\/span><\/span><\/span> * Ich stimme zu, dass meine Angaben aus dem Kontaktformular zur Beantwortung meiner Anfrage erhoben und verarbeitet werden. Siehe auch <a href=\"https:\/\/www.gr2.com\/de\/datenschutz\/\">Datenschutz<\/a>\n        <i class=\"uk-icon-question-circle\" data-uk-tooltip=\"{pos:'top-right'}\" title=\"Hinweis: Sie k\u00f6nnen Ihre Einwilligung jederzeit f\u00fcr die Zukunft per E-Mail an info@gr2.com widerrufen.\"><\/i>\n      <\/div>\n<\/div>\n<\/div><\/div>\n\n<div class=\"uk-width-medium-1-1 uk-margin-top\">\n<div class=\"uk-grid submit-green\">\n        <div class=\"uk-width-medium-1-1\">\n<input class=\"wpcf7-form-control wpcf7-submit has-spinner\" type=\"submit\" value=\"Anfrage Senden\" \/>\n<\/div>\n<\/div><\/div><\/div><div class=\"wpcf7-response-output\" aria-hidden=\"true\"><\/div>\n<\/form>\n<\/div>\n[\/vc_column_text][\/vc_column_inner][\/vc_row_inner][\/vc_column][\/vc_row]<\/p>\n<\/section>","protected":false},"excerpt":{"rendered":"<p>[vc_row full_width=&#8220;stretch_row_content_no_spaces&#8220;][vc_column][vc_column_text][\/vc_column_text][\/vc_column][\/vc_row][vc_row][vc_column][vc_column_text] Reibahlen f\u00fcr die Formenreparatur [\/vc_column_text][vc_column_text el_class=&#8220;uk-column-medium-1-2&#8243;]Unsere\u00a0Reibahlen sind ein sehr n\u00fctzliches Werkzeug f\u00fcr die Reparatur von IS-Formen. Mit Hilfe der Reibahlen kann eine teure und aufwendige CNC-Bearbeitung durch eine einfache manuelle Werkbankt\u00e4tigkeit ersetzt werden. Wir bieten die komplette Bandbreite aller relevanter Standardgr\u00f6\u00dfen an und k\u00f6nnen selbstverst\u00e4ndlich auch Sonderanfertigungen nach Kundenw\u00fcnschen vornehmen. So sind zum [&hellip;]<\/p>\n","protected":false},"author":1,"featured_media":1434,"parent":0,"menu_order":25,"comment_status":"closed","ping_status":"closed","template":"","meta":{"_acf_changed":false,"inline_featured_image":false,"footnotes":""},"acf":[],"yoast_head":"<!-- This site is optimized with the Yoast SEO plugin v22.4 - https:\/\/yoast.com\/wordpress\/plugins\/seo\/ -->\n<title>Reibahlen f\u00fcr Formenreparatur - Formenabteilung - GR\u00b2 GmbH<\/title>\n<meta name=\"description\" content=\"Wir bieten Ihnen Reibahlen in Standardgr\u00f6\u00dfen und nehmen auf Wunsch auch Sonderanfertigungen vor. \u2713 Kegelreibahlen \u2713 Maschinenreibahlen \u2713D\u00fcsenreibahle\" \/>\n<meta name=\"robots\" content=\"index, follow, max-snippet:-1, max-image-preview:large, max-video-preview:-1\" \/>\n<link rel=\"canonical\" href=\"https:\/\/www.gr2.com\/de\/formenabteilung-reibahlen-feur-formenreparatur\/\" \/>\n<meta property=\"og:locale\" content=\"de_DE\" \/>\n<meta property=\"og:type\" content=\"article\" \/>\n<meta property=\"og:title\" content=\"Reibahlen f\u00fcr Formenreparatur - Formenabteilung - GR\u00b2 GmbH\" \/>\n<meta property=\"og:description\" content=\"Wir bieten Ihnen Reibahlen in Standardgr\u00f6\u00dfen und nehmen auf Wunsch auch Sonderanfertigungen vor. \u2713 Kegelreibahlen \u2713 Maschinenreibahlen \u2713D\u00fcsenreibahle\" \/>\n<meta property=\"og:url\" content=\"https:\/\/www.gr2.com\/de\/formenabteilung-reibahlen-feur-formenreparatur\/\" \/>\n<meta property=\"og:site_name\" content=\"GR\u00b2 GmbH\" \/>\n<meta property=\"article:modified_time\" content=\"2023-02-06T07:18:29+00:00\" \/>\n<meta property=\"og:image\" content=\"https:\/\/www.gr2.com\/wp-content\/uploads\/formenreparatur-1.jpg\" \/>\n\t<meta property=\"og:image:width\" content=\"419\" \/>\n\t<meta property=\"og:image:height\" content=\"314\" \/>\n\t<meta property=\"og:image:type\" content=\"image\/jpeg\" \/>\n<meta name=\"twitter:card\" content=\"summary_large_image\" \/>\n<meta name=\"twitter:label1\" content=\"Gesch\u00e4tzte Lesezeit\" \/>\n\t<meta name=\"twitter:data1\" content=\"2\u00a0Minuten\" \/>\n<script type=\"application\/ld+json\" class=\"yoast-schema-graph\">{\"@context\":\"https:\/\/schema.org\",\"@graph\":[{\"@type\":\"WebPage\",\"@id\":\"https:\/\/www.gr2.com\/de\/formenabteilung-reibahlen-feur-formenreparatur\/\",\"url\":\"https:\/\/www.gr2.com\/de\/formenabteilung-reibahlen-feur-formenreparatur\/\",\"name\":\"Reibahlen f\u00fcr Formenreparatur - Formenabteilung - GR\u00b2 GmbH\",\"isPartOf\":{\"@id\":\"https:\/\/www.gr2.com\/de\/#website\"},\"primaryImageOfPage\":{\"@id\":\"https:\/\/www.gr2.com\/de\/formenabteilung-reibahlen-feur-formenreparatur\/#primaryimage\"},\"image\":{\"@id\":\"https:\/\/www.gr2.com\/de\/formenabteilung-reibahlen-feur-formenreparatur\/#primaryimage\"},\"thumbnailUrl\":\"https:\/\/www.gr2.com\/wp-content\/uploads\/formenreparatur-1.jpg\",\"datePublished\":\"2011-11-29T09:06:11+00:00\",\"dateModified\":\"2023-02-06T07:18:29+00:00\",\"description\":\"Wir bieten Ihnen Reibahlen in Standardgr\u00f6\u00dfen und nehmen auf Wunsch auch Sonderanfertigungen vor. \u2713 Kegelreibahlen \u2713 Maschinenreibahlen \u2713D\u00fcsenreibahle\",\"breadcrumb\":{\"@id\":\"https:\/\/www.gr2.com\/de\/formenabteilung-reibahlen-feur-formenreparatur\/#breadcrumb\"},\"inLanguage\":\"de\",\"potentialAction\":[{\"@type\":\"ReadAction\",\"target\":[\"https:\/\/www.gr2.com\/de\/formenabteilung-reibahlen-feur-formenreparatur\/\"]}]},{\"@type\":\"ImageObject\",\"inLanguage\":\"de\",\"@id\":\"https:\/\/www.gr2.com\/de\/formenabteilung-reibahlen-feur-formenreparatur\/#primaryimage\",\"url\":\"https:\/\/www.gr2.com\/wp-content\/uploads\/formenreparatur-1.jpg\",\"contentUrl\":\"https:\/\/www.gr2.com\/wp-content\/uploads\/formenreparatur-1.jpg\",\"width\":419,\"height\":314},{\"@type\":\"BreadcrumbList\",\"@id\":\"https:\/\/www.gr2.com\/de\/formenabteilung-reibahlen-feur-formenreparatur\/#breadcrumb\",\"itemListElement\":[{\"@type\":\"ListItem\",\"position\":1,\"name\":\"Startseite\",\"item\":\"https:\/\/www.gr2.com\/de\/\"},{\"@type\":\"ListItem\",\"position\":2,\"name\":\"Reibahlen\"}]},{\"@type\":\"WebSite\",\"@id\":\"https:\/\/www.gr2.com\/de\/#website\",\"url\":\"https:\/\/www.gr2.com\/de\/\",\"name\":\"GR\u00b2 GmbH\",\"description\":\"\",\"potentialAction\":[{\"@type\":\"SearchAction\",\"target\":{\"@type\":\"EntryPoint\",\"urlTemplate\":\"https:\/\/www.gr2.com\/de\/?s={search_term_string}\"},\"query-input\":\"required name=search_term_string\"}],\"inLanguage\":\"de\"}]}<\/script>\n<!-- \/ Yoast SEO plugin. -->","yoast_head_json":{"title":"Reibahlen f\u00fcr Formenreparatur - Formenabteilung - GR\u00b2 GmbH","description":"Wir bieten Ihnen Reibahlen in Standardgr\u00f6\u00dfen und nehmen auf Wunsch auch Sonderanfertigungen vor. \u2713 Kegelreibahlen \u2713 Maschinenreibahlen \u2713D\u00fcsenreibahle","robots":{"index":"index","follow":"follow","max-snippet":"max-snippet:-1","max-image-preview":"max-image-preview:large","max-video-preview":"max-video-preview:-1"},"canonical":"https:\/\/www.gr2.com\/de\/formenabteilung-reibahlen-feur-formenreparatur\/","og_locale":"de_DE","og_type":"article","og_title":"Reibahlen f\u00fcr Formenreparatur - Formenabteilung - GR\u00b2 GmbH","og_description":"Wir bieten Ihnen Reibahlen in Standardgr\u00f6\u00dfen und nehmen auf Wunsch auch Sonderanfertigungen vor. \u2713 Kegelreibahlen \u2713 Maschinenreibahlen \u2713D\u00fcsenreibahle","og_url":"https:\/\/www.gr2.com\/de\/formenabteilung-reibahlen-feur-formenreparatur\/","og_site_name":"GR\u00b2 GmbH","article_modified_time":"2023-02-06T07:18:29+00:00","og_image":[{"width":419,"height":314,"url":"https:\/\/www.gr2.com\/wp-content\/uploads\/formenreparatur-1.jpg","type":"image\/jpeg"}],"twitter_card":"summary_large_image","twitter_misc":{"Gesch\u00e4tzte Lesezeit":"2\u00a0Minuten"},"schema":{"@context":"https:\/\/schema.org","@graph":[{"@type":"WebPage","@id":"https:\/\/www.gr2.com\/de\/formenabteilung-reibahlen-feur-formenreparatur\/","url":"https:\/\/www.gr2.com\/de\/formenabteilung-reibahlen-feur-formenreparatur\/","name":"Reibahlen f\u00fcr Formenreparatur - Formenabteilung - GR\u00b2 GmbH","isPartOf":{"@id":"https:\/\/www.gr2.com\/de\/#website"},"primaryImageOfPage":{"@id":"https:\/\/www.gr2.com\/de\/formenabteilung-reibahlen-feur-formenreparatur\/#primaryimage"},"image":{"@id":"https:\/\/www.gr2.com\/de\/formenabteilung-reibahlen-feur-formenreparatur\/#primaryimage"},"thumbnailUrl":"https:\/\/www.gr2.com\/wp-content\/uploads\/formenreparatur-1.jpg","datePublished":"2011-11-29T09:06:11+00:00","dateModified":"2023-02-06T07:18:29+00:00","description":"Wir bieten Ihnen Reibahlen in Standardgr\u00f6\u00dfen und nehmen auf Wunsch auch Sonderanfertigungen vor. \u2713 Kegelreibahlen \u2713 Maschinenreibahlen \u2713D\u00fcsenreibahle","breadcrumb":{"@id":"https:\/\/www.gr2.com\/de\/formenabteilung-reibahlen-feur-formenreparatur\/#breadcrumb"},"inLanguage":"de","potentialAction":[{"@type":"ReadAction","target":["https:\/\/www.gr2.com\/de\/formenabteilung-reibahlen-feur-formenreparatur\/"]}]},{"@type":"ImageObject","inLanguage":"de","@id":"https:\/\/www.gr2.com\/de\/formenabteilung-reibahlen-feur-formenreparatur\/#primaryimage","url":"https:\/\/www.gr2.com\/wp-content\/uploads\/formenreparatur-1.jpg","contentUrl":"https:\/\/www.gr2.com\/wp-content\/uploads\/formenreparatur-1.jpg","width":419,"height":314},{"@type":"BreadcrumbList","@id":"https:\/\/www.gr2.com\/de\/formenabteilung-reibahlen-feur-formenreparatur\/#breadcrumb","itemListElement":[{"@type":"ListItem","position":1,"name":"Startseite","item":"https:\/\/www.gr2.com\/de\/"},{"@type":"ListItem","position":2,"name":"Reibahlen"}]},{"@type":"WebSite","@id":"https:\/\/www.gr2.com\/de\/#website","url":"https:\/\/www.gr2.com\/de\/","name":"GR\u00b2 GmbH","description":"","potentialAction":[{"@type":"SearchAction","target":{"@type":"EntryPoint","urlTemplate":"https:\/\/www.gr2.com\/de\/?s={search_term_string}"},"query-input":"required name=search_term_string"}],"inLanguage":"de"}]}},"_links":{"self":[{"href":"https:\/\/www.gr2.com\/de\/wp-json\/wp\/v2\/pages\/276"}],"collection":[{"href":"https:\/\/www.gr2.com\/de\/wp-json\/wp\/v2\/pages"}],"about":[{"href":"https:\/\/www.gr2.com\/de\/wp-json\/wp\/v2\/types\/page"}],"author":[{"embeddable":true,"href":"https:\/\/www.gr2.com\/de\/wp-json\/wp\/v2\/users\/1"}],"replies":[{"embeddable":true,"href":"https:\/\/www.gr2.com\/de\/wp-json\/wp\/v2\/comments?post=276"}],"version-history":[{"count":6,"href":"https:\/\/www.gr2.com\/de\/wp-json\/wp\/v2\/pages\/276\/revisions"}],"predecessor-version":[{"id":2107,"href":"https:\/\/www.gr2.com\/de\/wp-json\/wp\/v2\/pages\/276\/revisions\/2107"}],"wp:featuredmedia":[{"embeddable":true,"href":"https:\/\/www.gr2.com\/de\/wp-json\/wp\/v2\/media\/1434"}],"wp:attachment":[{"href":"https:\/\/www.gr2.com\/de\/wp-json\/wp\/v2\/media?parent=276"}],"curies":[{"name":"wp","href":"https:\/\/api.w.org\/{rel}","templated":true}]}}