{"id":272,"date":"2011-11-29T09:57:28","date_gmt":"2011-11-29T08:57:28","guid":{"rendered":"http:\/\/relaunch.gr2.com\/kaltendspruehduesen\/"},"modified":"2020-08-12T16:34:08","modified_gmt":"2020-08-12T14:34:08","slug":"graphoidal-kaltend-spruehduesen","status":"publish","type":"page","link":"https:\/\/www.gr2.com\/de\/graphoidal-kaltend-spruehduesen\/","title":{"rendered":"Kaltendspr\u00fchd\u00fcsen"},"content":{"rendered":"<section class=\"wpb-content-wrapper\"><p>[vc_row full_width=&#8220;stretch_row_content_no_spaces&#8220;][vc_column 0=&#8220;&#8220;][vc_column_text 0=&#8220;&#8220;]\n    \n    \n\n    \t\n    \t\n            <div data-uk-slideshow>\n                <ul class=\"uk-slideshow\">\n\n            \n                    <li class=\"slide\">\n\n                        <div class=\"uk-width-1-1 uk-height-1-1\" id=\"slider-wrapper\">\n                                <div class=\"slider-img-wrapper\">\n                                    <img decoding=\"async\" src=\"https:\/\/www.gr2.com\/wp-content\/uploads\/slide-1.jpg\" alt=\"\" \/>\n                                <\/div>\n\n                                <div class=\"slider-cc-wrapper\">\n                                                                    <\/div>\n                        <\/div>\n\n                    <\/li>\n\n            \n                <\/ul>\n            <\/div>\n\n        \n    \t\n    \t\n    \n\n    [\/vc_column_text][\/vc_column][\/vc_row][vc_row 0=&#8220;&#8220;][vc_column 0=&#8220;&#8220;][vc_column_text 0=&#8220;&#8220;]<\/p>\n<h1>Graphoidal Kaltend-Spr\u00fchd\u00fcsen<\/h1>\n<p>[\/vc_column_text][vc_column_text el_class=&#8220;uk-column-medium-1-2&#8243;]Es steht eine Auswahl an verschiedenen Kaltend-Spr\u00fchd\u00fcsen zur Verf\u00fcgung, so dass die zu verwendenden Spr\u00fchd\u00fcsen an die individuellen Produktionsanforderungen f\u00fcr die jeweilige Glasbeh\u00e4lterproduktion angepasst werden k\u00f6nnen. Die\u00a0Graphoidal Spr\u00fchd\u00fcsen k\u00f6nnen auf Graphoidal Spr\u00fchbr\u00fccken und ggf. auch auf Spr\u00fchbr\u00fccken anderer Hersteller der Industrie eingesetzt werden, sofern diese die erforderlichen Voraussetzungen erf\u00fcllen. Wir bringen die\u00a0<a title=\"Glasindustrie\" href=\"https:\/\/www.gr2.com\/de\/\">Glasindustrie<\/a>\u00a0voran![\/vc_column_text][vc_row_inner 0=&#8220;&#8220;][vc_column_inner el_class=&#8220;list&#8220; width=&#8220;1\/2&#8243; css=&#8220;.vc_custom_1500292899938{padding-right: 20px !important;}&#8220;][vc_column_text 0=&#8220;&#8220;][\/vc_column_text][\/vc_column_inner][vc_column_inner width=&#8220;1\/2&#8243;][vc_column_text 0=&#8220;&#8220;]<\/p>\n<h3>Produkt Anfrage<\/h3>\n<p>Bei Fragen bez\u00fcglich des Produktes k\u00f6nnen Sie gerne Kontakt mit uns aufnehmen.<\/p>\n\n<div class=\"wpcf7 no-js\" id=\"wpcf7-f995-o1\" lang=\"de-DE\" dir=\"ltr\">\n<div class=\"screen-reader-response\"><p role=\"status\" aria-live=\"polite\" aria-atomic=\"true\"><\/p> <ul><\/ul><\/div>\n<form action=\"\/de\/wp-json\/wp\/v2\/pages\/272#wpcf7-f995-o1\" method=\"post\" class=\"wpcf7-form init anfrage-form uk-form wpcf7-acceptance-as-validation\" id=\"anfrage-form\" aria-label=\"Kontaktformular\" novalidate=\"novalidate\" data-status=\"init\">\n<div style=\"display: none;\">\n<input type=\"hidden\" name=\"_wpcf7\" value=\"995\" \/>\n<input type=\"hidden\" name=\"_wpcf7_version\" value=\"5.9.3\" \/>\n<input type=\"hidden\" name=\"_wpcf7_locale\" value=\"de_DE\" \/>\n<input type=\"hidden\" name=\"_wpcf7_unit_tag\" value=\"wpcf7-f995-o1\" \/>\n<input type=\"hidden\" name=\"_wpcf7_container_post\" value=\"0\" \/>\n<input type=\"hidden\" name=\"_wpcf7_posted_data_hash\" value=\"\" \/>\n<\/div>\n<div class=\"uk-grid\">\n<div class=\"uk-width-medium-1-1\">\n<div class=\"uk-grid uk-grid-small\">\n<div class=\"uk-width-medium-1-1 uk-margin-bottom\">\n<span class=\"wpcf7-form-control-wrap\" data-name=\"firma\"><input size=\"40\" class=\"wpcf7-form-control wpcf7-text wpcf7-validates-as-required uk-width-1-1\" aria-required=\"true\" aria-invalid=\"false\" placeholder=\"Firma\" value=\"\" type=\"text\" name=\"firma\" \/><\/span>\n<\/div>\n   <div class=\"uk-width-medium-1-2 margin-bottom-light\">\n<span class=\"wpcf7-form-control-wrap\" data-name=\"vorname\"><input size=\"40\" class=\"wpcf7-form-control wpcf7-text wpcf7-validates-as-required uk-width-1-1\" aria-required=\"true\" aria-invalid=\"false\" placeholder=\"Vorname\" value=\"\" type=\"text\" name=\"vorname\" \/><\/span>\n<\/div>\n   <div class=\"uk-width-medium-1-2\">\n<span class=\"wpcf7-form-control-wrap\" data-name=\"nachname\"><input size=\"40\" class=\"wpcf7-form-control wpcf7-text wpcf7-validates-as-required uk-width-1-1\" aria-required=\"true\" aria-invalid=\"false\" placeholder=\"Nachname\" value=\"\" type=\"text\" name=\"nachname\" \/><\/span>\n<\/div>\n<\/div><\/div>\n\n<div class=\"uk-width-medium-1-1 uk-margin-top\">\n<div class=\"uk-grid uk-grid-small\">\n        <div class=\"uk-width-medium-1-2 margin-bottom-light\">\n<span class=\"wpcf7-form-control-wrap\" data-name=\"email\"><input size=\"40\" class=\"wpcf7-form-control wpcf7-email wpcf7-validates-as-required wpcf7-text wpcf7-validates-as-email uk-width-1-1\" aria-required=\"true\" aria-invalid=\"false\" placeholder=\"E-Mail\" value=\"\" type=\"email\" name=\"email\" \/><\/span>\n<\/div>\n<div class=\"uk-width-medium-1-2\">\n<span class=\"wpcf7-form-control-wrap\" data-name=\"tele\"><input size=\"40\" class=\"wpcf7-form-control wpcf7-text wpcf7-validates-as-required uk-width-1-1\" aria-required=\"true\" aria-invalid=\"false\" placeholder=\"Telefon\" value=\"\" type=\"text\" name=\"tele\" \/><\/span>\n<\/div>\n<\/div><\/div>\n\n<div class=\"uk-width-medium-1-1 uk-margin-top\">\n<div class=\"uk-grid uk-grid-small\">\n        <div class=\"uk-width-medium-1-1\">\n<span class=\"wpcf7-form-control-wrap\" data-name=\"text-msg\"><textarea cols=\"40\" rows=\"10\" class=\"wpcf7-form-control wpcf7-textarea wpcf7-validates-as-required uk-width-1-1 input-text-block\" aria-required=\"true\" aria-invalid=\"false\" placeholder=\"Ihre Nachricht an uns...\" name=\"text-msg\"><\/textarea><\/span>\n<div class=\"uk-margin-small-bottom uk-position-relative agreement\">\n        <span class=\"wpcf7-form-control-wrap\" data-name=\"agreement-box\"><span class=\"wpcf7-form-control wpcf7-acceptance\"><span class=\"wpcf7-list-item\"><input type=\"checkbox\" name=\"agreement-box\" value=\"1\" aria-invalid=\"false\" \/><\/span><\/span><\/span> * Ich stimme zu, dass meine Angaben aus dem Kontaktformular zur Beantwortung meiner Anfrage erhoben und verarbeitet werden. Siehe auch <a href=\"https:\/\/www.gr2.com\/de\/datenschutz\/\">Datenschutz<\/a>\n        <i class=\"uk-icon-question-circle\" data-uk-tooltip=\"{pos:'top-right'}\" title=\"Hinweis: Sie k\u00f6nnen Ihre Einwilligung jederzeit f\u00fcr die Zukunft per E-Mail an info@gr2.com widerrufen.\"><\/i>\n      <\/div>\n<\/div>\n<\/div><\/div>\n\n<div class=\"uk-width-medium-1-1 uk-margin-top\">\n<div class=\"uk-grid submit-green\">\n        <div class=\"uk-width-medium-1-1\">\n<input class=\"wpcf7-form-control wpcf7-submit has-spinner\" type=\"submit\" value=\"Anfrage Senden\" \/>\n<\/div>\n<\/div><\/div><\/div><div class=\"wpcf7-response-output\" aria-hidden=\"true\"><\/div>\n<\/form>\n<\/div>\n\n<p>gr\u00b2 ist einer der f\u00fchrenden Hersteller in der <a title=\"Glasindustrie\" href=\"https:\/\/www.gr2.com\/de\/\">Glasindustrie<\/a>. Ob <a title=\"Beh\u00e4lterglas\" href=\"https:\/\/www.gr2.com\/de\/behaelterglas\/\">Beh\u00e4lterglas<\/a> oder <a title=\"Scherenmesser\" href=\"https:\/\/www.gr2.com\/de\/scherenmesser\/\">Scherenmesser<\/a> &#8211; wir versorgen Sie mit jeglicher Ausr\u00fcstung, die Sie f\u00fcr die Glasproduktion und Glasverarbeitung ben\u00f6tigen. Sie ben\u00f6tigen z.B. die besten <a title=\"Feuerfestmaterial\" href=\"https:\/\/www.gr2.com\/de\/psr-feuerfestmaterial\/\">Feuerfestmaterialien<\/a>? Wir kooperieren mit den f\u00fchrenden Herstellern in der Glasindustrie wie PSR, Rondot, Graphoidal und mehr. Wir freuen uns auf Ihre Anfrage.[\/vc_column_text][\/vc_column_inner][\/vc_row_inner][\/vc_column][\/vc_row]<\/p>\n<\/section>","protected":false},"excerpt":{"rendered":"<p>[vc_row full_width=&#8220;stretch_row_content_no_spaces&#8220;][vc_column 0=&#8220;&#8220;][vc_column_text 0=&#8220;&#8220;][\/vc_column_text][\/vc_column][\/vc_row][vc_row 0=&#8220;&#8220;][vc_column 0=&#8220;&#8220;][vc_column_text 0=&#8220;&#8220;] Graphoidal Kaltend-Spr\u00fchd\u00fcsen [\/vc_column_text][vc_column_text el_class=&#8220;uk-column-medium-1-2&#8243;]Es steht eine Auswahl an verschiedenen Kaltend-Spr\u00fchd\u00fcsen zur Verf\u00fcgung, so dass die zu verwendenden Spr\u00fchd\u00fcsen an die individuellen Produktionsanforderungen f\u00fcr die jeweilige Glasbeh\u00e4lterproduktion angepasst werden k\u00f6nnen. Die\u00a0Graphoidal Spr\u00fchd\u00fcsen k\u00f6nnen auf Graphoidal Spr\u00fchbr\u00fccken und ggf. auch auf Spr\u00fchbr\u00fccken anderer Hersteller der Industrie eingesetzt werden, sofern diese [&hellip;]<\/p>\n","protected":false},"author":1,"featured_media":0,"parent":0,"menu_order":29,"comment_status":"closed","ping_status":"closed","template":"","meta":{"_acf_changed":false,"inline_featured_image":false,"footnotes":""},"acf":[],"yoast_head":"<!-- This site is optimized with the Yoast SEO plugin v22.4 - https:\/\/yoast.com\/wordpress\/plugins\/seo\/ -->\n<title>Spr\u00fchd\u00fcsen | Glasindustrie - GR\u00b2 GmbH<\/title>\n<meta name=\"description\" content=\"Wir bieten eine gro\u00dfe Auswahl an unterschiedlichen Kaltend-Spr\u00fchd\u00fcsen f\u00fcr eine individuelle Produktionsanforderung.\" \/>\n<meta name=\"robots\" content=\"index, follow, max-snippet:-1, max-image-preview:large, max-video-preview:-1\" \/>\n<link rel=\"canonical\" href=\"https:\/\/www.gr2.com\/de\/graphoidal-kaltend-spruehduesen\/\" \/>\n<meta property=\"og:locale\" content=\"de_DE\" \/>\n<meta property=\"og:type\" content=\"article\" \/>\n<meta property=\"og:title\" content=\"Spr\u00fchd\u00fcsen | Glasindustrie - GR\u00b2 GmbH\" \/>\n<meta property=\"og:description\" content=\"Wir bieten eine gro\u00dfe Auswahl an unterschiedlichen Kaltend-Spr\u00fchd\u00fcsen f\u00fcr eine individuelle Produktionsanforderung.\" \/>\n<meta property=\"og:url\" content=\"https:\/\/www.gr2.com\/de\/graphoidal-kaltend-spruehduesen\/\" \/>\n<meta property=\"og:site_name\" content=\"GR\u00b2 GmbH\" \/>\n<meta property=\"article:modified_time\" content=\"2020-08-12T14:34:08+00:00\" \/>\n<meta name=\"twitter:card\" content=\"summary_large_image\" \/>\n<meta name=\"twitter:label1\" content=\"Gesch\u00e4tzte Lesezeit\" \/>\n\t<meta name=\"twitter:data1\" content=\"1\u00a0Minute\" \/>\n<script type=\"application\/ld+json\" class=\"yoast-schema-graph\">{\"@context\":\"https:\/\/schema.org\",\"@graph\":[{\"@type\":\"WebPage\",\"@id\":\"https:\/\/www.gr2.com\/de\/graphoidal-kaltend-spruehduesen\/\",\"url\":\"https:\/\/www.gr2.com\/de\/graphoidal-kaltend-spruehduesen\/\",\"name\":\"Spr\u00fchd\u00fcsen | Glasindustrie - GR\u00b2 GmbH\",\"isPartOf\":{\"@id\":\"https:\/\/www.gr2.com\/de\/#website\"},\"datePublished\":\"2011-11-29T08:57:28+00:00\",\"dateModified\":\"2020-08-12T14:34:08+00:00\",\"description\":\"Wir bieten eine gro\u00dfe Auswahl an unterschiedlichen Kaltend-Spr\u00fchd\u00fcsen f\u00fcr eine individuelle Produktionsanforderung.\",\"breadcrumb\":{\"@id\":\"https:\/\/www.gr2.com\/de\/graphoidal-kaltend-spruehduesen\/#breadcrumb\"},\"inLanguage\":\"de\",\"potentialAction\":[{\"@type\":\"ReadAction\",\"target\":[\"https:\/\/www.gr2.com\/de\/graphoidal-kaltend-spruehduesen\/\"]}]},{\"@type\":\"BreadcrumbList\",\"@id\":\"https:\/\/www.gr2.com\/de\/graphoidal-kaltend-spruehduesen\/#breadcrumb\",\"itemListElement\":[{\"@type\":\"ListItem\",\"position\":1,\"name\":\"Startseite\",\"item\":\"https:\/\/www.gr2.com\/de\/\"},{\"@type\":\"ListItem\",\"position\":2,\"name\":\"Kaltendspr\u00fchd\u00fcsen\"}]},{\"@type\":\"WebSite\",\"@id\":\"https:\/\/www.gr2.com\/de\/#website\",\"url\":\"https:\/\/www.gr2.com\/de\/\",\"name\":\"GR\u00b2 GmbH\",\"description\":\"\",\"potentialAction\":[{\"@type\":\"SearchAction\",\"target\":{\"@type\":\"EntryPoint\",\"urlTemplate\":\"https:\/\/www.gr2.com\/de\/?s={search_term_string}\"},\"query-input\":\"required name=search_term_string\"}],\"inLanguage\":\"de\"}]}<\/script>\n<!-- \/ Yoast SEO plugin. -->","yoast_head_json":{"title":"Spr\u00fchd\u00fcsen | Glasindustrie - GR\u00b2 GmbH","description":"Wir bieten eine gro\u00dfe Auswahl an unterschiedlichen Kaltend-Spr\u00fchd\u00fcsen f\u00fcr eine individuelle Produktionsanforderung.","robots":{"index":"index","follow":"follow","max-snippet":"max-snippet:-1","max-image-preview":"max-image-preview:large","max-video-preview":"max-video-preview:-1"},"canonical":"https:\/\/www.gr2.com\/de\/graphoidal-kaltend-spruehduesen\/","og_locale":"de_DE","og_type":"article","og_title":"Spr\u00fchd\u00fcsen | Glasindustrie - GR\u00b2 GmbH","og_description":"Wir bieten eine gro\u00dfe Auswahl an unterschiedlichen Kaltend-Spr\u00fchd\u00fcsen f\u00fcr eine individuelle Produktionsanforderung.","og_url":"https:\/\/www.gr2.com\/de\/graphoidal-kaltend-spruehduesen\/","og_site_name":"GR\u00b2 GmbH","article_modified_time":"2020-08-12T14:34:08+00:00","twitter_card":"summary_large_image","twitter_misc":{"Gesch\u00e4tzte Lesezeit":"1\u00a0Minute"},"schema":{"@context":"https:\/\/schema.org","@graph":[{"@type":"WebPage","@id":"https:\/\/www.gr2.com\/de\/graphoidal-kaltend-spruehduesen\/","url":"https:\/\/www.gr2.com\/de\/graphoidal-kaltend-spruehduesen\/","name":"Spr\u00fchd\u00fcsen | Glasindustrie - GR\u00b2 GmbH","isPartOf":{"@id":"https:\/\/www.gr2.com\/de\/#website"},"datePublished":"2011-11-29T08:57:28+00:00","dateModified":"2020-08-12T14:34:08+00:00","description":"Wir bieten eine gro\u00dfe Auswahl an unterschiedlichen Kaltend-Spr\u00fchd\u00fcsen f\u00fcr eine individuelle Produktionsanforderung.","breadcrumb":{"@id":"https:\/\/www.gr2.com\/de\/graphoidal-kaltend-spruehduesen\/#breadcrumb"},"inLanguage":"de","potentialAction":[{"@type":"ReadAction","target":["https:\/\/www.gr2.com\/de\/graphoidal-kaltend-spruehduesen\/"]}]},{"@type":"BreadcrumbList","@id":"https:\/\/www.gr2.com\/de\/graphoidal-kaltend-spruehduesen\/#breadcrumb","itemListElement":[{"@type":"ListItem","position":1,"name":"Startseite","item":"https:\/\/www.gr2.com\/de\/"},{"@type":"ListItem","position":2,"name":"Kaltendspr\u00fchd\u00fcsen"}]},{"@type":"WebSite","@id":"https:\/\/www.gr2.com\/de\/#website","url":"https:\/\/www.gr2.com\/de\/","name":"GR\u00b2 GmbH","description":"","potentialAction":[{"@type":"SearchAction","target":{"@type":"EntryPoint","urlTemplate":"https:\/\/www.gr2.com\/de\/?s={search_term_string}"},"query-input":"required name=search_term_string"}],"inLanguage":"de"}]}},"_links":{"self":[{"href":"https:\/\/www.gr2.com\/de\/wp-json\/wp\/v2\/pages\/272"}],"collection":[{"href":"https:\/\/www.gr2.com\/de\/wp-json\/wp\/v2\/pages"}],"about":[{"href":"https:\/\/www.gr2.com\/de\/wp-json\/wp\/v2\/types\/page"}],"author":[{"embeddable":true,"href":"https:\/\/www.gr2.com\/de\/wp-json\/wp\/v2\/users\/1"}],"replies":[{"embeddable":true,"href":"https:\/\/www.gr2.com\/de\/wp-json\/wp\/v2\/comments?post=272"}],"version-history":[{"count":6,"href":"https:\/\/www.gr2.com\/de\/wp-json\/wp\/v2\/pages\/272\/revisions"}],"predecessor-version":[{"id":2024,"href":"https:\/\/www.gr2.com\/de\/wp-json\/wp\/v2\/pages\/272\/revisions\/2024"}],"wp:attachment":[{"href":"https:\/\/www.gr2.com\/de\/wp-json\/wp\/v2\/media?parent=272"}],"curies":[{"name":"wp","href":"https:\/\/api.w.org\/{rel}","templated":true}]}}