{"id":263,"date":"2011-11-29T09:44:40","date_gmt":"2011-11-29T08:44:40","guid":{"rendered":"http:\/\/relaunch.gr2.com\/querbaender\/"},"modified":"2023-03-29T15:11:17","modified_gmt":"2023-03-29T13:11:17","slug":"sheppee-querbaender","status":"publish","type":"page","link":"https:\/\/www.gr2.com\/de\/sheppee-querbaender\/","title":{"rendered":"Querb\u00e4nder"},"content":{"rendered":"<section class=\"wpb-content-wrapper\"><p>[vc_row full_width=&#8220;stretch_row_content_no_spaces&#8220;][vc_column][vc_column_text]\n    \n    \n\n    \t\n    \t\n            <div data-uk-slideshow>\n                <ul class=\"uk-slideshow\">\n\n            \n                    <li class=\"slide\">\n\n                        <div class=\"uk-width-1-1 uk-height-1-1\" id=\"slider-wrapper\">\n                                <div class=\"slider-img-wrapper\">\n                                    <img decoding=\"async\" src=\"https:\/\/www.gr2.com\/wp-content\/uploads\/slide-1.jpg\" alt=\"\" \/>\n                                <\/div>\n\n                                <div class=\"slider-cc-wrapper\">\n                                                                    <\/div>\n                        <\/div>\n\n                    <\/li>\n\n            \n                <\/ul>\n            <\/div>\n\n        \n    \t\n    \t\n    \n\n    [\/vc_column_text][\/vc_column][\/vc_row][vc_row][vc_column][vc_column_text]<\/p>\n<h1>Sheppee Querb\u00e4nder &#8211; Das F\u00f6rderband f\u00fcr die Industrie<\/h1>\n<p>[\/vc_column_text][vc_column_text el_class=&#8220;uk-column-medium-1-2&#8243;]Immer h\u00f6here Produktionsgeschwindigkeiten erfordern unabh\u00e4ngig von den Umgebungstemperaturen eine sehr ebene Transportfl\u00e4che zwischen Maschinenband bis hin in den K\u00fchlofen, um einen ruhigen und stabilen Transport von <a href=\"\/de\/behaelterglas\/\">Beh\u00e4lterglas<\/a> gew\u00e4hrleisten zu k\u00f6nnen. Mit den Sheppee Querb\u00e4ndern bietet <a href=\"\/de\/\">gr2<\/a> Ihnen das perfekte <strong>F\u00f6rderband f\u00fcr die Anforderungen der Industrie<\/strong>. Das Band kann zum einen in Standardausf\u00fchrung oder wahlweise mit zus\u00e4tzlicher Wasserk\u00fchlung als ebene Transportfl\u00e4che realisiert werden. Dank der robusten und langlebigen Konstruktion, die mit durchdachten horizontalen und vertikalen Verstellm\u00f6glichkeiten kombiniert ist und zudem eine schwimmende Lagerung enth\u00e4lt, ist es m\u00f6glich, thermische Verformungen auszugleichen und somit die Transportkette auf einem geraden Tr\u00e4ger ruhig und ohne \u00fcberm\u00e4\u00dfigen Verschlei\u00df laufen zu lassen.[\/vc_column_text][vc_row_inner][vc_column_inner el_class=&#8220;list&#8220; width=&#8220;1\/2&#8243; css=&#8220;.vc_custom_1500292899938{padding-right: 20px !important;}&#8220;][vc_column_text]<\/p>\n<h2>Ruhiger Beh\u00e4ltertransport mit Industrie-F\u00f6rderb\u00e4ndern<\/h2>\n<p>Um Ihnen den Einsatz unserer F\u00f6rderb\u00e4nder f\u00fcr die Industrie zu erleichtern, finden Sie Einstellm\u00f6glichkeiten, die sowohl einfach als auch effizient zu nutzen sind. Diese befinden sich sowohl an der ersten Verschlei\u00dfplatte als auch an den \u00dcbergabeplatten bei den <a href=\"\/de\/heissglastransport-umlenkecken\/\">Umlenkecken<\/a> sowie in der \u00dcbergabe zum K\u00fchlofen. Dies erm\u00f6glicht einen ruhigen Beh\u00e4ltertransport auch bei hohen Geschwindigkeiten oder instabilen Beh\u00e4ltern.<br \/>\nSchnellwechsel-\u00dcbergabeplatten zum K\u00fchlofen reduzieren die Arbeiten in der hei\u00dfen Umgebung des K\u00fchlofens ebenso, wie die einfach bedienbaren Verstellm\u00f6glichkeiten, und reduzieren so die Wartungszeit und die Belastung f\u00fcr Ihre Mitarbeiter.<\/p>\n<h3>Querb\u00e4nder von Sheppee: Vorteile des F\u00f6rderbands f\u00fcr die Industrie im \u00dcberblick<\/h3>\n<p>Wenn Sie f\u00fcr die Fertigung Ihrer Produkte Glasbeh\u00e4lter transportieren m\u00fcssen, sind Sie auf besonders zuverl\u00e4ssige F\u00f6rdertechnik angewiesen. Mit dem Industrie-F\u00f6rderband von Sheeppee bieten wir Ihnen die optimale L\u00f6sung, die Sie durch individuelle Anpassungen genau auf die Bed\u00fcrfnisse in Ihrer Produktion anpassen k\u00f6nnen. Sehen Sie hier alle Vorteile im \u00dcberblick:<\/p>\n<ul>\n<li>Gerader Querbandtr\u00e4ger mit horizontaler und vertikaler Justierung<\/li>\n<li>Anpassung der \u00dcbergabeplatten und Verschlei\u00dfplatten<\/li>\n<li>Schnellwechsel der \u00dcbergabeplatten mit Feinjustierung<\/li>\n<li>Ruhiger Lauf bei hohen Geschwindigkeiten<\/li>\n<li>Wahlweise vorbereitet f\u00fcr Anschluss an zus\u00e4tzlichen Wasserk\u00fchlungskreislauf<\/li>\n<\/ul>\n<p>Bei Fragen zu Anwendungsbereichen oder Sonderw\u00fcnschen beraten wir Sie auch gern pers\u00f6nlich! Nehmen Sie daf\u00fcr einfach <a href=\"\/de\/kontakt\/\">Kontakt<\/a> zu uns auf![\/vc_column_text][\/vc_column_inner][vc_column_inner width=&#8220;1\/2&#8243;][vc_column_text][\/vc_column_text][vc_column_text]<\/p>\n<h3>Produkt Anfrage<\/h3>\n<p>Bei Fragen bez\u00fcglich des Produktes k\u00f6nnen Sie gerne Kontakt mit uns aufnehmen.<\/p>\n<div class=\"wpcf7 no-js\" id=\"wpcf7-f995-o1\" lang=\"de-DE\" dir=\"ltr\">\n<div class=\"screen-reader-response\"><p role=\"status\" aria-live=\"polite\" aria-atomic=\"true\"><\/p> <ul><\/ul><\/div>\n<form action=\"\/de\/wp-json\/wp\/v2\/pages\/263#wpcf7-f995-o1\" method=\"post\" class=\"wpcf7-form init anfrage-form uk-form wpcf7-acceptance-as-validation\" id=\"anfrage-form\" aria-label=\"Kontaktformular\" novalidate=\"novalidate\" data-status=\"init\">\n<div style=\"display: none;\">\n<input type=\"hidden\" name=\"_wpcf7\" value=\"995\" \/>\n<input type=\"hidden\" name=\"_wpcf7_version\" value=\"5.9.3\" \/>\n<input type=\"hidden\" name=\"_wpcf7_locale\" value=\"de_DE\" \/>\n<input type=\"hidden\" name=\"_wpcf7_unit_tag\" value=\"wpcf7-f995-o1\" \/>\n<input type=\"hidden\" name=\"_wpcf7_container_post\" value=\"0\" \/>\n<input type=\"hidden\" name=\"_wpcf7_posted_data_hash\" value=\"\" \/>\n<\/div>\n<div class=\"uk-grid\">\n<div class=\"uk-width-medium-1-1\">\n<div class=\"uk-grid uk-grid-small\">\n<div class=\"uk-width-medium-1-1 uk-margin-bottom\">\n<span class=\"wpcf7-form-control-wrap\" data-name=\"firma\"><input size=\"40\" class=\"wpcf7-form-control wpcf7-text wpcf7-validates-as-required uk-width-1-1\" aria-required=\"true\" aria-invalid=\"false\" placeholder=\"Firma\" value=\"\" type=\"text\" name=\"firma\" \/><\/span>\n<\/div>\n   <div class=\"uk-width-medium-1-2 margin-bottom-light\">\n<span class=\"wpcf7-form-control-wrap\" data-name=\"vorname\"><input size=\"40\" class=\"wpcf7-form-control wpcf7-text wpcf7-validates-as-required uk-width-1-1\" aria-required=\"true\" aria-invalid=\"false\" placeholder=\"Vorname\" value=\"\" type=\"text\" name=\"vorname\" \/><\/span>\n<\/div>\n   <div class=\"uk-width-medium-1-2\">\n<span class=\"wpcf7-form-control-wrap\" data-name=\"nachname\"><input size=\"40\" class=\"wpcf7-form-control wpcf7-text wpcf7-validates-as-required uk-width-1-1\" aria-required=\"true\" aria-invalid=\"false\" placeholder=\"Nachname\" value=\"\" type=\"text\" name=\"nachname\" \/><\/span>\n<\/div>\n<\/div><\/div>\n\n<div class=\"uk-width-medium-1-1 uk-margin-top\">\n<div class=\"uk-grid uk-grid-small\">\n        <div class=\"uk-width-medium-1-2 margin-bottom-light\">\n<span class=\"wpcf7-form-control-wrap\" data-name=\"email\"><input size=\"40\" class=\"wpcf7-form-control wpcf7-email wpcf7-validates-as-required wpcf7-text wpcf7-validates-as-email uk-width-1-1\" aria-required=\"true\" aria-invalid=\"false\" placeholder=\"E-Mail\" value=\"\" type=\"email\" name=\"email\" \/><\/span>\n<\/div>\n<div class=\"uk-width-medium-1-2\">\n<span class=\"wpcf7-form-control-wrap\" data-name=\"tele\"><input size=\"40\" class=\"wpcf7-form-control wpcf7-text wpcf7-validates-as-required uk-width-1-1\" aria-required=\"true\" aria-invalid=\"false\" placeholder=\"Telefon\" value=\"\" type=\"text\" name=\"tele\" \/><\/span>\n<\/div>\n<\/div><\/div>\n\n<div class=\"uk-width-medium-1-1 uk-margin-top\">\n<div class=\"uk-grid uk-grid-small\">\n        <div class=\"uk-width-medium-1-1\">\n<span class=\"wpcf7-form-control-wrap\" data-name=\"text-msg\"><textarea cols=\"40\" rows=\"10\" class=\"wpcf7-form-control wpcf7-textarea wpcf7-validates-as-required uk-width-1-1 input-text-block\" aria-required=\"true\" aria-invalid=\"false\" placeholder=\"Ihre Nachricht an uns...\" name=\"text-msg\"><\/textarea><\/span>\n<div class=\"uk-margin-small-bottom uk-position-relative agreement\">\n        <span class=\"wpcf7-form-control-wrap\" data-name=\"agreement-box\"><span class=\"wpcf7-form-control wpcf7-acceptance\"><span class=\"wpcf7-list-item\"><input type=\"checkbox\" name=\"agreement-box\" value=\"1\" aria-invalid=\"false\" \/><\/span><\/span><\/span> * Ich stimme zu, dass meine Angaben aus dem Kontaktformular zur Beantwortung meiner Anfrage erhoben und verarbeitet werden. Siehe auch <a href=\"https:\/\/www.gr2.com\/de\/datenschutz\/\">Datenschutz<\/a>\n        <i class=\"uk-icon-question-circle\" data-uk-tooltip=\"{pos:'top-right'}\" title=\"Hinweis: Sie k\u00f6nnen Ihre Einwilligung jederzeit f\u00fcr die Zukunft per E-Mail an info@gr2.com widerrufen.\"><\/i>\n      <\/div>\n<\/div>\n<\/div><\/div>\n\n<div class=\"uk-width-medium-1-1 uk-margin-top\">\n<div class=\"uk-grid submit-green\">\n        <div class=\"uk-width-medium-1-1\">\n<input class=\"wpcf7-form-control wpcf7-submit has-spinner\" type=\"submit\" value=\"Anfrage Senden\" \/>\n<\/div>\n<\/div><\/div><\/div><div class=\"wpcf7-response-output\" aria-hidden=\"true\"><\/div>\n<\/form>\n<\/div>\n[\/vc_column_text][\/vc_column_inner][\/vc_row_inner][\/vc_column][\/vc_row]<\/p>\n<\/section>","protected":false},"excerpt":{"rendered":"<p>[vc_row full_width=&#8220;stretch_row_content_no_spaces&#8220;][vc_column][vc_column_text][\/vc_column_text][\/vc_column][\/vc_row][vc_row][vc_column][vc_column_text] Sheppee Querb\u00e4nder &#8211; Das F\u00f6rderband f\u00fcr die Industrie [\/vc_column_text][vc_column_text el_class=&#8220;uk-column-medium-1-2&#8243;]Immer h\u00f6here Produktionsgeschwindigkeiten erfordern unabh\u00e4ngig von den Umgebungstemperaturen eine sehr ebene Transportfl\u00e4che zwischen Maschinenband bis hin in den K\u00fchlofen, um einen ruhigen und stabilen Transport von Beh\u00e4lterglas gew\u00e4hrleisten zu k\u00f6nnen. Mit den Sheppee Querb\u00e4ndern bietet gr2 Ihnen das perfekte F\u00f6rderband f\u00fcr die Anforderungen der [&hellip;]<\/p>\n","protected":false},"author":1,"featured_media":0,"parent":0,"menu_order":36,"comment_status":"closed","ping_status":"closed","template":"","meta":{"_acf_changed":false,"inline_featured_image":false,"footnotes":""},"acf":[],"yoast_head":"<!-- This site is optimized with the Yoast SEO plugin v22.4 - https:\/\/yoast.com\/wordpress\/plugins\/seo\/ -->\n<title>F\u00f6rderband f\u00fcr die Industrie: Sheppee Querb\u00e4nder - GR\u00b2 GmbH<\/title>\n<meta name=\"description\" content=\"Wir bieten Ihnen das ideale F\u00f6rderband f\u00fcr den Hei\u00dfglastransport. \u2713 individuell konfigurierbar \u2713f\u00fcr einen ruhigen Beh\u00e4ltertransport \u2713 wahlweise mit zus\u00e4tzlicher Wasserk\u00fchlung\" \/>\n<meta name=\"robots\" content=\"index, follow, max-snippet:-1, max-image-preview:large, max-video-preview:-1\" \/>\n<link rel=\"canonical\" href=\"https:\/\/www.gr2.com\/de\/sheppee-querbaender\/\" \/>\n<meta property=\"og:locale\" content=\"de_DE\" \/>\n<meta property=\"og:type\" content=\"article\" \/>\n<meta property=\"og:title\" content=\"F\u00f6rderband f\u00fcr die Industrie: Sheppee Querb\u00e4nder - GR\u00b2 GmbH\" \/>\n<meta property=\"og:description\" content=\"Wir bieten Ihnen das ideale F\u00f6rderband f\u00fcr den Hei\u00dfglastransport. \u2713 individuell konfigurierbar \u2713f\u00fcr einen ruhigen Beh\u00e4ltertransport \u2713 wahlweise mit zus\u00e4tzlicher Wasserk\u00fchlung\" \/>\n<meta property=\"og:url\" content=\"https:\/\/www.gr2.com\/de\/sheppee-querbaender\/\" \/>\n<meta property=\"og:site_name\" content=\"GR\u00b2 GmbH\" \/>\n<meta property=\"article:modified_time\" content=\"2023-03-29T13:11:17+00:00\" \/>\n<meta name=\"twitter:card\" content=\"summary_large_image\" \/>\n<meta name=\"twitter:label1\" content=\"Gesch\u00e4tzte Lesezeit\" \/>\n\t<meta name=\"twitter:data1\" content=\"2\u00a0Minuten\" \/>\n<script type=\"application\/ld+json\" class=\"yoast-schema-graph\">{\"@context\":\"https:\/\/schema.org\",\"@graph\":[{\"@type\":\"WebPage\",\"@id\":\"https:\/\/www.gr2.com\/de\/sheppee-querbaender\/\",\"url\":\"https:\/\/www.gr2.com\/de\/sheppee-querbaender\/\",\"name\":\"F\u00f6rderband f\u00fcr die Industrie: Sheppee Querb\u00e4nder - GR\u00b2 GmbH\",\"isPartOf\":{\"@id\":\"https:\/\/www.gr2.com\/de\/#website\"},\"datePublished\":\"2011-11-29T08:44:40+00:00\",\"dateModified\":\"2023-03-29T13:11:17+00:00\",\"description\":\"Wir bieten Ihnen das ideale F\u00f6rderband f\u00fcr den Hei\u00dfglastransport. \u2713 individuell konfigurierbar \u2713f\u00fcr einen ruhigen Beh\u00e4ltertransport \u2713 wahlweise mit zus\u00e4tzlicher Wasserk\u00fchlung\",\"breadcrumb\":{\"@id\":\"https:\/\/www.gr2.com\/de\/sheppee-querbaender\/#breadcrumb\"},\"inLanguage\":\"de\",\"potentialAction\":[{\"@type\":\"ReadAction\",\"target\":[\"https:\/\/www.gr2.com\/de\/sheppee-querbaender\/\"]}]},{\"@type\":\"BreadcrumbList\",\"@id\":\"https:\/\/www.gr2.com\/de\/sheppee-querbaender\/#breadcrumb\",\"itemListElement\":[{\"@type\":\"ListItem\",\"position\":1,\"name\":\"Startseite\",\"item\":\"https:\/\/www.gr2.com\/de\/\"},{\"@type\":\"ListItem\",\"position\":2,\"name\":\"Querb\u00e4nder\"}]},{\"@type\":\"WebSite\",\"@id\":\"https:\/\/www.gr2.com\/de\/#website\",\"url\":\"https:\/\/www.gr2.com\/de\/\",\"name\":\"GR\u00b2 GmbH\",\"description\":\"\",\"potentialAction\":[{\"@type\":\"SearchAction\",\"target\":{\"@type\":\"EntryPoint\",\"urlTemplate\":\"https:\/\/www.gr2.com\/de\/?s={search_term_string}\"},\"query-input\":\"required name=search_term_string\"}],\"inLanguage\":\"de\"}]}<\/script>\n<!-- \/ Yoast SEO plugin. -->","yoast_head_json":{"title":"F\u00f6rderband f\u00fcr die Industrie: Sheppee Querb\u00e4nder - GR\u00b2 GmbH","description":"Wir bieten Ihnen das ideale F\u00f6rderband f\u00fcr den Hei\u00dfglastransport. \u2713 individuell konfigurierbar \u2713f\u00fcr einen ruhigen Beh\u00e4ltertransport \u2713 wahlweise mit zus\u00e4tzlicher Wasserk\u00fchlung","robots":{"index":"index","follow":"follow","max-snippet":"max-snippet:-1","max-image-preview":"max-image-preview:large","max-video-preview":"max-video-preview:-1"},"canonical":"https:\/\/www.gr2.com\/de\/sheppee-querbaender\/","og_locale":"de_DE","og_type":"article","og_title":"F\u00f6rderband f\u00fcr die Industrie: Sheppee Querb\u00e4nder - GR\u00b2 GmbH","og_description":"Wir bieten Ihnen das ideale F\u00f6rderband f\u00fcr den Hei\u00dfglastransport. \u2713 individuell konfigurierbar \u2713f\u00fcr einen ruhigen Beh\u00e4ltertransport \u2713 wahlweise mit zus\u00e4tzlicher Wasserk\u00fchlung","og_url":"https:\/\/www.gr2.com\/de\/sheppee-querbaender\/","og_site_name":"GR\u00b2 GmbH","article_modified_time":"2023-03-29T13:11:17+00:00","twitter_card":"summary_large_image","twitter_misc":{"Gesch\u00e4tzte Lesezeit":"2\u00a0Minuten"},"schema":{"@context":"https:\/\/schema.org","@graph":[{"@type":"WebPage","@id":"https:\/\/www.gr2.com\/de\/sheppee-querbaender\/","url":"https:\/\/www.gr2.com\/de\/sheppee-querbaender\/","name":"F\u00f6rderband f\u00fcr die Industrie: Sheppee Querb\u00e4nder - GR\u00b2 GmbH","isPartOf":{"@id":"https:\/\/www.gr2.com\/de\/#website"},"datePublished":"2011-11-29T08:44:40+00:00","dateModified":"2023-03-29T13:11:17+00:00","description":"Wir bieten Ihnen das ideale F\u00f6rderband f\u00fcr den Hei\u00dfglastransport. \u2713 individuell konfigurierbar \u2713f\u00fcr einen ruhigen Beh\u00e4ltertransport \u2713 wahlweise mit zus\u00e4tzlicher Wasserk\u00fchlung","breadcrumb":{"@id":"https:\/\/www.gr2.com\/de\/sheppee-querbaender\/#breadcrumb"},"inLanguage":"de","potentialAction":[{"@type":"ReadAction","target":["https:\/\/www.gr2.com\/de\/sheppee-querbaender\/"]}]},{"@type":"BreadcrumbList","@id":"https:\/\/www.gr2.com\/de\/sheppee-querbaender\/#breadcrumb","itemListElement":[{"@type":"ListItem","position":1,"name":"Startseite","item":"https:\/\/www.gr2.com\/de\/"},{"@type":"ListItem","position":2,"name":"Querb\u00e4nder"}]},{"@type":"WebSite","@id":"https:\/\/www.gr2.com\/de\/#website","url":"https:\/\/www.gr2.com\/de\/","name":"GR\u00b2 GmbH","description":"","potentialAction":[{"@type":"SearchAction","target":{"@type":"EntryPoint","urlTemplate":"https:\/\/www.gr2.com\/de\/?s={search_term_string}"},"query-input":"required name=search_term_string"}],"inLanguage":"de"}]}},"_links":{"self":[{"href":"https:\/\/www.gr2.com\/de\/wp-json\/wp\/v2\/pages\/263"}],"collection":[{"href":"https:\/\/www.gr2.com\/de\/wp-json\/wp\/v2\/pages"}],"about":[{"href":"https:\/\/www.gr2.com\/de\/wp-json\/wp\/v2\/types\/page"}],"author":[{"embeddable":true,"href":"https:\/\/www.gr2.com\/de\/wp-json\/wp\/v2\/users\/1"}],"replies":[{"embeddable":true,"href":"https:\/\/www.gr2.com\/de\/wp-json\/wp\/v2\/comments?post=263"}],"version-history":[{"count":5,"href":"https:\/\/www.gr2.com\/de\/wp-json\/wp\/v2\/pages\/263\/revisions"}],"predecessor-version":[{"id":2110,"href":"https:\/\/www.gr2.com\/de\/wp-json\/wp\/v2\/pages\/263\/revisions\/2110"}],"wp:attachment":[{"href":"https:\/\/www.gr2.com\/de\/wp-json\/wp\/v2\/media?parent=263"}],"curies":[{"name":"wp","href":"https:\/\/api.w.org\/{rel}","templated":true}]}}