{"id":255,"date":"2011-11-29T09:14:49","date_gmt":"2011-11-29T08:14:49","guid":{"rendered":"http:\/\/relaunch.gr2.com\/glaskontaktmaterial-pro-glass-contact\/"},"modified":"2018-03-16T10:09:17","modified_gmt":"2018-03-16T09:09:17","slug":"glaskontaktmaterial-pro-glass-contact","status":"publish","type":"page","link":"https:\/\/www.gr2.com\/de\/glaskontaktmaterial-pro-glass-contact\/","title":{"rendered":"Glaskontaktmaterial Pro Glass Contact"},"content":{"rendered":"<section class=\"wpb-content-wrapper\"><p>[vc_row full_width=&#8220;stretch_row_content_no_spaces&#8220;][vc_column][vc_column_text]\n    \n    \n\n    \t\n    \t\n            <div data-uk-slideshow>\n                <ul class=\"uk-slideshow\">\n\n            \n                    <li class=\"slide\">\n\n                        <div class=\"uk-width-1-1 uk-height-1-1\" id=\"slider-wrapper\">\n                                <div class=\"slider-img-wrapper\">\n                                    <img decoding=\"async\" src=\"https:\/\/www.gr2.com\/wp-content\/uploads\/slide-1.jpg\" alt=\"\" \/>\n                                <\/div>\n\n                                <div class=\"slider-cc-wrapper\">\n                                                                    <\/div>\n                        <\/div>\n\n                    <\/li>\n\n            \n                <\/ul>\n            <\/div>\n\n        \n    \t\n    \t\n    \n\n    [\/vc_column_text][\/vc_column][\/vc_row][vc_row][vc_column][vc_column_text]<\/p>\n<h1>PRO GLASS CONTACT \u2013 extrem glasfreundliche Qualit\u00e4ts-Isolierung aus Drahtgeflecht<\/h1>\n<p>[\/vc_column_text][vc_column_text el_class=&#8220;uk-column-medium-1-2&#8243;]Die Rondot Pro Glass Contact Isolierung besteht aus Mikro-Edelstahlfasern einer besonderen Edelstahllegierung, die zu einer stabilen Packung verwebt werden. Pro Glass Contact (PGC) bietet eine sehr gute Kontaktfreundlichkeit gegen\u00fcber dem hei\u00dfen Glas und reduziert somit deutlich Mikrorisse und andere Besch\u00e4digungen an der Glasoberfl\u00e4che.[\/vc_column_text][vc_row_inner][vc_column_inner el_class=&#8220;list&#8220; width=&#8220;1\/2&#8243; css=&#8220;.vc_custom_1500292899938{padding-right: 20px !important;}&#8220;][vc_column_text]Das Material bietet dar\u00fcber hinaus durch die besondere Webstruktur eine sto\u00dfd\u00e4mpfende Wirkung f\u00fcr sanften Kontakt mit dem hei\u00dfen Glas sowie eine sehr lange Lebensdauer auch bei hohen Kontakttemperaturen. Ganz besonders hervorzuheben sind die Vorteile von PGC in Bezug auf die Nutzungsdauer unter harten Produktionsbedingungen im Vergleich zu konventionellen Isolatoren aus CFC oder Graphit.<\/p>\n<h2>Aus Edelstahl und mit PGC-Isolierung<\/h2>\n<p>Wir liefern fertig einzusetzende Isolierteile aus Edelstahl und mit PGC-Isolierung belegt, die in unterschiedlichen Einsatzbereichen verwendet werden k\u00f6nnen: Greifer, Ausschieber, Umlenkecken, Isolierungf\u00fcr\u00a0<a title=\"Einschubbalken\" href=\"https:\/\/www.gr2.com\/de\/heissglastransport-einschubbalken-einschubkaemme\/\">Einschubbalken<\/a>, etc.[\/vc_column_text][\/vc_column_inner][vc_column_inner width=&#8220;1\/2&#8243;][vc_column_text][\/vc_column_text][vc_column_text]<\/p>\n<h3>Produkt Anfrage<\/h3>\n<p>Bei Fragen bez\u00fcglich des Produktes k\u00f6nnen Sie gerne Kontakt mit uns aufnehmen.<\/p>\n<div class=\"wpcf7 no-js\" id=\"wpcf7-f995-o1\" lang=\"de-DE\" dir=\"ltr\">\n<div class=\"screen-reader-response\"><p role=\"status\" aria-live=\"polite\" aria-atomic=\"true\"><\/p> <ul><\/ul><\/div>\n<form action=\"\/de\/wp-json\/wp\/v2\/pages\/255#wpcf7-f995-o1\" method=\"post\" class=\"wpcf7-form init anfrage-form uk-form wpcf7-acceptance-as-validation\" id=\"anfrage-form\" aria-label=\"Kontaktformular\" novalidate=\"novalidate\" data-status=\"init\">\n<div style=\"display: none;\">\n<input type=\"hidden\" name=\"_wpcf7\" value=\"995\" \/>\n<input type=\"hidden\" name=\"_wpcf7_version\" value=\"5.9.3\" \/>\n<input type=\"hidden\" name=\"_wpcf7_locale\" value=\"de_DE\" \/>\n<input type=\"hidden\" name=\"_wpcf7_unit_tag\" value=\"wpcf7-f995-o1\" \/>\n<input type=\"hidden\" name=\"_wpcf7_container_post\" value=\"0\" \/>\n<input type=\"hidden\" name=\"_wpcf7_posted_data_hash\" value=\"\" \/>\n<\/div>\n<div class=\"uk-grid\">\n<div class=\"uk-width-medium-1-1\">\n<div class=\"uk-grid uk-grid-small\">\n<div class=\"uk-width-medium-1-1 uk-margin-bottom\">\n<span class=\"wpcf7-form-control-wrap\" data-name=\"firma\"><input size=\"40\" class=\"wpcf7-form-control wpcf7-text wpcf7-validates-as-required uk-width-1-1\" aria-required=\"true\" aria-invalid=\"false\" placeholder=\"Firma\" value=\"\" type=\"text\" name=\"firma\" \/><\/span>\n<\/div>\n   <div class=\"uk-width-medium-1-2 margin-bottom-light\">\n<span class=\"wpcf7-form-control-wrap\" data-name=\"vorname\"><input size=\"40\" class=\"wpcf7-form-control wpcf7-text wpcf7-validates-as-required uk-width-1-1\" aria-required=\"true\" aria-invalid=\"false\" placeholder=\"Vorname\" value=\"\" type=\"text\" name=\"vorname\" \/><\/span>\n<\/div>\n   <div class=\"uk-width-medium-1-2\">\n<span class=\"wpcf7-form-control-wrap\" data-name=\"nachname\"><input size=\"40\" class=\"wpcf7-form-control wpcf7-text wpcf7-validates-as-required uk-width-1-1\" aria-required=\"true\" aria-invalid=\"false\" placeholder=\"Nachname\" value=\"\" type=\"text\" name=\"nachname\" \/><\/span>\n<\/div>\n<\/div><\/div>\n\n<div class=\"uk-width-medium-1-1 uk-margin-top\">\n<div class=\"uk-grid uk-grid-small\">\n        <div class=\"uk-width-medium-1-2 margin-bottom-light\">\n<span class=\"wpcf7-form-control-wrap\" data-name=\"email\"><input size=\"40\" class=\"wpcf7-form-control wpcf7-email wpcf7-validates-as-required wpcf7-text wpcf7-validates-as-email uk-width-1-1\" aria-required=\"true\" aria-invalid=\"false\" placeholder=\"E-Mail\" value=\"\" type=\"email\" name=\"email\" \/><\/span>\n<\/div>\n<div class=\"uk-width-medium-1-2\">\n<span class=\"wpcf7-form-control-wrap\" data-name=\"tele\"><input size=\"40\" class=\"wpcf7-form-control wpcf7-text wpcf7-validates-as-required uk-width-1-1\" aria-required=\"true\" aria-invalid=\"false\" placeholder=\"Telefon\" value=\"\" type=\"text\" name=\"tele\" \/><\/span>\n<\/div>\n<\/div><\/div>\n\n<div class=\"uk-width-medium-1-1 uk-margin-top\">\n<div class=\"uk-grid uk-grid-small\">\n        <div class=\"uk-width-medium-1-1\">\n<span class=\"wpcf7-form-control-wrap\" data-name=\"text-msg\"><textarea cols=\"40\" rows=\"10\" class=\"wpcf7-form-control wpcf7-textarea wpcf7-validates-as-required uk-width-1-1 input-text-block\" aria-required=\"true\" aria-invalid=\"false\" placeholder=\"Ihre Nachricht an uns...\" name=\"text-msg\"><\/textarea><\/span>\n<div class=\"uk-margin-small-bottom uk-position-relative agreement\">\n        <span class=\"wpcf7-form-control-wrap\" data-name=\"agreement-box\"><span class=\"wpcf7-form-control wpcf7-acceptance\"><span class=\"wpcf7-list-item\"><input type=\"checkbox\" name=\"agreement-box\" value=\"1\" aria-invalid=\"false\" \/><\/span><\/span><\/span> * Ich stimme zu, dass meine Angaben aus dem Kontaktformular zur Beantwortung meiner Anfrage erhoben und verarbeitet werden. Siehe auch <a href=\"https:\/\/www.gr2.com\/de\/datenschutz\/\">Datenschutz<\/a>\n        <i class=\"uk-icon-question-circle\" data-uk-tooltip=\"{pos:'top-right'}\" title=\"Hinweis: Sie k\u00f6nnen Ihre Einwilligung jederzeit f\u00fcr die Zukunft per E-Mail an info@gr2.com widerrufen.\"><\/i>\n      <\/div>\n<\/div>\n<\/div><\/div>\n\n<div class=\"uk-width-medium-1-1 uk-margin-top\">\n<div class=\"uk-grid submit-green\">\n        <div class=\"uk-width-medium-1-1\">\n<input class=\"wpcf7-form-control wpcf7-submit has-spinner\" type=\"submit\" value=\"Anfrage Senden\" \/>\n<\/div>\n<\/div><\/div><\/div><div class=\"wpcf7-response-output\" aria-hidden=\"true\"><\/div>\n<\/form>\n<\/div>\n[\/vc_column_text][\/vc_column_inner][\/vc_row_inner][\/vc_column][\/vc_row][vc_row][vc_column css=&#8220;.vc_custom_1521189224422{margin-top: 40px !important;}&#8220;][vc_wp_custommenu title=&#8220;Unser Lieferprogramm umfasst L\u00f6sungen f\u00fcr folgende Bereiche von IS Maschinen:&#8220; nav_menu=&#8220;81&#8243; el_class=&#8220;checklist-small&#8220;][\/vc_column][\/vc_row]<\/p>\n<\/section>","protected":false},"excerpt":{"rendered":"<p>[vc_row full_width=&#8220;stretch_row_content_no_spaces&#8220;][vc_column][vc_column_text][\/vc_column_text][\/vc_column][\/vc_row][vc_row][vc_column][vc_column_text] PRO GLASS CONTACT \u2013 extrem glasfreundliche Qualit\u00e4ts-Isolierung aus Drahtgeflecht [\/vc_column_text][vc_column_text el_class=&#8220;uk-column-medium-1-2&#8243;]Die Rondot Pro Glass Contact Isolierung besteht aus Mikro-Edelstahlfasern einer besonderen Edelstahllegierung, die zu einer stabilen Packung verwebt werden. Pro Glass Contact (PGC) bietet eine sehr gute Kontaktfreundlichkeit gegen\u00fcber dem hei\u00dfen Glas und reduziert somit deutlich Mikrorisse und andere Besch\u00e4digungen an der Glasoberfl\u00e4che.[\/vc_column_text][vc_row_inner][vc_column_inner [&hellip;]<\/p>\n","protected":false},"author":1,"featured_media":0,"parent":0,"menu_order":42,"comment_status":"closed","ping_status":"closed","template":"","meta":{"_acf_changed":false,"inline_featured_image":false,"footnotes":""},"acf":[],"yoast_head":"<!-- This site is optimized with the Yoast SEO plugin v22.4 - https:\/\/yoast.com\/wordpress\/plugins\/seo\/ -->\n<title>Glaskontaktmaterial - Pro Glass Contact - GR\u00b2 GmbH<\/title>\n<meta name=\"description\" content=\"Durch Pro Glass Contact, Glaskontaktmaterial, wird eine sehr gute Kontaktfreundlichkeit erreicht und so Besch\u00e4digungen an der Glasoberfl\u00e4che vermieden.\" \/>\n<meta name=\"robots\" content=\"index, follow, max-snippet:-1, max-image-preview:large, max-video-preview:-1\" \/>\n<link rel=\"canonical\" href=\"https:\/\/www.gr2.com\/de\/glaskontaktmaterial-pro-glass-contact\/\" \/>\n<meta property=\"og:locale\" content=\"de_DE\" \/>\n<meta property=\"og:type\" content=\"article\" \/>\n<meta property=\"og:title\" content=\"Glaskontaktmaterial - Pro Glass Contact - GR\u00b2 GmbH\" \/>\n<meta property=\"og:description\" content=\"Durch Pro Glass Contact, Glaskontaktmaterial, wird eine sehr gute Kontaktfreundlichkeit erreicht und so Besch\u00e4digungen an der Glasoberfl\u00e4che vermieden.\" \/>\n<meta property=\"og:url\" content=\"https:\/\/www.gr2.com\/de\/glaskontaktmaterial-pro-glass-contact\/\" \/>\n<meta property=\"og:site_name\" content=\"GR\u00b2 GmbH\" \/>\n<meta property=\"article:modified_time\" content=\"2018-03-16T09:09:17+00:00\" \/>\n<meta name=\"twitter:card\" content=\"summary_large_image\" \/>\n<meta name=\"twitter:label1\" content=\"Gesch\u00e4tzte Lesezeit\" \/>\n\t<meta name=\"twitter:data1\" content=\"2\u00a0Minuten\" \/>\n<script type=\"application\/ld+json\" class=\"yoast-schema-graph\">{\"@context\":\"https:\/\/schema.org\",\"@graph\":[{\"@type\":\"WebPage\",\"@id\":\"https:\/\/www.gr2.com\/de\/glaskontaktmaterial-pro-glass-contact\/\",\"url\":\"https:\/\/www.gr2.com\/de\/glaskontaktmaterial-pro-glass-contact\/\",\"name\":\"Glaskontaktmaterial - Pro Glass Contact - GR\u00b2 GmbH\",\"isPartOf\":{\"@id\":\"https:\/\/www.gr2.com\/de\/#website\"},\"datePublished\":\"2011-11-29T08:14:49+00:00\",\"dateModified\":\"2018-03-16T09:09:17+00:00\",\"description\":\"Durch Pro Glass Contact, Glaskontaktmaterial, wird eine sehr gute Kontaktfreundlichkeit erreicht und so Besch\u00e4digungen an der Glasoberfl\u00e4che vermieden.\",\"breadcrumb\":{\"@id\":\"https:\/\/www.gr2.com\/de\/glaskontaktmaterial-pro-glass-contact\/#breadcrumb\"},\"inLanguage\":\"de\",\"potentialAction\":[{\"@type\":\"ReadAction\",\"target\":[\"https:\/\/www.gr2.com\/de\/glaskontaktmaterial-pro-glass-contact\/\"]}]},{\"@type\":\"BreadcrumbList\",\"@id\":\"https:\/\/www.gr2.com\/de\/glaskontaktmaterial-pro-glass-contact\/#breadcrumb\",\"itemListElement\":[{\"@type\":\"ListItem\",\"position\":1,\"name\":\"Startseite\",\"item\":\"https:\/\/www.gr2.com\/de\/\"},{\"@type\":\"ListItem\",\"position\":2,\"name\":\"Glaskontaktmaterial Pro Glass Contact\"}]},{\"@type\":\"WebSite\",\"@id\":\"https:\/\/www.gr2.com\/de\/#website\",\"url\":\"https:\/\/www.gr2.com\/de\/\",\"name\":\"GR\u00b2 GmbH\",\"description\":\"\",\"potentialAction\":[{\"@type\":\"SearchAction\",\"target\":{\"@type\":\"EntryPoint\",\"urlTemplate\":\"https:\/\/www.gr2.com\/de\/?s={search_term_string}\"},\"query-input\":\"required name=search_term_string\"}],\"inLanguage\":\"de\"}]}<\/script>\n<!-- \/ Yoast SEO plugin. -->","yoast_head_json":{"title":"Glaskontaktmaterial - Pro Glass Contact - GR\u00b2 GmbH","description":"Durch Pro Glass Contact, Glaskontaktmaterial, wird eine sehr gute Kontaktfreundlichkeit erreicht und so Besch\u00e4digungen an der Glasoberfl\u00e4che vermieden.","robots":{"index":"index","follow":"follow","max-snippet":"max-snippet:-1","max-image-preview":"max-image-preview:large","max-video-preview":"max-video-preview:-1"},"canonical":"https:\/\/www.gr2.com\/de\/glaskontaktmaterial-pro-glass-contact\/","og_locale":"de_DE","og_type":"article","og_title":"Glaskontaktmaterial - Pro Glass Contact - GR\u00b2 GmbH","og_description":"Durch Pro Glass Contact, Glaskontaktmaterial, wird eine sehr gute Kontaktfreundlichkeit erreicht und so Besch\u00e4digungen an der Glasoberfl\u00e4che vermieden.","og_url":"https:\/\/www.gr2.com\/de\/glaskontaktmaterial-pro-glass-contact\/","og_site_name":"GR\u00b2 GmbH","article_modified_time":"2018-03-16T09:09:17+00:00","twitter_card":"summary_large_image","twitter_misc":{"Gesch\u00e4tzte Lesezeit":"2\u00a0Minuten"},"schema":{"@context":"https:\/\/schema.org","@graph":[{"@type":"WebPage","@id":"https:\/\/www.gr2.com\/de\/glaskontaktmaterial-pro-glass-contact\/","url":"https:\/\/www.gr2.com\/de\/glaskontaktmaterial-pro-glass-contact\/","name":"Glaskontaktmaterial - Pro Glass Contact - GR\u00b2 GmbH","isPartOf":{"@id":"https:\/\/www.gr2.com\/de\/#website"},"datePublished":"2011-11-29T08:14:49+00:00","dateModified":"2018-03-16T09:09:17+00:00","description":"Durch Pro Glass Contact, Glaskontaktmaterial, wird eine sehr gute Kontaktfreundlichkeit erreicht und so Besch\u00e4digungen an der Glasoberfl\u00e4che vermieden.","breadcrumb":{"@id":"https:\/\/www.gr2.com\/de\/glaskontaktmaterial-pro-glass-contact\/#breadcrumb"},"inLanguage":"de","potentialAction":[{"@type":"ReadAction","target":["https:\/\/www.gr2.com\/de\/glaskontaktmaterial-pro-glass-contact\/"]}]},{"@type":"BreadcrumbList","@id":"https:\/\/www.gr2.com\/de\/glaskontaktmaterial-pro-glass-contact\/#breadcrumb","itemListElement":[{"@type":"ListItem","position":1,"name":"Startseite","item":"https:\/\/www.gr2.com\/de\/"},{"@type":"ListItem","position":2,"name":"Glaskontaktmaterial Pro Glass Contact"}]},{"@type":"WebSite","@id":"https:\/\/www.gr2.com\/de\/#website","url":"https:\/\/www.gr2.com\/de\/","name":"GR\u00b2 GmbH","description":"","potentialAction":[{"@type":"SearchAction","target":{"@type":"EntryPoint","urlTemplate":"https:\/\/www.gr2.com\/de\/?s={search_term_string}"},"query-input":"required name=search_term_string"}],"inLanguage":"de"}]}},"_links":{"self":[{"href":"https:\/\/www.gr2.com\/de\/wp-json\/wp\/v2\/pages\/255"}],"collection":[{"href":"https:\/\/www.gr2.com\/de\/wp-json\/wp\/v2\/pages"}],"about":[{"href":"https:\/\/www.gr2.com\/de\/wp-json\/wp\/v2\/types\/page"}],"author":[{"embeddable":true,"href":"https:\/\/www.gr2.com\/de\/wp-json\/wp\/v2\/users\/1"}],"replies":[{"embeddable":true,"href":"https:\/\/www.gr2.com\/de\/wp-json\/wp\/v2\/comments?post=255"}],"version-history":[{"count":5,"href":"https:\/\/www.gr2.com\/de\/wp-json\/wp\/v2\/pages\/255\/revisions"}],"predecessor-version":[{"id":1968,"href":"https:\/\/www.gr2.com\/de\/wp-json\/wp\/v2\/pages\/255\/revisions\/1968"}],"wp:attachment":[{"href":"https:\/\/www.gr2.com\/de\/wp-json\/wp\/v2\/media?parent=255"}],"curies":[{"name":"wp","href":"https:\/\/api.w.org\/{rel}","templated":true}]}}