{"id":254,"date":"2011-11-29T09:14:02","date_gmt":"2011-11-29T08:14:02","guid":{"rendered":"http:\/\/relaunch.gr2.com\/greifer-ausnehmer\/"},"modified":"2024-02-22T15:09:43","modified_gmt":"2024-02-22T14:09:43","slug":"is-maschine-greifer-ausnehmer","status":"publish","type":"page","link":"https:\/\/www.gr2.com\/de\/is-maschine-greifer-ausnehmer\/","title":{"rendered":"Greifer \/ Ausnehmer"},"content":{"rendered":"<section class=\"wpb-content-wrapper\"><p>[vc_row full_width=&#8220;stretch_row_content_no_spaces&#8220;][vc_column][vc_column_text]\n    \n    \n\n    \t\n    \t\n            <div data-uk-slideshow>\n                <ul class=\"uk-slideshow\">\n\n            \n                    <li class=\"slide\">\n\n                        <div class=\"uk-width-1-1 uk-height-1-1\" id=\"slider-wrapper\">\n                                <div class=\"slider-img-wrapper\">\n                                    <img decoding=\"async\" src=\"https:\/\/www.gr2.com\/wp-content\/uploads\/slide-1.jpg\" alt=\"\" \/>\n                                <\/div>\n\n                                <div class=\"slider-cc-wrapper\">\n                                                                    <\/div>\n                        <\/div>\n\n                    <\/li>\n\n            \n                <\/ul>\n            <\/div>\n\n        \n    \t\n    \t\n    \n\n    [\/vc_column_text][\/vc_column][\/vc_row][vc_row][vc_column el_class=&#8220;list&#8220;][vc_column_text]<\/p>\n<h1>Ausnehmer &amp; Greiferk\u00f6pfe f\u00fcr die Glasindustrie<\/h1>\n<p>[\/vc_column_text][vc_column_text]Wenn Sie nach effizienten L\u00f6sungen f\u00fcr Ihre IS Maschine oder Anlage suchen, sind Sie bei <a title=\"GR\u00b2 GmbH\" href=\"\/de\/\">GR\u00b2<\/a> genau richtig. Wir bieten Ihnen nicht nur bew\u00e4hrte Standardausr\u00fcstungen, sondern auch technisch verbesserte Sonderl\u00f6sungen, die die Effizienz Ihrer Maschinen auf ein neues Level heben. Machen Sie sich die Vielfalt unserer Produktpalette zu Nutze und statten Sie Ihre Maschinen mit hochwertigen <strong>Greiferk\u00f6pfen<\/strong> aus. Nehmen Sie <a title=\"Jetzt Kontaktieren!\" href=\"\/de\/kontakt\/\">Kontakt<\/a> zu uns auf und senden Sie uns noch heute eine Produkt-Anfrage!<\/p>\n<h2>Greiferk\u00f6pfe von GR\u00b2: Hochwertige Verarbeitung robuster Materialien<\/h2>\n<p>Ein herausragendes Merkmal unserer Greiferk\u00f6pfe ist die Verwendung hochfester Aluminiumlegierungen, die speziell f\u00fcr die Anforderungen der Glasindustrie entwickelt wurden. Die Geh\u00e4use unserer Greiferk\u00f6pfe werden dabei pr\u00e4zise aus dem Vollen gefr\u00e4st, wodurch eine au\u00dfergew\u00f6hnliche Festigkeit und Langlebigkeit im Vergleich zu herk\u00f6mmlichen Aluguss-Versionen gew\u00e4hrleistet wird. Im Folgenden erhalten Sie einen \u00dcberblick zu den Vorteilen des robusten Werkstoffs:<\/p>\n<ul>\n<li>lange Lebensdauer, selbst unter anspruchsvollen Betriebsbedingungen<\/li>\n<li>optimale Passgenauigkeit dank pr\u00e4ziser Fr\u00e4sung<\/li>\n<li>hohe Leistungsf\u00e4higkeit<\/li>\n<li>Best\u00e4ndigkeit gegen\u00fcber Korrosion und chemischen Einfl\u00fcssen<\/li>\n<li>Geringes Gewicht f\u00fcr eine verbesserte Handhabung und reduzierte Belastung der Maschinen<\/li>\n<li>Hervorragende W\u00e4rmeleitf\u00e4higkeit zur effizienten K\u00fchlung der Greiferk\u00f6pfe w\u00e4hrend des Betriebs<\/li>\n<li>M\u00f6glichkeit zur ma\u00dfgeschneiderten Anpassung an spezifische Anforderungen und Anwendungen der Kunden<\/li>\n<\/ul>\n<p>Durch die Kombination von hochwertigen Materialien, fortschrittlicher Fertigungstechnologie und der regelm\u00e4\u00dfigen Durchf\u00fchrung von strengen Qualit\u00e4tskontrollen k\u00f6nnen wir sicherstellen, dass unsere Greiferk\u00f6pfe den Erwartungen unserer Kunden stets gerecht werden und einen wesentlichen Beitrag zur Optimierung ihrer Produktionsprozesse leisten.[\/vc_column_text][vc_row_inner][vc_column_inner el_class=&#8220;list&#8220; width=&#8220;1\/2&#8243; css=&#8220;.vc_custom_1500292899938{padding-right: 20px !important;}&#8220;][vc_column_text]<\/p>\n<h2>Greiferk\u00f6pfe f\u00fcr IS-Maschinen: Standard vs. Soft Touch<\/h2>\n<h3>Standard-Greiferk\u00f6pfe<\/h3>\n<p>Unsere Standard-Greiferk\u00f6pfe kommen in der Glasindustrie h\u00e4ufig zum Einsatz. Sie werden als Schnellwechselversion ausgef\u00fchrt und sind bereits nach Anlieferung f\u00fcr die Nachr\u00fcstung mit einer Nachblasfunktion vorbereitet. Dar\u00fcber hinaus wurden Anti-Wink Greifereinheiten nach Industriestandard verbaut, die eine verbesserte Stabilit\u00e4t w\u00e4hrend des Greifvorgangs gew\u00e4hrleisten. Selbst bei empfindlichen oder schwer zu handhabenden Objekten ist auf die hochwertigen Standard-Greiferk\u00f6pfe Verlass.<\/p>\n<h3>Soft Touch-Greiferk\u00f6pfe<\/h3>\n<p>Bei GR\u00b2 erhalten Sie neben leistungsf\u00e4higen Standard-Greifk\u00f6pfen auch moderne Soft Touch L\u00f6sungen. Unsere Soft Touch Greiferk\u00f6pfe sind mit innovativen, patentierten Greifereinheiten ausgestattet, die eine automatische Reduzierung der Schlie\u00dfgeschwindigkeit der Greiferklauen am Ende des Greifvorgangs erm\u00f6glichen. Dadurch wird w\u00e4hrend des Vorgangs eine deutlich sanftere Behandlung des Beh\u00e4lterglases gew\u00e4hrleistet. Zus\u00e4tzlich wurden im Vergleich zum Standard-Modell umfassende \u00c4nderungen an der Mechanik vorgenommen, um die Greifereinheit wesentlich verschlei\u00dffester zu gestalten und die damit verbundenen Wartungskosten zu senken.<\/p>\n<p>Ein weiterer Vorteil liegt darin, dass bestehende Greiferk\u00f6pfe auch durch den nachtr\u00e4glichen Einbau von Soft Touch Greifereinheiten aufger\u00fcstet werden. Dadurch bieten die Soft Touch-Greiferk\u00f6pfe eine kosteng\u00fcnstige Alternative, um die Leistung und Lebensdauer Ihrer Greifsysteme zu verbessern.<\/p>\n<h4>Soft Touch Vorteile:<\/h4>\n<ul>\n<li>Weniger M\u00fcndungsdefekte durch sanfteres Greifen<\/li>\n<li>Verringerte Betriebskosten durch verschlei\u00df\u00e4rmere Mechanik<\/li>\n<li>Weniger Probleme mit ovalen M\u00fcndungen durch definierten Endanschlag<\/li>\n<\/ul>\n<p>[\/vc_column_text][\/vc_column_inner][vc_column_inner width=&#8220;1\/2&#8243;][vc_column_text][\/vc_column_text][vc_column_text]<\/p>\n<h3>Produkt Anfrage<\/h3>\n<p>Bei Fragen bez\u00fcglich des Produktes k\u00f6nnen Sie gerne Kontakt mit uns aufnehmen.<\/p>\n<div class=\"wpcf7 no-js\" id=\"wpcf7-f995-o1\" lang=\"de-DE\" dir=\"ltr\">\n<div class=\"screen-reader-response\"><p role=\"status\" aria-live=\"polite\" aria-atomic=\"true\"><\/p> <ul><\/ul><\/div>\n<form action=\"\/de\/wp-json\/wp\/v2\/pages\/254#wpcf7-f995-o1\" method=\"post\" class=\"wpcf7-form init anfrage-form uk-form wpcf7-acceptance-as-validation\" id=\"anfrage-form\" aria-label=\"Kontaktformular\" novalidate=\"novalidate\" data-status=\"init\">\n<div style=\"display: none;\">\n<input type=\"hidden\" name=\"_wpcf7\" value=\"995\" \/>\n<input type=\"hidden\" name=\"_wpcf7_version\" value=\"5.9.3\" \/>\n<input type=\"hidden\" name=\"_wpcf7_locale\" value=\"de_DE\" \/>\n<input type=\"hidden\" name=\"_wpcf7_unit_tag\" value=\"wpcf7-f995-o1\" \/>\n<input type=\"hidden\" name=\"_wpcf7_container_post\" value=\"0\" \/>\n<input type=\"hidden\" name=\"_wpcf7_posted_data_hash\" value=\"\" \/>\n<\/div>\n<div class=\"uk-grid\">\n<div class=\"uk-width-medium-1-1\">\n<div class=\"uk-grid uk-grid-small\">\n<div class=\"uk-width-medium-1-1 uk-margin-bottom\">\n<span class=\"wpcf7-form-control-wrap\" data-name=\"firma\"><input size=\"40\" class=\"wpcf7-form-control wpcf7-text wpcf7-validates-as-required uk-width-1-1\" aria-required=\"true\" aria-invalid=\"false\" placeholder=\"Firma\" value=\"\" type=\"text\" name=\"firma\" \/><\/span>\n<\/div>\n   <div class=\"uk-width-medium-1-2 margin-bottom-light\">\n<span class=\"wpcf7-form-control-wrap\" data-name=\"vorname\"><input size=\"40\" class=\"wpcf7-form-control wpcf7-text wpcf7-validates-as-required uk-width-1-1\" aria-required=\"true\" aria-invalid=\"false\" placeholder=\"Vorname\" value=\"\" type=\"text\" name=\"vorname\" \/><\/span>\n<\/div>\n   <div class=\"uk-width-medium-1-2\">\n<span class=\"wpcf7-form-control-wrap\" data-name=\"nachname\"><input size=\"40\" class=\"wpcf7-form-control wpcf7-text wpcf7-validates-as-required uk-width-1-1\" aria-required=\"true\" aria-invalid=\"false\" placeholder=\"Nachname\" value=\"\" type=\"text\" name=\"nachname\" \/><\/span>\n<\/div>\n<\/div><\/div>\n\n<div class=\"uk-width-medium-1-1 uk-margin-top\">\n<div class=\"uk-grid uk-grid-small\">\n        <div class=\"uk-width-medium-1-2 margin-bottom-light\">\n<span class=\"wpcf7-form-control-wrap\" data-name=\"email\"><input size=\"40\" class=\"wpcf7-form-control wpcf7-email wpcf7-validates-as-required wpcf7-text wpcf7-validates-as-email uk-width-1-1\" aria-required=\"true\" aria-invalid=\"false\" placeholder=\"E-Mail\" value=\"\" type=\"email\" name=\"email\" \/><\/span>\n<\/div>\n<div class=\"uk-width-medium-1-2\">\n<span class=\"wpcf7-form-control-wrap\" data-name=\"tele\"><input size=\"40\" class=\"wpcf7-form-control wpcf7-text wpcf7-validates-as-required uk-width-1-1\" aria-required=\"true\" aria-invalid=\"false\" placeholder=\"Telefon\" value=\"\" type=\"text\" name=\"tele\" \/><\/span>\n<\/div>\n<\/div><\/div>\n\n<div class=\"uk-width-medium-1-1 uk-margin-top\">\n<div class=\"uk-grid uk-grid-small\">\n        <div class=\"uk-width-medium-1-1\">\n<span class=\"wpcf7-form-control-wrap\" data-name=\"text-msg\"><textarea cols=\"40\" rows=\"10\" class=\"wpcf7-form-control wpcf7-textarea wpcf7-validates-as-required uk-width-1-1 input-text-block\" aria-required=\"true\" aria-invalid=\"false\" placeholder=\"Ihre Nachricht an uns...\" name=\"text-msg\"><\/textarea><\/span>\n<div class=\"uk-margin-small-bottom uk-position-relative agreement\">\n        <span class=\"wpcf7-form-control-wrap\" data-name=\"agreement-box\"><span class=\"wpcf7-form-control wpcf7-acceptance\"><span class=\"wpcf7-list-item\"><input type=\"checkbox\" name=\"agreement-box\" value=\"1\" aria-invalid=\"false\" \/><\/span><\/span><\/span> * Ich stimme zu, dass meine Angaben aus dem Kontaktformular zur Beantwortung meiner Anfrage erhoben und verarbeitet werden. Siehe auch <a href=\"https:\/\/www.gr2.com\/de\/datenschutz\/\">Datenschutz<\/a>\n        <i class=\"uk-icon-question-circle\" data-uk-tooltip=\"{pos:'top-right'}\" title=\"Hinweis: Sie k\u00f6nnen Ihre Einwilligung jederzeit f\u00fcr die Zukunft per E-Mail an info@gr2.com widerrufen.\"><\/i>\n      <\/div>\n<\/div>\n<\/div><\/div>\n\n<div class=\"uk-width-medium-1-1 uk-margin-top\">\n<div class=\"uk-grid submit-green\">\n        <div class=\"uk-width-medium-1-1\">\n<input class=\"wpcf7-form-control wpcf7-submit has-spinner\" type=\"submit\" value=\"Anfrage Senden\" \/>\n<\/div>\n<\/div><\/div><\/div><div class=\"wpcf7-response-output\" aria-hidden=\"true\"><\/div>\n<\/form>\n<\/div>\n[\/vc_column_text][\/vc_column_inner][\/vc_row_inner][\/vc_column][\/vc_row][vc_row][vc_column css=&#8220;.vc_custom_1521189224422{margin-top: 40px !important;}&#8220;][vc_wp_custommenu title=&#8220;Unser Lieferprogramm umfasst L\u00f6sungen f\u00fcr folgende Bereiche von IS Maschinen:&#8220; nav_menu=&#8220;81&#8243; el_class=&#8220;checklist-small&#8220;][\/vc_column][\/vc_row][vc_row][vc_column][\/vc_column][\/vc_row]<\/p>\n<\/section>","protected":false},"excerpt":{"rendered":"<p>[vc_row full_width=&#8220;stretch_row_content_no_spaces&#8220;][vc_column][vc_column_text][\/vc_column_text][\/vc_column][\/vc_row][vc_row][vc_column el_class=&#8220;list&#8220;][vc_column_text] Ausnehmer &amp; Greiferk\u00f6pfe f\u00fcr die Glasindustrie [\/vc_column_text][vc_column_text]Wenn Sie nach effizienten L\u00f6sungen f\u00fcr Ihre IS Maschine oder Anlage suchen, sind Sie bei GR\u00b2 genau richtig. Wir bieten Ihnen nicht nur bew\u00e4hrte Standardausr\u00fcstungen, sondern auch technisch verbesserte Sonderl\u00f6sungen, die die Effizienz Ihrer Maschinen auf ein neues Level heben. Machen Sie sich die Vielfalt unserer [&hellip;]<\/p>\n","protected":false},"author":1,"featured_media":0,"parent":0,"menu_order":43,"comment_status":"closed","ping_status":"closed","template":"","meta":{"_acf_changed":false,"inline_featured_image":false,"footnotes":""},"acf":[],"yoast_head":"<!-- This site is optimized with the Yoast SEO plugin v22.4 - https:\/\/yoast.com\/wordpress\/plugins\/seo\/ -->\n<title>Greifer\/Ausnehmer - Greiferk\u00f6pfe f\u00fcr IS-Maschine - GR\u00b2 GmbH<\/title>\n<meta name=\"description\" content=\"Greifer\/Ausnehmer - Greiferk\u00f6pfe f\u00fcr IS-Maschine. Bei uns sind Standart Greiferk\u00f6pfe als auch Soft-Touch Greiferk\u00f6pfe erh\u00e4ltlich.\" \/>\n<meta name=\"robots\" content=\"index, follow, max-snippet:-1, max-image-preview:large, max-video-preview:-1\" \/>\n<link rel=\"canonical\" href=\"https:\/\/www.gr2.com\/de\/is-maschine-greifer-ausnehmer\/\" \/>\n<meta property=\"og:locale\" content=\"de_DE\" \/>\n<meta property=\"og:type\" content=\"article\" \/>\n<meta property=\"og:title\" content=\"Greifer\/Ausnehmer - Greiferk\u00f6pfe f\u00fcr IS-Maschine - GR\u00b2 GmbH\" \/>\n<meta property=\"og:description\" content=\"Greifer\/Ausnehmer - Greiferk\u00f6pfe f\u00fcr IS-Maschine. Bei uns sind Standart Greiferk\u00f6pfe als auch Soft-Touch Greiferk\u00f6pfe erh\u00e4ltlich.\" \/>\n<meta property=\"og:url\" content=\"https:\/\/www.gr2.com\/de\/is-maschine-greifer-ausnehmer\/\" \/>\n<meta property=\"og:site_name\" content=\"GR\u00b2 GmbH\" \/>\n<meta property=\"article:modified_time\" content=\"2024-02-22T14:09:43+00:00\" \/>\n<meta name=\"twitter:card\" content=\"summary_large_image\" \/>\n<meta name=\"twitter:label1\" content=\"Gesch\u00e4tzte Lesezeit\" \/>\n\t<meta name=\"twitter:data1\" content=\"3\u00a0Minuten\" \/>\n<script type=\"application\/ld+json\" class=\"yoast-schema-graph\">{\"@context\":\"https:\/\/schema.org\",\"@graph\":[{\"@type\":\"WebPage\",\"@id\":\"https:\/\/www.gr2.com\/de\/is-maschine-greifer-ausnehmer\/\",\"url\":\"https:\/\/www.gr2.com\/de\/is-maschine-greifer-ausnehmer\/\",\"name\":\"Greifer\/Ausnehmer - Greiferk\u00f6pfe f\u00fcr IS-Maschine - GR\u00b2 GmbH\",\"isPartOf\":{\"@id\":\"https:\/\/www.gr2.com\/de\/#website\"},\"datePublished\":\"2011-11-29T08:14:02+00:00\",\"dateModified\":\"2024-02-22T14:09:43+00:00\",\"description\":\"Greifer\/Ausnehmer - Greiferk\u00f6pfe f\u00fcr IS-Maschine. Bei uns sind Standart Greiferk\u00f6pfe als auch Soft-Touch Greiferk\u00f6pfe erh\u00e4ltlich.\",\"breadcrumb\":{\"@id\":\"https:\/\/www.gr2.com\/de\/is-maschine-greifer-ausnehmer\/#breadcrumb\"},\"inLanguage\":\"de\",\"potentialAction\":[{\"@type\":\"ReadAction\",\"target\":[\"https:\/\/www.gr2.com\/de\/is-maschine-greifer-ausnehmer\/\"]}]},{\"@type\":\"BreadcrumbList\",\"@id\":\"https:\/\/www.gr2.com\/de\/is-maschine-greifer-ausnehmer\/#breadcrumb\",\"itemListElement\":[{\"@type\":\"ListItem\",\"position\":1,\"name\":\"Startseite\",\"item\":\"https:\/\/www.gr2.com\/de\/\"},{\"@type\":\"ListItem\",\"position\":2,\"name\":\"Greifer \/ Ausnehmer\"}]},{\"@type\":\"WebSite\",\"@id\":\"https:\/\/www.gr2.com\/de\/#website\",\"url\":\"https:\/\/www.gr2.com\/de\/\",\"name\":\"GR\u00b2 GmbH\",\"description\":\"\",\"potentialAction\":[{\"@type\":\"SearchAction\",\"target\":{\"@type\":\"EntryPoint\",\"urlTemplate\":\"https:\/\/www.gr2.com\/de\/?s={search_term_string}\"},\"query-input\":\"required name=search_term_string\"}],\"inLanguage\":\"de\"}]}<\/script>\n<!-- \/ Yoast SEO plugin. -->","yoast_head_json":{"title":"Greifer\/Ausnehmer - Greiferk\u00f6pfe f\u00fcr IS-Maschine - GR\u00b2 GmbH","description":"Greifer\/Ausnehmer - Greiferk\u00f6pfe f\u00fcr IS-Maschine. Bei uns sind Standart Greiferk\u00f6pfe als auch Soft-Touch Greiferk\u00f6pfe erh\u00e4ltlich.","robots":{"index":"index","follow":"follow","max-snippet":"max-snippet:-1","max-image-preview":"max-image-preview:large","max-video-preview":"max-video-preview:-1"},"canonical":"https:\/\/www.gr2.com\/de\/is-maschine-greifer-ausnehmer\/","og_locale":"de_DE","og_type":"article","og_title":"Greifer\/Ausnehmer - Greiferk\u00f6pfe f\u00fcr IS-Maschine - GR\u00b2 GmbH","og_description":"Greifer\/Ausnehmer - Greiferk\u00f6pfe f\u00fcr IS-Maschine. Bei uns sind Standart Greiferk\u00f6pfe als auch Soft-Touch Greiferk\u00f6pfe erh\u00e4ltlich.","og_url":"https:\/\/www.gr2.com\/de\/is-maschine-greifer-ausnehmer\/","og_site_name":"GR\u00b2 GmbH","article_modified_time":"2024-02-22T14:09:43+00:00","twitter_card":"summary_large_image","twitter_misc":{"Gesch\u00e4tzte Lesezeit":"3\u00a0Minuten"},"schema":{"@context":"https:\/\/schema.org","@graph":[{"@type":"WebPage","@id":"https:\/\/www.gr2.com\/de\/is-maschine-greifer-ausnehmer\/","url":"https:\/\/www.gr2.com\/de\/is-maschine-greifer-ausnehmer\/","name":"Greifer\/Ausnehmer - Greiferk\u00f6pfe f\u00fcr IS-Maschine - GR\u00b2 GmbH","isPartOf":{"@id":"https:\/\/www.gr2.com\/de\/#website"},"datePublished":"2011-11-29T08:14:02+00:00","dateModified":"2024-02-22T14:09:43+00:00","description":"Greifer\/Ausnehmer - Greiferk\u00f6pfe f\u00fcr IS-Maschine. Bei uns sind Standart Greiferk\u00f6pfe als auch Soft-Touch Greiferk\u00f6pfe erh\u00e4ltlich.","breadcrumb":{"@id":"https:\/\/www.gr2.com\/de\/is-maschine-greifer-ausnehmer\/#breadcrumb"},"inLanguage":"de","potentialAction":[{"@type":"ReadAction","target":["https:\/\/www.gr2.com\/de\/is-maschine-greifer-ausnehmer\/"]}]},{"@type":"BreadcrumbList","@id":"https:\/\/www.gr2.com\/de\/is-maschine-greifer-ausnehmer\/#breadcrumb","itemListElement":[{"@type":"ListItem","position":1,"name":"Startseite","item":"https:\/\/www.gr2.com\/de\/"},{"@type":"ListItem","position":2,"name":"Greifer \/ Ausnehmer"}]},{"@type":"WebSite","@id":"https:\/\/www.gr2.com\/de\/#website","url":"https:\/\/www.gr2.com\/de\/","name":"GR\u00b2 GmbH","description":"","potentialAction":[{"@type":"SearchAction","target":{"@type":"EntryPoint","urlTemplate":"https:\/\/www.gr2.com\/de\/?s={search_term_string}"},"query-input":"required name=search_term_string"}],"inLanguage":"de"}]}},"_links":{"self":[{"href":"https:\/\/www.gr2.com\/de\/wp-json\/wp\/v2\/pages\/254"}],"collection":[{"href":"https:\/\/www.gr2.com\/de\/wp-json\/wp\/v2\/pages"}],"about":[{"href":"https:\/\/www.gr2.com\/de\/wp-json\/wp\/v2\/types\/page"}],"author":[{"embeddable":true,"href":"https:\/\/www.gr2.com\/de\/wp-json\/wp\/v2\/users\/1"}],"replies":[{"embeddable":true,"href":"https:\/\/www.gr2.com\/de\/wp-json\/wp\/v2\/comments?post=254"}],"version-history":[{"count":18,"href":"https:\/\/www.gr2.com\/de\/wp-json\/wp\/v2\/pages\/254\/revisions"}],"predecessor-version":[{"id":2144,"href":"https:\/\/www.gr2.com\/de\/wp-json\/wp\/v2\/pages\/254\/revisions\/2144"}],"wp:attachment":[{"href":"https:\/\/www.gr2.com\/de\/wp-json\/wp\/v2\/media?parent=254"}],"curies":[{"name":"wp","href":"https:\/\/api.w.org\/{rel}","templated":true}]}}