{"id":253,"date":"2011-11-29T09:13:39","date_gmt":"2011-11-29T08:13:39","guid":{"rendered":"http:\/\/relaunch.gr2.com\/hydrauliksysteme\/"},"modified":"2023-12-19T14:41:29","modified_gmt":"2023-12-19T13:41:29","slug":"hydrauliksysteme","status":"publish","type":"page","link":"https:\/\/www.gr2.com\/de\/hydrauliksysteme\/","title":{"rendered":"Hydrauliksysteme"},"content":{"rendered":"<section class=\"wpb-content-wrapper\"><p>[vc_row full_width=&#8220;stretch_row_content_no_spaces&#8220;][vc_column][vc_column_text]\n    \n    \n\n    \t\n    \t\n            <div data-uk-slideshow>\n                <ul class=\"uk-slideshow\">\n\n            \n                    <li class=\"slide\">\n\n                        <div class=\"uk-width-1-1 uk-height-1-1\" id=\"slider-wrapper\">\n                                <div class=\"slider-img-wrapper\">\n                                    <img decoding=\"async\" src=\"https:\/\/www.gr2.com\/wp-content\/uploads\/slide-1.jpg\" alt=\"\" \/>\n                                <\/div>\n\n                                <div class=\"slider-cc-wrapper\">\n                                                                    <\/div>\n                        <\/div>\n\n                    <\/li>\n\n            \n                <\/ul>\n            <\/div>\n\n        \n    \t\n    \t\n    \n\n    [\/vc_column_text][\/vc_column][\/vc_row][vc_row][vc_column][vc_empty_space height=&#8220;15px&#8220;][vc_column_text]<\/p>\n<h1>Hydrauliksysteme f\u00fcr die Glasindustrie<\/h1>\n<p>[\/vc_column_text][vc_column_text el_class=&#8220;uk-column-medium-1-2&#8243;]Die Prozesse in der Glasindustrie stellen hohe Anforderungen an die Maschinen, die zum Einsatz kommen. Da das Material Glas eine spr\u00f6de Struktur aufweist, ist besondere Vorsicht geboten. Gleichzeitig m\u00fcssen Produktionsbetriebe effizient arbeiten, um sowohl mit Nachfrage als auch Wettbewerb Schritt halten zu k\u00f6nnen. Unsere <strong>Hydrauliksysteme<\/strong> sind auf die Bed\u00fcrfnisse der Glasindustrie zugeschnitten und bestechen durch Pr\u00e4zision, Effizienz und Zuverl\u00e4ssigkeit. Wir bieten zudem ma\u00dfgeschneiderte hydraulische Systeme und Komponenten an. Unsere Ingenieure arbeiten eng mit Ihnen zusammen, um die perfekte L\u00f6sung f\u00fcr Sie zu entwickeln.[\/vc_column_text][vc_empty_space height=&#8220;30px&#8220;][vc_row_inner][vc_column_inner el_class=&#8220;list&#8220; width=&#8220;1\/2&#8243; css=&#8220;.vc_custom_1500292899938{padding-right: 20px !important;}&#8220;][vc_column_text]<\/p>\n<h2>Hydraulische Systeml\u00f6sungen: Wir sind Ihr erfahrener Partner<\/h2>\n<p>In der Glasbranche werden hydraulische Systeme f\u00fcr verschiedene Zwecke und Anwendungen eingesetzt, etwa:<\/p>\n<ul>\n<li><strong>Glasformung<\/strong>: Mit hochwertigen hydraulischen Pressen lassen sich Glasprodukte mit unterschiedlichen Formen und Gr\u00f6\u00dfen herstellen. Pr\u00e4zision und Kontrolle sind hier unerl\u00e4sslich, um Geschwindigkeit und Druck optimal regulieren und steuern zu k\u00f6nnen. Unsere Standard-Hydrauliksysteme sind speziell darauf ausgelegt, einen reibungslosen Ablauf in Ihrem Fertigungsprozess zu gew\u00e4hrleisten.<\/li>\n<li><strong>Glastransport<\/strong>: F\u00fcr die F\u00f6rderung von Glasrohlingen oder fertigen Produkten innerhalb der Anlage sind leistungsstarke und pr\u00e4zise hydraulische F\u00f6rderanlagen unverzichtbar. Unsere Systeme bieten eine effiziente Handhabung und hohe Flexibilit\u00e4t.<\/li>\n<\/ul>\n<p>Wir von <a href=\"https:\/\/www.gr2.com\/de\/\">GR\u00b2<\/a> sind Ihr spezialisierter Ansprechpartner f\u00fcr hochwertige Hydrauliksysteme nach modernsten Standards. Die gro\u00dfe Produktpalette unserer Hydraulikl\u00f6sungen sind darauf ausgerichtet, Ihre Fertigungsanlagen und Ihren Produktionsprozess zu optimieren. Unsere St\u00e4rke liegt nicht nur in standardisierten Produkten, sondern auch in der F\u00e4higkeit, individuell angefertigte L\u00f6sungen nach den spezifischen W\u00fcnschen unserer Kunden zu entwickeln.<\/p>\n<p>Die Leistungsf\u00e4higkeit, Wiederholbarkeit und Zuverl\u00e4ssigkeit unserer hydraulischen Systeme tragen dazu bei, die Qualit\u00e4t Ihrer Produkte zu verbessern. Dar\u00fcber hinaus legen wir gro\u00dfen Wert auf die Langlebigkeit und Wartungsfreundlichkeit unserer Komponenten, um sicherzustellen, dass Sie langfristig von Ihrer Investition profitieren.<\/p>\n<p>Unser engagiertes Team steht Ihnen nicht nur mit qualitativen <strong>Hydrauliksystemen <\/strong>zur Verf\u00fcgung, sondern auch mit erstklassigem Kundenservice. Nehmen Sie f\u00fcr weiterf\u00fchrende Informationen <a title=\"Jetzt Kontakt aufnehmen!\" href=\"\/de\/kontakt\/\">Kontakt<\/a> zu uns auf und lassen Sie sich von unseren Spezialisten kompetent beraten! Wir freuen uns darauf, Teil Ihres Erfolgs zu sein.<\/p>\n<p>[\/vc_column_text][\/vc_column_inner][vc_column_inner width=&#8220;1\/2&#8243;][vc_column_text]<\/p>\n<h3>Produkt Anfrage<\/h3>\n<p>Bei Fragen bez\u00fcglich des Produktes k\u00f6nnen Sie gerne Kontakt mit uns aufnehmen.<\/p>\n<div class=\"wpcf7 no-js\" id=\"wpcf7-f995-o1\" lang=\"de-DE\" dir=\"ltr\">\n<div class=\"screen-reader-response\"><p role=\"status\" aria-live=\"polite\" aria-atomic=\"true\"><\/p> <ul><\/ul><\/div>\n<form action=\"\/de\/wp-json\/wp\/v2\/pages\/253#wpcf7-f995-o1\" method=\"post\" class=\"wpcf7-form init anfrage-form uk-form wpcf7-acceptance-as-validation\" id=\"anfrage-form\" aria-label=\"Kontaktformular\" novalidate=\"novalidate\" data-status=\"init\">\n<div style=\"display: none;\">\n<input type=\"hidden\" name=\"_wpcf7\" value=\"995\" \/>\n<input type=\"hidden\" name=\"_wpcf7_version\" value=\"5.9.3\" \/>\n<input type=\"hidden\" name=\"_wpcf7_locale\" value=\"de_DE\" \/>\n<input type=\"hidden\" name=\"_wpcf7_unit_tag\" value=\"wpcf7-f995-o1\" \/>\n<input type=\"hidden\" name=\"_wpcf7_container_post\" value=\"0\" \/>\n<input type=\"hidden\" name=\"_wpcf7_posted_data_hash\" value=\"\" \/>\n<\/div>\n<div class=\"uk-grid\">\n<div class=\"uk-width-medium-1-1\">\n<div class=\"uk-grid uk-grid-small\">\n<div class=\"uk-width-medium-1-1 uk-margin-bottom\">\n<span class=\"wpcf7-form-control-wrap\" data-name=\"firma\"><input size=\"40\" class=\"wpcf7-form-control wpcf7-text wpcf7-validates-as-required uk-width-1-1\" aria-required=\"true\" aria-invalid=\"false\" placeholder=\"Firma\" value=\"\" type=\"text\" name=\"firma\" \/><\/span>\n<\/div>\n   <div class=\"uk-width-medium-1-2 margin-bottom-light\">\n<span class=\"wpcf7-form-control-wrap\" data-name=\"vorname\"><input size=\"40\" class=\"wpcf7-form-control wpcf7-text wpcf7-validates-as-required uk-width-1-1\" aria-required=\"true\" aria-invalid=\"false\" placeholder=\"Vorname\" value=\"\" type=\"text\" name=\"vorname\" \/><\/span>\n<\/div>\n   <div class=\"uk-width-medium-1-2\">\n<span class=\"wpcf7-form-control-wrap\" data-name=\"nachname\"><input size=\"40\" class=\"wpcf7-form-control wpcf7-text wpcf7-validates-as-required uk-width-1-1\" aria-required=\"true\" aria-invalid=\"false\" placeholder=\"Nachname\" value=\"\" type=\"text\" name=\"nachname\" \/><\/span>\n<\/div>\n<\/div><\/div>\n\n<div class=\"uk-width-medium-1-1 uk-margin-top\">\n<div class=\"uk-grid uk-grid-small\">\n        <div class=\"uk-width-medium-1-2 margin-bottom-light\">\n<span class=\"wpcf7-form-control-wrap\" data-name=\"email\"><input size=\"40\" class=\"wpcf7-form-control wpcf7-email wpcf7-validates-as-required wpcf7-text wpcf7-validates-as-email uk-width-1-1\" aria-required=\"true\" aria-invalid=\"false\" placeholder=\"E-Mail\" value=\"\" type=\"email\" name=\"email\" \/><\/span>\n<\/div>\n<div class=\"uk-width-medium-1-2\">\n<span class=\"wpcf7-form-control-wrap\" data-name=\"tele\"><input size=\"40\" class=\"wpcf7-form-control wpcf7-text wpcf7-validates-as-required uk-width-1-1\" aria-required=\"true\" aria-invalid=\"false\" placeholder=\"Telefon\" value=\"\" type=\"text\" name=\"tele\" \/><\/span>\n<\/div>\n<\/div><\/div>\n\n<div class=\"uk-width-medium-1-1 uk-margin-top\">\n<div class=\"uk-grid uk-grid-small\">\n        <div class=\"uk-width-medium-1-1\">\n<span class=\"wpcf7-form-control-wrap\" data-name=\"text-msg\"><textarea cols=\"40\" rows=\"10\" class=\"wpcf7-form-control wpcf7-textarea wpcf7-validates-as-required uk-width-1-1 input-text-block\" aria-required=\"true\" aria-invalid=\"false\" placeholder=\"Ihre Nachricht an uns...\" name=\"text-msg\"><\/textarea><\/span>\n<div class=\"uk-margin-small-bottom uk-position-relative agreement\">\n        <span class=\"wpcf7-form-control-wrap\" data-name=\"agreement-box\"><span class=\"wpcf7-form-control wpcf7-acceptance\"><span class=\"wpcf7-list-item\"><input type=\"checkbox\" name=\"agreement-box\" value=\"1\" aria-invalid=\"false\" \/><\/span><\/span><\/span> * Ich stimme zu, dass meine Angaben aus dem Kontaktformular zur Beantwortung meiner Anfrage erhoben und verarbeitet werden. Siehe auch <a href=\"https:\/\/www.gr2.com\/de\/datenschutz\/\">Datenschutz<\/a>\n        <i class=\"uk-icon-question-circle\" data-uk-tooltip=\"{pos:'top-right'}\" title=\"Hinweis: Sie k\u00f6nnen Ihre Einwilligung jederzeit f\u00fcr die Zukunft per E-Mail an info@gr2.com widerrufen.\"><\/i>\n      <\/div>\n<\/div>\n<\/div><\/div>\n\n<div class=\"uk-width-medium-1-1 uk-margin-top\">\n<div class=\"uk-grid submit-green\">\n        <div class=\"uk-width-medium-1-1\">\n<input class=\"wpcf7-form-control wpcf7-submit has-spinner\" type=\"submit\" value=\"Anfrage Senden\" \/>\n<\/div>\n<\/div><\/div><\/div><div class=\"wpcf7-response-output\" aria-hidden=\"true\"><\/div>\n<\/form>\n<\/div>\n[\/vc_column_text][\/vc_column_inner][\/vc_row_inner][\/vc_column][\/vc_row][vc_row][vc_column css=&#8220;.vc_custom_1521189224422{margin-top: 40px !important;}&#8220;][vc_wp_custommenu title=&#8220;Unser Lieferprogramm umfasst L\u00f6sungen f\u00fcr folgende Bereiche von IS Maschinen:&#8220; nav_menu=&#8220;81&#8243; el_class=&#8220;checklist-small&#8220;][\/vc_column][\/vc_row][vc_row][vc_column][\/vc_column][\/vc_row]<\/p>\n<\/section>","protected":false},"excerpt":{"rendered":"<p>[vc_row full_width=&#8220;stretch_row_content_no_spaces&#8220;][vc_column][vc_column_text][\/vc_column_text][\/vc_column][\/vc_row][vc_row][vc_column][vc_empty_space height=&#8220;15px&#8220;][vc_column_text] Hydrauliksysteme f\u00fcr die Glasindustrie [\/vc_column_text][vc_column_text el_class=&#8220;uk-column-medium-1-2&#8243;]Die Prozesse in der Glasindustrie stellen hohe Anforderungen an die Maschinen, die zum Einsatz kommen. Da das Material Glas eine spr\u00f6de Struktur aufweist, ist besondere Vorsicht geboten. Gleichzeitig m\u00fcssen Produktionsbetriebe effizient arbeiten, um sowohl mit Nachfrage als auch Wettbewerb Schritt halten zu k\u00f6nnen. Unsere Hydrauliksysteme sind auf [&hellip;]<\/p>\n","protected":false},"author":1,"featured_media":0,"parent":0,"menu_order":44,"comment_status":"closed","ping_status":"closed","template":"","meta":{"_acf_changed":false,"inline_featured_image":false,"footnotes":""},"acf":[],"yoast_head":"<!-- This site is optimized with the Yoast SEO plugin v22.4 - https:\/\/yoast.com\/wordpress\/plugins\/seo\/ -->\n<title>Hydrauliksysteme f\u00fcr die Glasindustrie - GR\u00b2 GmbH<\/title>\n<meta name=\"description\" content=\"GR\u00b2 ist Ihr erfahrener Partner, wenn Sie standardisierte und ma\u00dfgeschneiderte Hydrauliksysteme und -komponenten ben\u00f6tigen. \u25ba Jetzt anfragen!\" \/>\n<meta name=\"robots\" content=\"index, follow, max-snippet:-1, max-image-preview:large, max-video-preview:-1\" \/>\n<link rel=\"canonical\" href=\"https:\/\/www.gr2.com\/de\/hydrauliksysteme\/\" \/>\n<meta property=\"og:locale\" content=\"de_DE\" \/>\n<meta property=\"og:type\" content=\"article\" \/>\n<meta property=\"og:title\" content=\"Hydrauliksysteme f\u00fcr die Glasindustrie - GR\u00b2 GmbH\" \/>\n<meta property=\"og:description\" content=\"GR\u00b2 ist Ihr erfahrener Partner, wenn Sie standardisierte und ma\u00dfgeschneiderte Hydrauliksysteme und -komponenten ben\u00f6tigen. \u25ba Jetzt anfragen!\" \/>\n<meta property=\"og:url\" content=\"https:\/\/www.gr2.com\/de\/hydrauliksysteme\/\" \/>\n<meta property=\"og:site_name\" content=\"GR\u00b2 GmbH\" \/>\n<meta property=\"article:modified_time\" content=\"2023-12-19T13:41:29+00:00\" \/>\n<meta name=\"twitter:card\" content=\"summary_large_image\" \/>\n<meta name=\"twitter:label1\" content=\"Gesch\u00e4tzte Lesezeit\" \/>\n\t<meta name=\"twitter:data1\" content=\"3\u00a0Minuten\" \/>\n<script type=\"application\/ld+json\" class=\"yoast-schema-graph\">{\"@context\":\"https:\/\/schema.org\",\"@graph\":[{\"@type\":\"WebPage\",\"@id\":\"https:\/\/www.gr2.com\/de\/hydrauliksysteme\/\",\"url\":\"https:\/\/www.gr2.com\/de\/hydrauliksysteme\/\",\"name\":\"Hydrauliksysteme f\u00fcr die Glasindustrie - GR\u00b2 GmbH\",\"isPartOf\":{\"@id\":\"https:\/\/www.gr2.com\/de\/#website\"},\"datePublished\":\"2011-11-29T08:13:39+00:00\",\"dateModified\":\"2023-12-19T13:41:29+00:00\",\"description\":\"GR\u00b2 ist Ihr erfahrener Partner, wenn Sie standardisierte und ma\u00dfgeschneiderte Hydrauliksysteme und -komponenten ben\u00f6tigen. \u25ba Jetzt anfragen!\",\"breadcrumb\":{\"@id\":\"https:\/\/www.gr2.com\/de\/hydrauliksysteme\/#breadcrumb\"},\"inLanguage\":\"de\",\"potentialAction\":[{\"@type\":\"ReadAction\",\"target\":[\"https:\/\/www.gr2.com\/de\/hydrauliksysteme\/\"]}]},{\"@type\":\"BreadcrumbList\",\"@id\":\"https:\/\/www.gr2.com\/de\/hydrauliksysteme\/#breadcrumb\",\"itemListElement\":[{\"@type\":\"ListItem\",\"position\":1,\"name\":\"Startseite\",\"item\":\"https:\/\/www.gr2.com\/de\/\"},{\"@type\":\"ListItem\",\"position\":2,\"name\":\"Hydrauliksysteme\"}]},{\"@type\":\"WebSite\",\"@id\":\"https:\/\/www.gr2.com\/de\/#website\",\"url\":\"https:\/\/www.gr2.com\/de\/\",\"name\":\"GR\u00b2 GmbH\",\"description\":\"\",\"potentialAction\":[{\"@type\":\"SearchAction\",\"target\":{\"@type\":\"EntryPoint\",\"urlTemplate\":\"https:\/\/www.gr2.com\/de\/?s={search_term_string}\"},\"query-input\":\"required name=search_term_string\"}],\"inLanguage\":\"de\"}]}<\/script>\n<!-- \/ Yoast SEO plugin. -->","yoast_head_json":{"title":"Hydrauliksysteme f\u00fcr die Glasindustrie - GR\u00b2 GmbH","description":"GR\u00b2 ist Ihr erfahrener Partner, wenn Sie standardisierte und ma\u00dfgeschneiderte Hydrauliksysteme und -komponenten ben\u00f6tigen. \u25ba Jetzt anfragen!","robots":{"index":"index","follow":"follow","max-snippet":"max-snippet:-1","max-image-preview":"max-image-preview:large","max-video-preview":"max-video-preview:-1"},"canonical":"https:\/\/www.gr2.com\/de\/hydrauliksysteme\/","og_locale":"de_DE","og_type":"article","og_title":"Hydrauliksysteme f\u00fcr die Glasindustrie - GR\u00b2 GmbH","og_description":"GR\u00b2 ist Ihr erfahrener Partner, wenn Sie standardisierte und ma\u00dfgeschneiderte Hydrauliksysteme und -komponenten ben\u00f6tigen. \u25ba Jetzt anfragen!","og_url":"https:\/\/www.gr2.com\/de\/hydrauliksysteme\/","og_site_name":"GR\u00b2 GmbH","article_modified_time":"2023-12-19T13:41:29+00:00","twitter_card":"summary_large_image","twitter_misc":{"Gesch\u00e4tzte Lesezeit":"3\u00a0Minuten"},"schema":{"@context":"https:\/\/schema.org","@graph":[{"@type":"WebPage","@id":"https:\/\/www.gr2.com\/de\/hydrauliksysteme\/","url":"https:\/\/www.gr2.com\/de\/hydrauliksysteme\/","name":"Hydrauliksysteme f\u00fcr die Glasindustrie - GR\u00b2 GmbH","isPartOf":{"@id":"https:\/\/www.gr2.com\/de\/#website"},"datePublished":"2011-11-29T08:13:39+00:00","dateModified":"2023-12-19T13:41:29+00:00","description":"GR\u00b2 ist Ihr erfahrener Partner, wenn Sie standardisierte und ma\u00dfgeschneiderte Hydrauliksysteme und -komponenten ben\u00f6tigen. \u25ba Jetzt anfragen!","breadcrumb":{"@id":"https:\/\/www.gr2.com\/de\/hydrauliksysteme\/#breadcrumb"},"inLanguage":"de","potentialAction":[{"@type":"ReadAction","target":["https:\/\/www.gr2.com\/de\/hydrauliksysteme\/"]}]},{"@type":"BreadcrumbList","@id":"https:\/\/www.gr2.com\/de\/hydrauliksysteme\/#breadcrumb","itemListElement":[{"@type":"ListItem","position":1,"name":"Startseite","item":"https:\/\/www.gr2.com\/de\/"},{"@type":"ListItem","position":2,"name":"Hydrauliksysteme"}]},{"@type":"WebSite","@id":"https:\/\/www.gr2.com\/de\/#website","url":"https:\/\/www.gr2.com\/de\/","name":"GR\u00b2 GmbH","description":"","potentialAction":[{"@type":"SearchAction","target":{"@type":"EntryPoint","urlTemplate":"https:\/\/www.gr2.com\/de\/?s={search_term_string}"},"query-input":"required name=search_term_string"}],"inLanguage":"de"}]}},"_links":{"self":[{"href":"https:\/\/www.gr2.com\/de\/wp-json\/wp\/v2\/pages\/253"}],"collection":[{"href":"https:\/\/www.gr2.com\/de\/wp-json\/wp\/v2\/pages"}],"about":[{"href":"https:\/\/www.gr2.com\/de\/wp-json\/wp\/v2\/types\/page"}],"author":[{"embeddable":true,"href":"https:\/\/www.gr2.com\/de\/wp-json\/wp\/v2\/users\/1"}],"replies":[{"embeddable":true,"href":"https:\/\/www.gr2.com\/de\/wp-json\/wp\/v2\/comments?post=253"}],"version-history":[{"count":5,"href":"https:\/\/www.gr2.com\/de\/wp-json\/wp\/v2\/pages\/253\/revisions"}],"predecessor-version":[{"id":2127,"href":"https:\/\/www.gr2.com\/de\/wp-json\/wp\/v2\/pages\/253\/revisions\/2127"}],"wp:attachment":[{"href":"https:\/\/www.gr2.com\/de\/wp-json\/wp\/v2\/media?parent=253"}],"curies":[{"name":"wp","href":"https:\/\/api.w.org\/{rel}","templated":true}]}}