{"id":252,"date":"2011-11-29T09:12:57","date_gmt":"2011-11-29T08:12:57","guid":{"rendered":"http:\/\/relaunch.gr2.com\/zentralschmiersysteme\/"},"modified":"2023-12-22T12:40:06","modified_gmt":"2023-12-22T11:40:06","slug":"is-maschine-mehrzonen-zentralschmiersystem","status":"publish","type":"page","link":"https:\/\/www.gr2.com\/de\/is-maschine-mehrzonen-zentralschmiersystem\/","title":{"rendered":"Zentralschmiersysteme"},"content":{"rendered":"<section class=\"wpb-content-wrapper\"><p>[vc_row full_width=&#8220;stretch_row_content_no_spaces&#8220;][vc_column][vc_column_text]\n    \n    \n\n    \t\n    \t\n            <div data-uk-slideshow>\n                <ul class=\"uk-slideshow\">\n\n            \n                    <li class=\"slide\">\n\n                        <div class=\"uk-width-1-1 uk-height-1-1\" id=\"slider-wrapper\">\n                                <div class=\"slider-img-wrapper\">\n                                    <img decoding=\"async\" src=\"https:\/\/www.gr2.com\/wp-content\/uploads\/slide-1.jpg\" alt=\"\" \/>\n                                <\/div>\n\n                                <div class=\"slider-cc-wrapper\">\n                                                                    <\/div>\n                        <\/div>\n\n                    <\/li>\n\n            \n                <\/ul>\n            <\/div>\n\n        \n    \t\n    \t\n    \n\n    [\/vc_column_text][\/vc_column][\/vc_row][vc_row][vc_column][vc_column_text]<\/p>\n<h1>Graphoidal Mehrzonen-Zentralschmiersystem<\/h1>\n<p>[\/vc_column_text][vc_column_text el_class=&#8220;uk-column-medium-1-2&#8243;]In der Glasindustrie spielt die Effizienz und Zuverl\u00e4ssigkeit von Maschinen und Anlagen eine entscheidende Rolle, da sie die Produktionskapazit\u00e4t, die Qualit\u00e4t der Endprodukte und die Betriebssicherheit unmittelbar beeinflussen. In diesem hochspezialisierten Sektor ist die pr\u00e4zise Kontrolle von Produktionsprozessen daher unerl\u00e4sslich.<\/p>\n<p>Um den Herstellungsprozess zu optimieren und Ausfallzeiten langfristig zu reduzieren, kommen in der Glasindustrie h\u00e4ufig unterst\u00fctzende Systeme zum Einsatz. Insbesondere das <b>Zentralschmiersystem<\/b> hat sich \u00fcber Jahre hinweg zu einem unverzichtbaren Versorgungssystem entwickelt. Dank des Systems kann die Schmierung von Anlagen und Maschinen effizient und nachhaltig optimiert werden. Mit der Implementierung eines Zentralschmiersystems stellen Sie sicher, dass die wesentliche Maschinenteile Ihrer Anlagen nahezu vollautomatisiert mit Schmierstoffen versorgt werden. Dies f\u00fchrt zu einer gleichm\u00e4\u00dfigen und effizienten Schmierung der Systeme und reduziert die Ausfallzeiten ma\u00dfgeblich.<\/p>\n<p>Wenn Sie nach der passenden Zentralschmieranlage f\u00fcr Ihren Industriebetrieb suchen, sind Sie bei <a title=\"gr\u00b2\" href=\"\/\">gr\u00b2<\/a> genau richtig. In Zusammenarbeit mit dem renommierten Hersteller <a title=\"Graphoidal\" href=\"\/de\/graphoidal\/\">Graphoidal<\/a> unterst\u00fctzen wir die Glasindustrie mit robusten High-Tech-Schmiersystemen und sorgen daf\u00fcr, dass der Produktionsprozess stets optimiert und am Laufen gehalten wird. <a title=\"Kontakt aufnehmen!\" href=\"\/de\/kontakt\/\">Kontaktieren<\/a> Sie uns jetzt und lassen Sie sich zu unseren hochwertigen Schmiersystem-L\u00f6sungen beraten![\/vc_column_text][vc_row_inner][vc_column_inner el_class=&#8220;list&#8220; width=&#8220;1\/2&#8243; css=&#8220;.vc_custom_1500292899938{padding-right: 20px !important;}&#8220;][vc_column_text]<\/p>\n<h2>Zentralschmieranlage: Der zentrale Schaltpunkt der Schmiermittel-Versorgung<\/h2>\n<p>Dank seiner unterst\u00fctzenden Funktion verhilft ein Zentralschmiersystem verschiedensten Anlagen der Glasindustrie zu einer erh\u00f6hten Produktivit\u00e4t und Langlebigkeit. Die Systeme sind daf\u00fcr konzipiert, wesentliche Schmierstellen der Glasproduktionsanlagen kontinuierlich und pr\u00e4zise mit Schmierstoffen zu versorgen. Ein zentraler Steuerschrank deckt dabei bis zu 18 unterschiedliche Schmierzonen ab \u2014 selbst bei unterschiedlicher Dosierung des Schmierstoffes. Ihre Maschinen k\u00f6nnen somit in unterschiedliche Schmierbereiche eingeteilt werden und von einem Schmierstoff-Beh\u00e4lter aus versorgt werden. Dar\u00fcber hinaus unterst\u00fctzt Sie das Zentralschmiersystem mit einer pr\u00e4zisen Verbrauchsermittlung pro Schmierzone, sodass Sie die \u00d6l-Zufuhr optimal steuern k\u00f6nnen.<\/p>\n<p><b>Hinweis<\/b>: Das Schmiersystem ist mit einer zus\u00e4tzlichen Alarmfunktion ausgestattet, sodass Sie beim Auftreten von Leckagen schnellstm\u00f6glich vom System informiert werden. Bei R\u00fcckfragen zur Funktionalit\u00e4t und Ausstattung der zentralen Schmieranlage, k\u00f6nnen Sie sich gerne an unsere Spezialisten wenden \u2014 jetzt <a title=\"Jetzt Kontaktieren!\" href=\"\/de\/kontakt\/\">Kontakt<\/a> aufnehmen![\/vc_column_text][vc_single_image image=&#8220;1258&#8243; img_size=&#8220;medium&#8220; add_caption=&#8220;yes&#8220; alignment=&#8220;center&#8220;][\/vc_column_inner][vc_column_inner width=&#8220;1\/2&#8243;][vc_column_text]<\/p>\n<h2>Zentralschmiersystem &#8211; alle Vorteile auf einen Blick:<\/h2>\n<ul>\n<li><b>Erh\u00f6hte Lebensdauer von Anlagen und Maschinen<\/b>: Durch die kontinuierliche und gleichm\u00e4\u00dfige Schmierung werden Verschlei\u00df und Reibung reduziert, was die Lebensdauer der Maschinenkomponenten verl\u00e4ngert.<\/li>\n<li><b>Verbesserte Betriebseffizienz<\/b>: Eine konstante Schmierung sorgt f\u00fcr einen reibungslosen Betrieb der Maschinen, was die Gesamteffizienz des Systems steigert.<\/li>\n<li><b>Kosteneffizienz<\/b>: Langfristig k\u00f6nnen durch die Reduzierung von Ausfallzeiten und Wartungskosten sowie durch die Verringerung des Energieverbrauchs erhebliche Kosteneinsparungen erzielt werden.<\/li>\n<li><b>Gleichm\u00e4\u00dfige Schmierstoffverteilung mit korrekter Dosierung<\/b>: Die High-Tech-Systeme gew\u00e4hrleisten eine gleichm\u00e4\u00dfige Verteilung des Schmierstoffs auf alle notwendigen Komponenten. Dar\u00fcber hinaus optimieren sie die \u00d6l-Dosierung anhand einer pr\u00e4zisen Verbrauchsermittlung.<\/li>\n<li><b>Fr\u00fchzeitige Fehlererkennung<\/b>: Die Graphoidal-Zentralschmiersysteme bieten eine \u00dcberwachungsfunktion, die es erm\u00f6glicht, Leckagen und potenzielle Probleme fr\u00fchzeitig zu erkennen und gezielt zu beheben.<\/li>\n<\/ul>\n<p>[\/vc_column_text][vc_column_text]<\/p>\n<h3>Produkt Anfrage<\/h3>\n<p>Bei Fragen bez\u00fcglich des Produktes k\u00f6nnen Sie gerne Kontakt mit uns aufnehmen.<\/p>\n<div class=\"wpcf7 no-js\" id=\"wpcf7-f995-o1\" lang=\"de-DE\" dir=\"ltr\">\n<div class=\"screen-reader-response\"><p role=\"status\" aria-live=\"polite\" aria-atomic=\"true\"><\/p> <ul><\/ul><\/div>\n<form action=\"\/de\/wp-json\/wp\/v2\/pages\/252#wpcf7-f995-o1\" method=\"post\" class=\"wpcf7-form init anfrage-form uk-form wpcf7-acceptance-as-validation\" id=\"anfrage-form\" aria-label=\"Kontaktformular\" novalidate=\"novalidate\" data-status=\"init\">\n<div style=\"display: none;\">\n<input type=\"hidden\" name=\"_wpcf7\" value=\"995\" \/>\n<input type=\"hidden\" name=\"_wpcf7_version\" value=\"5.9.3\" \/>\n<input type=\"hidden\" name=\"_wpcf7_locale\" value=\"de_DE\" \/>\n<input type=\"hidden\" name=\"_wpcf7_unit_tag\" value=\"wpcf7-f995-o1\" \/>\n<input type=\"hidden\" name=\"_wpcf7_container_post\" value=\"0\" \/>\n<input type=\"hidden\" name=\"_wpcf7_posted_data_hash\" value=\"\" \/>\n<\/div>\n<div class=\"uk-grid\">\n<div class=\"uk-width-medium-1-1\">\n<div class=\"uk-grid uk-grid-small\">\n<div class=\"uk-width-medium-1-1 uk-margin-bottom\">\n<span class=\"wpcf7-form-control-wrap\" data-name=\"firma\"><input size=\"40\" class=\"wpcf7-form-control wpcf7-text wpcf7-validates-as-required uk-width-1-1\" aria-required=\"true\" aria-invalid=\"false\" placeholder=\"Firma\" value=\"\" type=\"text\" name=\"firma\" \/><\/span>\n<\/div>\n   <div class=\"uk-width-medium-1-2 margin-bottom-light\">\n<span class=\"wpcf7-form-control-wrap\" data-name=\"vorname\"><input size=\"40\" class=\"wpcf7-form-control wpcf7-text wpcf7-validates-as-required uk-width-1-1\" aria-required=\"true\" aria-invalid=\"false\" placeholder=\"Vorname\" value=\"\" type=\"text\" name=\"vorname\" \/><\/span>\n<\/div>\n   <div class=\"uk-width-medium-1-2\">\n<span class=\"wpcf7-form-control-wrap\" data-name=\"nachname\"><input size=\"40\" class=\"wpcf7-form-control wpcf7-text wpcf7-validates-as-required uk-width-1-1\" aria-required=\"true\" aria-invalid=\"false\" placeholder=\"Nachname\" value=\"\" type=\"text\" name=\"nachname\" \/><\/span>\n<\/div>\n<\/div><\/div>\n\n<div class=\"uk-width-medium-1-1 uk-margin-top\">\n<div class=\"uk-grid uk-grid-small\">\n        <div class=\"uk-width-medium-1-2 margin-bottom-light\">\n<span class=\"wpcf7-form-control-wrap\" data-name=\"email\"><input size=\"40\" class=\"wpcf7-form-control wpcf7-email wpcf7-validates-as-required wpcf7-text wpcf7-validates-as-email uk-width-1-1\" aria-required=\"true\" aria-invalid=\"false\" placeholder=\"E-Mail\" value=\"\" type=\"email\" name=\"email\" \/><\/span>\n<\/div>\n<div class=\"uk-width-medium-1-2\">\n<span class=\"wpcf7-form-control-wrap\" data-name=\"tele\"><input size=\"40\" class=\"wpcf7-form-control wpcf7-text wpcf7-validates-as-required uk-width-1-1\" aria-required=\"true\" aria-invalid=\"false\" placeholder=\"Telefon\" value=\"\" type=\"text\" name=\"tele\" \/><\/span>\n<\/div>\n<\/div><\/div>\n\n<div class=\"uk-width-medium-1-1 uk-margin-top\">\n<div class=\"uk-grid uk-grid-small\">\n        <div class=\"uk-width-medium-1-1\">\n<span class=\"wpcf7-form-control-wrap\" data-name=\"text-msg\"><textarea cols=\"40\" rows=\"10\" class=\"wpcf7-form-control wpcf7-textarea wpcf7-validates-as-required uk-width-1-1 input-text-block\" aria-required=\"true\" aria-invalid=\"false\" placeholder=\"Ihre Nachricht an uns...\" name=\"text-msg\"><\/textarea><\/span>\n<div class=\"uk-margin-small-bottom uk-position-relative agreement\">\n        <span class=\"wpcf7-form-control-wrap\" data-name=\"agreement-box\"><span class=\"wpcf7-form-control wpcf7-acceptance\"><span class=\"wpcf7-list-item\"><input type=\"checkbox\" name=\"agreement-box\" value=\"1\" aria-invalid=\"false\" \/><\/span><\/span><\/span> * Ich stimme zu, dass meine Angaben aus dem Kontaktformular zur Beantwortung meiner Anfrage erhoben und verarbeitet werden. Siehe auch <a href=\"https:\/\/www.gr2.com\/de\/datenschutz\/\">Datenschutz<\/a>\n        <i class=\"uk-icon-question-circle\" data-uk-tooltip=\"{pos:'top-right'}\" title=\"Hinweis: Sie k\u00f6nnen Ihre Einwilligung jederzeit f\u00fcr die Zukunft per E-Mail an info@gr2.com widerrufen.\"><\/i>\n      <\/div>\n<\/div>\n<\/div><\/div>\n\n<div class=\"uk-width-medium-1-1 uk-margin-top\">\n<div class=\"uk-grid submit-green\">\n        <div class=\"uk-width-medium-1-1\">\n<input class=\"wpcf7-form-control wpcf7-submit has-spinner\" type=\"submit\" value=\"Anfrage Senden\" \/>\n<\/div>\n<\/div><\/div><\/div><div class=\"wpcf7-response-output\" aria-hidden=\"true\"><\/div>\n<\/form>\n<\/div>\n[\/vc_column_text][\/vc_column_inner][\/vc_row_inner][\/vc_column][\/vc_row][vc_row][vc_column css=&#8220;.vc_custom_1521189224422{margin-top: 40px !important;}&#8220;][vc_wp_custommenu title=&#8220;Unser Lieferprogramm umfasst L\u00f6sungen f\u00fcr folgende Bereiche von IS Maschinen:&#8220; nav_menu=&#8220;81&#8243; el_class=&#8220;checklist-small&#8220;][\/vc_column][\/vc_row]<\/p>\n<\/section>","protected":false},"excerpt":{"rendered":"<p>[vc_row full_width=&#8220;stretch_row_content_no_spaces&#8220;][vc_column][vc_column_text][\/vc_column_text][\/vc_column][\/vc_row][vc_row][vc_column][vc_column_text] Graphoidal Mehrzonen-Zentralschmiersystem [\/vc_column_text][vc_column_text el_class=&#8220;uk-column-medium-1-2&#8243;]In der Glasindustrie spielt die Effizienz und Zuverl\u00e4ssigkeit von Maschinen und Anlagen eine entscheidende Rolle, da sie die Produktionskapazit\u00e4t, die Qualit\u00e4t der Endprodukte und die Betriebssicherheit unmittelbar beeinflussen. In diesem hochspezialisierten Sektor ist die pr\u00e4zise Kontrolle von Produktionsprozessen daher unerl\u00e4sslich. Um den Herstellungsprozess zu optimieren und Ausfallzeiten langfristig zu reduzieren, [&hellip;]<\/p>\n","protected":false},"author":1,"featured_media":251,"parent":0,"menu_order":45,"comment_status":"closed","ping_status":"closed","template":"","meta":{"_acf_changed":false,"inline_featured_image":false,"footnotes":""},"acf":[],"yoast_head":"<!-- This site is optimized with the Yoast SEO plugin v22.4 - https:\/\/yoast.com\/wordpress\/plugins\/seo\/ -->\n<title>Mehrzonen-Zentralschmiersystem f\u00fcr Schmierung der IS-Maschinen - GR\u00b2 GmbH<\/title>\n<meta name=\"description\" content=\"Graphoidal Mehrzonen-Zentralschmiersystem f\u00fcr Schmierung der IS-Maschinen und andere Mechanismen - f\u00fcr einen optimalen \u00d6lverbrauch und Kostenreduzierung.\" \/>\n<meta name=\"robots\" content=\"index, follow, max-snippet:-1, max-image-preview:large, max-video-preview:-1\" \/>\n<link rel=\"canonical\" href=\"https:\/\/www.gr2.com\/de\/is-maschine-mehrzonen-zentralschmiersystem\/\" \/>\n<meta property=\"og:locale\" content=\"de_DE\" \/>\n<meta property=\"og:type\" content=\"article\" \/>\n<meta property=\"og:title\" content=\"Mehrzonen-Zentralschmiersystem f\u00fcr Schmierung der IS-Maschinen - GR\u00b2 GmbH\" \/>\n<meta property=\"og:description\" content=\"Graphoidal Mehrzonen-Zentralschmiersystem f\u00fcr Schmierung der IS-Maschinen und andere Mechanismen - f\u00fcr einen optimalen \u00d6lverbrauch und Kostenreduzierung.\" \/>\n<meta property=\"og:url\" content=\"https:\/\/www.gr2.com\/de\/is-maschine-mehrzonen-zentralschmiersystem\/\" \/>\n<meta property=\"og:site_name\" content=\"GR\u00b2 GmbH\" \/>\n<meta property=\"article:modified_time\" content=\"2023-12-22T11:40:06+00:00\" \/>\n<meta property=\"og:image\" content=\"https:\/\/www.gr2.com\/wp-content\/uploads\/produkte\/zentralschmiersystem\/produkte_zentralschmiersystem_zentralschmiersystem1.jpg\" \/>\n\t<meta property=\"og:image:width\" content=\"419\" \/>\n\t<meta property=\"og:image:height\" content=\"338\" \/>\n\t<meta property=\"og:image:type\" content=\"image\/jpeg\" \/>\n<meta name=\"twitter:card\" content=\"summary_large_image\" \/>\n<meta name=\"twitter:label1\" content=\"Gesch\u00e4tzte Lesezeit\" \/>\n\t<meta name=\"twitter:data1\" content=\"3\u00a0Minuten\" \/>\n<script type=\"application\/ld+json\" class=\"yoast-schema-graph\">{\"@context\":\"https:\/\/schema.org\",\"@graph\":[{\"@type\":\"WebPage\",\"@id\":\"https:\/\/www.gr2.com\/de\/is-maschine-mehrzonen-zentralschmiersystem\/\",\"url\":\"https:\/\/www.gr2.com\/de\/is-maschine-mehrzonen-zentralschmiersystem\/\",\"name\":\"Mehrzonen-Zentralschmiersystem f\u00fcr Schmierung der IS-Maschinen - GR\u00b2 GmbH\",\"isPartOf\":{\"@id\":\"https:\/\/www.gr2.com\/de\/#website\"},\"primaryImageOfPage\":{\"@id\":\"https:\/\/www.gr2.com\/de\/is-maschine-mehrzonen-zentralschmiersystem\/#primaryimage\"},\"image\":{\"@id\":\"https:\/\/www.gr2.com\/de\/is-maschine-mehrzonen-zentralschmiersystem\/#primaryimage\"},\"thumbnailUrl\":\"https:\/\/www.gr2.com\/wp-content\/uploads\/produkte\/zentralschmiersystem\/produkte_zentralschmiersystem_zentralschmiersystem1.jpg\",\"datePublished\":\"2011-11-29T08:12:57+00:00\",\"dateModified\":\"2023-12-22T11:40:06+00:00\",\"description\":\"Graphoidal Mehrzonen-Zentralschmiersystem f\u00fcr Schmierung der IS-Maschinen und andere Mechanismen - f\u00fcr einen optimalen \u00d6lverbrauch und Kostenreduzierung.\",\"breadcrumb\":{\"@id\":\"https:\/\/www.gr2.com\/de\/is-maschine-mehrzonen-zentralschmiersystem\/#breadcrumb\"},\"inLanguage\":\"de\",\"potentialAction\":[{\"@type\":\"ReadAction\",\"target\":[\"https:\/\/www.gr2.com\/de\/is-maschine-mehrzonen-zentralschmiersystem\/\"]}]},{\"@type\":\"ImageObject\",\"inLanguage\":\"de\",\"@id\":\"https:\/\/www.gr2.com\/de\/is-maschine-mehrzonen-zentralschmiersystem\/#primaryimage\",\"url\":\"https:\/\/www.gr2.com\/wp-content\/uploads\/produkte\/zentralschmiersystem\/produkte_zentralschmiersystem_zentralschmiersystem1.jpg\",\"contentUrl\":\"https:\/\/www.gr2.com\/wp-content\/uploads\/produkte\/zentralschmiersystem\/produkte_zentralschmiersystem_zentralschmiersystem1.jpg\",\"width\":419,\"height\":338,\"caption\":\"Zentralesschmiersystem\"},{\"@type\":\"BreadcrumbList\",\"@id\":\"https:\/\/www.gr2.com\/de\/is-maschine-mehrzonen-zentralschmiersystem\/#breadcrumb\",\"itemListElement\":[{\"@type\":\"ListItem\",\"position\":1,\"name\":\"Startseite\",\"item\":\"https:\/\/www.gr2.com\/de\/\"},{\"@type\":\"ListItem\",\"position\":2,\"name\":\"Zentralschmiersysteme\"}]},{\"@type\":\"WebSite\",\"@id\":\"https:\/\/www.gr2.com\/de\/#website\",\"url\":\"https:\/\/www.gr2.com\/de\/\",\"name\":\"GR\u00b2 GmbH\",\"description\":\"\",\"potentialAction\":[{\"@type\":\"SearchAction\",\"target\":{\"@type\":\"EntryPoint\",\"urlTemplate\":\"https:\/\/www.gr2.com\/de\/?s={search_term_string}\"},\"query-input\":\"required name=search_term_string\"}],\"inLanguage\":\"de\"}]}<\/script>\n<!-- \/ Yoast SEO plugin. -->","yoast_head_json":{"title":"Mehrzonen-Zentralschmiersystem f\u00fcr Schmierung der IS-Maschinen - GR\u00b2 GmbH","description":"Graphoidal Mehrzonen-Zentralschmiersystem f\u00fcr Schmierung der IS-Maschinen und andere Mechanismen - f\u00fcr einen optimalen \u00d6lverbrauch und Kostenreduzierung.","robots":{"index":"index","follow":"follow","max-snippet":"max-snippet:-1","max-image-preview":"max-image-preview:large","max-video-preview":"max-video-preview:-1"},"canonical":"https:\/\/www.gr2.com\/de\/is-maschine-mehrzonen-zentralschmiersystem\/","og_locale":"de_DE","og_type":"article","og_title":"Mehrzonen-Zentralschmiersystem f\u00fcr Schmierung der IS-Maschinen - GR\u00b2 GmbH","og_description":"Graphoidal Mehrzonen-Zentralschmiersystem f\u00fcr Schmierung der IS-Maschinen und andere Mechanismen - f\u00fcr einen optimalen \u00d6lverbrauch und Kostenreduzierung.","og_url":"https:\/\/www.gr2.com\/de\/is-maschine-mehrzonen-zentralschmiersystem\/","og_site_name":"GR\u00b2 GmbH","article_modified_time":"2023-12-22T11:40:06+00:00","og_image":[{"width":419,"height":338,"url":"https:\/\/www.gr2.com\/wp-content\/uploads\/produkte\/zentralschmiersystem\/produkte_zentralschmiersystem_zentralschmiersystem1.jpg","type":"image\/jpeg"}],"twitter_card":"summary_large_image","twitter_misc":{"Gesch\u00e4tzte Lesezeit":"3\u00a0Minuten"},"schema":{"@context":"https:\/\/schema.org","@graph":[{"@type":"WebPage","@id":"https:\/\/www.gr2.com\/de\/is-maschine-mehrzonen-zentralschmiersystem\/","url":"https:\/\/www.gr2.com\/de\/is-maschine-mehrzonen-zentralschmiersystem\/","name":"Mehrzonen-Zentralschmiersystem f\u00fcr Schmierung der IS-Maschinen - GR\u00b2 GmbH","isPartOf":{"@id":"https:\/\/www.gr2.com\/de\/#website"},"primaryImageOfPage":{"@id":"https:\/\/www.gr2.com\/de\/is-maschine-mehrzonen-zentralschmiersystem\/#primaryimage"},"image":{"@id":"https:\/\/www.gr2.com\/de\/is-maschine-mehrzonen-zentralschmiersystem\/#primaryimage"},"thumbnailUrl":"https:\/\/www.gr2.com\/wp-content\/uploads\/produkte\/zentralschmiersystem\/produkte_zentralschmiersystem_zentralschmiersystem1.jpg","datePublished":"2011-11-29T08:12:57+00:00","dateModified":"2023-12-22T11:40:06+00:00","description":"Graphoidal Mehrzonen-Zentralschmiersystem f\u00fcr Schmierung der IS-Maschinen und andere Mechanismen - f\u00fcr einen optimalen \u00d6lverbrauch und Kostenreduzierung.","breadcrumb":{"@id":"https:\/\/www.gr2.com\/de\/is-maschine-mehrzonen-zentralschmiersystem\/#breadcrumb"},"inLanguage":"de","potentialAction":[{"@type":"ReadAction","target":["https:\/\/www.gr2.com\/de\/is-maschine-mehrzonen-zentralschmiersystem\/"]}]},{"@type":"ImageObject","inLanguage":"de","@id":"https:\/\/www.gr2.com\/de\/is-maschine-mehrzonen-zentralschmiersystem\/#primaryimage","url":"https:\/\/www.gr2.com\/wp-content\/uploads\/produkte\/zentralschmiersystem\/produkte_zentralschmiersystem_zentralschmiersystem1.jpg","contentUrl":"https:\/\/www.gr2.com\/wp-content\/uploads\/produkte\/zentralschmiersystem\/produkte_zentralschmiersystem_zentralschmiersystem1.jpg","width":419,"height":338,"caption":"Zentralesschmiersystem"},{"@type":"BreadcrumbList","@id":"https:\/\/www.gr2.com\/de\/is-maschine-mehrzonen-zentralschmiersystem\/#breadcrumb","itemListElement":[{"@type":"ListItem","position":1,"name":"Startseite","item":"https:\/\/www.gr2.com\/de\/"},{"@type":"ListItem","position":2,"name":"Zentralschmiersysteme"}]},{"@type":"WebSite","@id":"https:\/\/www.gr2.com\/de\/#website","url":"https:\/\/www.gr2.com\/de\/","name":"GR\u00b2 GmbH","description":"","potentialAction":[{"@type":"SearchAction","target":{"@type":"EntryPoint","urlTemplate":"https:\/\/www.gr2.com\/de\/?s={search_term_string}"},"query-input":"required name=search_term_string"}],"inLanguage":"de"}]}},"_links":{"self":[{"href":"https:\/\/www.gr2.com\/de\/wp-json\/wp\/v2\/pages\/252"}],"collection":[{"href":"https:\/\/www.gr2.com\/de\/wp-json\/wp\/v2\/pages"}],"about":[{"href":"https:\/\/www.gr2.com\/de\/wp-json\/wp\/v2\/types\/page"}],"author":[{"embeddable":true,"href":"https:\/\/www.gr2.com\/de\/wp-json\/wp\/v2\/users\/1"}],"replies":[{"embeddable":true,"href":"https:\/\/www.gr2.com\/de\/wp-json\/wp\/v2\/comments?post=252"}],"version-history":[{"count":7,"href":"https:\/\/www.gr2.com\/de\/wp-json\/wp\/v2\/pages\/252\/revisions"}],"predecessor-version":[{"id":2130,"href":"https:\/\/www.gr2.com\/de\/wp-json\/wp\/v2\/pages\/252\/revisions\/2130"}],"wp:featuredmedia":[{"embeddable":true,"href":"https:\/\/www.gr2.com\/de\/wp-json\/wp\/v2\/media\/251"}],"wp:attachment":[{"href":"https:\/\/www.gr2.com\/de\/wp-json\/wp\/v2\/media?parent=252"}],"curies":[{"name":"wp","href":"https:\/\/api.w.org\/{rel}","templated":true}]}}