{"id":250,"date":"2011-11-29T09:12:34","date_gmt":"2011-11-29T08:12:34","guid":{"rendered":"http:\/\/relaunch.gr2.com\/zahnkettenraeder\/"},"modified":"2023-10-10T12:38:50","modified_gmt":"2023-10-10T10:38:50","slug":"zahnkettenraeder-foederbandsysteme-und-sonderanfertigungen","status":"publish","type":"page","link":"https:\/\/www.gr2.com\/de\/zahnkettenraeder-foederbandsysteme-und-sonderanfertigungen\/","title":{"rendered":"Zahnkettenr\u00e4der"},"content":{"rendered":"<section class=\"wpb-content-wrapper\"><p>[vc_row full_width=&#8220;stretch_row_content_no_spaces&#8220;][vc_column][vc_column_text]\n    \n    \n\n    \t\n    \t\n            <div data-uk-slideshow>\n                <ul class=\"uk-slideshow\">\n\n            \n                    <li class=\"slide\">\n\n                        <div class=\"uk-width-1-1 uk-height-1-1\" id=\"slider-wrapper\">\n                                <div class=\"slider-img-wrapper\">\n                                    <img decoding=\"async\" src=\"https:\/\/www.gr2.com\/wp-content\/uploads\/slide-1.jpg\" alt=\"\" \/>\n                                <\/div>\n\n                                <div class=\"slider-cc-wrapper\">\n                                                                    <\/div>\n                        <\/div>\n\n                    <\/li>\n\n            \n                <\/ul>\n            <\/div>\n\n        \n    \t\n    \t\n    \n\n    [\/vc_column_text][\/vc_column][\/vc_row][vc_row][vc_column][vc_column_text]<\/p>\n<h1>Zahnkettenr\u00e4der f\u00fcr die F\u00f6rdertechnik<\/h1>\n<p>[\/vc_column_text][vc_column_text el_class=&#8220;uk-column-medium-1-2&#8243;]In der Glasindustrie werden verschiedenste Prozesse von maschineller Arbeit begleitet oder vollst\u00e4ndig durchgef\u00fchrt. Als Dreh- und Angelpunkt nehmen F\u00f6rderbandsysteme im gesamten Produktionsprozess eine wesentliche Rolle ein. Sie bilden das R\u00fcckgrat der Produktion, da sie den reibungslosen Transport von Rohmaterialien, halbfertigen Produkten und Endprodukten gew\u00e4hrleisten. Damit dieser Prozess reibungslos durchlaufen werden kann, m\u00fcssen <a title=\"Hochwertige F\u00f6rderb\u00e4nder f\u00fcr die Industrie\" href=\"\/de\/sheppee-querbaender\/\">F\u00f6rderb\u00e4nder f\u00fcr die Industrie<\/a> eine hohe Zuverl\u00e4ssigkeit und Pr\u00e4zision aufweisen.<\/p>\n<p>Um diesen Anforderungen stets gerecht zu werden, wird die F\u00f6rdertechnik der Glasindustrie in der Regel mit hochwertigen <strong>Zahnkettenr\u00e4dern<\/strong> best\u00fcckt. Die unverzichtbaren Bauteile sorgen daf\u00fcr, dass die F\u00f6rderketten nicht unfreiwillig stillgelegt werden und halten somit einen effizienten Produktionsablauf aufrecht.<\/p>\n<p>Sie suchen nach einer passgenauen L\u00f6sung f\u00fcr Ihre F\u00f6rdertechnik? Dann haben Sie mit <a title=\"gr\u00b2\" href=\"\/\">gr\u00b2<\/a> den perfekten Partner gefunden. Wir bieten der Glasindustrie eine gro\u00dfe Auswahl an Pennine Zahnkettenr\u00e4dern in hoher Qualit\u00e4t und passend f\u00fcr F\u00f6rderbandsysteme unterschiedlicher Hersteller. Treten Sie mit uns in <a title=\"Jetzt Kontaktieren!\" href=\"\/de\/kontakt\/\">Kontakt<\/a> oder stellen Sie direkt eine Produkt-Anfrage \u00fcber unser Formular![\/vc_column_text][vc_row_inner][vc_column_inner el_class=&#8220;list&#8220; width=&#8220;1\/2&#8243; css=&#8220;.vc_custom_1500292899938{padding-right: 20px !important;}&#8220;][vc_column_text][\/vc_column_text][vc_column_text]<\/p>\n<h2>Zahnkettenrad von Pennine: Individuelle Fertigung, zuverl\u00e4ssiger Betrieb!<\/h2>\n<p>In den letzten Jahrzehnten hat <a title=\"Pennine Industrial Equipment\" href=\"\/de\/pennine-industrial-equipment\/\">Pennine Industrial Equipment<\/a> (PIE) sich als Hersteller f\u00fcr Zahnkettenr\u00e4der in der Glasindustrie einen Namen gemacht \u2014 und auch wir vertrauen auf die Qualit\u00e4t und Erfahrung unseres Premium-Partners. Um unseren Kunden stets mit hochwertigen und passgenauen Zahnkettenr\u00e4dern zu versorgen, arbeiten wir eng mit dem Hersteller zusammen und k\u00f6nnen daher auch individuelle Sonderanfertigungen produzieren lassen.<\/p>\n<p>Hinsichtlich des Materials greift unser Premium-Hersteller bei R\u00e4dern f\u00fcr Zahnketten mit kleinen und mittleren Durchmessern normalerweise auf Kohlenstoffstahl zur\u00fcck. Zudem werden die R\u00e4der selbstverst\u00e4ndlich mit flammen- oder induktionsgeh\u00e4rteten Z\u00e4hnen versehen. Gro\u00dfe Zahnkettenr\u00e4der ab 250 mm Durchmesser werden in der Regel aus Gusseisen gefertigt und mit entsprechend geh\u00e4rteten Z\u00e4hnen best\u00fcckt.<\/p>\n<p>Ben\u00f6tigen Sie Zahnkettenr\u00e4der mit beliebiger Z\u00e4hnezahl oder Bohrungsgr\u00f6\u00dfe sind Sie bei uns genau richtig. Z\u00f6gern Sie also nicht, Kontakt zu uns aufzunehmen \u2014 gemeinsam mit unserem Partner freuen wir uns auf Ihre Anfrage!<\/p>\n<p><b>Hinweis<\/b>: Optimal ausgerichtete Zahnkettenr\u00e4der mit korrekter Verzahnung bieten Gew\u00e4hr f\u00fcr eine sichere Funktion und lange Lebensdauer der verwendeten <a title=\"Hochwertige Zahnketten\" href=\"\/de\/zahnketten-fuer-glasartikeltransport\/\">Zahnketten<\/a>. Wir empfehlen Ihnen daher ausschlie\u00dflich auf originale Kettenr\u00e4der der Marke Pennine zur\u00fcckzugreifen.<\/p>\n<h3>Diese drei Haupttypen werden produziert<\/h3>\n<ul>\n<li><b>Zentrale F\u00fchrungskettenr\u00e4der<\/b>: Kettenr\u00e4der dieser Art sind speziell konzipiert, um das F\u00f6rdergut in der Mitte des F\u00f6rderbandes zu halten und eine gleichm\u00e4\u00dfige Verteilung w\u00e4hrend des Transports zu gew\u00e4hrleisten. Sie dienen als zentrale Verbindung zwischen dem Antrieb und dem F\u00f6rderband.<\/li>\n<li><b>Seitenf\u00fchrungskettenr\u00e4der<\/b>: Seitenf\u00fchrungskettenr\u00e4der dienen dazu, das F\u00f6rdergut entlang der Seiten des F\u00f6rderbandes zu f\u00fchren. Sie wurde speziell daf\u00fcr entwickelt, um seitliche Verschiebungen des Materials zu verhindern und die pr\u00e4zise Positionierung auf dem F\u00f6rderband sicherzustellen.<\/li>\n<li><b>Multi-F\u00fchrungskettenr\u00e4der<\/b>: Diese Art von Kettenr\u00e4dern bietet eine vielseitige L\u00f6sung, die es erm\u00f6glicht, das F\u00f6rdergut sowohl seitlich als auch zentral zu f\u00fchren. Je nach den Anforderungen der spezifischen Anlage k\u00f6nnen die R\u00e4der demzufolge beliebig eingesetzt werden. Sie bieten daher eine hohe Flexibilit\u00e4t und Anpassungsf\u00e4higkeit und eignen sich besonders f\u00fcr Anlagen, in denen unterschiedliche Materialien mit variierenden Anforderungen transportiert werden.<\/li>\n<\/ul>\n<p>[\/vc_column_text][\/vc_column_inner][vc_column_inner width=&#8220;1\/2&#8243;][vc_column_text]<\/p>\n<h3>Produkt Anfrage<\/h3>\n<p>Bei Fragen bez\u00fcglich des Produktes k\u00f6nnen Sie gerne Kontakt mit uns aufnehmen.<\/p>\n<div class=\"wpcf7 no-js\" id=\"wpcf7-f995-o1\" lang=\"de-DE\" dir=\"ltr\">\n<div class=\"screen-reader-response\"><p role=\"status\" aria-live=\"polite\" aria-atomic=\"true\"><\/p> <ul><\/ul><\/div>\n<form action=\"\/de\/wp-json\/wp\/v2\/pages\/250#wpcf7-f995-o1\" method=\"post\" class=\"wpcf7-form init anfrage-form uk-form wpcf7-acceptance-as-validation\" id=\"anfrage-form\" aria-label=\"Kontaktformular\" novalidate=\"novalidate\" data-status=\"init\">\n<div style=\"display: none;\">\n<input type=\"hidden\" name=\"_wpcf7\" value=\"995\" \/>\n<input type=\"hidden\" name=\"_wpcf7_version\" value=\"5.9.3\" \/>\n<input type=\"hidden\" name=\"_wpcf7_locale\" value=\"de_DE\" \/>\n<input type=\"hidden\" name=\"_wpcf7_unit_tag\" value=\"wpcf7-f995-o1\" \/>\n<input type=\"hidden\" name=\"_wpcf7_container_post\" value=\"0\" \/>\n<input type=\"hidden\" name=\"_wpcf7_posted_data_hash\" value=\"\" \/>\n<\/div>\n<div class=\"uk-grid\">\n<div class=\"uk-width-medium-1-1\">\n<div class=\"uk-grid uk-grid-small\">\n<div class=\"uk-width-medium-1-1 uk-margin-bottom\">\n<span class=\"wpcf7-form-control-wrap\" data-name=\"firma\"><input size=\"40\" class=\"wpcf7-form-control wpcf7-text wpcf7-validates-as-required uk-width-1-1\" aria-required=\"true\" aria-invalid=\"false\" placeholder=\"Firma\" value=\"\" type=\"text\" name=\"firma\" \/><\/span>\n<\/div>\n   <div class=\"uk-width-medium-1-2 margin-bottom-light\">\n<span class=\"wpcf7-form-control-wrap\" data-name=\"vorname\"><input size=\"40\" class=\"wpcf7-form-control wpcf7-text wpcf7-validates-as-required uk-width-1-1\" aria-required=\"true\" aria-invalid=\"false\" placeholder=\"Vorname\" value=\"\" type=\"text\" name=\"vorname\" \/><\/span>\n<\/div>\n   <div class=\"uk-width-medium-1-2\">\n<span class=\"wpcf7-form-control-wrap\" data-name=\"nachname\"><input size=\"40\" class=\"wpcf7-form-control wpcf7-text wpcf7-validates-as-required uk-width-1-1\" aria-required=\"true\" aria-invalid=\"false\" placeholder=\"Nachname\" value=\"\" type=\"text\" name=\"nachname\" \/><\/span>\n<\/div>\n<\/div><\/div>\n\n<div class=\"uk-width-medium-1-1 uk-margin-top\">\n<div class=\"uk-grid uk-grid-small\">\n        <div class=\"uk-width-medium-1-2 margin-bottom-light\">\n<span class=\"wpcf7-form-control-wrap\" data-name=\"email\"><input size=\"40\" class=\"wpcf7-form-control wpcf7-email wpcf7-validates-as-required wpcf7-text wpcf7-validates-as-email uk-width-1-1\" aria-required=\"true\" aria-invalid=\"false\" placeholder=\"E-Mail\" value=\"\" type=\"email\" name=\"email\" \/><\/span>\n<\/div>\n<div class=\"uk-width-medium-1-2\">\n<span class=\"wpcf7-form-control-wrap\" data-name=\"tele\"><input size=\"40\" class=\"wpcf7-form-control wpcf7-text wpcf7-validates-as-required uk-width-1-1\" aria-required=\"true\" aria-invalid=\"false\" placeholder=\"Telefon\" value=\"\" type=\"text\" name=\"tele\" \/><\/span>\n<\/div>\n<\/div><\/div>\n\n<div class=\"uk-width-medium-1-1 uk-margin-top\">\n<div class=\"uk-grid uk-grid-small\">\n        <div class=\"uk-width-medium-1-1\">\n<span class=\"wpcf7-form-control-wrap\" data-name=\"text-msg\"><textarea cols=\"40\" rows=\"10\" class=\"wpcf7-form-control wpcf7-textarea wpcf7-validates-as-required uk-width-1-1 input-text-block\" aria-required=\"true\" aria-invalid=\"false\" placeholder=\"Ihre Nachricht an uns...\" name=\"text-msg\"><\/textarea><\/span>\n<div class=\"uk-margin-small-bottom uk-position-relative agreement\">\n        <span class=\"wpcf7-form-control-wrap\" data-name=\"agreement-box\"><span class=\"wpcf7-form-control wpcf7-acceptance\"><span class=\"wpcf7-list-item\"><input type=\"checkbox\" name=\"agreement-box\" value=\"1\" aria-invalid=\"false\" \/><\/span><\/span><\/span> * Ich stimme zu, dass meine Angaben aus dem Kontaktformular zur Beantwortung meiner Anfrage erhoben und verarbeitet werden. Siehe auch <a href=\"https:\/\/www.gr2.com\/de\/datenschutz\/\">Datenschutz<\/a>\n        <i class=\"uk-icon-question-circle\" data-uk-tooltip=\"{pos:'top-right'}\" title=\"Hinweis: Sie k\u00f6nnen Ihre Einwilligung jederzeit f\u00fcr die Zukunft per E-Mail an info@gr2.com widerrufen.\"><\/i>\n      <\/div>\n<\/div>\n<\/div><\/div>\n\n<div class=\"uk-width-medium-1-1 uk-margin-top\">\n<div class=\"uk-grid submit-green\">\n        <div class=\"uk-width-medium-1-1\">\n<input class=\"wpcf7-form-control wpcf7-submit has-spinner\" type=\"submit\" value=\"Anfrage Senden\" \/>\n<\/div>\n<\/div><\/div><\/div><div class=\"wpcf7-response-output\" aria-hidden=\"true\"><\/div>\n<\/form>\n<\/div>\n[\/vc_column_text][\/vc_column_inner][\/vc_row_inner][\/vc_column][\/vc_row][vc_row][vc_column css=&#8220;.vc_custom_1521189224422{margin-top: 40px !important;}&#8220;][vc_wp_custommenu title=&#8220;Unser Lieferprogramm umfasst L\u00f6sungen f\u00fcr folgende Bereiche von IS Maschinen:&#8220; nav_menu=&#8220;81&#8243; el_class=&#8220;checklist-small&#8220;][\/vc_column][\/vc_row]<\/p>\n<\/section>","protected":false},"excerpt":{"rendered":"<p>[vc_row full_width=&#8220;stretch_row_content_no_spaces&#8220;][vc_column][vc_column_text][\/vc_column_text][\/vc_column][\/vc_row][vc_row][vc_column][vc_column_text] Zahnkettenr\u00e4der f\u00fcr die F\u00f6rdertechnik [\/vc_column_text][vc_column_text el_class=&#8220;uk-column-medium-1-2&#8243;]In der Glasindustrie werden verschiedenste Prozesse von maschineller Arbeit begleitet oder vollst\u00e4ndig durchgef\u00fchrt. Als Dreh- und Angelpunkt nehmen F\u00f6rderbandsysteme im gesamten Produktionsprozess eine wesentliche Rolle ein. Sie bilden das R\u00fcckgrat der Produktion, da sie den reibungslosen Transport von Rohmaterialien, halbfertigen Produkten und Endprodukten gew\u00e4hrleisten. Damit dieser Prozess reibungslos [&hellip;]<\/p>\n","protected":false},"author":1,"featured_media":0,"parent":0,"menu_order":46,"comment_status":"closed","ping_status":"closed","template":"","meta":{"_acf_changed":false,"inline_featured_image":false,"footnotes":""},"acf":[],"yoast_head":"<!-- This site is optimized with the Yoast SEO plugin v22.4 - https:\/\/yoast.com\/wordpress\/plugins\/seo\/ -->\n<title>Zahnkettenr\u00e4der f\u00fcr F\u00f6rderbandsysteme - GR\u00b2 GmbH<\/title>\n<meta name=\"description\" content=\"GR\u00b2 unterst\u00fctzt die Glasindustrie mit hochwertigen Zahnkettenr\u00e4dern des Premium-Partners Pennine. \u25ba Jetzt Kontaktieren und Anfrage senden!\" \/>\n<meta name=\"robots\" content=\"index, follow, max-snippet:-1, max-image-preview:large, max-video-preview:-1\" \/>\n<link rel=\"canonical\" href=\"https:\/\/www.gr2.com\/de\/zahnkettenraeder-foederbandsysteme-und-sonderanfertigungen\/\" \/>\n<meta property=\"og:locale\" content=\"de_DE\" \/>\n<meta property=\"og:type\" content=\"article\" \/>\n<meta property=\"og:title\" content=\"Zahnkettenr\u00e4der f\u00fcr F\u00f6rderbandsysteme - GR\u00b2 GmbH\" \/>\n<meta property=\"og:description\" content=\"GR\u00b2 unterst\u00fctzt die Glasindustrie mit hochwertigen Zahnkettenr\u00e4dern des Premium-Partners Pennine. \u25ba Jetzt Kontaktieren und Anfrage senden!\" \/>\n<meta property=\"og:url\" content=\"https:\/\/www.gr2.com\/de\/zahnkettenraeder-foederbandsysteme-und-sonderanfertigungen\/\" \/>\n<meta property=\"og:site_name\" content=\"GR\u00b2 GmbH\" \/>\n<meta property=\"article:modified_time\" content=\"2023-10-10T10:38:50+00:00\" \/>\n<meta name=\"twitter:card\" content=\"summary_large_image\" \/>\n<meta name=\"twitter:label1\" content=\"Gesch\u00e4tzte Lesezeit\" \/>\n\t<meta name=\"twitter:data1\" content=\"3\u00a0Minuten\" \/>\n<script type=\"application\/ld+json\" class=\"yoast-schema-graph\">{\"@context\":\"https:\/\/schema.org\",\"@graph\":[{\"@type\":\"WebPage\",\"@id\":\"https:\/\/www.gr2.com\/de\/zahnkettenraeder-foederbandsysteme-und-sonderanfertigungen\/\",\"url\":\"https:\/\/www.gr2.com\/de\/zahnkettenraeder-foederbandsysteme-und-sonderanfertigungen\/\",\"name\":\"Zahnkettenr\u00e4der f\u00fcr F\u00f6rderbandsysteme - GR\u00b2 GmbH\",\"isPartOf\":{\"@id\":\"https:\/\/www.gr2.com\/de\/#website\"},\"datePublished\":\"2011-11-29T08:12:34+00:00\",\"dateModified\":\"2023-10-10T10:38:50+00:00\",\"description\":\"GR\u00b2 unterst\u00fctzt die Glasindustrie mit hochwertigen Zahnkettenr\u00e4dern des Premium-Partners Pennine. \u25ba Jetzt Kontaktieren und Anfrage senden!\",\"breadcrumb\":{\"@id\":\"https:\/\/www.gr2.com\/de\/zahnkettenraeder-foederbandsysteme-und-sonderanfertigungen\/#breadcrumb\"},\"inLanguage\":\"de\",\"potentialAction\":[{\"@type\":\"ReadAction\",\"target\":[\"https:\/\/www.gr2.com\/de\/zahnkettenraeder-foederbandsysteme-und-sonderanfertigungen\/\"]}]},{\"@type\":\"BreadcrumbList\",\"@id\":\"https:\/\/www.gr2.com\/de\/zahnkettenraeder-foederbandsysteme-und-sonderanfertigungen\/#breadcrumb\",\"itemListElement\":[{\"@type\":\"ListItem\",\"position\":1,\"name\":\"Startseite\",\"item\":\"https:\/\/www.gr2.com\/de\/\"},{\"@type\":\"ListItem\",\"position\":2,\"name\":\"Zahnkettenr\u00e4der\"}]},{\"@type\":\"WebSite\",\"@id\":\"https:\/\/www.gr2.com\/de\/#website\",\"url\":\"https:\/\/www.gr2.com\/de\/\",\"name\":\"GR\u00b2 GmbH\",\"description\":\"\",\"potentialAction\":[{\"@type\":\"SearchAction\",\"target\":{\"@type\":\"EntryPoint\",\"urlTemplate\":\"https:\/\/www.gr2.com\/de\/?s={search_term_string}\"},\"query-input\":\"required name=search_term_string\"}],\"inLanguage\":\"de\"}]}<\/script>\n<!-- \/ Yoast SEO plugin. -->","yoast_head_json":{"title":"Zahnkettenr\u00e4der f\u00fcr F\u00f6rderbandsysteme - GR\u00b2 GmbH","description":"GR\u00b2 unterst\u00fctzt die Glasindustrie mit hochwertigen Zahnkettenr\u00e4dern des Premium-Partners Pennine. \u25ba Jetzt Kontaktieren und Anfrage senden!","robots":{"index":"index","follow":"follow","max-snippet":"max-snippet:-1","max-image-preview":"max-image-preview:large","max-video-preview":"max-video-preview:-1"},"canonical":"https:\/\/www.gr2.com\/de\/zahnkettenraeder-foederbandsysteme-und-sonderanfertigungen\/","og_locale":"de_DE","og_type":"article","og_title":"Zahnkettenr\u00e4der f\u00fcr F\u00f6rderbandsysteme - GR\u00b2 GmbH","og_description":"GR\u00b2 unterst\u00fctzt die Glasindustrie mit hochwertigen Zahnkettenr\u00e4dern des Premium-Partners Pennine. \u25ba Jetzt Kontaktieren und Anfrage senden!","og_url":"https:\/\/www.gr2.com\/de\/zahnkettenraeder-foederbandsysteme-und-sonderanfertigungen\/","og_site_name":"GR\u00b2 GmbH","article_modified_time":"2023-10-10T10:38:50+00:00","twitter_card":"summary_large_image","twitter_misc":{"Gesch\u00e4tzte Lesezeit":"3\u00a0Minuten"},"schema":{"@context":"https:\/\/schema.org","@graph":[{"@type":"WebPage","@id":"https:\/\/www.gr2.com\/de\/zahnkettenraeder-foederbandsysteme-und-sonderanfertigungen\/","url":"https:\/\/www.gr2.com\/de\/zahnkettenraeder-foederbandsysteme-und-sonderanfertigungen\/","name":"Zahnkettenr\u00e4der f\u00fcr F\u00f6rderbandsysteme - GR\u00b2 GmbH","isPartOf":{"@id":"https:\/\/www.gr2.com\/de\/#website"},"datePublished":"2011-11-29T08:12:34+00:00","dateModified":"2023-10-10T10:38:50+00:00","description":"GR\u00b2 unterst\u00fctzt die Glasindustrie mit hochwertigen Zahnkettenr\u00e4dern des Premium-Partners Pennine. \u25ba Jetzt Kontaktieren und Anfrage senden!","breadcrumb":{"@id":"https:\/\/www.gr2.com\/de\/zahnkettenraeder-foederbandsysteme-und-sonderanfertigungen\/#breadcrumb"},"inLanguage":"de","potentialAction":[{"@type":"ReadAction","target":["https:\/\/www.gr2.com\/de\/zahnkettenraeder-foederbandsysteme-und-sonderanfertigungen\/"]}]},{"@type":"BreadcrumbList","@id":"https:\/\/www.gr2.com\/de\/zahnkettenraeder-foederbandsysteme-und-sonderanfertigungen\/#breadcrumb","itemListElement":[{"@type":"ListItem","position":1,"name":"Startseite","item":"https:\/\/www.gr2.com\/de\/"},{"@type":"ListItem","position":2,"name":"Zahnkettenr\u00e4der"}]},{"@type":"WebSite","@id":"https:\/\/www.gr2.com\/de\/#website","url":"https:\/\/www.gr2.com\/de\/","name":"GR\u00b2 GmbH","description":"","potentialAction":[{"@type":"SearchAction","target":{"@type":"EntryPoint","urlTemplate":"https:\/\/www.gr2.com\/de\/?s={search_term_string}"},"query-input":"required name=search_term_string"}],"inLanguage":"de"}]}},"_links":{"self":[{"href":"https:\/\/www.gr2.com\/de\/wp-json\/wp\/v2\/pages\/250"}],"collection":[{"href":"https:\/\/www.gr2.com\/de\/wp-json\/wp\/v2\/pages"}],"about":[{"href":"https:\/\/www.gr2.com\/de\/wp-json\/wp\/v2\/types\/page"}],"author":[{"embeddable":true,"href":"https:\/\/www.gr2.com\/de\/wp-json\/wp\/v2\/users\/1"}],"replies":[{"embeddable":true,"href":"https:\/\/www.gr2.com\/de\/wp-json\/wp\/v2\/comments?post=250"}],"version-history":[{"count":16,"href":"https:\/\/www.gr2.com\/de\/wp-json\/wp\/v2\/pages\/250\/revisions"}],"predecessor-version":[{"id":1249,"href":"https:\/\/www.gr2.com\/de\/wp-json\/wp\/v2\/pages\/250\/revisions\/1249"}],"wp:attachment":[{"href":"https:\/\/www.gr2.com\/de\/wp-json\/wp\/v2\/media?parent=250"}],"curies":[{"name":"wp","href":"https:\/\/api.w.org\/{rel}","templated":true}]}}