{"id":249,"date":"2011-11-29T09:12:15","date_gmt":"2011-11-29T08:12:15","guid":{"rendered":"http:\/\/relaunch.gr2.com\/zahnketten\/"},"modified":"2022-04-27T18:34:01","modified_gmt":"2022-04-27T16:34:01","slug":"zahnketten-fuer-glasartikeltransport","status":"publish","type":"page","link":"https:\/\/www.gr2.com\/de\/zahnketten-fuer-glasartikeltransport\/","title":{"rendered":"Zahnketten"},"content":{"rendered":"<section class=\"wpb-content-wrapper\"><p>[vc_row full_width=&#8220;stretch_row_content_no_spaces&#8220;][vc_column 0=&#8220;&#8220;][vc_column_text 0=&#8220;&#8220;]\n    \n    \n\n    \t\n    \t\n            <div data-uk-slideshow>\n                <ul class=\"uk-slideshow\">\n\n            \n                    <li class=\"slide\">\n\n                        <div class=\"uk-width-1-1 uk-height-1-1\" id=\"slider-wrapper\">\n                                <div class=\"slider-img-wrapper\">\n                                    <img decoding=\"async\" src=\"https:\/\/www.gr2.com\/wp-content\/uploads\/slide-1.jpg\" alt=\"\" \/>\n                                <\/div>\n\n                                <div class=\"slider-cc-wrapper\">\n                                                                    <\/div>\n                        <\/div>\n\n                    <\/li>\n\n            \n                <\/ul>\n            <\/div>\n\n        \n    \t\n    \t\n    \n\n    [\/vc_column_text][\/vc_column][\/vc_row][vc_row 0=&#8220;&#8220;][vc_column 0=&#8220;&#8220;][vc_column_text 0=&#8220;&#8220;]<\/p>\n<h1>Zahnketten f\u00fcr Glasartikeltransport<\/h1>\n<p>[\/vc_column_text][vc_column_text el_class=&#8220;uk-column-medium-1-2&#8243;]<\/p>\n<p>Mit unseren <strong>Zahnketten <\/strong>f\u00fcr den Glasartikeltransport bieten wir Ihnen eine sichere, robuste und effiziente Transportl\u00f6sung, die speziell auf die Arbeitsprozesse der Glasbranche zugeschnitten ist. Die Transportketten bieten einen pr\u00e4zisen, vibrationsarmen Lauf und garantieren durch h\u00f6chste Widerstandsf\u00e4higkeit eine lange Lebensdauer. Unsere Produkte zeichnen sich durch hohe Leistungsdichte und Laufruhe aus und sind daher ideal f\u00fcr den Transport von Glasartikeln geeignet. Da keinerlei Gleitreibung auftritt, k\u00f6nnen problemlos auch hohe Umfangsgeschwindigkeiten gefahren werden.<\/p>\n<p>Unsere <a title=\"Pennine\" href=\"\/de\/pennine-industrial-equipment\/\">Pennine<\/a>-Zahnketten werden wahlweise aus Kohlenstoffstahl oder Edelstahl gefertigt und bieten dem Anwender hohe Zuverl\u00e4ssigkeit bei optimierter Lebensdauer dank des hochwertigen und pr\u00e4zisen Herstellprozesses.<\/p>\n<p>Vereinbaren Sie noch heute ein Beratungsgespr\u00e4ch mit einem unserer technischen Vertriebsingenieure. Treten Sie gleich per E-Mail oder telefonisch mit uns in <a title=\"Kontakt\" href=\"\/de\/kontakt\/\">Kontakt<\/a>.<\/p>\n<p>[\/vc_column_text][vc_row_inner 0=&#8220;&#8220;][vc_column_inner el_class=&#8220;list&#8220; width=&#8220;1\/2&#8243; css=&#8220;.vc_custom_1500292899938{padding-right: 20px !important;}&#8220;][vc_column_text 0=&#8220;&#8220;]<\/p>\n<h2>Zahnkette mit patentiertem Seitenschutz<\/h2>\n<p>Der patentierte Seitenschutz sichert gegen\u00fcber konventionellen Ketten und auch im Vergleich zu lasergeschwei\u00dften Zahnketten einen verbesserten Schutz gegen seitliche Besch\u00e4digung von Kette und Zapfen. Die Ketten k\u00f6nnen entsprechend den Kundenanforderungen in unz\u00e4hligen Varianten ausgef\u00fchrt werden.<\/p>\n<ul>\n<li>reduzierte L\u00e4ngung und erh\u00f6hte Lebensdauer durch unser innovatives Herstellverfahren<\/li>\n<li>patentierter Seitenschutz in unterschiedlichen Varianten f\u00fcr zuverl\u00e4ssigen Schutz der Kettenzapfen<\/li>\n<li>spezielle Laschen zur F\u00fchrung verhindern seitliches Ablaufen der Zahnkette vom Kettenrad<\/li>\n<li>hervorragende Qualit\u00e4t und bestes Preis-Leistungs-Verh\u00e4ltnis<\/li>\n<\/ul>\n<h2>Individuelle L\u00f6sungen f\u00fcr die Glasindustrie<\/h2>\n<p>gr\u00b2 ist Ihr starker Partner in der Glasindustrie. Durch Erfahrung und Know-how bieten wir Ihnen individuelle Automationsl\u00f6sungen mit Zahnketten und sichern eine wirtschaftliche Produktion \u2014 zuverl\u00e4ssig und dauerhaft. Unsere verl\u00e4sslichen Transportl\u00f6sungen beugen Stillstandszeiten und Ausf\u00e4llen vor und erh\u00f6hen so Ihre Produktivit\u00e4t. Ob Hohlglas, Flachglas oder Spezialglas \u2014 mit uns realisieren Sie Zahnketten zum Transport, die optimal auf Ihre Arbeitsabl\u00e4ufe und Arbeitsumgebungen zugeschnitten sind.<\/p>\n<p>In Zusammenarbeit mit dem Premium-Hersteller <a title=\"Parkinson-Spencer-Refractories\" href=\"\/de\/parkinson-spencer-refractories\/\">Parkinson-Spencer-Refractories<\/a> Ltd. (PSR) fertigen wir hochwertige Zahnketten f\u00fcr den Glasartikeltransport in der gew\u00fcnschten Menge und in kurzer Zeit. \u00dcberzeugen Sie sich nun selbst von <a href=\"https:\/\/www.gr2.com\/de\/\">gr\u00b2<\/a> und unseren Qualit\u00e4tsprodukten f\u00fcr die Glasindustrie! Vereinbaren Sie noch heute ein Beratungsgespr\u00e4ch mit einem unserer technischen Vertriebsingenieure und treten Sie per E-Mail oder telefonisch mit uns in <a title=\"Kontakt\" href=\"\/de\/kontakt\/\">Kontakt<\/a>.<\/p>\n<p>[\/vc_column_text][\/vc_column_inner][vc_column_inner width=&#8220;1\/2&#8243;][vc_column_text 0=&#8220;&#8220;][\/vc_column_text][vc_column_text 0=&#8220;&#8220;]<\/p>\n<h3>Produkt Anfrage<\/h3>\n<p>Bei Fragen bez\u00fcglich des Produktes k\u00f6nnen Sie gerne Kontakt mit uns aufnehmen.<\/p>\n<div class=\"wpcf7 no-js\" id=\"wpcf7-f995-o1\" lang=\"de-DE\" dir=\"ltr\">\n<div class=\"screen-reader-response\"><p role=\"status\" aria-live=\"polite\" aria-atomic=\"true\"><\/p> <ul><\/ul><\/div>\n<form action=\"\/de\/wp-json\/wp\/v2\/pages\/249#wpcf7-f995-o1\" method=\"post\" class=\"wpcf7-form init anfrage-form uk-form wpcf7-acceptance-as-validation\" id=\"anfrage-form\" aria-label=\"Kontaktformular\" novalidate=\"novalidate\" data-status=\"init\">\n<div style=\"display: none;\">\n<input type=\"hidden\" name=\"_wpcf7\" value=\"995\" \/>\n<input type=\"hidden\" name=\"_wpcf7_version\" value=\"5.9.3\" \/>\n<input type=\"hidden\" name=\"_wpcf7_locale\" value=\"de_DE\" \/>\n<input type=\"hidden\" name=\"_wpcf7_unit_tag\" value=\"wpcf7-f995-o1\" \/>\n<input type=\"hidden\" name=\"_wpcf7_container_post\" value=\"0\" \/>\n<input type=\"hidden\" name=\"_wpcf7_posted_data_hash\" value=\"\" \/>\n<\/div>\n<div class=\"uk-grid\">\n<div class=\"uk-width-medium-1-1\">\n<div class=\"uk-grid uk-grid-small\">\n<div class=\"uk-width-medium-1-1 uk-margin-bottom\">\n<span class=\"wpcf7-form-control-wrap\" data-name=\"firma\"><input size=\"40\" class=\"wpcf7-form-control wpcf7-text wpcf7-validates-as-required uk-width-1-1\" aria-required=\"true\" aria-invalid=\"false\" placeholder=\"Firma\" value=\"\" type=\"text\" name=\"firma\" \/><\/span>\n<\/div>\n   <div class=\"uk-width-medium-1-2 margin-bottom-light\">\n<span class=\"wpcf7-form-control-wrap\" data-name=\"vorname\"><input size=\"40\" class=\"wpcf7-form-control wpcf7-text wpcf7-validates-as-required uk-width-1-1\" aria-required=\"true\" aria-invalid=\"false\" placeholder=\"Vorname\" value=\"\" type=\"text\" name=\"vorname\" \/><\/span>\n<\/div>\n   <div class=\"uk-width-medium-1-2\">\n<span class=\"wpcf7-form-control-wrap\" data-name=\"nachname\"><input size=\"40\" class=\"wpcf7-form-control wpcf7-text wpcf7-validates-as-required uk-width-1-1\" aria-required=\"true\" aria-invalid=\"false\" placeholder=\"Nachname\" value=\"\" type=\"text\" name=\"nachname\" \/><\/span>\n<\/div>\n<\/div><\/div>\n\n<div class=\"uk-width-medium-1-1 uk-margin-top\">\n<div class=\"uk-grid uk-grid-small\">\n        <div class=\"uk-width-medium-1-2 margin-bottom-light\">\n<span class=\"wpcf7-form-control-wrap\" data-name=\"email\"><input size=\"40\" class=\"wpcf7-form-control wpcf7-email wpcf7-validates-as-required wpcf7-text wpcf7-validates-as-email uk-width-1-1\" aria-required=\"true\" aria-invalid=\"false\" placeholder=\"E-Mail\" value=\"\" type=\"email\" name=\"email\" \/><\/span>\n<\/div>\n<div class=\"uk-width-medium-1-2\">\n<span class=\"wpcf7-form-control-wrap\" data-name=\"tele\"><input size=\"40\" class=\"wpcf7-form-control wpcf7-text wpcf7-validates-as-required uk-width-1-1\" aria-required=\"true\" aria-invalid=\"false\" placeholder=\"Telefon\" value=\"\" type=\"text\" name=\"tele\" \/><\/span>\n<\/div>\n<\/div><\/div>\n\n<div class=\"uk-width-medium-1-1 uk-margin-top\">\n<div class=\"uk-grid uk-grid-small\">\n        <div class=\"uk-width-medium-1-1\">\n<span class=\"wpcf7-form-control-wrap\" data-name=\"text-msg\"><textarea cols=\"40\" rows=\"10\" class=\"wpcf7-form-control wpcf7-textarea wpcf7-validates-as-required uk-width-1-1 input-text-block\" aria-required=\"true\" aria-invalid=\"false\" placeholder=\"Ihre Nachricht an uns...\" name=\"text-msg\"><\/textarea><\/span>\n<div class=\"uk-margin-small-bottom uk-position-relative agreement\">\n        <span class=\"wpcf7-form-control-wrap\" data-name=\"agreement-box\"><span class=\"wpcf7-form-control wpcf7-acceptance\"><span class=\"wpcf7-list-item\"><input type=\"checkbox\" name=\"agreement-box\" value=\"1\" aria-invalid=\"false\" \/><\/span><\/span><\/span> * Ich stimme zu, dass meine Angaben aus dem Kontaktformular zur Beantwortung meiner Anfrage erhoben und verarbeitet werden. Siehe auch <a href=\"https:\/\/www.gr2.com\/de\/datenschutz\/\">Datenschutz<\/a>\n        <i class=\"uk-icon-question-circle\" data-uk-tooltip=\"{pos:'top-right'}\" title=\"Hinweis: Sie k\u00f6nnen Ihre Einwilligung jederzeit f\u00fcr die Zukunft per E-Mail an info@gr2.com widerrufen.\"><\/i>\n      <\/div>\n<\/div>\n<\/div><\/div>\n\n<div class=\"uk-width-medium-1-1 uk-margin-top\">\n<div class=\"uk-grid submit-green\">\n        <div class=\"uk-width-medium-1-1\">\n<input class=\"wpcf7-form-control wpcf7-submit has-spinner\" type=\"submit\" value=\"Anfrage Senden\" \/>\n<\/div>\n<\/div><\/div><\/div><div class=\"wpcf7-response-output\" aria-hidden=\"true\"><\/div>\n<\/form>\n<\/div>\n[\/vc_column_text][\/vc_column_inner][\/vc_row_inner][\/vc_column][\/vc_row][vc_row][vc_column css=&#8220;.vc_custom_1521189224422{margin-top: 40px !important;}&#8220;][vc_wp_custommenu title=&#8220;Unser Lieferprogramm umfasst L\u00f6sungen f\u00fcr folgende Bereiche von IS Maschinen:&#8220; nav_menu=&#8220;81&#8243; el_class=&#8220;checklist-small&#8220;][\/vc_column][\/vc_row]<\/p>\n<\/section>","protected":false},"excerpt":{"rendered":"<p>[vc_row full_width=&#8220;stretch_row_content_no_spaces&#8220;][vc_column 0=&#8220;&#8220;][vc_column_text 0=&#8220;&#8220;][\/vc_column_text][\/vc_column][\/vc_row][vc_row 0=&#8220;&#8220;][vc_column 0=&#8220;&#8220;][vc_column_text 0=&#8220;&#8220;] Zahnketten f\u00fcr Glasartikeltransport [\/vc_column_text][vc_column_text el_class=&#8220;uk-column-medium-1-2&#8243;] Mit unseren Zahnketten f\u00fcr den Glasartikeltransport bieten wir Ihnen eine sichere, robuste und effiziente Transportl\u00f6sung, die speziell auf die Arbeitsprozesse der Glasbranche zugeschnitten ist. Die Transportketten bieten einen pr\u00e4zisen, vibrationsarmen Lauf und garantieren durch h\u00f6chste Widerstandsf\u00e4higkeit eine lange Lebensdauer. Unsere Produkte zeichnen sich [&hellip;]<\/p>\n","protected":false},"author":1,"featured_media":0,"parent":0,"menu_order":47,"comment_status":"closed","ping_status":"closed","template":"","meta":{"_acf_changed":false,"inline_featured_image":false,"footnotes":""},"acf":[],"yoast_head":"<!-- This site is optimized with the Yoast SEO plugin v22.4 - https:\/\/yoast.com\/wordpress\/plugins\/seo\/ -->\n<title>Zahnketten f\u00fcr Glasartikeltransport - GR\u00b2 GmbH<\/title>\n<meta name=\"description\" content=\"Zahnketten f\u00fcr Glasartikeltransport mit patentiertem Seitenschutz. \u2713 aus Kohlenstoffstahl oder Edelstahl \u2713 beste Qualit\u00e4t \u25b6 Jetzt bestellen!\" \/>\n<meta name=\"robots\" content=\"index, follow, max-snippet:-1, max-image-preview:large, max-video-preview:-1\" \/>\n<link rel=\"canonical\" href=\"https:\/\/www.gr2.com\/de\/zahnketten-fuer-glasartikeltransport\/\" \/>\n<meta property=\"og:locale\" content=\"de_DE\" \/>\n<meta property=\"og:type\" content=\"article\" \/>\n<meta property=\"og:title\" content=\"Zahnketten f\u00fcr Glasartikeltransport - GR\u00b2 GmbH\" \/>\n<meta property=\"og:description\" content=\"Zahnketten f\u00fcr Glasartikeltransport mit patentiertem Seitenschutz. \u2713 aus Kohlenstoffstahl oder Edelstahl \u2713 beste Qualit\u00e4t \u25b6 Jetzt bestellen!\" \/>\n<meta property=\"og:url\" content=\"https:\/\/www.gr2.com\/de\/zahnketten-fuer-glasartikeltransport\/\" \/>\n<meta property=\"og:site_name\" content=\"GR\u00b2 GmbH\" \/>\n<meta property=\"article:modified_time\" content=\"2022-04-27T16:34:01+00:00\" \/>\n<meta name=\"twitter:card\" content=\"summary_large_image\" \/>\n<meta name=\"twitter:label1\" content=\"Gesch\u00e4tzte Lesezeit\" \/>\n\t<meta name=\"twitter:data1\" content=\"2\u00a0Minuten\" \/>\n<script type=\"application\/ld+json\" class=\"yoast-schema-graph\">{\"@context\":\"https:\/\/schema.org\",\"@graph\":[{\"@type\":\"WebPage\",\"@id\":\"https:\/\/www.gr2.com\/de\/zahnketten-fuer-glasartikeltransport\/\",\"url\":\"https:\/\/www.gr2.com\/de\/zahnketten-fuer-glasartikeltransport\/\",\"name\":\"Zahnketten f\u00fcr Glasartikeltransport - GR\u00b2 GmbH\",\"isPartOf\":{\"@id\":\"https:\/\/www.gr2.com\/de\/#website\"},\"datePublished\":\"2011-11-29T08:12:15+00:00\",\"dateModified\":\"2022-04-27T16:34:01+00:00\",\"description\":\"Zahnketten f\u00fcr Glasartikeltransport mit patentiertem Seitenschutz. \u2713 aus Kohlenstoffstahl oder Edelstahl \u2713 beste Qualit\u00e4t \u25b6 Jetzt bestellen!\",\"breadcrumb\":{\"@id\":\"https:\/\/www.gr2.com\/de\/zahnketten-fuer-glasartikeltransport\/#breadcrumb\"},\"inLanguage\":\"de\",\"potentialAction\":[{\"@type\":\"ReadAction\",\"target\":[\"https:\/\/www.gr2.com\/de\/zahnketten-fuer-glasartikeltransport\/\"]}]},{\"@type\":\"BreadcrumbList\",\"@id\":\"https:\/\/www.gr2.com\/de\/zahnketten-fuer-glasartikeltransport\/#breadcrumb\",\"itemListElement\":[{\"@type\":\"ListItem\",\"position\":1,\"name\":\"Startseite\",\"item\":\"https:\/\/www.gr2.com\/de\/\"},{\"@type\":\"ListItem\",\"position\":2,\"name\":\"Zahnketten\"}]},{\"@type\":\"WebSite\",\"@id\":\"https:\/\/www.gr2.com\/de\/#website\",\"url\":\"https:\/\/www.gr2.com\/de\/\",\"name\":\"GR\u00b2 GmbH\",\"description\":\"\",\"potentialAction\":[{\"@type\":\"SearchAction\",\"target\":{\"@type\":\"EntryPoint\",\"urlTemplate\":\"https:\/\/www.gr2.com\/de\/?s={search_term_string}\"},\"query-input\":\"required name=search_term_string\"}],\"inLanguage\":\"de\"}]}<\/script>\n<!-- \/ Yoast SEO plugin. -->","yoast_head_json":{"title":"Zahnketten f\u00fcr Glasartikeltransport - GR\u00b2 GmbH","description":"Zahnketten f\u00fcr Glasartikeltransport mit patentiertem Seitenschutz. \u2713 aus Kohlenstoffstahl oder Edelstahl \u2713 beste Qualit\u00e4t \u25b6 Jetzt bestellen!","robots":{"index":"index","follow":"follow","max-snippet":"max-snippet:-1","max-image-preview":"max-image-preview:large","max-video-preview":"max-video-preview:-1"},"canonical":"https:\/\/www.gr2.com\/de\/zahnketten-fuer-glasartikeltransport\/","og_locale":"de_DE","og_type":"article","og_title":"Zahnketten f\u00fcr Glasartikeltransport - GR\u00b2 GmbH","og_description":"Zahnketten f\u00fcr Glasartikeltransport mit patentiertem Seitenschutz. \u2713 aus Kohlenstoffstahl oder Edelstahl \u2713 beste Qualit\u00e4t \u25b6 Jetzt bestellen!","og_url":"https:\/\/www.gr2.com\/de\/zahnketten-fuer-glasartikeltransport\/","og_site_name":"GR\u00b2 GmbH","article_modified_time":"2022-04-27T16:34:01+00:00","twitter_card":"summary_large_image","twitter_misc":{"Gesch\u00e4tzte Lesezeit":"2\u00a0Minuten"},"schema":{"@context":"https:\/\/schema.org","@graph":[{"@type":"WebPage","@id":"https:\/\/www.gr2.com\/de\/zahnketten-fuer-glasartikeltransport\/","url":"https:\/\/www.gr2.com\/de\/zahnketten-fuer-glasartikeltransport\/","name":"Zahnketten f\u00fcr Glasartikeltransport - GR\u00b2 GmbH","isPartOf":{"@id":"https:\/\/www.gr2.com\/de\/#website"},"datePublished":"2011-11-29T08:12:15+00:00","dateModified":"2022-04-27T16:34:01+00:00","description":"Zahnketten f\u00fcr Glasartikeltransport mit patentiertem Seitenschutz. \u2713 aus Kohlenstoffstahl oder Edelstahl \u2713 beste Qualit\u00e4t \u25b6 Jetzt bestellen!","breadcrumb":{"@id":"https:\/\/www.gr2.com\/de\/zahnketten-fuer-glasartikeltransport\/#breadcrumb"},"inLanguage":"de","potentialAction":[{"@type":"ReadAction","target":["https:\/\/www.gr2.com\/de\/zahnketten-fuer-glasartikeltransport\/"]}]},{"@type":"BreadcrumbList","@id":"https:\/\/www.gr2.com\/de\/zahnketten-fuer-glasartikeltransport\/#breadcrumb","itemListElement":[{"@type":"ListItem","position":1,"name":"Startseite","item":"https:\/\/www.gr2.com\/de\/"},{"@type":"ListItem","position":2,"name":"Zahnketten"}]},{"@type":"WebSite","@id":"https:\/\/www.gr2.com\/de\/#website","url":"https:\/\/www.gr2.com\/de\/","name":"GR\u00b2 GmbH","description":"","potentialAction":[{"@type":"SearchAction","target":{"@type":"EntryPoint","urlTemplate":"https:\/\/www.gr2.com\/de\/?s={search_term_string}"},"query-input":"required name=search_term_string"}],"inLanguage":"de"}]}},"_links":{"self":[{"href":"https:\/\/www.gr2.com\/de\/wp-json\/wp\/v2\/pages\/249"}],"collection":[{"href":"https:\/\/www.gr2.com\/de\/wp-json\/wp\/v2\/pages"}],"about":[{"href":"https:\/\/www.gr2.com\/de\/wp-json\/wp\/v2\/types\/page"}],"author":[{"embeddable":true,"href":"https:\/\/www.gr2.com\/de\/wp-json\/wp\/v2\/users\/1"}],"replies":[{"embeddable":true,"href":"https:\/\/www.gr2.com\/de\/wp-json\/wp\/v2\/comments?post=249"}],"version-history":[{"count":7,"href":"https:\/\/www.gr2.com\/de\/wp-json\/wp\/v2\/pages\/249\/revisions"}],"predecessor-version":[{"id":2083,"href":"https:\/\/www.gr2.com\/de\/wp-json\/wp\/v2\/pages\/249\/revisions\/2083"}],"wp:attachment":[{"href":"https:\/\/www.gr2.com\/de\/wp-json\/wp\/v2\/media?parent=249"}],"curies":[{"name":"wp","href":"https:\/\/api.w.org\/{rel}","templated":true}]}}