{"id":246,"date":"2011-11-29T09:11:05","date_gmt":"2011-11-29T08:11:05","guid":{"rendered":"http:\/\/relaunch.gr2.com\/kolbenringe\/"},"modified":"2022-12-20T11:10:53","modified_gmt":"2022-12-20T10:10:53","slug":"kolbenringe-dichtungsringe-spezialbuchsen","status":"publish","type":"page","link":"https:\/\/www.gr2.com\/de\/kolbenringe-dichtungsringe-spezialbuchsen\/","title":{"rendered":"Kolbenringe"},"content":{"rendered":"<section class=\"wpb-content-wrapper\"><p>[vc_row full_width=&#8220;stretch_row_content_no_spaces&#8220;][vc_column 0=&#8220;&#8220;][vc_column_text 0=&#8220;&#8220;]\n    \n    \n\n    \t\n    \t\n            <div data-uk-slideshow>\n                <ul class=\"uk-slideshow\">\n\n            \n                    <li class=\"slide\">\n\n                        <div class=\"uk-width-1-1 uk-height-1-1\" id=\"slider-wrapper\">\n                                <div class=\"slider-img-wrapper\">\n                                    <img decoding=\"async\" src=\"https:\/\/www.gr2.com\/wp-content\/uploads\/slide-1.jpg\" alt=\"\" \/>\n                                <\/div>\n\n                                <div class=\"slider-cc-wrapper\">\n                                                                    <\/div>\n                        <\/div>\n\n                    <\/li>\n\n            \n                <\/ul>\n            <\/div>\n\n        \n    \t\n    \t\n    \n\n    [\/vc_column_text][\/vc_column][\/vc_row][vc_row 0=&#8220;&#8220;][vc_column 0=&#8220;&#8220;][vc_column_text 0=&#8220;&#8220;]<\/p>\n<h1>Industrielle Kolbenringe vom Spezialisten<\/h1>\n<p>[\/vc_column_text][vc_row_inner 0=&#8220;&#8220;][vc_column_inner el_class=&#8220;list&#8220; width=&#8220;1\/2&#8243; css=&#8220;.vc_custom_1500292899938{padding-right: 20px !important;}&#8220;][vc_column_text 0=&#8220;&#8220;]In der Glasindustrie gibt es eine Vielzahl an Mechanismen, bei denen <strong>Kolbenringe<\/strong> oder <b>Dichtungsringe<\/b> ben\u00f6tigt werden. Um die verschiedensten <a title=\"IS-Mechanismen\" href=\"\/de\/is-mechanismen\/\">Mechanismen auf IS-Maschinen<\/a>, Scheren und Speisern zu unterst\u00fctzen, beliefert <a title=\"gr\u00b2\" href=\"\/de\/\">gr\u00b2<\/a> die Glasindustrie mit hochwertigen Kolbenringen aus Guss, Stahl oder Silikon.<\/p>\n<p>Sie m\u00f6chten Ihren Brennraum gegen\u00fcber dem Kurbelgeh\u00e4use abdichten? Dann bieten unsere Kolbenringe die perfekte L\u00f6sung. Sie erhalten die Dichtung zwischen den beiden Werkteilen und sorgen zus\u00e4tzlich f\u00fcr eine <b>optimale W\u00e4rmeableitung<\/b> sowie eine <b>geringe Abnahme der Elastizit\u00e4t<\/b> bei hohen Temperaturen.<\/p>\n<p>Als <b>Spezialisten f\u00fcr die Belieferung der Glasindustrie<\/b> sind wir Ihr Partner, wenn es um die Versorgung mit ma\u00dfgefertigten Dichtungs- und Kolbenringen geht. Dar\u00fcber hinaus versorgen wir Sie gerne mit <b>Dichtungss\u00e4tzen<\/b> (auch mit dazugeh\u00f6rigen Stahlteilen), <b>O-Ringen<\/b> und <b>Spezialbuchsen<\/b>. Treten Sie ganz einfach mit uns in <a title=\"Jetzt Kontakt aufnehmen!\" href=\"\/de\/kontakt\/\">Kontakt<\/a> und holen Sie sich eine professionelle Expertise ein!<\/p>\n<p><b>Hinweis<\/b>: F\u00fcr neue Einzelteile, die wir noch nicht im Lieferprogramm haben, ben\u00f6tigen wir zur Spezifizierung ein unbenutztes, neuwertiges Muster.<\/p>\n<h2>Gr\u00f6\u00dfe und Material der Dichtungsringe: Ein ma\u00dfgeblicher Faktor in der Glasindustrie<\/h2>\n<p>Die Abdichtung von Leitungen, H\u00e4hnen und anderen Werkteilen nimmt in der Glasindustrie eine besonders wichtige Rolle ein. Das Austreten von Fl\u00fcssigkeiten und Gase, welche nicht entweichen sollen, bleibt dank der robusten Dichtungsringe erspart. F\u00fcr eine erfolgreiche und sichere Dichtung muss die <b>Gr\u00f6\u00dfe der Ringe<\/b> ma\u00dfgeblich beachtet werden.<\/p>\n<p>Vor Anschaffung der Ringe sollte der Anwendungsbereich demnach genauestens ausgemessen werden. Haben Sie die ben\u00f6tigte Gr\u00f6\u00dfe ermessen, k\u00f6nnen Sie die robusten Dichtungs- und Kolbenringe bei uns nach Ma\u00df anfertigen lassen.<\/p>\n<p>Unabh\u00e4ngig von der Gr\u00f6\u00dfe, k\u00f6nnen die Ringe aus verschiedensten Materialien gefertigt werden. In den meisten F\u00e4llen bestehen sie aus Silikon, Kautschuk (Gummi), Guss oder Stahl. Mithilfe von <b>speziellen Beschichtungen<\/b> werden die Dichtungs- und Kolbenringe sogar gegen aggressive Fl\u00fcssigkeiten, wie etwa S\u00e4uren oder \u00d6le, gesch\u00fctzt.[\/vc_column_text][vc_column_text 0=&#8220;&#8220;][\/vc_column_text][\/vc_column_inner][vc_column_inner width=&#8220;1\/2&#8243;][vc_column_text 0=&#8220;&#8220;]<\/p>\n<h3>Die Vorteile unserer Dichtungs- und Kolbenringe f\u00fcr die Glasindustrie:<\/h3>\n<ul>\n<li style=\"list-style-type: none;\">\n<ul>\n<li>hohe Langlebigkeit und Nachhaltigkeit<\/li>\n<li>dank spezieller Beschichtung auch gegen aggressive Fl\u00fcssigkeiten best\u00e4ndig<\/li>\n<li>ma\u00dfgefertigte L\u00f6sung mit optimaler Gr\u00f6\u00dfe<\/li>\n<li>sichere und zuverl\u00e4ssige Dichtungsfunktion<\/li>\n<\/ul>\n<\/li>\n<\/ul>\n<ul>\n<li>Herstellung aus hochwertigen Materialien (Silikon, Kautschuk oder Guss)<\/li>\n<\/ul>\n<p>Sie sind auf der Suche nach hochwertigen L\u00f6sungen f\u00fcr die Dichtung von Leitungen, H\u00e4hnen und anderen Werkteilen? Dann sind Sie bei uns goldrichtig. Lassen Sie sich von unserem erfahrenen Team beraten und erhalten Sie industrielle <b>Dichtungs- und Kolbenringe nach Ma\u00df<\/b>. Wir freuen uns auf Ihre Anfrage!<\/p>\n<h3>Produkt Anfrage<\/h3>\n<p>Bei Fragen bez\u00fcglich des Produktes k\u00f6nnen Sie gerne Kontakt mit uns aufnehmen.<\/p>\n<div class=\"wpcf7 no-js\" id=\"wpcf7-f995-o1\" lang=\"de-DE\" dir=\"ltr\">\n<div class=\"screen-reader-response\"><p role=\"status\" aria-live=\"polite\" aria-atomic=\"true\"><\/p> <ul><\/ul><\/div>\n<form action=\"\/de\/wp-json\/wp\/v2\/pages\/246#wpcf7-f995-o1\" method=\"post\" class=\"wpcf7-form init anfrage-form uk-form wpcf7-acceptance-as-validation\" id=\"anfrage-form\" aria-label=\"Kontaktformular\" novalidate=\"novalidate\" data-status=\"init\">\n<div style=\"display: none;\">\n<input type=\"hidden\" name=\"_wpcf7\" value=\"995\" \/>\n<input type=\"hidden\" name=\"_wpcf7_version\" value=\"5.9.3\" \/>\n<input type=\"hidden\" name=\"_wpcf7_locale\" value=\"de_DE\" \/>\n<input type=\"hidden\" name=\"_wpcf7_unit_tag\" value=\"wpcf7-f995-o1\" \/>\n<input type=\"hidden\" name=\"_wpcf7_container_post\" value=\"0\" \/>\n<input type=\"hidden\" name=\"_wpcf7_posted_data_hash\" value=\"\" \/>\n<\/div>\n<div class=\"uk-grid\">\n<div class=\"uk-width-medium-1-1\">\n<div class=\"uk-grid uk-grid-small\">\n<div class=\"uk-width-medium-1-1 uk-margin-bottom\">\n<span class=\"wpcf7-form-control-wrap\" data-name=\"firma\"><input size=\"40\" class=\"wpcf7-form-control wpcf7-text wpcf7-validates-as-required uk-width-1-1\" aria-required=\"true\" aria-invalid=\"false\" placeholder=\"Firma\" value=\"\" type=\"text\" name=\"firma\" \/><\/span>\n<\/div>\n   <div class=\"uk-width-medium-1-2 margin-bottom-light\">\n<span class=\"wpcf7-form-control-wrap\" data-name=\"vorname\"><input size=\"40\" class=\"wpcf7-form-control wpcf7-text wpcf7-validates-as-required uk-width-1-1\" aria-required=\"true\" aria-invalid=\"false\" placeholder=\"Vorname\" value=\"\" type=\"text\" name=\"vorname\" \/><\/span>\n<\/div>\n   <div class=\"uk-width-medium-1-2\">\n<span class=\"wpcf7-form-control-wrap\" data-name=\"nachname\"><input size=\"40\" class=\"wpcf7-form-control wpcf7-text wpcf7-validates-as-required uk-width-1-1\" aria-required=\"true\" aria-invalid=\"false\" placeholder=\"Nachname\" value=\"\" type=\"text\" name=\"nachname\" \/><\/span>\n<\/div>\n<\/div><\/div>\n\n<div class=\"uk-width-medium-1-1 uk-margin-top\">\n<div class=\"uk-grid uk-grid-small\">\n        <div class=\"uk-width-medium-1-2 margin-bottom-light\">\n<span class=\"wpcf7-form-control-wrap\" data-name=\"email\"><input size=\"40\" class=\"wpcf7-form-control wpcf7-email wpcf7-validates-as-required wpcf7-text wpcf7-validates-as-email uk-width-1-1\" aria-required=\"true\" aria-invalid=\"false\" placeholder=\"E-Mail\" value=\"\" type=\"email\" name=\"email\" \/><\/span>\n<\/div>\n<div class=\"uk-width-medium-1-2\">\n<span class=\"wpcf7-form-control-wrap\" data-name=\"tele\"><input size=\"40\" class=\"wpcf7-form-control wpcf7-text wpcf7-validates-as-required uk-width-1-1\" aria-required=\"true\" aria-invalid=\"false\" placeholder=\"Telefon\" value=\"\" type=\"text\" name=\"tele\" \/><\/span>\n<\/div>\n<\/div><\/div>\n\n<div class=\"uk-width-medium-1-1 uk-margin-top\">\n<div class=\"uk-grid uk-grid-small\">\n        <div class=\"uk-width-medium-1-1\">\n<span class=\"wpcf7-form-control-wrap\" data-name=\"text-msg\"><textarea cols=\"40\" rows=\"10\" class=\"wpcf7-form-control wpcf7-textarea wpcf7-validates-as-required uk-width-1-1 input-text-block\" aria-required=\"true\" aria-invalid=\"false\" placeholder=\"Ihre Nachricht an uns...\" name=\"text-msg\"><\/textarea><\/span>\n<div class=\"uk-margin-small-bottom uk-position-relative agreement\">\n        <span class=\"wpcf7-form-control-wrap\" data-name=\"agreement-box\"><span class=\"wpcf7-form-control wpcf7-acceptance\"><span class=\"wpcf7-list-item\"><input type=\"checkbox\" name=\"agreement-box\" value=\"1\" aria-invalid=\"false\" \/><\/span><\/span><\/span> * Ich stimme zu, dass meine Angaben aus dem Kontaktformular zur Beantwortung meiner Anfrage erhoben und verarbeitet werden. Siehe auch <a href=\"https:\/\/www.gr2.com\/de\/datenschutz\/\">Datenschutz<\/a>\n        <i class=\"uk-icon-question-circle\" data-uk-tooltip=\"{pos:'top-right'}\" title=\"Hinweis: Sie k\u00f6nnen Ihre Einwilligung jederzeit f\u00fcr die Zukunft per E-Mail an info@gr2.com widerrufen.\"><\/i>\n      <\/div>\n<\/div>\n<\/div><\/div>\n\n<div class=\"uk-width-medium-1-1 uk-margin-top\">\n<div class=\"uk-grid submit-green\">\n        <div class=\"uk-width-medium-1-1\">\n<input class=\"wpcf7-form-control wpcf7-submit has-spinner\" type=\"submit\" value=\"Anfrage Senden\" \/>\n<\/div>\n<\/div><\/div><\/div><div class=\"wpcf7-response-output\" aria-hidden=\"true\"><\/div>\n<\/form>\n<\/div>\n[\/vc_column_text][\/vc_column_inner][\/vc_row_inner][\/vc_column][\/vc_row][vc_row][vc_column css=&#8220;.vc_custom_1521189224422{margin-top: 40px !important;}&#8220;][vc_wp_custommenu title=&#8220;Unser Lieferprogramm umfasst L\u00f6sungen f\u00fcr folgende Bereiche von IS Maschinen:&#8220; nav_menu=&#8220;81&#8243; el_class=&#8220;checklist-small&#8220;][\/vc_column][\/vc_row]<\/p>\n<\/section>","protected":false},"excerpt":{"rendered":"<p>[vc_row full_width=&#8220;stretch_row_content_no_spaces&#8220;][vc_column 0=&#8220;&#8220;][vc_column_text 0=&#8220;&#8220;][\/vc_column_text][\/vc_column][\/vc_row][vc_row 0=&#8220;&#8220;][vc_column 0=&#8220;&#8220;][vc_column_text 0=&#8220;&#8220;] Industrielle Kolbenringe vom Spezialisten [\/vc_column_text][vc_row_inner 0=&#8220;&#8220;][vc_column_inner el_class=&#8220;list&#8220; width=&#8220;1\/2&#8243; css=&#8220;.vc_custom_1500292899938{padding-right: 20px !important;}&#8220;][vc_column_text 0=&#8220;&#8220;]In der Glasindustrie gibt es eine Vielzahl an Mechanismen, bei denen Kolbenringe oder Dichtungsringe ben\u00f6tigt werden. Um die verschiedensten Mechanismen auf IS-Maschinen, Scheren und Speisern zu unterst\u00fctzen, beliefert gr\u00b2 die Glasindustrie mit hochwertigen Kolbenringen aus Guss, Stahl [&hellip;]<\/p>\n","protected":false},"author":1,"featured_media":0,"parent":0,"menu_order":50,"comment_status":"closed","ping_status":"closed","template":"","meta":{"_acf_changed":false,"inline_featured_image":false,"footnotes":""},"acf":[],"yoast_head":"<!-- This site is optimized with the Yoast SEO plugin v22.4 - https:\/\/yoast.com\/wordpress\/plugins\/seo\/ -->\n<title>Kolbenringe f\u00fcr die Glasindustrie - GR\u00b2 GmbH<\/title>\n<meta name=\"description\" content=\"Bei GR\u00b2 erhalten Sie Kolben- &amp; Dichtungsringe aus robusten Materialien. \u2713 aus Stahl, Gummi oder Silikon. \u25b6 Jetzt online informieren und Beratung sichern!\" \/>\n<meta name=\"robots\" content=\"index, follow, max-snippet:-1, max-image-preview:large, max-video-preview:-1\" \/>\n<link rel=\"canonical\" href=\"https:\/\/www.gr2.com\/de\/kolbenringe-dichtungsringe-spezialbuchsen\/\" \/>\n<meta property=\"og:locale\" content=\"de_DE\" \/>\n<meta property=\"og:type\" content=\"article\" \/>\n<meta property=\"og:title\" content=\"Kolbenringe f\u00fcr die Glasindustrie - GR\u00b2 GmbH\" \/>\n<meta property=\"og:description\" content=\"Bei GR\u00b2 erhalten Sie Kolben- &amp; Dichtungsringe aus robusten Materialien. \u2713 aus Stahl, Gummi oder Silikon. \u25b6 Jetzt online informieren und Beratung sichern!\" \/>\n<meta property=\"og:url\" content=\"https:\/\/www.gr2.com\/de\/kolbenringe-dichtungsringe-spezialbuchsen\/\" \/>\n<meta property=\"og:site_name\" content=\"GR\u00b2 GmbH\" \/>\n<meta property=\"article:modified_time\" content=\"2022-12-20T10:10:53+00:00\" \/>\n<meta name=\"twitter:card\" content=\"summary_large_image\" \/>\n<meta name=\"twitter:label1\" content=\"Gesch\u00e4tzte Lesezeit\" \/>\n\t<meta name=\"twitter:data1\" content=\"3\u00a0Minuten\" \/>\n<script type=\"application\/ld+json\" class=\"yoast-schema-graph\">{\"@context\":\"https:\/\/schema.org\",\"@graph\":[{\"@type\":\"WebPage\",\"@id\":\"https:\/\/www.gr2.com\/de\/kolbenringe-dichtungsringe-spezialbuchsen\/\",\"url\":\"https:\/\/www.gr2.com\/de\/kolbenringe-dichtungsringe-spezialbuchsen\/\",\"name\":\"Kolbenringe f\u00fcr die Glasindustrie - GR\u00b2 GmbH\",\"isPartOf\":{\"@id\":\"https:\/\/www.gr2.com\/de\/#website\"},\"datePublished\":\"2011-11-29T08:11:05+00:00\",\"dateModified\":\"2022-12-20T10:10:53+00:00\",\"description\":\"Bei GR\u00b2 erhalten Sie Kolben- & Dichtungsringe aus robusten Materialien. \u2713 aus Stahl, Gummi oder Silikon. \u25b6 Jetzt online informieren und Beratung sichern!\",\"breadcrumb\":{\"@id\":\"https:\/\/www.gr2.com\/de\/kolbenringe-dichtungsringe-spezialbuchsen\/#breadcrumb\"},\"inLanguage\":\"de\",\"potentialAction\":[{\"@type\":\"ReadAction\",\"target\":[\"https:\/\/www.gr2.com\/de\/kolbenringe-dichtungsringe-spezialbuchsen\/\"]}]},{\"@type\":\"BreadcrumbList\",\"@id\":\"https:\/\/www.gr2.com\/de\/kolbenringe-dichtungsringe-spezialbuchsen\/#breadcrumb\",\"itemListElement\":[{\"@type\":\"ListItem\",\"position\":1,\"name\":\"Startseite\",\"item\":\"https:\/\/www.gr2.com\/de\/\"},{\"@type\":\"ListItem\",\"position\":2,\"name\":\"Kolbenringe\"}]},{\"@type\":\"WebSite\",\"@id\":\"https:\/\/www.gr2.com\/de\/#website\",\"url\":\"https:\/\/www.gr2.com\/de\/\",\"name\":\"GR\u00b2 GmbH\",\"description\":\"\",\"potentialAction\":[{\"@type\":\"SearchAction\",\"target\":{\"@type\":\"EntryPoint\",\"urlTemplate\":\"https:\/\/www.gr2.com\/de\/?s={search_term_string}\"},\"query-input\":\"required name=search_term_string\"}],\"inLanguage\":\"de\"}]}<\/script>\n<!-- \/ Yoast SEO plugin. -->","yoast_head_json":{"title":"Kolbenringe f\u00fcr die Glasindustrie - GR\u00b2 GmbH","description":"Bei GR\u00b2 erhalten Sie Kolben- & Dichtungsringe aus robusten Materialien. \u2713 aus Stahl, Gummi oder Silikon. \u25b6 Jetzt online informieren und Beratung sichern!","robots":{"index":"index","follow":"follow","max-snippet":"max-snippet:-1","max-image-preview":"max-image-preview:large","max-video-preview":"max-video-preview:-1"},"canonical":"https:\/\/www.gr2.com\/de\/kolbenringe-dichtungsringe-spezialbuchsen\/","og_locale":"de_DE","og_type":"article","og_title":"Kolbenringe f\u00fcr die Glasindustrie - GR\u00b2 GmbH","og_description":"Bei GR\u00b2 erhalten Sie Kolben- & Dichtungsringe aus robusten Materialien. \u2713 aus Stahl, Gummi oder Silikon. \u25b6 Jetzt online informieren und Beratung sichern!","og_url":"https:\/\/www.gr2.com\/de\/kolbenringe-dichtungsringe-spezialbuchsen\/","og_site_name":"GR\u00b2 GmbH","article_modified_time":"2022-12-20T10:10:53+00:00","twitter_card":"summary_large_image","twitter_misc":{"Gesch\u00e4tzte Lesezeit":"3\u00a0Minuten"},"schema":{"@context":"https:\/\/schema.org","@graph":[{"@type":"WebPage","@id":"https:\/\/www.gr2.com\/de\/kolbenringe-dichtungsringe-spezialbuchsen\/","url":"https:\/\/www.gr2.com\/de\/kolbenringe-dichtungsringe-spezialbuchsen\/","name":"Kolbenringe f\u00fcr die Glasindustrie - GR\u00b2 GmbH","isPartOf":{"@id":"https:\/\/www.gr2.com\/de\/#website"},"datePublished":"2011-11-29T08:11:05+00:00","dateModified":"2022-12-20T10:10:53+00:00","description":"Bei GR\u00b2 erhalten Sie Kolben- & Dichtungsringe aus robusten Materialien. \u2713 aus Stahl, Gummi oder Silikon. \u25b6 Jetzt online informieren und Beratung sichern!","breadcrumb":{"@id":"https:\/\/www.gr2.com\/de\/kolbenringe-dichtungsringe-spezialbuchsen\/#breadcrumb"},"inLanguage":"de","potentialAction":[{"@type":"ReadAction","target":["https:\/\/www.gr2.com\/de\/kolbenringe-dichtungsringe-spezialbuchsen\/"]}]},{"@type":"BreadcrumbList","@id":"https:\/\/www.gr2.com\/de\/kolbenringe-dichtungsringe-spezialbuchsen\/#breadcrumb","itemListElement":[{"@type":"ListItem","position":1,"name":"Startseite","item":"https:\/\/www.gr2.com\/de\/"},{"@type":"ListItem","position":2,"name":"Kolbenringe"}]},{"@type":"WebSite","@id":"https:\/\/www.gr2.com\/de\/#website","url":"https:\/\/www.gr2.com\/de\/","name":"GR\u00b2 GmbH","description":"","potentialAction":[{"@type":"SearchAction","target":{"@type":"EntryPoint","urlTemplate":"https:\/\/www.gr2.com\/de\/?s={search_term_string}"},"query-input":"required name=search_term_string"}],"inLanguage":"de"}]}},"_links":{"self":[{"href":"https:\/\/www.gr2.com\/de\/wp-json\/wp\/v2\/pages\/246"}],"collection":[{"href":"https:\/\/www.gr2.com\/de\/wp-json\/wp\/v2\/pages"}],"about":[{"href":"https:\/\/www.gr2.com\/de\/wp-json\/wp\/v2\/types\/page"}],"author":[{"embeddable":true,"href":"https:\/\/www.gr2.com\/de\/wp-json\/wp\/v2\/users\/1"}],"replies":[{"embeddable":true,"href":"https:\/\/www.gr2.com\/de\/wp-json\/wp\/v2\/comments?post=246"}],"version-history":[{"count":7,"href":"https:\/\/www.gr2.com\/de\/wp-json\/wp\/v2\/pages\/246\/revisions"}],"predecessor-version":[{"id":2101,"href":"https:\/\/www.gr2.com\/de\/wp-json\/wp\/v2\/pages\/246\/revisions\/2101"}],"wp:attachment":[{"href":"https:\/\/www.gr2.com\/de\/wp-json\/wp\/v2\/media?parent=246"}],"curies":[{"name":"wp","href":"https:\/\/api.w.org\/{rel}","templated":true}]}}