{"id":239,"date":"2011-11-29T09:04:10","date_gmt":"2011-11-29T08:04:10","guid":{"rendered":"http:\/\/relaunch.gr2.com\/tropfenmessgeraet-speed-gob-plus\/"},"modified":"2018-03-16T10:09:42","modified_gmt":"2018-03-16T09:09:42","slug":"tropfenmessgeraet-speed-gob-plus","status":"publish","type":"page","link":"https:\/\/www.gr2.com\/de\/tropfenmessgeraet-speed-gob-plus\/","title":{"rendered":"Tropfenmessger\u00e4t Speed Gob Plus"},"content":{"rendered":"<section class=\"wpb-content-wrapper\"><p>[vc_row full_width=&#8220;stretch_row_content_no_spaces&#8220;][vc_column][vc_column_text]\n    \n    \n\n    \t\n    \t\n            <div data-uk-slideshow>\n                <ul class=\"uk-slideshow\">\n\n            \n                    <li class=\"slide\">\n\n                        <div class=\"uk-width-1-1 uk-height-1-1\" id=\"slider-wrapper\">\n                                <div class=\"slider-img-wrapper\">\n                                    <img decoding=\"async\" src=\"https:\/\/www.gr2.com\/wp-content\/uploads\/slide-1.jpg\" alt=\"\" \/>\n                                <\/div>\n\n                                <div class=\"slider-cc-wrapper\">\n                                                                    <\/div>\n                        <\/div>\n\n                    <\/li>\n\n            \n                <\/ul>\n            <\/div>\n\n        \n    \t\n    \t\n    \n\n    [\/vc_column_text][\/vc_column][\/vc_row][vc_row][vc_column][vc_column_text]<\/p>\n<h1>Tropfenmessger\u00e4t Speedgob Plus<\/h1>\n<p>[\/vc_column_text][vc_column_text el_class=&#8220;uk-column-medium-1-2&#8243;]Dieses Ger\u00e4t dient der Messung von L\u00e4nge, Beschleunigung und Temperatur der Glastropfen flexibel auf dem Transportweg zwischen Schere und Vorform. Als unverzichtbares Werkzeug unterst\u00fctzt es den Glasmacher perfekt bei der Optimierung des Produktionsprozesses und hilft bei der Probleml\u00f6sung.[\/vc_column_text][vc_row_inner][vc_column_inner el_class=&#8220;list&#8220; width=&#8220;1\/2&#8243; css=&#8220;.vc_custom_1500292899938{padding-right: 20px !important;}&#8220;][vc_column_text]<\/p>\n<h3>Einfache Bedienbarkeit<\/h3>\n<ul>\n<li>Eine handliche Steuerkonsole mit drei Schaltfl\u00e4chen und einem gro\u00dfen LCD-Bildschirm erm\u00f6glicht die Vornahme aller Einstellungen direkt an der Produktionslinie<\/li>\n<li>Leichte und praktische Handlanze mit Messkopf f\u00fcr einfachere Bedienung und mehr Sicherheit (mehr Abstand zum heissen Glas)<\/li>\n<li>Mit dem Ausl\u00f6seknopf auf der Lanze k\u00f6nnen problemlos Einhand-Messungen vorgenommen werden<\/li>\n<li>Drehbarer Messkopf erlaubt die optimale Messposition f\u00fcr alle Situationen<\/li>\n<li>Durch die praktische Messlanze einfachere Durchf\u00fchrung der Messungen auch auf Drei- und Vierfachtropfenmaschinen<\/li>\n<li>Metrische (SI) oder imperiale Messeinheiten<\/li>\n<li>Bildschirmmen\u00fcs in verschiedenen Sprachen<\/li>\n<\/ul>\n<p>[\/vc_column_text][vc_single_image image=&#8220;1173&#8243; img_size=&#8220;medium&#8220; add_caption=&#8220;yes&#8220; alignment=&#8220;center&#8220;][\/vc_column_inner][vc_column_inner el_class=&#8220;list&#8220; width=&#8220;1\/2&#8243;][vc_column_text]<\/p>\n<h3>Betriebsoptionen Steuerkonsole<\/h3>\n<ul>\n<li><span style=\"font-weight: bold;\">Konfiguration:<\/span>\u00a0Voreinstellung von Maschinennr., Stationsnr. und Kavit\u00e4t f\u00fcr Datenspeicherung (100 Pl\u00e4tze f\u00fcr Maschinen, Stationen und Kavit\u00e4ten verf\u00fcgbar)<\/li>\n<li><span style=\"font-weight: bold;\">Speichermodus:<\/span>\u00a0Kapazit\u00e4t f\u00fcr die Speicherung von insgesamt \u00fcber 100.000 Messwerten f\u00fcr Tropfenl\u00e4nge, Tropfengeschwindigkeit und Temperatur<\/li>\n<li><span style=\"font-weight: bold;\">Datenabruf:<\/span>\u00a0S\u00e4mtliche gespeicherten Messwerte sind jederzeit abrufbar<\/li>\n<li><span style=\"font-weight: bold;\">Daten\u00fcbertragung:<\/span>\u00a0Drahtlose \u00dcbertragung der Daten von der Steuerkonsole in das Programm Microsoft Excel auf Ihrem PC oder Laptop \u00fcber Bluetooth.<\/li>\n<li><span style=\"font-weight: bold;\">Sofortmodus:\u00a0<\/span>f\u00fcr schnelle Messung ohne jegliche Vorbereitung und ohne Abspeicherung. In diesem Modus werden Tropfenl\u00e4nge, Geschwindigkeit und Durchmesser (basierend auf dem eingegebenen Tropfengewicht) ermittelt. \u00dcber die Durchschnittsfunktion k\u00f6nnen die durchschnittlichen Werte der letzten 10 Messungen dargestellt werden.<\/li>\n<li>Die Handlanze verwendet Standard D Batterien und die Steuerkonsole verwendet 4 AA Batterien.<\/li>\n<li>Es k\u00f6nnen normale Batterien oder wiederaufladbare Akkus benutzt werden.<\/li>\n<\/ul>\n<p>[\/vc_column_text][vc_column_text]<\/p>\n<h3>Produkt Anfrage<\/h3>\n<p>Bei Fragen bez\u00fcglich des Produktes k\u00f6nnen Sie gerne Kontakt mit uns aufnehmen.<\/p>\n<div class=\"wpcf7 no-js\" id=\"wpcf7-f995-o1\" lang=\"de-DE\" dir=\"ltr\">\n<div class=\"screen-reader-response\"><p role=\"status\" aria-live=\"polite\" aria-atomic=\"true\"><\/p> <ul><\/ul><\/div>\n<form action=\"\/de\/wp-json\/wp\/v2\/pages\/239#wpcf7-f995-o1\" method=\"post\" class=\"wpcf7-form init anfrage-form uk-form wpcf7-acceptance-as-validation\" id=\"anfrage-form\" aria-label=\"Kontaktformular\" novalidate=\"novalidate\" data-status=\"init\">\n<div style=\"display: none;\">\n<input type=\"hidden\" name=\"_wpcf7\" value=\"995\" \/>\n<input type=\"hidden\" name=\"_wpcf7_version\" value=\"5.9.3\" \/>\n<input type=\"hidden\" name=\"_wpcf7_locale\" value=\"de_DE\" \/>\n<input type=\"hidden\" name=\"_wpcf7_unit_tag\" value=\"wpcf7-f995-o1\" \/>\n<input type=\"hidden\" name=\"_wpcf7_container_post\" value=\"0\" \/>\n<input type=\"hidden\" name=\"_wpcf7_posted_data_hash\" value=\"\" \/>\n<\/div>\n<div class=\"uk-grid\">\n<div class=\"uk-width-medium-1-1\">\n<div class=\"uk-grid uk-grid-small\">\n<div class=\"uk-width-medium-1-1 uk-margin-bottom\">\n<span class=\"wpcf7-form-control-wrap\" data-name=\"firma\"><input size=\"40\" class=\"wpcf7-form-control wpcf7-text wpcf7-validates-as-required uk-width-1-1\" aria-required=\"true\" aria-invalid=\"false\" placeholder=\"Firma\" value=\"\" type=\"text\" name=\"firma\" \/><\/span>\n<\/div>\n   <div class=\"uk-width-medium-1-2 margin-bottom-light\">\n<span class=\"wpcf7-form-control-wrap\" data-name=\"vorname\"><input size=\"40\" class=\"wpcf7-form-control wpcf7-text wpcf7-validates-as-required uk-width-1-1\" aria-required=\"true\" aria-invalid=\"false\" placeholder=\"Vorname\" value=\"\" type=\"text\" name=\"vorname\" \/><\/span>\n<\/div>\n   <div class=\"uk-width-medium-1-2\">\n<span class=\"wpcf7-form-control-wrap\" data-name=\"nachname\"><input size=\"40\" class=\"wpcf7-form-control wpcf7-text wpcf7-validates-as-required uk-width-1-1\" aria-required=\"true\" aria-invalid=\"false\" placeholder=\"Nachname\" value=\"\" type=\"text\" name=\"nachname\" \/><\/span>\n<\/div>\n<\/div><\/div>\n\n<div class=\"uk-width-medium-1-1 uk-margin-top\">\n<div class=\"uk-grid uk-grid-small\">\n        <div class=\"uk-width-medium-1-2 margin-bottom-light\">\n<span class=\"wpcf7-form-control-wrap\" data-name=\"email\"><input size=\"40\" class=\"wpcf7-form-control wpcf7-email wpcf7-validates-as-required wpcf7-text wpcf7-validates-as-email uk-width-1-1\" aria-required=\"true\" aria-invalid=\"false\" placeholder=\"E-Mail\" value=\"\" type=\"email\" name=\"email\" \/><\/span>\n<\/div>\n<div class=\"uk-width-medium-1-2\">\n<span class=\"wpcf7-form-control-wrap\" data-name=\"tele\"><input size=\"40\" class=\"wpcf7-form-control wpcf7-text wpcf7-validates-as-required uk-width-1-1\" aria-required=\"true\" aria-invalid=\"false\" placeholder=\"Telefon\" value=\"\" type=\"text\" name=\"tele\" \/><\/span>\n<\/div>\n<\/div><\/div>\n\n<div class=\"uk-width-medium-1-1 uk-margin-top\">\n<div class=\"uk-grid uk-grid-small\">\n        <div class=\"uk-width-medium-1-1\">\n<span class=\"wpcf7-form-control-wrap\" data-name=\"text-msg\"><textarea cols=\"40\" rows=\"10\" class=\"wpcf7-form-control wpcf7-textarea wpcf7-validates-as-required uk-width-1-1 input-text-block\" aria-required=\"true\" aria-invalid=\"false\" placeholder=\"Ihre Nachricht an uns...\" name=\"text-msg\"><\/textarea><\/span>\n<div class=\"uk-margin-small-bottom uk-position-relative agreement\">\n        <span class=\"wpcf7-form-control-wrap\" data-name=\"agreement-box\"><span class=\"wpcf7-form-control wpcf7-acceptance\"><span class=\"wpcf7-list-item\"><input type=\"checkbox\" name=\"agreement-box\" value=\"1\" aria-invalid=\"false\" \/><\/span><\/span><\/span> * Ich stimme zu, dass meine Angaben aus dem Kontaktformular zur Beantwortung meiner Anfrage erhoben und verarbeitet werden. Siehe auch <a href=\"https:\/\/www.gr2.com\/de\/datenschutz\/\">Datenschutz<\/a>\n        <i class=\"uk-icon-question-circle\" data-uk-tooltip=\"{pos:'top-right'}\" title=\"Hinweis: Sie k\u00f6nnen Ihre Einwilligung jederzeit f\u00fcr die Zukunft per E-Mail an info@gr2.com widerrufen.\"><\/i>\n      <\/div>\n<\/div>\n<\/div><\/div>\n\n<div class=\"uk-width-medium-1-1 uk-margin-top\">\n<div class=\"uk-grid submit-green\">\n        <div class=\"uk-width-medium-1-1\">\n<input class=\"wpcf7-form-control wpcf7-submit has-spinner\" type=\"submit\" value=\"Anfrage Senden\" \/>\n<\/div>\n<\/div><\/div><\/div><div class=\"wpcf7-response-output\" aria-hidden=\"true\"><\/div>\n<\/form>\n<\/div>\n[\/vc_column_text][\/vc_column_inner][\/vc_row_inner][\/vc_column][\/vc_row][vc_row][vc_column css=&#8220;.vc_custom_1521189224422{margin-top: 40px !important;}&#8220;][vc_wp_custommenu title=&#8220;Unser Lieferprogramm umfasst L\u00f6sungen f\u00fcr folgende Bereiche von IS Maschinen:&#8220; nav_menu=&#8220;81&#8243; el_class=&#8220;checklist-small&#8220;][\/vc_column][\/vc_row]<\/p>\n<\/section>","protected":false},"excerpt":{"rendered":"<p>[vc_row full_width=&#8220;stretch_row_content_no_spaces&#8220;][vc_column][vc_column_text][\/vc_column_text][\/vc_column][\/vc_row][vc_row][vc_column][vc_column_text] Tropfenmessger\u00e4t Speedgob Plus [\/vc_column_text][vc_column_text el_class=&#8220;uk-column-medium-1-2&#8243;]Dieses Ger\u00e4t dient der Messung von L\u00e4nge, Beschleunigung und Temperatur der Glastropfen flexibel auf dem Transportweg zwischen Schere und Vorform. Als unverzichtbares Werkzeug unterst\u00fctzt es den Glasmacher perfekt bei der Optimierung des Produktionsprozesses und hilft bei der Probleml\u00f6sung.[\/vc_column_text][vc_row_inner][vc_column_inner el_class=&#8220;list&#8220; width=&#8220;1\/2&#8243; css=&#8220;.vc_custom_1500292899938{padding-right: 20px !important;}&#8220;][vc_column_text] Einfache Bedienbarkeit Eine handliche Steuerkonsole mit [&hellip;]<\/p>\n","protected":false},"author":1,"featured_media":238,"parent":0,"menu_order":57,"comment_status":"closed","ping_status":"closed","template":"","meta":{"_acf_changed":false,"inline_featured_image":false,"footnotes":""},"acf":[],"yoast_head":"<!-- This site is optimized with the Yoast SEO plugin v22.4 - https:\/\/yoast.com\/wordpress\/plugins\/seo\/ -->\n<title>Tropfenmessger\u00e4t Speedgob Plus - GR\u00b2 GmbH<\/title>\n<meta name=\"description\" content=\"Tropfenmessger\u00e4t Speedgob Plus f\u00fcr Messung von L\u00e4nge, Beschleunigung und Temperatur der Glastropfen. Das Werkzeug f\u00fcr Glasmacher f\u00fcr die Optimierung des Produktionsprozesses.\" \/>\n<meta name=\"robots\" content=\"index, follow, max-snippet:-1, max-image-preview:large, max-video-preview:-1\" \/>\n<link rel=\"canonical\" href=\"https:\/\/www.gr2.com\/de\/tropfenmessgeraet-speed-gob-plus\/\" \/>\n<meta property=\"og:locale\" content=\"de_DE\" \/>\n<meta property=\"og:type\" content=\"article\" \/>\n<meta property=\"og:title\" content=\"Tropfenmessger\u00e4t Speedgob Plus - GR\u00b2 GmbH\" \/>\n<meta property=\"og:description\" content=\"Tropfenmessger\u00e4t Speedgob Plus f\u00fcr Messung von L\u00e4nge, Beschleunigung und Temperatur der Glastropfen. Das Werkzeug f\u00fcr Glasmacher f\u00fcr die Optimierung des Produktionsprozesses.\" \/>\n<meta property=\"og:url\" content=\"https:\/\/www.gr2.com\/de\/tropfenmessgeraet-speed-gob-plus\/\" \/>\n<meta property=\"og:site_name\" content=\"GR\u00b2 GmbH\" \/>\n<meta property=\"article:modified_time\" content=\"2018-03-16T09:09:42+00:00\" \/>\n<meta property=\"og:image\" content=\"https:\/\/www.gr2.com\/wp-content\/uploads\/produkte\/speedgob_plus\/produkte_speedgob_plus_speedgob_plus.jpg\" \/>\n\t<meta property=\"og:image:width\" content=\"419\" \/>\n\t<meta property=\"og:image:height\" content=\"426\" \/>\n\t<meta property=\"og:image:type\" content=\"image\/jpeg\" \/>\n<meta name=\"twitter:card\" content=\"summary_large_image\" \/>\n<meta name=\"twitter:label1\" content=\"Gesch\u00e4tzte Lesezeit\" \/>\n\t<meta name=\"twitter:data1\" content=\"2\u00a0Minuten\" \/>\n<script type=\"application\/ld+json\" class=\"yoast-schema-graph\">{\"@context\":\"https:\/\/schema.org\",\"@graph\":[{\"@type\":\"WebPage\",\"@id\":\"https:\/\/www.gr2.com\/de\/tropfenmessgeraet-speed-gob-plus\/\",\"url\":\"https:\/\/www.gr2.com\/de\/tropfenmessgeraet-speed-gob-plus\/\",\"name\":\"Tropfenmessger\u00e4t Speedgob Plus - GR\u00b2 GmbH\",\"isPartOf\":{\"@id\":\"https:\/\/www.gr2.com\/de\/#website\"},\"primaryImageOfPage\":{\"@id\":\"https:\/\/www.gr2.com\/de\/tropfenmessgeraet-speed-gob-plus\/#primaryimage\"},\"image\":{\"@id\":\"https:\/\/www.gr2.com\/de\/tropfenmessgeraet-speed-gob-plus\/#primaryimage\"},\"thumbnailUrl\":\"https:\/\/www.gr2.com\/wp-content\/uploads\/produkte\/speedgob_plus\/produkte_speedgob_plus_speedgob_plus.jpg\",\"datePublished\":\"2011-11-29T08:04:10+00:00\",\"dateModified\":\"2018-03-16T09:09:42+00:00\",\"description\":\"Tropfenmessger\u00e4t Speedgob Plus f\u00fcr Messung von L\u00e4nge, Beschleunigung und Temperatur der Glastropfen. Das Werkzeug f\u00fcr Glasmacher f\u00fcr die Optimierung des Produktionsprozesses.\",\"breadcrumb\":{\"@id\":\"https:\/\/www.gr2.com\/de\/tropfenmessgeraet-speed-gob-plus\/#breadcrumb\"},\"inLanguage\":\"de\",\"potentialAction\":[{\"@type\":\"ReadAction\",\"target\":[\"https:\/\/www.gr2.com\/de\/tropfenmessgeraet-speed-gob-plus\/\"]}]},{\"@type\":\"ImageObject\",\"inLanguage\":\"de\",\"@id\":\"https:\/\/www.gr2.com\/de\/tropfenmessgeraet-speed-gob-plus\/#primaryimage\",\"url\":\"https:\/\/www.gr2.com\/wp-content\/uploads\/produkte\/speedgob_plus\/produkte_speedgob_plus_speedgob_plus.jpg\",\"contentUrl\":\"https:\/\/www.gr2.com\/wp-content\/uploads\/produkte\/speedgob_plus\/produkte_speedgob_plus_speedgob_plus.jpg\",\"width\":419,\"height\":426},{\"@type\":\"BreadcrumbList\",\"@id\":\"https:\/\/www.gr2.com\/de\/tropfenmessgeraet-speed-gob-plus\/#breadcrumb\",\"itemListElement\":[{\"@type\":\"ListItem\",\"position\":1,\"name\":\"Startseite\",\"item\":\"https:\/\/www.gr2.com\/de\/\"},{\"@type\":\"ListItem\",\"position\":2,\"name\":\"Tropfenmessger\u00e4t Speed Gob Plus\"}]},{\"@type\":\"WebSite\",\"@id\":\"https:\/\/www.gr2.com\/de\/#website\",\"url\":\"https:\/\/www.gr2.com\/de\/\",\"name\":\"GR\u00b2 GmbH\",\"description\":\"\",\"potentialAction\":[{\"@type\":\"SearchAction\",\"target\":{\"@type\":\"EntryPoint\",\"urlTemplate\":\"https:\/\/www.gr2.com\/de\/?s={search_term_string}\"},\"query-input\":\"required name=search_term_string\"}],\"inLanguage\":\"de\"}]}<\/script>\n<!-- \/ Yoast SEO plugin. -->","yoast_head_json":{"title":"Tropfenmessger\u00e4t Speedgob Plus - GR\u00b2 GmbH","description":"Tropfenmessger\u00e4t Speedgob Plus f\u00fcr Messung von L\u00e4nge, Beschleunigung und Temperatur der Glastropfen. Das Werkzeug f\u00fcr Glasmacher f\u00fcr die Optimierung des Produktionsprozesses.","robots":{"index":"index","follow":"follow","max-snippet":"max-snippet:-1","max-image-preview":"max-image-preview:large","max-video-preview":"max-video-preview:-1"},"canonical":"https:\/\/www.gr2.com\/de\/tropfenmessgeraet-speed-gob-plus\/","og_locale":"de_DE","og_type":"article","og_title":"Tropfenmessger\u00e4t Speedgob Plus - GR\u00b2 GmbH","og_description":"Tropfenmessger\u00e4t Speedgob Plus f\u00fcr Messung von L\u00e4nge, Beschleunigung und Temperatur der Glastropfen. Das Werkzeug f\u00fcr Glasmacher f\u00fcr die Optimierung des Produktionsprozesses.","og_url":"https:\/\/www.gr2.com\/de\/tropfenmessgeraet-speed-gob-plus\/","og_site_name":"GR\u00b2 GmbH","article_modified_time":"2018-03-16T09:09:42+00:00","og_image":[{"width":419,"height":426,"url":"https:\/\/www.gr2.com\/wp-content\/uploads\/produkte\/speedgob_plus\/produkte_speedgob_plus_speedgob_plus.jpg","type":"image\/jpeg"}],"twitter_card":"summary_large_image","twitter_misc":{"Gesch\u00e4tzte Lesezeit":"2\u00a0Minuten"},"schema":{"@context":"https:\/\/schema.org","@graph":[{"@type":"WebPage","@id":"https:\/\/www.gr2.com\/de\/tropfenmessgeraet-speed-gob-plus\/","url":"https:\/\/www.gr2.com\/de\/tropfenmessgeraet-speed-gob-plus\/","name":"Tropfenmessger\u00e4t Speedgob Plus - GR\u00b2 GmbH","isPartOf":{"@id":"https:\/\/www.gr2.com\/de\/#website"},"primaryImageOfPage":{"@id":"https:\/\/www.gr2.com\/de\/tropfenmessgeraet-speed-gob-plus\/#primaryimage"},"image":{"@id":"https:\/\/www.gr2.com\/de\/tropfenmessgeraet-speed-gob-plus\/#primaryimage"},"thumbnailUrl":"https:\/\/www.gr2.com\/wp-content\/uploads\/produkte\/speedgob_plus\/produkte_speedgob_plus_speedgob_plus.jpg","datePublished":"2011-11-29T08:04:10+00:00","dateModified":"2018-03-16T09:09:42+00:00","description":"Tropfenmessger\u00e4t Speedgob Plus f\u00fcr Messung von L\u00e4nge, Beschleunigung und Temperatur der Glastropfen. Das Werkzeug f\u00fcr Glasmacher f\u00fcr die Optimierung des Produktionsprozesses.","breadcrumb":{"@id":"https:\/\/www.gr2.com\/de\/tropfenmessgeraet-speed-gob-plus\/#breadcrumb"},"inLanguage":"de","potentialAction":[{"@type":"ReadAction","target":["https:\/\/www.gr2.com\/de\/tropfenmessgeraet-speed-gob-plus\/"]}]},{"@type":"ImageObject","inLanguage":"de","@id":"https:\/\/www.gr2.com\/de\/tropfenmessgeraet-speed-gob-plus\/#primaryimage","url":"https:\/\/www.gr2.com\/wp-content\/uploads\/produkte\/speedgob_plus\/produkte_speedgob_plus_speedgob_plus.jpg","contentUrl":"https:\/\/www.gr2.com\/wp-content\/uploads\/produkte\/speedgob_plus\/produkte_speedgob_plus_speedgob_plus.jpg","width":419,"height":426},{"@type":"BreadcrumbList","@id":"https:\/\/www.gr2.com\/de\/tropfenmessgeraet-speed-gob-plus\/#breadcrumb","itemListElement":[{"@type":"ListItem","position":1,"name":"Startseite","item":"https:\/\/www.gr2.com\/de\/"},{"@type":"ListItem","position":2,"name":"Tropfenmessger\u00e4t Speed Gob Plus"}]},{"@type":"WebSite","@id":"https:\/\/www.gr2.com\/de\/#website","url":"https:\/\/www.gr2.com\/de\/","name":"GR\u00b2 GmbH","description":"","potentialAction":[{"@type":"SearchAction","target":{"@type":"EntryPoint","urlTemplate":"https:\/\/www.gr2.com\/de\/?s={search_term_string}"},"query-input":"required name=search_term_string"}],"inLanguage":"de"}]}},"_links":{"self":[{"href":"https:\/\/www.gr2.com\/de\/wp-json\/wp\/v2\/pages\/239"}],"collection":[{"href":"https:\/\/www.gr2.com\/de\/wp-json\/wp\/v2\/pages"}],"about":[{"href":"https:\/\/www.gr2.com\/de\/wp-json\/wp\/v2\/types\/page"}],"author":[{"embeddable":true,"href":"https:\/\/www.gr2.com\/de\/wp-json\/wp\/v2\/users\/1"}],"replies":[{"embeddable":true,"href":"https:\/\/www.gr2.com\/de\/wp-json\/wp\/v2\/comments?post=239"}],"version-history":[{"count":5,"href":"https:\/\/www.gr2.com\/de\/wp-json\/wp\/v2\/pages\/239\/revisions"}],"predecessor-version":[{"id":1969,"href":"https:\/\/www.gr2.com\/de\/wp-json\/wp\/v2\/pages\/239\/revisions\/1969"}],"wp:featuredmedia":[{"embeddable":true,"href":"https:\/\/www.gr2.com\/de\/wp-json\/wp\/v2\/media\/238"}],"wp:attachment":[{"href":"https:\/\/www.gr2.com\/de\/wp-json\/wp\/v2\/media?parent=239"}],"curies":[{"name":"wp","href":"https:\/\/api.w.org\/{rel}","templated":true}]}}