{"id":234,"date":"2011-11-29T09:00:15","date_gmt":"2011-11-29T08:00:15","guid":{"rendered":"http:\/\/relaunch.gr2.com\/scoopbespruehungsaufsaetze\/"},"modified":"2018-02-21T11:28:11","modified_gmt":"2018-02-21T10:28:11","slug":"graphoidal-scoop-bespruehungaufsaetze","status":"publish","type":"page","link":"https:\/\/www.gr2.com\/de\/graphoidal-scoop-bespruehungaufsaetze\/","title":{"rendered":"Scoopbespr\u00fchungsaufs\u00e4tze"},"content":{"rendered":"<section class=\"wpb-content-wrapper\"><p>[vc_row full_width=&#8220;stretch_row_content_no_spaces&#8220;][vc_column][vc_column_text]\n    \n    \n\n    \t\n    \t\n            <div data-uk-slideshow>\n                <ul class=\"uk-slideshow\">\n\n            \n                    <li class=\"slide\">\n\n                        <div class=\"uk-width-1-1 uk-height-1-1\" id=\"slider-wrapper\">\n                                <div class=\"slider-img-wrapper\">\n                                    <img decoding=\"async\" src=\"https:\/\/www.gr2.com\/wp-content\/uploads\/slide-1.jpg\" alt=\"\" \/>\n                                <\/div>\n\n                                <div class=\"slider-cc-wrapper\">\n                                                                    <\/div>\n                        <\/div>\n\n                    <\/li>\n\n            \n                <\/ul>\n            <\/div>\n\n        \n    \t\n    \t\n    \n\n    [\/vc_column_text][\/vc_column][\/vc_row][vc_row][vc_column][vc_column_text]<\/p>\n<h1>Graphoidal Scoop-Bespr\u00fchungaufs\u00e4tze<\/h1>\n<p>[\/vc_column_text][vc_row_inner][vc_column_inner el_class=&#8220;list&#8220; width=&#8220;1\/2&#8243; css=&#8220;.vc_custom_1500292899938{padding-right: 20px !important;}&#8220;][vc_column_text]Mit dem revolution\u00e4ren Graphoidal Scoop-Bespr\u00fchungsaufsatz kann 100% der Schmierung ohne Verlust (kein \u00dcberspr\u00fchen) direkt in die Trichter der Tropfenverteiler gespr\u00fcht werden. So wird eine optimale und kosteng\u00fcnstige Schmierung und K\u00fchlung der Scoops (Verteilerrinnen) erreicht. Eine grosse Auswahl an Modellen inklusive Versionen f\u00fcr mehrere Medien sind erh\u00e4ltlich.[\/vc_column_text][vc_column_text][\/vc_column_text][\/vc_column_inner][vc_column_inner width=&#8220;1\/2&#8243;][vc_column_text]<\/p>\n<h3>Produkt Anfrage<\/h3>\n<p>Bei Fragen bez\u00fcglich des Produktes k\u00f6nnen Sie gerne Kontakt mit uns aufnehmen.<\/p>\n<div class=\"wpcf7 no-js\" id=\"wpcf7-f995-o1\" lang=\"de-DE\" dir=\"ltr\">\n<div class=\"screen-reader-response\"><p role=\"status\" aria-live=\"polite\" aria-atomic=\"true\"><\/p> <ul><\/ul><\/div>\n<form action=\"\/de\/wp-json\/wp\/v2\/pages\/234#wpcf7-f995-o1\" method=\"post\" class=\"wpcf7-form init anfrage-form uk-form wpcf7-acceptance-as-validation\" id=\"anfrage-form\" aria-label=\"Kontaktformular\" novalidate=\"novalidate\" data-status=\"init\">\n<div style=\"display: none;\">\n<input type=\"hidden\" name=\"_wpcf7\" value=\"995\" \/>\n<input type=\"hidden\" name=\"_wpcf7_version\" value=\"5.9.3\" \/>\n<input type=\"hidden\" name=\"_wpcf7_locale\" value=\"de_DE\" \/>\n<input type=\"hidden\" name=\"_wpcf7_unit_tag\" value=\"wpcf7-f995-o1\" \/>\n<input type=\"hidden\" name=\"_wpcf7_container_post\" value=\"0\" \/>\n<input type=\"hidden\" name=\"_wpcf7_posted_data_hash\" value=\"\" \/>\n<\/div>\n<div class=\"uk-grid\">\n<div class=\"uk-width-medium-1-1\">\n<div class=\"uk-grid uk-grid-small\">\n<div class=\"uk-width-medium-1-1 uk-margin-bottom\">\n<span class=\"wpcf7-form-control-wrap\" data-name=\"firma\"><input size=\"40\" class=\"wpcf7-form-control wpcf7-text wpcf7-validates-as-required uk-width-1-1\" aria-required=\"true\" aria-invalid=\"false\" placeholder=\"Firma\" value=\"\" type=\"text\" name=\"firma\" \/><\/span>\n<\/div>\n   <div class=\"uk-width-medium-1-2 margin-bottom-light\">\n<span class=\"wpcf7-form-control-wrap\" data-name=\"vorname\"><input size=\"40\" class=\"wpcf7-form-control wpcf7-text wpcf7-validates-as-required uk-width-1-1\" aria-required=\"true\" aria-invalid=\"false\" placeholder=\"Vorname\" value=\"\" type=\"text\" name=\"vorname\" \/><\/span>\n<\/div>\n   <div class=\"uk-width-medium-1-2\">\n<span class=\"wpcf7-form-control-wrap\" data-name=\"nachname\"><input size=\"40\" class=\"wpcf7-form-control wpcf7-text wpcf7-validates-as-required uk-width-1-1\" aria-required=\"true\" aria-invalid=\"false\" placeholder=\"Nachname\" value=\"\" type=\"text\" name=\"nachname\" \/><\/span>\n<\/div>\n<\/div><\/div>\n\n<div class=\"uk-width-medium-1-1 uk-margin-top\">\n<div class=\"uk-grid uk-grid-small\">\n        <div class=\"uk-width-medium-1-2 margin-bottom-light\">\n<span class=\"wpcf7-form-control-wrap\" data-name=\"email\"><input size=\"40\" class=\"wpcf7-form-control wpcf7-email wpcf7-validates-as-required wpcf7-text wpcf7-validates-as-email uk-width-1-1\" aria-required=\"true\" aria-invalid=\"false\" placeholder=\"E-Mail\" value=\"\" type=\"email\" name=\"email\" \/><\/span>\n<\/div>\n<div class=\"uk-width-medium-1-2\">\n<span class=\"wpcf7-form-control-wrap\" data-name=\"tele\"><input size=\"40\" class=\"wpcf7-form-control wpcf7-text wpcf7-validates-as-required uk-width-1-1\" aria-required=\"true\" aria-invalid=\"false\" placeholder=\"Telefon\" value=\"\" type=\"text\" name=\"tele\" \/><\/span>\n<\/div>\n<\/div><\/div>\n\n<div class=\"uk-width-medium-1-1 uk-margin-top\">\n<div class=\"uk-grid uk-grid-small\">\n        <div class=\"uk-width-medium-1-1\">\n<span class=\"wpcf7-form-control-wrap\" data-name=\"text-msg\"><textarea cols=\"40\" rows=\"10\" class=\"wpcf7-form-control wpcf7-textarea wpcf7-validates-as-required uk-width-1-1 input-text-block\" aria-required=\"true\" aria-invalid=\"false\" placeholder=\"Ihre Nachricht an uns...\" name=\"text-msg\"><\/textarea><\/span>\n<div class=\"uk-margin-small-bottom uk-position-relative agreement\">\n        <span class=\"wpcf7-form-control-wrap\" data-name=\"agreement-box\"><span class=\"wpcf7-form-control wpcf7-acceptance\"><span class=\"wpcf7-list-item\"><input type=\"checkbox\" name=\"agreement-box\" value=\"1\" aria-invalid=\"false\" \/><\/span><\/span><\/span> * Ich stimme zu, dass meine Angaben aus dem Kontaktformular zur Beantwortung meiner Anfrage erhoben und verarbeitet werden. Siehe auch <a href=\"https:\/\/www.gr2.com\/de\/datenschutz\/\">Datenschutz<\/a>\n        <i class=\"uk-icon-question-circle\" data-uk-tooltip=\"{pos:'top-right'}\" title=\"Hinweis: Sie k\u00f6nnen Ihre Einwilligung jederzeit f\u00fcr die Zukunft per E-Mail an info@gr2.com widerrufen.\"><\/i>\n      <\/div>\n<\/div>\n<\/div><\/div>\n\n<div class=\"uk-width-medium-1-1 uk-margin-top\">\n<div class=\"uk-grid submit-green\">\n        <div class=\"uk-width-medium-1-1\">\n<input class=\"wpcf7-form-control wpcf7-submit has-spinner\" type=\"submit\" value=\"Anfrage Senden\" \/>\n<\/div>\n<\/div><\/div><\/div><div class=\"wpcf7-response-output\" aria-hidden=\"true\"><\/div>\n<\/form>\n<\/div>\n[\/vc_column_text][\/vc_column_inner][\/vc_row_inner][\/vc_column][\/vc_row]<\/p>\n<\/section>","protected":false},"excerpt":{"rendered":"<p>[vc_row full_width=&#8220;stretch_row_content_no_spaces&#8220;][vc_column][vc_column_text][\/vc_column_text][\/vc_column][\/vc_row][vc_row][vc_column][vc_column_text] Graphoidal Scoop-Bespr\u00fchungaufs\u00e4tze [\/vc_column_text][vc_row_inner][vc_column_inner el_class=&#8220;list&#8220; width=&#8220;1\/2&#8243; css=&#8220;.vc_custom_1500292899938{padding-right: 20px !important;}&#8220;][vc_column_text]Mit dem revolution\u00e4ren Graphoidal Scoop-Bespr\u00fchungsaufsatz kann 100% der Schmierung ohne Verlust (kein \u00dcberspr\u00fchen) direkt in die Trichter der Tropfenverteiler gespr\u00fcht werden. So wird eine optimale und kosteng\u00fcnstige Schmierung und K\u00fchlung der Scoops (Verteilerrinnen) erreicht. Eine grosse Auswahl an Modellen inklusive Versionen f\u00fcr mehrere Medien sind erh\u00e4ltlich.[\/vc_column_text][vc_column_text][\/vc_column_text][\/vc_column_inner][vc_column_inner [&hellip;]<\/p>\n","protected":false},"author":1,"featured_media":232,"parent":0,"menu_order":60,"comment_status":"closed","ping_status":"closed","template":"","meta":{"_acf_changed":false,"inline_featured_image":false,"footnotes":""},"acf":[],"yoast_head":"<!-- This site is optimized with the Yoast SEO plugin v22.4 - https:\/\/yoast.com\/wordpress\/plugins\/seo\/ -->\n<title>Graphoidal Scoop-Bespr\u00fchungaufs\u00e4tze - GR\u00b2 GmbH<\/title>\n<meta name=\"description\" content=\"Mit dem Scoop-Bespr\u00fchungsaufsatz garantieren wir eine 100% Schmierung. F\u00fcr eine optimale Schmierung &amp; K\u00fchlung der Scoops (Verteilerrinnen).\" \/>\n<meta name=\"robots\" content=\"index, follow, max-snippet:-1, max-image-preview:large, max-video-preview:-1\" \/>\n<link rel=\"canonical\" href=\"https:\/\/www.gr2.com\/de\/graphoidal-scoop-bespruehungaufsaetze\/\" \/>\n<meta property=\"og:locale\" content=\"de_DE\" \/>\n<meta property=\"og:type\" content=\"article\" \/>\n<meta property=\"og:title\" content=\"Graphoidal Scoop-Bespr\u00fchungaufs\u00e4tze - GR\u00b2 GmbH\" \/>\n<meta property=\"og:description\" content=\"Mit dem Scoop-Bespr\u00fchungsaufsatz garantieren wir eine 100% Schmierung. F\u00fcr eine optimale Schmierung &amp; K\u00fchlung der Scoops (Verteilerrinnen).\" \/>\n<meta property=\"og:url\" content=\"https:\/\/www.gr2.com\/de\/graphoidal-scoop-bespruehungaufsaetze\/\" \/>\n<meta property=\"og:site_name\" content=\"GR\u00b2 GmbH\" \/>\n<meta property=\"article:modified_time\" content=\"2018-02-21T10:28:11+00:00\" \/>\n<meta property=\"og:image\" content=\"https:\/\/www.gr2.com\/wp-content\/uploads\/produkte\/scoop-bespruehungaufsaetze\/produkte_scoop-bespruehungaufsaetze_scoop-bespruehungaufsaetze1.jpg\" \/>\n\t<meta property=\"og:image:width\" content=\"419\" \/>\n\t<meta property=\"og:image:height\" content=\"421\" \/>\n\t<meta property=\"og:image:type\" content=\"image\/jpeg\" \/>\n<meta name=\"twitter:card\" content=\"summary_large_image\" \/>\n<meta name=\"twitter:label1\" content=\"Gesch\u00e4tzte Lesezeit\" \/>\n\t<meta name=\"twitter:data1\" content=\"1\u00a0Minute\" \/>\n<script type=\"application\/ld+json\" class=\"yoast-schema-graph\">{\"@context\":\"https:\/\/schema.org\",\"@graph\":[{\"@type\":\"WebPage\",\"@id\":\"https:\/\/www.gr2.com\/de\/graphoidal-scoop-bespruehungaufsaetze\/\",\"url\":\"https:\/\/www.gr2.com\/de\/graphoidal-scoop-bespruehungaufsaetze\/\",\"name\":\"Graphoidal Scoop-Bespr\u00fchungaufs\u00e4tze - GR\u00b2 GmbH\",\"isPartOf\":{\"@id\":\"https:\/\/www.gr2.com\/de\/#website\"},\"primaryImageOfPage\":{\"@id\":\"https:\/\/www.gr2.com\/de\/graphoidal-scoop-bespruehungaufsaetze\/#primaryimage\"},\"image\":{\"@id\":\"https:\/\/www.gr2.com\/de\/graphoidal-scoop-bespruehungaufsaetze\/#primaryimage\"},\"thumbnailUrl\":\"https:\/\/www.gr2.com\/wp-content\/uploads\/produkte\/scoop-bespruehungaufsaetze\/produkte_scoop-bespruehungaufsaetze_scoop-bespruehungaufsaetze1.jpg\",\"datePublished\":\"2011-11-29T08:00:15+00:00\",\"dateModified\":\"2018-02-21T10:28:11+00:00\",\"description\":\"Mit dem Scoop-Bespr\u00fchungsaufsatz garantieren wir eine 100% Schmierung. F\u00fcr eine optimale Schmierung & K\u00fchlung der Scoops (Verteilerrinnen).\",\"breadcrumb\":{\"@id\":\"https:\/\/www.gr2.com\/de\/graphoidal-scoop-bespruehungaufsaetze\/#breadcrumb\"},\"inLanguage\":\"de\",\"potentialAction\":[{\"@type\":\"ReadAction\",\"target\":[\"https:\/\/www.gr2.com\/de\/graphoidal-scoop-bespruehungaufsaetze\/\"]}]},{\"@type\":\"ImageObject\",\"inLanguage\":\"de\",\"@id\":\"https:\/\/www.gr2.com\/de\/graphoidal-scoop-bespruehungaufsaetze\/#primaryimage\",\"url\":\"https:\/\/www.gr2.com\/wp-content\/uploads\/produkte\/scoop-bespruehungaufsaetze\/produkte_scoop-bespruehungaufsaetze_scoop-bespruehungaufsaetze1.jpg\",\"contentUrl\":\"https:\/\/www.gr2.com\/wp-content\/uploads\/produkte\/scoop-bespruehungaufsaetze\/produkte_scoop-bespruehungaufsaetze_scoop-bespruehungaufsaetze1.jpg\",\"width\":419,\"height\":421,\"caption\":\"Scoop Spray Plates\"},{\"@type\":\"BreadcrumbList\",\"@id\":\"https:\/\/www.gr2.com\/de\/graphoidal-scoop-bespruehungaufsaetze\/#breadcrumb\",\"itemListElement\":[{\"@type\":\"ListItem\",\"position\":1,\"name\":\"Startseite\",\"item\":\"https:\/\/www.gr2.com\/de\/\"},{\"@type\":\"ListItem\",\"position\":2,\"name\":\"Scoopbespr\u00fchungsaufs\u00e4tze\"}]},{\"@type\":\"WebSite\",\"@id\":\"https:\/\/www.gr2.com\/de\/#website\",\"url\":\"https:\/\/www.gr2.com\/de\/\",\"name\":\"GR\u00b2 GmbH\",\"description\":\"\",\"potentialAction\":[{\"@type\":\"SearchAction\",\"target\":{\"@type\":\"EntryPoint\",\"urlTemplate\":\"https:\/\/www.gr2.com\/de\/?s={search_term_string}\"},\"query-input\":\"required name=search_term_string\"}],\"inLanguage\":\"de\"}]}<\/script>\n<!-- \/ Yoast SEO plugin. -->","yoast_head_json":{"title":"Graphoidal Scoop-Bespr\u00fchungaufs\u00e4tze - GR\u00b2 GmbH","description":"Mit dem Scoop-Bespr\u00fchungsaufsatz garantieren wir eine 100% Schmierung. F\u00fcr eine optimale Schmierung & K\u00fchlung der Scoops (Verteilerrinnen).","robots":{"index":"index","follow":"follow","max-snippet":"max-snippet:-1","max-image-preview":"max-image-preview:large","max-video-preview":"max-video-preview:-1"},"canonical":"https:\/\/www.gr2.com\/de\/graphoidal-scoop-bespruehungaufsaetze\/","og_locale":"de_DE","og_type":"article","og_title":"Graphoidal Scoop-Bespr\u00fchungaufs\u00e4tze - GR\u00b2 GmbH","og_description":"Mit dem Scoop-Bespr\u00fchungsaufsatz garantieren wir eine 100% Schmierung. F\u00fcr eine optimale Schmierung & K\u00fchlung der Scoops (Verteilerrinnen).","og_url":"https:\/\/www.gr2.com\/de\/graphoidal-scoop-bespruehungaufsaetze\/","og_site_name":"GR\u00b2 GmbH","article_modified_time":"2018-02-21T10:28:11+00:00","og_image":[{"width":419,"height":421,"url":"https:\/\/www.gr2.com\/wp-content\/uploads\/produkte\/scoop-bespruehungaufsaetze\/produkte_scoop-bespruehungaufsaetze_scoop-bespruehungaufsaetze1.jpg","type":"image\/jpeg"}],"twitter_card":"summary_large_image","twitter_misc":{"Gesch\u00e4tzte Lesezeit":"1\u00a0Minute"},"schema":{"@context":"https:\/\/schema.org","@graph":[{"@type":"WebPage","@id":"https:\/\/www.gr2.com\/de\/graphoidal-scoop-bespruehungaufsaetze\/","url":"https:\/\/www.gr2.com\/de\/graphoidal-scoop-bespruehungaufsaetze\/","name":"Graphoidal Scoop-Bespr\u00fchungaufs\u00e4tze - GR\u00b2 GmbH","isPartOf":{"@id":"https:\/\/www.gr2.com\/de\/#website"},"primaryImageOfPage":{"@id":"https:\/\/www.gr2.com\/de\/graphoidal-scoop-bespruehungaufsaetze\/#primaryimage"},"image":{"@id":"https:\/\/www.gr2.com\/de\/graphoidal-scoop-bespruehungaufsaetze\/#primaryimage"},"thumbnailUrl":"https:\/\/www.gr2.com\/wp-content\/uploads\/produkte\/scoop-bespruehungaufsaetze\/produkte_scoop-bespruehungaufsaetze_scoop-bespruehungaufsaetze1.jpg","datePublished":"2011-11-29T08:00:15+00:00","dateModified":"2018-02-21T10:28:11+00:00","description":"Mit dem Scoop-Bespr\u00fchungsaufsatz garantieren wir eine 100% Schmierung. F\u00fcr eine optimale Schmierung & K\u00fchlung der Scoops (Verteilerrinnen).","breadcrumb":{"@id":"https:\/\/www.gr2.com\/de\/graphoidal-scoop-bespruehungaufsaetze\/#breadcrumb"},"inLanguage":"de","potentialAction":[{"@type":"ReadAction","target":["https:\/\/www.gr2.com\/de\/graphoidal-scoop-bespruehungaufsaetze\/"]}]},{"@type":"ImageObject","inLanguage":"de","@id":"https:\/\/www.gr2.com\/de\/graphoidal-scoop-bespruehungaufsaetze\/#primaryimage","url":"https:\/\/www.gr2.com\/wp-content\/uploads\/produkte\/scoop-bespruehungaufsaetze\/produkte_scoop-bespruehungaufsaetze_scoop-bespruehungaufsaetze1.jpg","contentUrl":"https:\/\/www.gr2.com\/wp-content\/uploads\/produkte\/scoop-bespruehungaufsaetze\/produkte_scoop-bespruehungaufsaetze_scoop-bespruehungaufsaetze1.jpg","width":419,"height":421,"caption":"Scoop Spray Plates"},{"@type":"BreadcrumbList","@id":"https:\/\/www.gr2.com\/de\/graphoidal-scoop-bespruehungaufsaetze\/#breadcrumb","itemListElement":[{"@type":"ListItem","position":1,"name":"Startseite","item":"https:\/\/www.gr2.com\/de\/"},{"@type":"ListItem","position":2,"name":"Scoopbespr\u00fchungsaufs\u00e4tze"}]},{"@type":"WebSite","@id":"https:\/\/www.gr2.com\/de\/#website","url":"https:\/\/www.gr2.com\/de\/","name":"GR\u00b2 GmbH","description":"","potentialAction":[{"@type":"SearchAction","target":{"@type":"EntryPoint","urlTemplate":"https:\/\/www.gr2.com\/de\/?s={search_term_string}"},"query-input":"required name=search_term_string"}],"inLanguage":"de"}]}},"_links":{"self":[{"href":"https:\/\/www.gr2.com\/de\/wp-json\/wp\/v2\/pages\/234"}],"collection":[{"href":"https:\/\/www.gr2.com\/de\/wp-json\/wp\/v2\/pages"}],"about":[{"href":"https:\/\/www.gr2.com\/de\/wp-json\/wp\/v2\/types\/page"}],"author":[{"embeddable":true,"href":"https:\/\/www.gr2.com\/de\/wp-json\/wp\/v2\/users\/1"}],"replies":[{"embeddable":true,"href":"https:\/\/www.gr2.com\/de\/wp-json\/wp\/v2\/comments?post=234"}],"version-history":[{"count":9,"href":"https:\/\/www.gr2.com\/de\/wp-json\/wp\/v2\/pages\/234\/revisions"}],"predecessor-version":[{"id":1846,"href":"https:\/\/www.gr2.com\/de\/wp-json\/wp\/v2\/pages\/234\/revisions\/1846"}],"wp:featuredmedia":[{"embeddable":true,"href":"https:\/\/www.gr2.com\/de\/wp-json\/wp\/v2\/media\/232"}],"wp:attachment":[{"href":"https:\/\/www.gr2.com\/de\/wp-json\/wp\/v2\/media?parent=234"}],"curies":[{"name":"wp","href":"https:\/\/api.w.org\/{rel}","templated":true}]}}