{"id":231,"date":"2011-11-29T08:59:51","date_gmt":"2011-11-29T07:59:51","guid":{"rendered":"http:\/\/relaunch.gr2.com\/edelstahlscoops\/"},"modified":"2022-10-25T14:34:49","modified_gmt":"2022-10-25T12:34:49","slug":"edelstahl-scoops","status":"publish","type":"page","link":"https:\/\/www.gr2.com\/de\/edelstahl-scoops\/","title":{"rendered":"Edelstahlscoops"},"content":{"rendered":"<section class=\"wpb-content-wrapper\"><p>[vc_row full_width=&#8220;stretch_row_content_no_spaces&#8220;][vc_column][vc_column_text]\n    \n    \n\n    \t\n    \t\n            <div data-uk-slideshow>\n                <ul class=\"uk-slideshow\">\n\n            \n                    <li class=\"slide\">\n\n                        <div class=\"uk-width-1-1 uk-height-1-1\" id=\"slider-wrapper\">\n                                <div class=\"slider-img-wrapper\">\n                                    <img decoding=\"async\" src=\"https:\/\/www.gr2.com\/wp-content\/uploads\/slide-1.jpg\" alt=\"\" \/>\n                                <\/div>\n\n                                <div class=\"slider-cc-wrapper\">\n                                                                    <\/div>\n                        <\/div>\n\n                    <\/li>\n\n            \n                <\/ul>\n            <\/div>\n\n        \n    \t\n    \t\n    \n\n    [\/vc_column_text][\/vc_column][\/vc_row][vc_row][vc_column][vc_column_text]<\/p>\n<h1>Verteilerrinnen: Scoops aus Edelstahl oder Titan<\/h1>\n<p>[\/vc_column_text][vc_column_text el_class=&#8220;uk-column-medium-1-2&#8243;]<\/p>\n<p>Wir bieten seit vielen Jahren <strong>Verteilerrinnen<\/strong> (auch Scoops genannt) in s\u00e4mtlichen Standard- und Sondergr\u00f6\u00dfen passend f\u00fcr die Tropfenverteiler aller namhaften Maschinenhersteller an. Wir haben weltweit auf unz\u00e4hligen Produktionslinien bewiesen, dass der Einsatz unserer bew\u00e4hrten Qualit\u00e4ts-Scoops die Linien-Effizienz verbessert. Unsere Standard-Scoops sind aus hochwertigem verschlei\u00dffestem Edelstahl hergestellt und halten daher bei korrekter Anwendung und K\u00fchlung viele Jahre, ohne dass sich am Tropfenkontaktpunkt unerw\u00fcnschte Vertiefungen bilden. Der gro\u00dfe Wassermantel auf der R\u00fcckseite der Verteilerrinnen \/ Scoops erlaubt es dem Anwender eine optimale K\u00fchlung der Scoops auch unter schwierigen Produktionsbedingungen jederzeit sicher zu stellen.<\/p>\n<p>[\/vc_column_text][vc_row_inner][vc_column_inner el_class=&#8220;list&#8220; width=&#8220;1\/2&#8243; css=&#8220;.vc_custom_1500292899938{padding-right: 20px !important;}&#8220;][vc_column_text]<\/p>\n<h2>Scoop-Modelle aus Titan<\/h2>\n<p>F\u00fcr Anwender, die im Hinblick auf h\u00f6here Produktionsgeschwindigkeiten das Gewicht der Scoops reduzieren wollen, ohne auf Verschlei\u00dffestigkeit verzichten zu m\u00fcssen, bieten wir viele Scoop-Modelle auch alternativ in dem Werkstoff Titan an.<br \/>\n<strong>Sondergr\u00f6\u00dfen oder technische \u00c4nderungen nach Ihren Vorgaben k\u00f6nnen wir jederzeit auch f\u00fcr kleinste St\u00fcckzahlen realisieren. Bitte schicken Sie uns Ihre Anforderungen und lassen Sie uns ein konkretes Angebot f\u00fcr Ihre individuellen Verteilerrinnen machen. <\/strong>Hier finden Sie auf unserer Startseite einen \u00dcberblick \u00fcber weitere <a title=\"Angebote f\u00fcr die Glasindustrie\" href=\"\/de\/\">Angebote f\u00fcr die Glasindustrie<\/a>!<\/p>\n<p>&nbsp;<\/p>\n<h2>Ma\u00dfgeschneiderte Verteilerrinnen nach Ihren W\u00fcnschen<\/h2>\n<p>Unsere Scoops f\u00fcr Tropfenverteiler kombinieren hohe Stabilit\u00e4t und Best\u00e4ndigkeit. Gepaart mit langj\u00e4hriger Erfahrung und erprobtem Know-how bieten wir Ihnen Verteilerrinnen, die bestens f\u00fcr den Einsatz in der modernen Glasindustrie geeignet sind. Dabei haben Sie M\u00f6glichkeit, die Ausf\u00fchrung des in Auftrag gegebenen Produkts gem\u00e4\u00df Ihren Anspr\u00fcchen vor Ort zu individualisieren. Ob Verbindungsart, Werkstoff oder Werkstoffg\u00fcte \u2014 wir fertigen passgenaue Verteilerrinnen f\u00fcr Ihren Betrieb. Auch Materialst\u00e4rke und Ma\u00dfe \u2014 Rinnenh\u00f6he, Rinnenbreite, Seitenlochung und L\u00e4nge \u2014 k\u00f6nnen frei gew\u00e4hlt werden.<\/p>\n<h3>Ihre Vorteile auf einen Blick:<\/h3>\n<ul>\n<li>individuelle L\u00f6sungen aus Edelstahl oder Titan<\/li>\n<li>spezialisiert auf Anforderungen der Glasindustrie<\/li>\n<li>enorme Strapazierf\u00e4higkeit<\/li>\n<li>h\u00f6chste Korrosionsbest\u00e4ndigkeit<\/li>\n<li>reduzierter Wartungsaufwand<\/li>\n<\/ul>\n<p>[\/vc_column_text][\/vc_column_inner][vc_column_inner width=&#8220;1\/2&#8243;][vc_column_text][\/vc_column_text][vc_column_text]<\/p>\n<h2>Titan-&amp; Edelstahl-Rinnen: Produkt-Anfrage stellen<\/h2>\n<p>Bei Fragen bez\u00fcglich des Produktes k\u00f6nnen Sie gerne <a title=\"Kontakt\" href=\"\/de\/kontakt\/\">Kontakt<\/a> mit uns aufnehmen. <a title=\"GR\u00b2\" href=\"\/de\/\">GR\u00b2<\/a> ist Ihr starker Partner f\u00fcr Verteilerrinnen aus Edelstahl und Titan.<\/p>\n<div class=\"wpcf7 no-js\" id=\"wpcf7-f995-o1\" lang=\"de-DE\" dir=\"ltr\">\n<div class=\"screen-reader-response\"><p role=\"status\" aria-live=\"polite\" aria-atomic=\"true\"><\/p> <ul><\/ul><\/div>\n<form action=\"\/de\/wp-json\/wp\/v2\/pages\/231#wpcf7-f995-o1\" method=\"post\" class=\"wpcf7-form init anfrage-form uk-form wpcf7-acceptance-as-validation\" id=\"anfrage-form\" aria-label=\"Kontaktformular\" novalidate=\"novalidate\" data-status=\"init\">\n<div style=\"display: none;\">\n<input type=\"hidden\" name=\"_wpcf7\" value=\"995\" \/>\n<input type=\"hidden\" name=\"_wpcf7_version\" value=\"5.9.3\" \/>\n<input type=\"hidden\" name=\"_wpcf7_locale\" value=\"de_DE\" \/>\n<input type=\"hidden\" name=\"_wpcf7_unit_tag\" value=\"wpcf7-f995-o1\" \/>\n<input type=\"hidden\" name=\"_wpcf7_container_post\" value=\"0\" \/>\n<input type=\"hidden\" name=\"_wpcf7_posted_data_hash\" value=\"\" \/>\n<\/div>\n<div class=\"uk-grid\">\n<div class=\"uk-width-medium-1-1\">\n<div class=\"uk-grid uk-grid-small\">\n<div class=\"uk-width-medium-1-1 uk-margin-bottom\">\n<span class=\"wpcf7-form-control-wrap\" data-name=\"firma\"><input size=\"40\" class=\"wpcf7-form-control wpcf7-text wpcf7-validates-as-required uk-width-1-1\" aria-required=\"true\" aria-invalid=\"false\" placeholder=\"Firma\" value=\"\" type=\"text\" name=\"firma\" \/><\/span>\n<\/div>\n   <div class=\"uk-width-medium-1-2 margin-bottom-light\">\n<span class=\"wpcf7-form-control-wrap\" data-name=\"vorname\"><input size=\"40\" class=\"wpcf7-form-control wpcf7-text wpcf7-validates-as-required uk-width-1-1\" aria-required=\"true\" aria-invalid=\"false\" placeholder=\"Vorname\" value=\"\" type=\"text\" name=\"vorname\" \/><\/span>\n<\/div>\n   <div class=\"uk-width-medium-1-2\">\n<span class=\"wpcf7-form-control-wrap\" data-name=\"nachname\"><input size=\"40\" class=\"wpcf7-form-control wpcf7-text wpcf7-validates-as-required uk-width-1-1\" aria-required=\"true\" aria-invalid=\"false\" placeholder=\"Nachname\" value=\"\" type=\"text\" name=\"nachname\" \/><\/span>\n<\/div>\n<\/div><\/div>\n\n<div class=\"uk-width-medium-1-1 uk-margin-top\">\n<div class=\"uk-grid uk-grid-small\">\n        <div class=\"uk-width-medium-1-2 margin-bottom-light\">\n<span class=\"wpcf7-form-control-wrap\" data-name=\"email\"><input size=\"40\" class=\"wpcf7-form-control wpcf7-email wpcf7-validates-as-required wpcf7-text wpcf7-validates-as-email uk-width-1-1\" aria-required=\"true\" aria-invalid=\"false\" placeholder=\"E-Mail\" value=\"\" type=\"email\" name=\"email\" \/><\/span>\n<\/div>\n<div class=\"uk-width-medium-1-2\">\n<span class=\"wpcf7-form-control-wrap\" data-name=\"tele\"><input size=\"40\" class=\"wpcf7-form-control wpcf7-text wpcf7-validates-as-required uk-width-1-1\" aria-required=\"true\" aria-invalid=\"false\" placeholder=\"Telefon\" value=\"\" type=\"text\" name=\"tele\" \/><\/span>\n<\/div>\n<\/div><\/div>\n\n<div class=\"uk-width-medium-1-1 uk-margin-top\">\n<div class=\"uk-grid uk-grid-small\">\n        <div class=\"uk-width-medium-1-1\">\n<span class=\"wpcf7-form-control-wrap\" data-name=\"text-msg\"><textarea cols=\"40\" rows=\"10\" class=\"wpcf7-form-control wpcf7-textarea wpcf7-validates-as-required uk-width-1-1 input-text-block\" aria-required=\"true\" aria-invalid=\"false\" placeholder=\"Ihre Nachricht an uns...\" name=\"text-msg\"><\/textarea><\/span>\n<div class=\"uk-margin-small-bottom uk-position-relative agreement\">\n        <span class=\"wpcf7-form-control-wrap\" data-name=\"agreement-box\"><span class=\"wpcf7-form-control wpcf7-acceptance\"><span class=\"wpcf7-list-item\"><input type=\"checkbox\" name=\"agreement-box\" value=\"1\" aria-invalid=\"false\" \/><\/span><\/span><\/span> * Ich stimme zu, dass meine Angaben aus dem Kontaktformular zur Beantwortung meiner Anfrage erhoben und verarbeitet werden. Siehe auch <a href=\"https:\/\/www.gr2.com\/de\/datenschutz\/\">Datenschutz<\/a>\n        <i class=\"uk-icon-question-circle\" data-uk-tooltip=\"{pos:'top-right'}\" title=\"Hinweis: Sie k\u00f6nnen Ihre Einwilligung jederzeit f\u00fcr die Zukunft per E-Mail an info@gr2.com widerrufen.\"><\/i>\n      <\/div>\n<\/div>\n<\/div><\/div>\n\n<div class=\"uk-width-medium-1-1 uk-margin-top\">\n<div class=\"uk-grid submit-green\">\n        <div class=\"uk-width-medium-1-1\">\n<input class=\"wpcf7-form-control wpcf7-submit has-spinner\" type=\"submit\" value=\"Anfrage Senden\" \/>\n<\/div>\n<\/div><\/div><\/div><div class=\"wpcf7-response-output\" aria-hidden=\"true\"><\/div>\n<\/form>\n<\/div>\n[\/vc_column_text][\/vc_column_inner][\/vc_row_inner][\/vc_column][\/vc_row][vc_row][vc_column css=&#8220;.vc_custom_1521189224422{margin-top: 40px !important;}&#8220;][vc_wp_custommenu title=&#8220;Unser Lieferprogramm umfasst L\u00f6sungen f\u00fcr folgende Bereiche von IS Maschinen:&#8220; nav_menu=&#8220;81&#8243; el_class=&#8220;checklist-small&#8220;][\/vc_column][\/vc_row]<\/p>\n<\/section>","protected":false},"excerpt":{"rendered":"<p>[vc_row full_width=&#8220;stretch_row_content_no_spaces&#8220;][vc_column][vc_column_text][\/vc_column_text][\/vc_column][\/vc_row][vc_row][vc_column][vc_column_text] Verteilerrinnen: Scoops aus Edelstahl oder Titan [\/vc_column_text][vc_column_text el_class=&#8220;uk-column-medium-1-2&#8243;] Wir bieten seit vielen Jahren Verteilerrinnen (auch Scoops genannt) in s\u00e4mtlichen Standard- und Sondergr\u00f6\u00dfen passend f\u00fcr die Tropfenverteiler aller namhaften Maschinenhersteller an. Wir haben weltweit auf unz\u00e4hligen Produktionslinien bewiesen, dass der Einsatz unserer bew\u00e4hrten Qualit\u00e4ts-Scoops die Linien-Effizienz verbessert. Unsere Standard-Scoops sind aus hochwertigem verschlei\u00dffestem Edelstahl [&hellip;]<\/p>\n","protected":false},"author":1,"featured_media":0,"parent":0,"menu_order":61,"comment_status":"closed","ping_status":"closed","template":"","meta":{"_acf_changed":false,"inline_featured_image":false,"footnotes":""},"acf":[],"yoast_head":"<!-- This site is optimized with the Yoast SEO plugin v22.4 - https:\/\/yoast.com\/wordpress\/plugins\/seo\/ -->\n<title>Verteilerrinnen \/ Scoops f\u00fcr die Glasindustrie - GR\u00b2 GmbH<\/title>\n<meta name=\"description\" content=\"GR\u00b2 fertigt Scoops\/Verteilerrinnen in Standardgr\u00f6\u00dfen und individuellen Sondergr\u00f6\u00dfen. \u2713 aus Edelstahl oder Titan \u25b6 Jetzt informieren und Beratung sichern!\" \/>\n<meta name=\"robots\" content=\"index, follow, max-snippet:-1, max-image-preview:large, max-video-preview:-1\" \/>\n<link rel=\"canonical\" href=\"https:\/\/www.gr2.com\/de\/edelstahl-scoops\/\" \/>\n<meta property=\"og:locale\" content=\"de_DE\" \/>\n<meta property=\"og:type\" content=\"article\" \/>\n<meta property=\"og:title\" content=\"Verteilerrinnen \/ Scoops f\u00fcr die Glasindustrie - GR\u00b2 GmbH\" \/>\n<meta property=\"og:description\" content=\"GR\u00b2 fertigt Scoops\/Verteilerrinnen in Standardgr\u00f6\u00dfen und individuellen Sondergr\u00f6\u00dfen. \u2713 aus Edelstahl oder Titan \u25b6 Jetzt informieren und Beratung sichern!\" \/>\n<meta property=\"og:url\" content=\"https:\/\/www.gr2.com\/de\/edelstahl-scoops\/\" \/>\n<meta property=\"og:site_name\" content=\"GR\u00b2 GmbH\" \/>\n<meta property=\"article:modified_time\" content=\"2022-10-25T12:34:49+00:00\" \/>\n<meta name=\"twitter:card\" content=\"summary_large_image\" \/>\n<meta name=\"twitter:label1\" content=\"Gesch\u00e4tzte Lesezeit\" \/>\n\t<meta name=\"twitter:data1\" content=\"2\u00a0Minuten\" \/>\n<script type=\"application\/ld+json\" class=\"yoast-schema-graph\">{\"@context\":\"https:\/\/schema.org\",\"@graph\":[{\"@type\":\"WebPage\",\"@id\":\"https:\/\/www.gr2.com\/de\/edelstahl-scoops\/\",\"url\":\"https:\/\/www.gr2.com\/de\/edelstahl-scoops\/\",\"name\":\"Verteilerrinnen \/ Scoops f\u00fcr die Glasindustrie - GR\u00b2 GmbH\",\"isPartOf\":{\"@id\":\"https:\/\/www.gr2.com\/de\/#website\"},\"datePublished\":\"2011-11-29T07:59:51+00:00\",\"dateModified\":\"2022-10-25T12:34:49+00:00\",\"description\":\"GR\u00b2 fertigt Scoops\/Verteilerrinnen in Standardgr\u00f6\u00dfen und individuellen Sondergr\u00f6\u00dfen. \u2713 aus Edelstahl oder Titan \u25b6 Jetzt informieren und Beratung sichern!\",\"breadcrumb\":{\"@id\":\"https:\/\/www.gr2.com\/de\/edelstahl-scoops\/#breadcrumb\"},\"inLanguage\":\"de\",\"potentialAction\":[{\"@type\":\"ReadAction\",\"target\":[\"https:\/\/www.gr2.com\/de\/edelstahl-scoops\/\"]}]},{\"@type\":\"BreadcrumbList\",\"@id\":\"https:\/\/www.gr2.com\/de\/edelstahl-scoops\/#breadcrumb\",\"itemListElement\":[{\"@type\":\"ListItem\",\"position\":1,\"name\":\"Startseite\",\"item\":\"https:\/\/www.gr2.com\/de\/\"},{\"@type\":\"ListItem\",\"position\":2,\"name\":\"Edelstahlscoops\"}]},{\"@type\":\"WebSite\",\"@id\":\"https:\/\/www.gr2.com\/de\/#website\",\"url\":\"https:\/\/www.gr2.com\/de\/\",\"name\":\"GR\u00b2 GmbH\",\"description\":\"\",\"potentialAction\":[{\"@type\":\"SearchAction\",\"target\":{\"@type\":\"EntryPoint\",\"urlTemplate\":\"https:\/\/www.gr2.com\/de\/?s={search_term_string}\"},\"query-input\":\"required name=search_term_string\"}],\"inLanguage\":\"de\"}]}<\/script>\n<!-- \/ Yoast SEO plugin. -->","yoast_head_json":{"title":"Verteilerrinnen \/ Scoops f\u00fcr die Glasindustrie - GR\u00b2 GmbH","description":"GR\u00b2 fertigt Scoops\/Verteilerrinnen in Standardgr\u00f6\u00dfen und individuellen Sondergr\u00f6\u00dfen. \u2713 aus Edelstahl oder Titan \u25b6 Jetzt informieren und Beratung sichern!","robots":{"index":"index","follow":"follow","max-snippet":"max-snippet:-1","max-image-preview":"max-image-preview:large","max-video-preview":"max-video-preview:-1"},"canonical":"https:\/\/www.gr2.com\/de\/edelstahl-scoops\/","og_locale":"de_DE","og_type":"article","og_title":"Verteilerrinnen \/ Scoops f\u00fcr die Glasindustrie - GR\u00b2 GmbH","og_description":"GR\u00b2 fertigt Scoops\/Verteilerrinnen in Standardgr\u00f6\u00dfen und individuellen Sondergr\u00f6\u00dfen. \u2713 aus Edelstahl oder Titan \u25b6 Jetzt informieren und Beratung sichern!","og_url":"https:\/\/www.gr2.com\/de\/edelstahl-scoops\/","og_site_name":"GR\u00b2 GmbH","article_modified_time":"2022-10-25T12:34:49+00:00","twitter_card":"summary_large_image","twitter_misc":{"Gesch\u00e4tzte Lesezeit":"2\u00a0Minuten"},"schema":{"@context":"https:\/\/schema.org","@graph":[{"@type":"WebPage","@id":"https:\/\/www.gr2.com\/de\/edelstahl-scoops\/","url":"https:\/\/www.gr2.com\/de\/edelstahl-scoops\/","name":"Verteilerrinnen \/ Scoops f\u00fcr die Glasindustrie - GR\u00b2 GmbH","isPartOf":{"@id":"https:\/\/www.gr2.com\/de\/#website"},"datePublished":"2011-11-29T07:59:51+00:00","dateModified":"2022-10-25T12:34:49+00:00","description":"GR\u00b2 fertigt Scoops\/Verteilerrinnen in Standardgr\u00f6\u00dfen und individuellen Sondergr\u00f6\u00dfen. \u2713 aus Edelstahl oder Titan \u25b6 Jetzt informieren und Beratung sichern!","breadcrumb":{"@id":"https:\/\/www.gr2.com\/de\/edelstahl-scoops\/#breadcrumb"},"inLanguage":"de","potentialAction":[{"@type":"ReadAction","target":["https:\/\/www.gr2.com\/de\/edelstahl-scoops\/"]}]},{"@type":"BreadcrumbList","@id":"https:\/\/www.gr2.com\/de\/edelstahl-scoops\/#breadcrumb","itemListElement":[{"@type":"ListItem","position":1,"name":"Startseite","item":"https:\/\/www.gr2.com\/de\/"},{"@type":"ListItem","position":2,"name":"Edelstahlscoops"}]},{"@type":"WebSite","@id":"https:\/\/www.gr2.com\/de\/#website","url":"https:\/\/www.gr2.com\/de\/","name":"GR\u00b2 GmbH","description":"","potentialAction":[{"@type":"SearchAction","target":{"@type":"EntryPoint","urlTemplate":"https:\/\/www.gr2.com\/de\/?s={search_term_string}"},"query-input":"required name=search_term_string"}],"inLanguage":"de"}]}},"_links":{"self":[{"href":"https:\/\/www.gr2.com\/de\/wp-json\/wp\/v2\/pages\/231"}],"collection":[{"href":"https:\/\/www.gr2.com\/de\/wp-json\/wp\/v2\/pages"}],"about":[{"href":"https:\/\/www.gr2.com\/de\/wp-json\/wp\/v2\/types\/page"}],"author":[{"embeddable":true,"href":"https:\/\/www.gr2.com\/de\/wp-json\/wp\/v2\/users\/1"}],"replies":[{"embeddable":true,"href":"https:\/\/www.gr2.com\/de\/wp-json\/wp\/v2\/comments?post=231"}],"version-history":[{"count":6,"href":"https:\/\/www.gr2.com\/de\/wp-json\/wp\/v2\/pages\/231\/revisions"}],"predecessor-version":[{"id":2098,"href":"https:\/\/www.gr2.com\/de\/wp-json\/wp\/v2\/pages\/231\/revisions\/2098"}],"wp:attachment":[{"href":"https:\/\/www.gr2.com\/de\/wp-json\/wp\/v2\/media?parent=231"}],"curies":[{"name":"wp","href":"https:\/\/api.w.org\/{rel}","templated":true}]}}