{"id":224,"date":"2011-11-29T08:55:18","date_gmt":"2011-11-29T07:55:18","guid":{"rendered":"http:\/\/relaunch.gr2.com\/lehre-fuer-ausrichtung-der-scherenmesser\/"},"modified":"2018-02-21T16:43:02","modified_gmt":"2018-02-21T15:43:02","slug":"lehre-fuer-ausrichtung-der-scherenmesser","status":"publish","type":"page","link":"https:\/\/www.gr2.com\/de\/lehre-fuer-ausrichtung-der-scherenmesser\/","title":{"rendered":"Lehre f\u00fcr Ausrichtung der Scherenmesser"},"content":{"rendered":"<section class=\"wpb-content-wrapper\"><p>[vc_row full_width=&#8220;stretch_row_content_no_spaces&#8220;][vc_column][vc_column_text]\n    \n    \n\n    \t\n    \t\n            <div data-uk-slideshow>\n                <ul class=\"uk-slideshow\">\n\n            \n                    <li class=\"slide\">\n\n                        <div class=\"uk-width-1-1 uk-height-1-1\" id=\"slider-wrapper\">\n                                <div class=\"slider-img-wrapper\">\n                                    <img decoding=\"async\" src=\"https:\/\/www.gr2.com\/wp-content\/uploads\/slide-1.jpg\" alt=\"\" \/>\n                                <\/div>\n\n                                <div class=\"slider-cc-wrapper\">\n                                                                    <\/div>\n                        <\/div>\n\n                    <\/li>\n\n            \n                <\/ul>\n            <\/div>\n\n        \n    \t\n    \t\n    \n\n    [\/vc_column_text][\/vc_column][\/vc_row][vc_row][vc_column][vc_column_text]<\/p>\n<h1>Scherenausrichtlehre<\/h1>\n<p>[\/vc_column_text][vc_row_inner][vc_column_inner el_class=&#8220;list&#8220; width=&#8220;1\/2&#8243; css=&#8220;.vc_custom_1500292899938{padding-right: 20px !important;}&#8220;][vc_column_text]Durch die optimale Ausrichtung von Scherenarmen und Scherenmessern kann der Anwender die Lebensdauer der\u00a0<a title=\"Scherenmesser\" href=\"https:\/\/www.gr2.com\/de\/scherenmesser\/\">Scherenmesser<\/a>\u00a0erh\u00f6hen und Fehler wie Schnittmarken oder Line Over Finish reduzieren.<\/p>\n<p>Weitere positive Nebeneffekte einer optimal eingestellten Schere sind geringerer Verbrauch von Scherenk\u00fchlmittel und weniger Stillst\u00e4nde.<\/p>\n<p>Sonderausf\u00fchrungen mit einstellbaren Schneidwinkeln auf Anfrage erh\u00e4ltlich![\/vc_column_text][vc_single_image image=&#8220;1111&#8243; img_size=&#8220;medium&#8220; add_caption=&#8220;yes&#8220; alignment=&#8220;center&#8220;][\/vc_column_inner][vc_column_inner width=&#8220;1\/2&#8243;][vc_column_text]<\/p>\n<h3>Produkt Anfrage<\/h3>\n<p>Bei Fragen bez\u00fcglich des Produktes k\u00f6nnen Sie gerne Kontakt mit uns aufnehmen.<\/p>\n<div class=\"wpcf7 no-js\" id=\"wpcf7-f995-o1\" lang=\"de-DE\" dir=\"ltr\">\n<div class=\"screen-reader-response\"><p role=\"status\" aria-live=\"polite\" aria-atomic=\"true\"><\/p> <ul><\/ul><\/div>\n<form action=\"\/de\/wp-json\/wp\/v2\/pages\/224#wpcf7-f995-o1\" method=\"post\" class=\"wpcf7-form init anfrage-form uk-form wpcf7-acceptance-as-validation\" id=\"anfrage-form\" aria-label=\"Kontaktformular\" novalidate=\"novalidate\" data-status=\"init\">\n<div style=\"display: none;\">\n<input type=\"hidden\" name=\"_wpcf7\" value=\"995\" \/>\n<input type=\"hidden\" name=\"_wpcf7_version\" value=\"5.9.3\" \/>\n<input type=\"hidden\" name=\"_wpcf7_locale\" value=\"de_DE\" \/>\n<input type=\"hidden\" name=\"_wpcf7_unit_tag\" value=\"wpcf7-f995-o1\" \/>\n<input type=\"hidden\" name=\"_wpcf7_container_post\" value=\"0\" \/>\n<input type=\"hidden\" name=\"_wpcf7_posted_data_hash\" value=\"\" \/>\n<\/div>\n<div class=\"uk-grid\">\n<div class=\"uk-width-medium-1-1\">\n<div class=\"uk-grid uk-grid-small\">\n<div class=\"uk-width-medium-1-1 uk-margin-bottom\">\n<span class=\"wpcf7-form-control-wrap\" data-name=\"firma\"><input size=\"40\" class=\"wpcf7-form-control wpcf7-text wpcf7-validates-as-required uk-width-1-1\" aria-required=\"true\" aria-invalid=\"false\" placeholder=\"Firma\" value=\"\" type=\"text\" name=\"firma\" \/><\/span>\n<\/div>\n   <div class=\"uk-width-medium-1-2 margin-bottom-light\">\n<span class=\"wpcf7-form-control-wrap\" data-name=\"vorname\"><input size=\"40\" class=\"wpcf7-form-control wpcf7-text wpcf7-validates-as-required uk-width-1-1\" aria-required=\"true\" aria-invalid=\"false\" placeholder=\"Vorname\" value=\"\" type=\"text\" name=\"vorname\" \/><\/span>\n<\/div>\n   <div class=\"uk-width-medium-1-2\">\n<span class=\"wpcf7-form-control-wrap\" data-name=\"nachname\"><input size=\"40\" class=\"wpcf7-form-control wpcf7-text wpcf7-validates-as-required uk-width-1-1\" aria-required=\"true\" aria-invalid=\"false\" placeholder=\"Nachname\" value=\"\" type=\"text\" name=\"nachname\" \/><\/span>\n<\/div>\n<\/div><\/div>\n\n<div class=\"uk-width-medium-1-1 uk-margin-top\">\n<div class=\"uk-grid uk-grid-small\">\n        <div class=\"uk-width-medium-1-2 margin-bottom-light\">\n<span class=\"wpcf7-form-control-wrap\" data-name=\"email\"><input size=\"40\" class=\"wpcf7-form-control wpcf7-email wpcf7-validates-as-required wpcf7-text wpcf7-validates-as-email uk-width-1-1\" aria-required=\"true\" aria-invalid=\"false\" placeholder=\"E-Mail\" value=\"\" type=\"email\" name=\"email\" \/><\/span>\n<\/div>\n<div class=\"uk-width-medium-1-2\">\n<span class=\"wpcf7-form-control-wrap\" data-name=\"tele\"><input size=\"40\" class=\"wpcf7-form-control wpcf7-text wpcf7-validates-as-required uk-width-1-1\" aria-required=\"true\" aria-invalid=\"false\" placeholder=\"Telefon\" value=\"\" type=\"text\" name=\"tele\" \/><\/span>\n<\/div>\n<\/div><\/div>\n\n<div class=\"uk-width-medium-1-1 uk-margin-top\">\n<div class=\"uk-grid uk-grid-small\">\n        <div class=\"uk-width-medium-1-1\">\n<span class=\"wpcf7-form-control-wrap\" data-name=\"text-msg\"><textarea cols=\"40\" rows=\"10\" class=\"wpcf7-form-control wpcf7-textarea wpcf7-validates-as-required uk-width-1-1 input-text-block\" aria-required=\"true\" aria-invalid=\"false\" placeholder=\"Ihre Nachricht an uns...\" name=\"text-msg\"><\/textarea><\/span>\n<div class=\"uk-margin-small-bottom uk-position-relative agreement\">\n        <span class=\"wpcf7-form-control-wrap\" data-name=\"agreement-box\"><span class=\"wpcf7-form-control wpcf7-acceptance\"><span class=\"wpcf7-list-item\"><input type=\"checkbox\" name=\"agreement-box\" value=\"1\" aria-invalid=\"false\" \/><\/span><\/span><\/span> * Ich stimme zu, dass meine Angaben aus dem Kontaktformular zur Beantwortung meiner Anfrage erhoben und verarbeitet werden. Siehe auch <a href=\"https:\/\/www.gr2.com\/de\/datenschutz\/\">Datenschutz<\/a>\n        <i class=\"uk-icon-question-circle\" data-uk-tooltip=\"{pos:'top-right'}\" title=\"Hinweis: Sie k\u00f6nnen Ihre Einwilligung jederzeit f\u00fcr die Zukunft per E-Mail an info@gr2.com widerrufen.\"><\/i>\n      <\/div>\n<\/div>\n<\/div><\/div>\n\n<div class=\"uk-width-medium-1-1 uk-margin-top\">\n<div class=\"uk-grid submit-green\">\n        <div class=\"uk-width-medium-1-1\">\n<input class=\"wpcf7-form-control wpcf7-submit has-spinner\" type=\"submit\" value=\"Anfrage Senden\" \/>\n<\/div>\n<\/div><\/div><\/div><div class=\"wpcf7-response-output\" aria-hidden=\"true\"><\/div>\n<\/form>\n<\/div>\n[\/vc_column_text][\/vc_column_inner][\/vc_row_inner][\/vc_column][\/vc_row]<\/p>\n<\/section>","protected":false},"excerpt":{"rendered":"<p>[vc_row full_width=&#8220;stretch_row_content_no_spaces&#8220;][vc_column][vc_column_text][\/vc_column_text][\/vc_column][\/vc_row][vc_row][vc_column][vc_column_text] Scherenausrichtlehre [\/vc_column_text][vc_row_inner][vc_column_inner el_class=&#8220;list&#8220; width=&#8220;1\/2&#8243; css=&#8220;.vc_custom_1500292899938{padding-right: 20px !important;}&#8220;][vc_column_text]Durch die optimale Ausrichtung von Scherenarmen und Scherenmessern kann der Anwender die Lebensdauer der\u00a0Scherenmesser\u00a0erh\u00f6hen und Fehler wie Schnittmarken oder Line Over Finish reduzieren. Weitere positive Nebeneffekte einer optimal eingestellten Schere sind geringerer Verbrauch von Scherenk\u00fchlmittel und weniger Stillst\u00e4nde. Sonderausf\u00fchrungen mit einstellbaren Schneidwinkeln auf Anfrage erh\u00e4ltlich![\/vc_column_text][vc_single_image image=&#8220;1111&#8243; img_size=&#8220;medium&#8220; [&hellip;]<\/p>\n","protected":false},"author":1,"featured_media":223,"parent":0,"menu_order":32,"comment_status":"closed","ping_status":"closed","template":"","meta":{"_acf_changed":false,"inline_featured_image":false,"footnotes":""},"acf":[],"yoast_head":"<!-- This site is optimized with the Yoast SEO plugin v22.4 - https:\/\/yoast.com\/wordpress\/plugins\/seo\/ -->\n<title>Lehre f\u00fcr Ausrichtung der Scherenmesser - GR\u00b2 GmbH<\/title>\n<meta name=\"description\" content=\"Die optimale Ausrichtung von Scherenarmen\/Scherenmessern erh\u00f6ht die Lebensdauer der Scherenmesser, sorgt f\u00fcr einen geringen Verbrauch von Scherenk\u00fchlmittel und reduziert Fehler.\" \/>\n<meta name=\"robots\" content=\"index, follow, max-snippet:-1, max-image-preview:large, max-video-preview:-1\" \/>\n<link rel=\"canonical\" href=\"https:\/\/www.gr2.com\/de\/lehre-fuer-ausrichtung-der-scherenmesser\/\" \/>\n<meta property=\"og:locale\" content=\"de_DE\" \/>\n<meta property=\"og:type\" content=\"article\" \/>\n<meta property=\"og:title\" content=\"Lehre f\u00fcr Ausrichtung der Scherenmesser - GR\u00b2 GmbH\" \/>\n<meta property=\"og:description\" content=\"Die optimale Ausrichtung von Scherenarmen\/Scherenmessern erh\u00f6ht die Lebensdauer der Scherenmesser, sorgt f\u00fcr einen geringen Verbrauch von Scherenk\u00fchlmittel und reduziert Fehler.\" \/>\n<meta property=\"og:url\" content=\"https:\/\/www.gr2.com\/de\/lehre-fuer-ausrichtung-der-scherenmesser\/\" \/>\n<meta property=\"og:site_name\" content=\"GR\u00b2 GmbH\" \/>\n<meta property=\"article:modified_time\" content=\"2018-02-21T15:43:02+00:00\" \/>\n<meta property=\"og:image\" content=\"https:\/\/www.gr2.com\/wp-content\/uploads\/produkte\/scherenausrichtlehre\/produkte_scherenausrichtlehre_scherenausrichtlehre1.jpg\" \/>\n\t<meta property=\"og:image:width\" content=\"419\" \/>\n\t<meta property=\"og:image:height\" content=\"346\" \/>\n\t<meta property=\"og:image:type\" content=\"image\/jpeg\" \/>\n<meta name=\"twitter:card\" content=\"summary_large_image\" \/>\n<meta name=\"twitter:label1\" content=\"Gesch\u00e4tzte Lesezeit\" \/>\n\t<meta name=\"twitter:data1\" content=\"1\u00a0Minute\" \/>\n<script type=\"application\/ld+json\" class=\"yoast-schema-graph\">{\"@context\":\"https:\/\/schema.org\",\"@graph\":[{\"@type\":\"WebPage\",\"@id\":\"https:\/\/www.gr2.com\/de\/lehre-fuer-ausrichtung-der-scherenmesser\/\",\"url\":\"https:\/\/www.gr2.com\/de\/lehre-fuer-ausrichtung-der-scherenmesser\/\",\"name\":\"Lehre f\u00fcr Ausrichtung der Scherenmesser - GR\u00b2 GmbH\",\"isPartOf\":{\"@id\":\"https:\/\/www.gr2.com\/de\/#website\"},\"primaryImageOfPage\":{\"@id\":\"https:\/\/www.gr2.com\/de\/lehre-fuer-ausrichtung-der-scherenmesser\/#primaryimage\"},\"image\":{\"@id\":\"https:\/\/www.gr2.com\/de\/lehre-fuer-ausrichtung-der-scherenmesser\/#primaryimage\"},\"thumbnailUrl\":\"https:\/\/www.gr2.com\/wp-content\/uploads\/produkte\/scherenausrichtlehre\/produkte_scherenausrichtlehre_scherenausrichtlehre1.jpg\",\"datePublished\":\"2011-11-29T07:55:18+00:00\",\"dateModified\":\"2018-02-21T15:43:02+00:00\",\"description\":\"Die optimale Ausrichtung von Scherenarmen\/Scherenmessern erh\u00f6ht die Lebensdauer der Scherenmesser, sorgt f\u00fcr einen geringen Verbrauch von Scherenk\u00fchlmittel und reduziert Fehler.\",\"breadcrumb\":{\"@id\":\"https:\/\/www.gr2.com\/de\/lehre-fuer-ausrichtung-der-scherenmesser\/#breadcrumb\"},\"inLanguage\":\"de\",\"potentialAction\":[{\"@type\":\"ReadAction\",\"target\":[\"https:\/\/www.gr2.com\/de\/lehre-fuer-ausrichtung-der-scherenmesser\/\"]}]},{\"@type\":\"ImageObject\",\"inLanguage\":\"de\",\"@id\":\"https:\/\/www.gr2.com\/de\/lehre-fuer-ausrichtung-der-scherenmesser\/#primaryimage\",\"url\":\"https:\/\/www.gr2.com\/wp-content\/uploads\/produkte\/scherenausrichtlehre\/produkte_scherenausrichtlehre_scherenausrichtlehre1.jpg\",\"contentUrl\":\"https:\/\/www.gr2.com\/wp-content\/uploads\/produkte\/scherenausrichtlehre\/produkte_scherenausrichtlehre_scherenausrichtlehre1.jpg\",\"width\":419,\"height\":346,\"caption\":\"Scherenlehre\"},{\"@type\":\"BreadcrumbList\",\"@id\":\"https:\/\/www.gr2.com\/de\/lehre-fuer-ausrichtung-der-scherenmesser\/#breadcrumb\",\"itemListElement\":[{\"@type\":\"ListItem\",\"position\":1,\"name\":\"Startseite\",\"item\":\"https:\/\/www.gr2.com\/de\/\"},{\"@type\":\"ListItem\",\"position\":2,\"name\":\"Lehre f\u00fcr Ausrichtung der Scherenmesser\"}]},{\"@type\":\"WebSite\",\"@id\":\"https:\/\/www.gr2.com\/de\/#website\",\"url\":\"https:\/\/www.gr2.com\/de\/\",\"name\":\"GR\u00b2 GmbH\",\"description\":\"\",\"potentialAction\":[{\"@type\":\"SearchAction\",\"target\":{\"@type\":\"EntryPoint\",\"urlTemplate\":\"https:\/\/www.gr2.com\/de\/?s={search_term_string}\"},\"query-input\":\"required name=search_term_string\"}],\"inLanguage\":\"de\"}]}<\/script>\n<!-- \/ Yoast SEO plugin. -->","yoast_head_json":{"title":"Lehre f\u00fcr Ausrichtung der Scherenmesser - GR\u00b2 GmbH","description":"Die optimale Ausrichtung von Scherenarmen\/Scherenmessern erh\u00f6ht die Lebensdauer der Scherenmesser, sorgt f\u00fcr einen geringen Verbrauch von Scherenk\u00fchlmittel und reduziert Fehler.","robots":{"index":"index","follow":"follow","max-snippet":"max-snippet:-1","max-image-preview":"max-image-preview:large","max-video-preview":"max-video-preview:-1"},"canonical":"https:\/\/www.gr2.com\/de\/lehre-fuer-ausrichtung-der-scherenmesser\/","og_locale":"de_DE","og_type":"article","og_title":"Lehre f\u00fcr Ausrichtung der Scherenmesser - GR\u00b2 GmbH","og_description":"Die optimale Ausrichtung von Scherenarmen\/Scherenmessern erh\u00f6ht die Lebensdauer der Scherenmesser, sorgt f\u00fcr einen geringen Verbrauch von Scherenk\u00fchlmittel und reduziert Fehler.","og_url":"https:\/\/www.gr2.com\/de\/lehre-fuer-ausrichtung-der-scherenmesser\/","og_site_name":"GR\u00b2 GmbH","article_modified_time":"2018-02-21T15:43:02+00:00","og_image":[{"width":419,"height":346,"url":"https:\/\/www.gr2.com\/wp-content\/uploads\/produkte\/scherenausrichtlehre\/produkte_scherenausrichtlehre_scherenausrichtlehre1.jpg","type":"image\/jpeg"}],"twitter_card":"summary_large_image","twitter_misc":{"Gesch\u00e4tzte Lesezeit":"1\u00a0Minute"},"schema":{"@context":"https:\/\/schema.org","@graph":[{"@type":"WebPage","@id":"https:\/\/www.gr2.com\/de\/lehre-fuer-ausrichtung-der-scherenmesser\/","url":"https:\/\/www.gr2.com\/de\/lehre-fuer-ausrichtung-der-scherenmesser\/","name":"Lehre f\u00fcr Ausrichtung der Scherenmesser - GR\u00b2 GmbH","isPartOf":{"@id":"https:\/\/www.gr2.com\/de\/#website"},"primaryImageOfPage":{"@id":"https:\/\/www.gr2.com\/de\/lehre-fuer-ausrichtung-der-scherenmesser\/#primaryimage"},"image":{"@id":"https:\/\/www.gr2.com\/de\/lehre-fuer-ausrichtung-der-scherenmesser\/#primaryimage"},"thumbnailUrl":"https:\/\/www.gr2.com\/wp-content\/uploads\/produkte\/scherenausrichtlehre\/produkte_scherenausrichtlehre_scherenausrichtlehre1.jpg","datePublished":"2011-11-29T07:55:18+00:00","dateModified":"2018-02-21T15:43:02+00:00","description":"Die optimale Ausrichtung von Scherenarmen\/Scherenmessern erh\u00f6ht die Lebensdauer der Scherenmesser, sorgt f\u00fcr einen geringen Verbrauch von Scherenk\u00fchlmittel und reduziert Fehler.","breadcrumb":{"@id":"https:\/\/www.gr2.com\/de\/lehre-fuer-ausrichtung-der-scherenmesser\/#breadcrumb"},"inLanguage":"de","potentialAction":[{"@type":"ReadAction","target":["https:\/\/www.gr2.com\/de\/lehre-fuer-ausrichtung-der-scherenmesser\/"]}]},{"@type":"ImageObject","inLanguage":"de","@id":"https:\/\/www.gr2.com\/de\/lehre-fuer-ausrichtung-der-scherenmesser\/#primaryimage","url":"https:\/\/www.gr2.com\/wp-content\/uploads\/produkte\/scherenausrichtlehre\/produkte_scherenausrichtlehre_scherenausrichtlehre1.jpg","contentUrl":"https:\/\/www.gr2.com\/wp-content\/uploads\/produkte\/scherenausrichtlehre\/produkte_scherenausrichtlehre_scherenausrichtlehre1.jpg","width":419,"height":346,"caption":"Scherenlehre"},{"@type":"BreadcrumbList","@id":"https:\/\/www.gr2.com\/de\/lehre-fuer-ausrichtung-der-scherenmesser\/#breadcrumb","itemListElement":[{"@type":"ListItem","position":1,"name":"Startseite","item":"https:\/\/www.gr2.com\/de\/"},{"@type":"ListItem","position":2,"name":"Lehre f\u00fcr Ausrichtung der Scherenmesser"}]},{"@type":"WebSite","@id":"https:\/\/www.gr2.com\/de\/#website","url":"https:\/\/www.gr2.com\/de\/","name":"GR\u00b2 GmbH","description":"","potentialAction":[{"@type":"SearchAction","target":{"@type":"EntryPoint","urlTemplate":"https:\/\/www.gr2.com\/de\/?s={search_term_string}"},"query-input":"required name=search_term_string"}],"inLanguage":"de"}]}},"_links":{"self":[{"href":"https:\/\/www.gr2.com\/de\/wp-json\/wp\/v2\/pages\/224"}],"collection":[{"href":"https:\/\/www.gr2.com\/de\/wp-json\/wp\/v2\/pages"}],"about":[{"href":"https:\/\/www.gr2.com\/de\/wp-json\/wp\/v2\/types\/page"}],"author":[{"embeddable":true,"href":"https:\/\/www.gr2.com\/de\/wp-json\/wp\/v2\/users\/1"}],"replies":[{"embeddable":true,"href":"https:\/\/www.gr2.com\/de\/wp-json\/wp\/v2\/comments?post=224"}],"version-history":[{"count":4,"href":"https:\/\/www.gr2.com\/de\/wp-json\/wp\/v2\/pages\/224\/revisions"}],"predecessor-version":[{"id":1881,"href":"https:\/\/www.gr2.com\/de\/wp-json\/wp\/v2\/pages\/224\/revisions\/1881"}],"wp:featuredmedia":[{"embeddable":true,"href":"https:\/\/www.gr2.com\/de\/wp-json\/wp\/v2\/media\/223"}],"wp:attachment":[{"href":"https:\/\/www.gr2.com\/de\/wp-json\/wp\/v2\/media?parent=224"}],"curies":[{"name":"wp","href":"https:\/\/api.w.org\/{rel}","templated":true}]}}