{"id":222,"date":"2011-11-29T08:54:35","date_gmt":"2011-11-29T07:54:35","guid":{"rendered":"http:\/\/relaunch.gr2.com\/ersatzteile-fuer-scherenmechanismen\/"},"modified":"2025-08-05T14:29:20","modified_gmt":"2025-08-05T12:29:20","slug":"ersatzteile-fuer-scherenmechanismen","status":"publish","type":"page","link":"https:\/\/www.gr2.com\/de\/ersatzteile-fuer-scherenmechanismen\/","title":{"rendered":"Ersatzteile f\u00fcr Scherenmechanismen"},"content":{"rendered":"<section class=\"wpb-content-wrapper\"><p>[vc_row full_width=&#8220;stretch_row_content_no_spaces&#8220;][vc_column][vc_column_text]\n    \n    \n\n    \t\n    \t\n            <div data-uk-slideshow>\n                <ul class=\"uk-slideshow\">\n\n            \n                    <li class=\"slide\">\n\n                        <div class=\"uk-width-1-1 uk-height-1-1\" id=\"slider-wrapper\">\n                                <div class=\"slider-img-wrapper\">\n                                    <img decoding=\"async\" src=\"https:\/\/www.gr2.com\/wp-content\/uploads\/slide-1.jpg\" alt=\"\" \/>\n                                <\/div>\n\n                                <div class=\"slider-cc-wrapper\">\n                                                                    <\/div>\n                        <\/div>\n\n                    <\/li>\n\n            \n                <\/ul>\n            <\/div>\n\n        \n    \t\n    \t\n    \n\n    [\/vc_column_text][\/vc_column][\/vc_row][vc_row][vc_column][vc_empty_space][vc_column_text]<\/p>\n<h1>Scherenmechanismus-Ersatzteile f\u00fcr die Glasindustrie<\/h1>\n<p>[\/vc_column_text][vc_column_text]In der automatisierten Glasproduktion kommt es auf h\u00f6chste Genauigkeit und Langlebigkeit an. Das gilt insbesondere bei den stark beanspruchten Komponenten wie Winkel- und Parallelscheren, die im 24-Stunden-Betrieb hohen mechanischen und thermischen Belastungen ausgesetzt sind. Die GR\u00b2 GmbH bietet erstklassige <strong>Ersatzteile f\u00fcr Scherenmechanismen<\/strong>, die auf diese extremen Anforderungen der Glasproduktion zugeschnitten sind.<\/p>\n<p>Sie ben\u00f6tigen eine individuelle L\u00f6sung? Gern realisieren wir auch Sonderanfertigungen, die wir exakt auf Ihre Anlagen und Produktionsprozesse abstimmen.[\/vc_column_text][vc_row_inner][vc_column_inner el_class=&#8220;list&#8220; width=&#8220;1\/2&#8243; css=&#8220;.vc_custom_1500292899938{padding-right: 20px !important;}&#8220;][vc_column_text]<\/p>\n<h2>H\u00f6chste Fertigungsqualit\u00e4t: Ersatzteile, die mit Ihrer Produktion Schritt halten<\/h2>\n<p>Dank langj\u00e4hriger Erfahrung fertigen wir auch besonders beanspruchte Bauteile mit optimierter Oberfl\u00e4cheng\u00fcte und verbesserter Geometrie. Die Verbindung aus <strong>hochwertigem Material und intelligenter Konstruktion<\/strong> f\u00fchrt zu sp\u00fcrbaren Vorteilen in Ihrer Produktion. Dank strenger Qualit\u00e4tsstandards erh\u00f6hen wir so die Lebensdauer und Funktionssicherheit der Ersatzteile f\u00fcr Scherenmechanismen ma\u00dfgeblich.<\/p>\n<p>Die speziell bearbeiteten Oberfl\u00e4chen unserer Scherenmechanismus -Komponenten bieten eine erh\u00f6hte Widerstandsf\u00e4higkeit gegen mechanische Abnutzung sowie aggressive chemische Einfl\u00fcsse, wie sie in Hochtemperaturbereichen \u00fcblich sind. Unsere Konstruktionsweise erlaubt zudem eine optimale Anpassung hinsichtlich Einsatzdauer und Effizienz.<\/p>\n<p>[\/vc_column_text][vc_column_text]<\/p>\n<p><strong>Ihre Vorteile im \u00dcberblick:<\/strong><\/p>\n<ul>\n<li><strong>Kostenreduktion bei gesteigerter Einsatzbereitschaft<\/strong>: Unsere robusten Komponenten verl\u00e4ngern Wartungszyklen und minimieren Produktionsunterbrechungen.<\/li>\n<li><strong>Optimierte Oberfl\u00e4cheng\u00fcte f\u00fcr l\u00e4ngere Standzeiten<\/strong>: H\u00f6here Best\u00e4ndigkeit gegen mechanische Beanspruchung (Reibung, Hitze) sowie chemische Belastungen \u2013 ideal f\u00fcr den Dauereinsatz.<\/li>\n<li><strong>Konstruktive Verst\u00e4rkung verschlei\u00dfanf\u00e4lliger Punkte<\/strong>: Durch gezielte technische Anpassungen werden Schwachstellen in stark beanspruchten Bereichen nachhaltig entsch\u00e4rft. Die optimierte Schneidengeometrie und passgenau geschliffene Kanten verbessern die Prozesseffektivit\u00e4t messbar.<\/li>\n<\/ul>\n<p>[\/vc_column_text][vc_column_text]<\/p>\n<h3>Technologie trifft auf individuelle L\u00f6sungen<\/h3>\n<p>Bei GR\u00b2 steht nicht nur die Qualit\u00e4t der einzelnen Bauteile im Fokus: <strong>Wir betrachten Ihre Produktionsprozesse ganzheitlich<\/strong>. So flie\u00dfen branchenspezifisches Know-how und aktuelle Erkenntnisse direkt in die Konstruktion der Einzelkomponenten ein.<\/p>\n<p>Ganz gleich, ob es sich um Serienkomponenten oder ma\u00dfgeschneiderte Ersatzteile f\u00fcr Scherenmechanismen handelt \u2013 wir liefern <strong>hochpr\u00e4zise gefertigte L\u00f6sungen<\/strong> f\u00fcr maximale Produktionsstabilit\u00e4t, die sich <strong>ideal in Ihre vorhandenen Systeme einf\u00fcgen<\/strong>.<br \/>\nAuch <a title=\"Hartmetall- &amp; Stahl-Scherenmesser f\u00fcr die Glasindustrie\" href=\"\/de\/scherenmesser\/\">Scherenmesser<\/a> oder andere spezifische Teile setzen wir speziell nach Kundenvorgabe um.<\/p>\n<p>[\/vc_column_text][vc_column_text]<\/p>\n<h3>Ersatzteile als Teil eines integrierten Systems<\/h3>\n<p>Unsere Ersatzteile f\u00fcr Scherenmechanismen und Schneide-Anwendungen lassen sich <strong>nahtlos mit weiteren Technologien aus unserem vielf\u00e4ltigen Portfolio kombinieren<\/strong>. Mit innovativem Zubeh\u00f6r f\u00fcr <a title=\"Glasschmelzwannen-Ausr\u00fcstung\" href=\"\/glasschmelzwanne\/\">Glasschmelzwannen<\/a>, hochwertigen <a title=\"PSR Brennersysteme mit Hochdruck\" href=\"\/de\/psr-verbrennungssystem\/\">Brennersystemen<\/a>, unseren energieeffizienten <a title=\"K\u00e4ltetechnik: PSR K\u00fchlsystem\" href=\"\/de\/psr-kuehlsysteme\/\">K\u00fchlsystemen f\u00fcr die Industrie<\/a> und vielem mehr entsteht ein <strong>durchdachtes Gesamtkonzept<\/strong>, mit dem Sie Ihre leistungsstarke Glasverarbeitung auf das n\u00e4chste Level heben.<\/p>\n<p>[\/vc_column_text][vc_empty_space][\/vc_column_inner][vc_column_inner width=&#8220;1\/2&#8243;][vc_column_text]<\/p>\n<h3>Kompetente Beratung &amp; weltweite Lieferung<\/h3>\n<p>Von der Auswahl geeigneter Ersatzteile f\u00fcr Scherenmechanismen bis zur Realisierung kompletter Systeml\u00f6sungen: Unsere Fachberater stehen Ihnen mit fundierter Expertise zur Seite. Dank unserer internationalen Partnerstruktur garantieren wir eine zuverl\u00e4ssige Lieferung und das innerhalb Deutschlands, europaweit oder weltweit.<\/p>\n<p>Kontaktieren Sie uns jetzt und profitieren Sie von langlebigen und pr\u00e4zise gefertigten Bauteilen vom Spezialisten!<\/p>\n<p>[\/vc_column_text][vc_column_text][\/vc_column_text][vc_column_text]<\/p>\n<h3>Produkt Anfrage<\/h3>\n<p>Bei Fragen bez\u00fcglich des Produktes k\u00f6nnen Sie gerne Kontakt mit uns aufnehmen.<\/p>\n<div class=\"wpcf7 no-js\" id=\"wpcf7-f995-o1\" lang=\"de-DE\" dir=\"ltr\">\n<div class=\"screen-reader-response\"><p role=\"status\" aria-live=\"polite\" aria-atomic=\"true\"><\/p> <ul><\/ul><\/div>\n<form action=\"\/de\/wp-json\/wp\/v2\/pages\/222#wpcf7-f995-o1\" method=\"post\" class=\"wpcf7-form init anfrage-form uk-form wpcf7-acceptance-as-validation\" id=\"anfrage-form\" aria-label=\"Kontaktformular\" novalidate=\"novalidate\" data-status=\"init\">\n<div style=\"display: none;\">\n<input type=\"hidden\" name=\"_wpcf7\" value=\"995\" \/>\n<input type=\"hidden\" name=\"_wpcf7_version\" value=\"5.9.3\" \/>\n<input type=\"hidden\" name=\"_wpcf7_locale\" value=\"de_DE\" \/>\n<input type=\"hidden\" name=\"_wpcf7_unit_tag\" value=\"wpcf7-f995-o1\" \/>\n<input type=\"hidden\" name=\"_wpcf7_container_post\" value=\"0\" \/>\n<input type=\"hidden\" name=\"_wpcf7_posted_data_hash\" value=\"\" \/>\n<\/div>\n<div class=\"uk-grid\">\n<div class=\"uk-width-medium-1-1\">\n<div class=\"uk-grid uk-grid-small\">\n<div class=\"uk-width-medium-1-1 uk-margin-bottom\">\n<span class=\"wpcf7-form-control-wrap\" data-name=\"firma\"><input size=\"40\" class=\"wpcf7-form-control wpcf7-text wpcf7-validates-as-required uk-width-1-1\" aria-required=\"true\" aria-invalid=\"false\" placeholder=\"Firma\" value=\"\" type=\"text\" name=\"firma\" \/><\/span>\n<\/div>\n   <div class=\"uk-width-medium-1-2 margin-bottom-light\">\n<span class=\"wpcf7-form-control-wrap\" data-name=\"vorname\"><input size=\"40\" class=\"wpcf7-form-control wpcf7-text wpcf7-validates-as-required uk-width-1-1\" aria-required=\"true\" aria-invalid=\"false\" placeholder=\"Vorname\" value=\"\" type=\"text\" name=\"vorname\" \/><\/span>\n<\/div>\n   <div class=\"uk-width-medium-1-2\">\n<span class=\"wpcf7-form-control-wrap\" data-name=\"nachname\"><input size=\"40\" class=\"wpcf7-form-control wpcf7-text wpcf7-validates-as-required uk-width-1-1\" aria-required=\"true\" aria-invalid=\"false\" placeholder=\"Nachname\" value=\"\" type=\"text\" name=\"nachname\" \/><\/span>\n<\/div>\n<\/div><\/div>\n\n<div class=\"uk-width-medium-1-1 uk-margin-top\">\n<div class=\"uk-grid uk-grid-small\">\n        <div class=\"uk-width-medium-1-2 margin-bottom-light\">\n<span class=\"wpcf7-form-control-wrap\" data-name=\"email\"><input size=\"40\" class=\"wpcf7-form-control wpcf7-email wpcf7-validates-as-required wpcf7-text wpcf7-validates-as-email uk-width-1-1\" aria-required=\"true\" aria-invalid=\"false\" placeholder=\"E-Mail\" value=\"\" type=\"email\" name=\"email\" \/><\/span>\n<\/div>\n<div class=\"uk-width-medium-1-2\">\n<span class=\"wpcf7-form-control-wrap\" data-name=\"tele\"><input size=\"40\" class=\"wpcf7-form-control wpcf7-text wpcf7-validates-as-required uk-width-1-1\" aria-required=\"true\" aria-invalid=\"false\" placeholder=\"Telefon\" value=\"\" type=\"text\" name=\"tele\" \/><\/span>\n<\/div>\n<\/div><\/div>\n\n<div class=\"uk-width-medium-1-1 uk-margin-top\">\n<div class=\"uk-grid uk-grid-small\">\n        <div class=\"uk-width-medium-1-1\">\n<span class=\"wpcf7-form-control-wrap\" data-name=\"text-msg\"><textarea cols=\"40\" rows=\"10\" class=\"wpcf7-form-control wpcf7-textarea wpcf7-validates-as-required uk-width-1-1 input-text-block\" aria-required=\"true\" aria-invalid=\"false\" placeholder=\"Ihre Nachricht an uns...\" name=\"text-msg\"><\/textarea><\/span>\n<div class=\"uk-margin-small-bottom uk-position-relative agreement\">\n        <span class=\"wpcf7-form-control-wrap\" data-name=\"agreement-box\"><span class=\"wpcf7-form-control wpcf7-acceptance\"><span class=\"wpcf7-list-item\"><input type=\"checkbox\" name=\"agreement-box\" value=\"1\" aria-invalid=\"false\" \/><\/span><\/span><\/span> * Ich stimme zu, dass meine Angaben aus dem Kontaktformular zur Beantwortung meiner Anfrage erhoben und verarbeitet werden. Siehe auch <a href=\"https:\/\/www.gr2.com\/de\/datenschutz\/\">Datenschutz<\/a>\n        <i class=\"uk-icon-question-circle\" data-uk-tooltip=\"{pos:'top-right'}\" title=\"Hinweis: Sie k\u00f6nnen Ihre Einwilligung jederzeit f\u00fcr die Zukunft per E-Mail an info@gr2.com widerrufen.\"><\/i>\n      <\/div>\n<\/div>\n<\/div><\/div>\n\n<div class=\"uk-width-medium-1-1 uk-margin-top\">\n<div class=\"uk-grid submit-green\">\n        <div class=\"uk-width-medium-1-1\">\n<input class=\"wpcf7-form-control wpcf7-submit has-spinner\" type=\"submit\" value=\"Anfrage Senden\" \/>\n<\/div>\n<\/div><\/div><\/div><div class=\"wpcf7-response-output\" aria-hidden=\"true\"><\/div>\n<\/form>\n<\/div>\n[\/vc_column_text][\/vc_column_inner][\/vc_row_inner][\/vc_column][\/vc_row]<\/p>\n<\/section>","protected":false},"excerpt":{"rendered":"<p>[vc_row full_width=&#8220;stretch_row_content_no_spaces&#8220;][vc_column][vc_column_text][\/vc_column_text][\/vc_column][\/vc_row][vc_row][vc_column][vc_empty_space][vc_column_text] Scherenmechanismus-Ersatzteile f\u00fcr die Glasindustrie [\/vc_column_text][vc_column_text]In der automatisierten Glasproduktion kommt es auf h\u00f6chste Genauigkeit und Langlebigkeit an. Das gilt insbesondere bei den stark beanspruchten Komponenten wie Winkel- und Parallelscheren, die im 24-Stunden-Betrieb hohen mechanischen und thermischen Belastungen ausgesetzt sind. Die GR\u00b2 GmbH bietet erstklassige Ersatzteile f\u00fcr Scherenmechanismen, die auf diese extremen Anforderungen der Glasproduktion [&hellip;]<\/p>\n","protected":false},"author":1,"featured_media":0,"parent":0,"menu_order":33,"comment_status":"closed","ping_status":"closed","template":"","meta":{"_acf_changed":false,"inline_featured_image":false,"footnotes":""},"acf":[],"yoast_head":"<!-- This site is optimized with the Yoast SEO plugin v22.4 - https:\/\/yoast.com\/wordpress\/plugins\/seo\/ -->\n<title>Ersatzteile f\u00fcr Scherenmechanismus - GR\u00b2 GmbH<\/title>\n<meta name=\"description\" content=\"Scherenmechanismus-Ersatzteile f\u00fcr die Glasindustrie: pr\u00e4zise &amp; verschlei\u00dffest. Sonderl\u00f6sungen auf Anfrage. Jetzt Beratung vom Experten anfordern!\" \/>\n<meta name=\"robots\" content=\"index, follow, max-snippet:-1, max-image-preview:large, max-video-preview:-1\" \/>\n<link rel=\"canonical\" href=\"https:\/\/www.gr2.com\/de\/ersatzteile-fuer-scherenmechanismen\/\" \/>\n<meta property=\"og:locale\" content=\"de_DE\" \/>\n<meta property=\"og:type\" content=\"article\" \/>\n<meta property=\"og:title\" content=\"Ersatzteile f\u00fcr Scherenmechanismus - GR\u00b2 GmbH\" \/>\n<meta property=\"og:description\" content=\"Scherenmechanismus-Ersatzteile f\u00fcr die Glasindustrie: pr\u00e4zise &amp; verschlei\u00dffest. Sonderl\u00f6sungen auf Anfrage. Jetzt Beratung vom Experten anfordern!\" \/>\n<meta property=\"og:url\" content=\"https:\/\/www.gr2.com\/de\/ersatzteile-fuer-scherenmechanismen\/\" \/>\n<meta property=\"og:site_name\" content=\"GR\u00b2 GmbH\" \/>\n<meta property=\"article:modified_time\" content=\"2025-08-05T12:29:20+00:00\" \/>\n<meta name=\"twitter:card\" content=\"summary_large_image\" \/>\n<meta name=\"twitter:label1\" content=\"Gesch\u00e4tzte Lesezeit\" \/>\n\t<meta name=\"twitter:data1\" content=\"3\u00a0Minuten\" \/>\n<script type=\"application\/ld+json\" class=\"yoast-schema-graph\">{\"@context\":\"https:\/\/schema.org\",\"@graph\":[{\"@type\":\"WebPage\",\"@id\":\"https:\/\/www.gr2.com\/de\/ersatzteile-fuer-scherenmechanismen\/\",\"url\":\"https:\/\/www.gr2.com\/de\/ersatzteile-fuer-scherenmechanismen\/\",\"name\":\"Ersatzteile f\u00fcr Scherenmechanismus - GR\u00b2 GmbH\",\"isPartOf\":{\"@id\":\"https:\/\/www.gr2.com\/de\/#website\"},\"datePublished\":\"2011-11-29T07:54:35+00:00\",\"dateModified\":\"2025-08-05T12:29:20+00:00\",\"description\":\"Scherenmechanismus-Ersatzteile f\u00fcr die Glasindustrie: pr\u00e4zise & verschlei\u00dffest. Sonderl\u00f6sungen auf Anfrage. Jetzt Beratung vom Experten anfordern!\",\"breadcrumb\":{\"@id\":\"https:\/\/www.gr2.com\/de\/ersatzteile-fuer-scherenmechanismen\/#breadcrumb\"},\"inLanguage\":\"de\",\"potentialAction\":[{\"@type\":\"ReadAction\",\"target\":[\"https:\/\/www.gr2.com\/de\/ersatzteile-fuer-scherenmechanismen\/\"]}]},{\"@type\":\"BreadcrumbList\",\"@id\":\"https:\/\/www.gr2.com\/de\/ersatzteile-fuer-scherenmechanismen\/#breadcrumb\",\"itemListElement\":[{\"@type\":\"ListItem\",\"position\":1,\"name\":\"Startseite\",\"item\":\"https:\/\/www.gr2.com\/de\/\"},{\"@type\":\"ListItem\",\"position\":2,\"name\":\"Ersatzteile f\u00fcr Scherenmechanismen\"}]},{\"@type\":\"WebSite\",\"@id\":\"https:\/\/www.gr2.com\/de\/#website\",\"url\":\"https:\/\/www.gr2.com\/de\/\",\"name\":\"GR\u00b2 GmbH\",\"description\":\"\",\"potentialAction\":[{\"@type\":\"SearchAction\",\"target\":{\"@type\":\"EntryPoint\",\"urlTemplate\":\"https:\/\/www.gr2.com\/de\/?s={search_term_string}\"},\"query-input\":\"required name=search_term_string\"}],\"inLanguage\":\"de\"}]}<\/script>\n<!-- \/ Yoast SEO plugin. -->","yoast_head_json":{"title":"Ersatzteile f\u00fcr Scherenmechanismus - GR\u00b2 GmbH","description":"Scherenmechanismus-Ersatzteile f\u00fcr die Glasindustrie: pr\u00e4zise & verschlei\u00dffest. Sonderl\u00f6sungen auf Anfrage. Jetzt Beratung vom Experten anfordern!","robots":{"index":"index","follow":"follow","max-snippet":"max-snippet:-1","max-image-preview":"max-image-preview:large","max-video-preview":"max-video-preview:-1"},"canonical":"https:\/\/www.gr2.com\/de\/ersatzteile-fuer-scherenmechanismen\/","og_locale":"de_DE","og_type":"article","og_title":"Ersatzteile f\u00fcr Scherenmechanismus - GR\u00b2 GmbH","og_description":"Scherenmechanismus-Ersatzteile f\u00fcr die Glasindustrie: pr\u00e4zise & verschlei\u00dffest. Sonderl\u00f6sungen auf Anfrage. Jetzt Beratung vom Experten anfordern!","og_url":"https:\/\/www.gr2.com\/de\/ersatzteile-fuer-scherenmechanismen\/","og_site_name":"GR\u00b2 GmbH","article_modified_time":"2025-08-05T12:29:20+00:00","twitter_card":"summary_large_image","twitter_misc":{"Gesch\u00e4tzte Lesezeit":"3\u00a0Minuten"},"schema":{"@context":"https:\/\/schema.org","@graph":[{"@type":"WebPage","@id":"https:\/\/www.gr2.com\/de\/ersatzteile-fuer-scherenmechanismen\/","url":"https:\/\/www.gr2.com\/de\/ersatzteile-fuer-scherenmechanismen\/","name":"Ersatzteile f\u00fcr Scherenmechanismus - GR\u00b2 GmbH","isPartOf":{"@id":"https:\/\/www.gr2.com\/de\/#website"},"datePublished":"2011-11-29T07:54:35+00:00","dateModified":"2025-08-05T12:29:20+00:00","description":"Scherenmechanismus-Ersatzteile f\u00fcr die Glasindustrie: pr\u00e4zise & verschlei\u00dffest. Sonderl\u00f6sungen auf Anfrage. Jetzt Beratung vom Experten anfordern!","breadcrumb":{"@id":"https:\/\/www.gr2.com\/de\/ersatzteile-fuer-scherenmechanismen\/#breadcrumb"},"inLanguage":"de","potentialAction":[{"@type":"ReadAction","target":["https:\/\/www.gr2.com\/de\/ersatzteile-fuer-scherenmechanismen\/"]}]},{"@type":"BreadcrumbList","@id":"https:\/\/www.gr2.com\/de\/ersatzteile-fuer-scherenmechanismen\/#breadcrumb","itemListElement":[{"@type":"ListItem","position":1,"name":"Startseite","item":"https:\/\/www.gr2.com\/de\/"},{"@type":"ListItem","position":2,"name":"Ersatzteile f\u00fcr Scherenmechanismen"}]},{"@type":"WebSite","@id":"https:\/\/www.gr2.com\/de\/#website","url":"https:\/\/www.gr2.com\/de\/","name":"GR\u00b2 GmbH","description":"","potentialAction":[{"@type":"SearchAction","target":{"@type":"EntryPoint","urlTemplate":"https:\/\/www.gr2.com\/de\/?s={search_term_string}"},"query-input":"required name=search_term_string"}],"inLanguage":"de"}]}},"_links":{"self":[{"href":"https:\/\/www.gr2.com\/de\/wp-json\/wp\/v2\/pages\/222"}],"collection":[{"href":"https:\/\/www.gr2.com\/de\/wp-json\/wp\/v2\/pages"}],"about":[{"href":"https:\/\/www.gr2.com\/de\/wp-json\/wp\/v2\/types\/page"}],"author":[{"embeddable":true,"href":"https:\/\/www.gr2.com\/de\/wp-json\/wp\/v2\/users\/1"}],"replies":[{"embeddable":true,"href":"https:\/\/www.gr2.com\/de\/wp-json\/wp\/v2\/comments?post=222"}],"version-history":[{"count":10,"href":"https:\/\/www.gr2.com\/de\/wp-json\/wp\/v2\/pages\/222\/revisions"}],"predecessor-version":[{"id":2211,"href":"https:\/\/www.gr2.com\/de\/wp-json\/wp\/v2\/pages\/222\/revisions\/2211"}],"wp:attachment":[{"href":"https:\/\/www.gr2.com\/de\/wp-json\/wp\/v2\/media?parent=222"}],"curies":[{"name":"wp","href":"https:\/\/api.w.org\/{rel}","templated":true}]}}