{"id":221,"date":"2011-11-29T08:53:13","date_gmt":"2011-11-29T07:53:13","guid":{"rendered":"http:\/\/relaunch.gr2.com\/scherenmesser\/"},"modified":"2018-02-21T16:44:45","modified_gmt":"2018-02-21T15:44:45","slug":"scherenmesser","status":"publish","type":"page","link":"https:\/\/www.gr2.com\/de\/scherenmesser\/","title":{"rendered":"Scherenmesser"},"content":{"rendered":"<section class=\"wpb-content-wrapper\"><p>[vc_row full_width=&#8220;stretch_row_content_no_spaces&#8220;][vc_column][vc_column_text]\n    \n    \n\n    \t\n    \t\n            <div data-uk-slideshow>\n                <ul class=\"uk-slideshow\">\n\n            \n                    <li class=\"slide\">\n\n                        <div class=\"uk-width-1-1 uk-height-1-1\" id=\"slider-wrapper\">\n                                <div class=\"slider-img-wrapper\">\n                                    <img decoding=\"async\" src=\"https:\/\/www.gr2.com\/wp-content\/uploads\/slide-1.jpg\" alt=\"\" \/>\n                                <\/div>\n\n                                <div class=\"slider-cc-wrapper\">\n                                                                    <\/div>\n                        <\/div>\n\n                    <\/li>\n\n            \n                <\/ul>\n            <\/div>\n\n        \n    \t\n    \t\n    \n\n    [\/vc_column_text][\/vc_column][\/vc_row][vc_row][vc_column width=&#8220;1\/2&#8243; el_class=&#8220;columns&#8220;][vc_column_text]<\/p>\n<h1>Scherenmesser f\u00fcr die Glasindustrie<\/h1>\n<p>Die <a title=\"Startseite\" href=\"https:\/\/www.gr2.com\/de\/\">Glasindustrie<\/a> ist angewiesen auf besonders pr\u00e4zise arbeitende Scherenmesser mit einer hohen Lebensdauer. Wir produzieren Scherenmesser mit verschiedenen Schneidgeometrien und in verschiedenen Gr\u00f6\u00dfen zu g\u00fcnstigen Preisen. Unser hoch entwickeltes Herstellungsverfahren garantiert ihnen h\u00f6chste Qualit\u00e4t.[\/vc_column_text][\/vc_column][vc_column width=&#8220;1\/2&#8243;][\/vc_column][\/vc_row][vc_row][vc_column width=&#8220;1\/2&#8243;][vc_column_text]<\/p>\n<h2>Hartmetall-Scherenmesser<\/h2>\n<p>Unsere Hartmetall-Scherenmesser sind ideal f\u00fcr Kunden, die sehr hohe Anforderungen an die Abschnittqualit\u00e4t und Pr\u00e4zision stellen, und f\u00fcr Kunden, die hohe Standzeiten der Messer bei reduzierter Messerk\u00fchlung erreichen m\u00f6chten. Die Messer sind in verschiedenen Gr\u00f6\u00dfen und Versionen erh\u00e4ltlich und die notwendigen Distanzst\u00fccke werden grunds\u00e4tzlich mitgeliefert.[\/vc_column_text][\/vc_column][vc_column width=&#8220;1\/2&#8243;][vc_column_text]<\/p>\n<div id=\"attachment_219\" style=\"width: 340px\" class=\"wp-caption aligncenter\"><img loading=\"lazy\" decoding=\"async\" aria-describedby=\"caption-attachment-219\" class=\"wp-image-219 size-full\" src=\"https:\/\/www.gr2.com\/wp-content\/uploads\/produkte\/produkte_hartmetall-scherenmesser.png\" alt=\"Scherenmesser\" width=\"330\" height=\"170\" srcset=\"https:\/\/www.gr2.com\/wp-content\/uploads\/produkte\/produkte_hartmetall-scherenmesser.png 330w, https:\/\/www.gr2.com\/wp-content\/uploads\/produkte\/produkte_hartmetall-scherenmesser-300x155.png 300w\" sizes=\"(max-width: 330px) 100vw, 330px\" \/><p id=\"caption-attachment-219\" class=\"wp-caption-text\">Hartmetall-Scherenmesser<\/p><\/div>\n<p>[\/vc_column_text][\/vc_column][\/vc_row][vc_row][vc_column width=&#8220;1\/2&#8243;][vc_column_text]<\/p>\n<div id=\"attachment_220\" style=\"width: 248px\" class=\"wp-caption aligncenter\"><img loading=\"lazy\" decoding=\"async\" aria-describedby=\"caption-attachment-220\" class=\"wp-image-220 size-full\" src=\"https:\/\/www.gr2.com\/wp-content\/uploads\/produkte\/produkte_stahl-scherenmesser.png\" alt=\"Scherenmesser\" width=\"238\" height=\"275\" \/><p id=\"caption-attachment-220\" class=\"wp-caption-text\">Stahl-Scherenmesser<\/p><\/div>\n<p>[\/vc_column_text][\/vc_column][vc_column width=&#8220;1\/2&#8243;][vc_column_text]<\/p>\n<h2>Stahl-Scherenmesser<\/h2>\n<p>Unsere Stahl-Scherenmesser sind aus Molybd\u00e4n-Schnellschnittstahl gefertigt und bieten f\u00fcr den preisbewussten Anwender eine qualitativ hochwertige Alternative. Wir verwenden einen sehr widerstandsf\u00e4higen Stahl, der mittels eines speziellen Walzverfahrens hergestellt wird. Um eine gute Abschnittqualit\u00e4t zu garantieren, werden die Stahl-Scherenmesser mit einer besonderen Schneidgeometrie gefertigt, die Schneidwiderstand und H\u00e4ufigkeit von Schneidmarken reduziert. Die verwendete Oberfl\u00e4chenbeschichtung stellt eine maximale Kontaktzeit mit dem K\u00fchlmittel sicher und verl\u00e4ngert die Lebensdauer. Es sind verschiedene Gr\u00f6\u00dfen mit v-f\u00f6rmigen oder runden Innenprofilen lieferbar.[\/vc_column_text][\/vc_column][\/vc_row][vc_row][vc_column width=&#8220;1\/2&#8243; el_class=&#8220;checklist-small&#8220;][vc_column_text]<\/p>\n<p style=\"text-align: center;\"><strong>Hier finden Sie zudem<\/strong><\/p>\n<ul>\n<li><a style=\"color: #85c7aa !important;\" title=\"Ersatzteile f\u00fcr Scherenmechanismen\" href=\"https:\/\/www.gr2.com\/de\/ersatzteile-fuer-scherenmechanismen\/\">Ersatzteile f\u00fcr Scherenmechanismen<\/a><\/li>\n<li><a style=\"color: #85c7aa !important;\" title=\"Lehren f\u00fcr die Ausrichtung der Scherenmesser\" href=\"https:\/\/www.gr2.com\/de\/lehre-fuer-ausrichtung-der-scherenmesser\/\">Lehren f\u00fcr die Ausrichtung der Scherenmesser<\/a><\/li>\n<li><a style=\"color: #85c7aa !important;\" title=\"Scherenbespr\u00fchungssysteme\" href=\"https:\/\/www.gr2.com\/de\/einzelliniensystem-multiliniensystem-scherenbespruehungssystem\/\">Scherenbespr\u00fchungssysteme<\/a><\/li>\n<\/ul>\n<p>[\/vc_column_text][\/vc_column][vc_column width=&#8220;1\/2&#8243;][vc_column_text]<\/p>\n<h3>Produkt Anfrage<\/h3>\n<p>Bei Fragen bez\u00fcglich des Produktes k\u00f6nnen Sie gerne Kontakt mit uns aufnehmen.<\/p>\n<div class=\"wpcf7 no-js\" id=\"wpcf7-f995-o1\" lang=\"de-DE\" dir=\"ltr\">\n<div class=\"screen-reader-response\"><p role=\"status\" aria-live=\"polite\" aria-atomic=\"true\"><\/p> <ul><\/ul><\/div>\n<form action=\"\/de\/wp-json\/wp\/v2\/pages\/221#wpcf7-f995-o1\" method=\"post\" class=\"wpcf7-form init anfrage-form uk-form wpcf7-acceptance-as-validation\" id=\"anfrage-form\" aria-label=\"Kontaktformular\" novalidate=\"novalidate\" data-status=\"init\">\n<div style=\"display: none;\">\n<input type=\"hidden\" name=\"_wpcf7\" value=\"995\" \/>\n<input type=\"hidden\" name=\"_wpcf7_version\" value=\"5.9.3\" \/>\n<input type=\"hidden\" name=\"_wpcf7_locale\" value=\"de_DE\" \/>\n<input type=\"hidden\" name=\"_wpcf7_unit_tag\" value=\"wpcf7-f995-o1\" \/>\n<input type=\"hidden\" name=\"_wpcf7_container_post\" value=\"0\" \/>\n<input type=\"hidden\" name=\"_wpcf7_posted_data_hash\" value=\"\" \/>\n<\/div>\n<div class=\"uk-grid\">\n<div class=\"uk-width-medium-1-1\">\n<div class=\"uk-grid uk-grid-small\">\n<div class=\"uk-width-medium-1-1 uk-margin-bottom\">\n<span class=\"wpcf7-form-control-wrap\" data-name=\"firma\"><input size=\"40\" class=\"wpcf7-form-control wpcf7-text wpcf7-validates-as-required uk-width-1-1\" aria-required=\"true\" aria-invalid=\"false\" placeholder=\"Firma\" value=\"\" type=\"text\" name=\"firma\" \/><\/span>\n<\/div>\n   <div class=\"uk-width-medium-1-2 margin-bottom-light\">\n<span class=\"wpcf7-form-control-wrap\" data-name=\"vorname\"><input size=\"40\" class=\"wpcf7-form-control wpcf7-text wpcf7-validates-as-required uk-width-1-1\" aria-required=\"true\" aria-invalid=\"false\" placeholder=\"Vorname\" value=\"\" type=\"text\" name=\"vorname\" \/><\/span>\n<\/div>\n   <div class=\"uk-width-medium-1-2\">\n<span class=\"wpcf7-form-control-wrap\" data-name=\"nachname\"><input size=\"40\" class=\"wpcf7-form-control wpcf7-text wpcf7-validates-as-required uk-width-1-1\" aria-required=\"true\" aria-invalid=\"false\" placeholder=\"Nachname\" value=\"\" type=\"text\" name=\"nachname\" \/><\/span>\n<\/div>\n<\/div><\/div>\n\n<div class=\"uk-width-medium-1-1 uk-margin-top\">\n<div class=\"uk-grid uk-grid-small\">\n        <div class=\"uk-width-medium-1-2 margin-bottom-light\">\n<span class=\"wpcf7-form-control-wrap\" data-name=\"email\"><input size=\"40\" class=\"wpcf7-form-control wpcf7-email wpcf7-validates-as-required wpcf7-text wpcf7-validates-as-email uk-width-1-1\" aria-required=\"true\" aria-invalid=\"false\" placeholder=\"E-Mail\" value=\"\" type=\"email\" name=\"email\" \/><\/span>\n<\/div>\n<div class=\"uk-width-medium-1-2\">\n<span class=\"wpcf7-form-control-wrap\" data-name=\"tele\"><input size=\"40\" class=\"wpcf7-form-control wpcf7-text wpcf7-validates-as-required uk-width-1-1\" aria-required=\"true\" aria-invalid=\"false\" placeholder=\"Telefon\" value=\"\" type=\"text\" name=\"tele\" \/><\/span>\n<\/div>\n<\/div><\/div>\n\n<div class=\"uk-width-medium-1-1 uk-margin-top\">\n<div class=\"uk-grid uk-grid-small\">\n        <div class=\"uk-width-medium-1-1\">\n<span class=\"wpcf7-form-control-wrap\" data-name=\"text-msg\"><textarea cols=\"40\" rows=\"10\" class=\"wpcf7-form-control wpcf7-textarea wpcf7-validates-as-required uk-width-1-1 input-text-block\" aria-required=\"true\" aria-invalid=\"false\" placeholder=\"Ihre Nachricht an uns...\" name=\"text-msg\"><\/textarea><\/span>\n<div class=\"uk-margin-small-bottom uk-position-relative agreement\">\n        <span class=\"wpcf7-form-control-wrap\" data-name=\"agreement-box\"><span class=\"wpcf7-form-control wpcf7-acceptance\"><span class=\"wpcf7-list-item\"><input type=\"checkbox\" name=\"agreement-box\" value=\"1\" aria-invalid=\"false\" \/><\/span><\/span><\/span> * Ich stimme zu, dass meine Angaben aus dem Kontaktformular zur Beantwortung meiner Anfrage erhoben und verarbeitet werden. Siehe auch <a href=\"https:\/\/www.gr2.com\/de\/datenschutz\/\">Datenschutz<\/a>\n        <i class=\"uk-icon-question-circle\" data-uk-tooltip=\"{pos:'top-right'}\" title=\"Hinweis: Sie k\u00f6nnen Ihre Einwilligung jederzeit f\u00fcr die Zukunft per E-Mail an info@gr2.com widerrufen.\"><\/i>\n      <\/div>\n<\/div>\n<\/div><\/div>\n\n<div class=\"uk-width-medium-1-1 uk-margin-top\">\n<div class=\"uk-grid submit-green\">\n        <div class=\"uk-width-medium-1-1\">\n<input class=\"wpcf7-form-control wpcf7-submit has-spinner\" type=\"submit\" value=\"Anfrage Senden\" \/>\n<\/div>\n<\/div><\/div><\/div><div class=\"wpcf7-response-output\" aria-hidden=\"true\"><\/div>\n<\/form>\n<\/div>\n[\/vc_column_text][\/vc_column][\/vc_row]<\/p>\n<\/section>","protected":false},"excerpt":{"rendered":"<p>[vc_row full_width=&#8220;stretch_row_content_no_spaces&#8220;][vc_column][vc_column_text][\/vc_column_text][\/vc_column][\/vc_row][vc_row][vc_column width=&#8220;1\/2&#8243; el_class=&#8220;columns&#8220;][vc_column_text] Scherenmesser f\u00fcr die Glasindustrie Die Glasindustrie ist angewiesen auf besonders pr\u00e4zise arbeitende Scherenmesser mit einer hohen Lebensdauer. Wir produzieren Scherenmesser mit verschiedenen Schneidgeometrien und in verschiedenen Gr\u00f6\u00dfen zu g\u00fcnstigen Preisen. Unser hoch entwickeltes Herstellungsverfahren garantiert ihnen h\u00f6chste Qualit\u00e4t.[\/vc_column_text][\/vc_column][vc_column width=&#8220;1\/2&#8243;][\/vc_column][\/vc_row][vc_row][vc_column width=&#8220;1\/2&#8243;][vc_column_text] Hartmetall-Scherenmesser Unsere Hartmetall-Scherenmesser sind ideal f\u00fcr Kunden, die sehr hohe Anforderungen [&hellip;]<\/p>\n","protected":false},"author":1,"featured_media":219,"parent":0,"menu_order":69,"comment_status":"closed","ping_status":"closed","template":"","meta":{"_acf_changed":false,"inline_featured_image":false,"footnotes":""},"acf":[],"yoast_head":"<!-- This site is optimized with the Yoast SEO plugin v22.4 - https:\/\/yoast.com\/wordpress\/plugins\/seo\/ -->\n<title>Scherenmesser Glasindustrie | Hartmetall und Stahl Scherenmesser - GR\u00b2 GmbH<\/title>\n<meta name=\"description\" content=\"Mit unsere Hartmetall-Scheren erzielen Sie eine hohe Abschnittqualit\u00e4t und Pr\u00e4zision. Zudem erzielen Sie eine reduzierte Messerk\u00fchlung. In vielen Versionen und Gr\u00f6\u00dfen erh\u00e4tlich.\" \/>\n<meta name=\"robots\" content=\"index, follow, max-snippet:-1, max-image-preview:large, max-video-preview:-1\" \/>\n<link rel=\"canonical\" href=\"https:\/\/www.gr2.com\/de\/scherenmesser\/\" \/>\n<meta property=\"og:locale\" content=\"de_DE\" \/>\n<meta property=\"og:type\" content=\"article\" \/>\n<meta property=\"og:title\" content=\"Scherenmesser Glasindustrie | Hartmetall und Stahl Scherenmesser - GR\u00b2 GmbH\" \/>\n<meta property=\"og:description\" content=\"Mit unsere Hartmetall-Scheren erzielen Sie eine hohe Abschnittqualit\u00e4t und Pr\u00e4zision. Zudem erzielen Sie eine reduzierte Messerk\u00fchlung. In vielen Versionen und Gr\u00f6\u00dfen erh\u00e4tlich.\" \/>\n<meta property=\"og:url\" content=\"https:\/\/www.gr2.com\/de\/scherenmesser\/\" \/>\n<meta property=\"og:site_name\" content=\"GR\u00b2 GmbH\" \/>\n<meta property=\"article:modified_time\" content=\"2018-02-21T15:44:45+00:00\" \/>\n<meta property=\"og:image\" content=\"https:\/\/www.gr2.com\/wp-content\/uploads\/produkte\/produkte_hartmetall-scherenmesser.png\" \/>\n\t<meta property=\"og:image:width\" content=\"330\" \/>\n\t<meta property=\"og:image:height\" content=\"170\" \/>\n\t<meta property=\"og:image:type\" content=\"image\/png\" \/>\n<meta name=\"twitter:card\" content=\"summary_large_image\" \/>\n<meta name=\"twitter:label1\" content=\"Gesch\u00e4tzte Lesezeit\" \/>\n\t<meta name=\"twitter:data1\" content=\"2\u00a0Minuten\" \/>\n<script type=\"application\/ld+json\" class=\"yoast-schema-graph\">{\"@context\":\"https:\/\/schema.org\",\"@graph\":[{\"@type\":\"WebPage\",\"@id\":\"https:\/\/www.gr2.com\/de\/scherenmesser\/\",\"url\":\"https:\/\/www.gr2.com\/de\/scherenmesser\/\",\"name\":\"Scherenmesser Glasindustrie | Hartmetall und Stahl Scherenmesser - GR\u00b2 GmbH\",\"isPartOf\":{\"@id\":\"https:\/\/www.gr2.com\/de\/#website\"},\"primaryImageOfPage\":{\"@id\":\"https:\/\/www.gr2.com\/de\/scherenmesser\/#primaryimage\"},\"image\":{\"@id\":\"https:\/\/www.gr2.com\/de\/scherenmesser\/#primaryimage\"},\"thumbnailUrl\":\"https:\/\/www.gr2.com\/wp-content\/uploads\/produkte\/produkte_hartmetall-scherenmesser.png\",\"datePublished\":\"2011-11-29T07:53:13+00:00\",\"dateModified\":\"2018-02-21T15:44:45+00:00\",\"description\":\"Mit unsere Hartmetall-Scheren erzielen Sie eine hohe Abschnittqualit\u00e4t und Pr\u00e4zision. Zudem erzielen Sie eine reduzierte Messerk\u00fchlung. In vielen Versionen und Gr\u00f6\u00dfen erh\u00e4tlich.\",\"breadcrumb\":{\"@id\":\"https:\/\/www.gr2.com\/de\/scherenmesser\/#breadcrumb\"},\"inLanguage\":\"de\",\"potentialAction\":[{\"@type\":\"ReadAction\",\"target\":[\"https:\/\/www.gr2.com\/de\/scherenmesser\/\"]}]},{\"@type\":\"ImageObject\",\"inLanguage\":\"de\",\"@id\":\"https:\/\/www.gr2.com\/de\/scherenmesser\/#primaryimage\",\"url\":\"https:\/\/www.gr2.com\/wp-content\/uploads\/produkte\/produkte_hartmetall-scherenmesser.png\",\"contentUrl\":\"https:\/\/www.gr2.com\/wp-content\/uploads\/produkte\/produkte_hartmetall-scherenmesser.png\",\"width\":330,\"height\":170,\"caption\":\"Scherenmesser\"},{\"@type\":\"BreadcrumbList\",\"@id\":\"https:\/\/www.gr2.com\/de\/scherenmesser\/#breadcrumb\",\"itemListElement\":[{\"@type\":\"ListItem\",\"position\":1,\"name\":\"Startseite\",\"item\":\"https:\/\/www.gr2.com\/de\/\"},{\"@type\":\"ListItem\",\"position\":2,\"name\":\"Scherenmesser\"}]},{\"@type\":\"WebSite\",\"@id\":\"https:\/\/www.gr2.com\/de\/#website\",\"url\":\"https:\/\/www.gr2.com\/de\/\",\"name\":\"GR\u00b2 GmbH\",\"description\":\"\",\"potentialAction\":[{\"@type\":\"SearchAction\",\"target\":{\"@type\":\"EntryPoint\",\"urlTemplate\":\"https:\/\/www.gr2.com\/de\/?s={search_term_string}\"},\"query-input\":\"required name=search_term_string\"}],\"inLanguage\":\"de\"}]}<\/script>\n<!-- \/ Yoast SEO plugin. -->","yoast_head_json":{"title":"Scherenmesser Glasindustrie | Hartmetall und Stahl Scherenmesser - GR\u00b2 GmbH","description":"Mit unsere Hartmetall-Scheren erzielen Sie eine hohe Abschnittqualit\u00e4t und Pr\u00e4zision. Zudem erzielen Sie eine reduzierte Messerk\u00fchlung. In vielen Versionen und Gr\u00f6\u00dfen erh\u00e4tlich.","robots":{"index":"index","follow":"follow","max-snippet":"max-snippet:-1","max-image-preview":"max-image-preview:large","max-video-preview":"max-video-preview:-1"},"canonical":"https:\/\/www.gr2.com\/de\/scherenmesser\/","og_locale":"de_DE","og_type":"article","og_title":"Scherenmesser Glasindustrie | Hartmetall und Stahl Scherenmesser - GR\u00b2 GmbH","og_description":"Mit unsere Hartmetall-Scheren erzielen Sie eine hohe Abschnittqualit\u00e4t und Pr\u00e4zision. Zudem erzielen Sie eine reduzierte Messerk\u00fchlung. In vielen Versionen und Gr\u00f6\u00dfen erh\u00e4tlich.","og_url":"https:\/\/www.gr2.com\/de\/scherenmesser\/","og_site_name":"GR\u00b2 GmbH","article_modified_time":"2018-02-21T15:44:45+00:00","og_image":[{"width":330,"height":170,"url":"https:\/\/www.gr2.com\/wp-content\/uploads\/produkte\/produkte_hartmetall-scherenmesser.png","type":"image\/png"}],"twitter_card":"summary_large_image","twitter_misc":{"Gesch\u00e4tzte Lesezeit":"2\u00a0Minuten"},"schema":{"@context":"https:\/\/schema.org","@graph":[{"@type":"WebPage","@id":"https:\/\/www.gr2.com\/de\/scherenmesser\/","url":"https:\/\/www.gr2.com\/de\/scherenmesser\/","name":"Scherenmesser Glasindustrie | Hartmetall und Stahl Scherenmesser - GR\u00b2 GmbH","isPartOf":{"@id":"https:\/\/www.gr2.com\/de\/#website"},"primaryImageOfPage":{"@id":"https:\/\/www.gr2.com\/de\/scherenmesser\/#primaryimage"},"image":{"@id":"https:\/\/www.gr2.com\/de\/scherenmesser\/#primaryimage"},"thumbnailUrl":"https:\/\/www.gr2.com\/wp-content\/uploads\/produkte\/produkte_hartmetall-scherenmesser.png","datePublished":"2011-11-29T07:53:13+00:00","dateModified":"2018-02-21T15:44:45+00:00","description":"Mit unsere Hartmetall-Scheren erzielen Sie eine hohe Abschnittqualit\u00e4t und Pr\u00e4zision. Zudem erzielen Sie eine reduzierte Messerk\u00fchlung. In vielen Versionen und Gr\u00f6\u00dfen erh\u00e4tlich.","breadcrumb":{"@id":"https:\/\/www.gr2.com\/de\/scherenmesser\/#breadcrumb"},"inLanguage":"de","potentialAction":[{"@type":"ReadAction","target":["https:\/\/www.gr2.com\/de\/scherenmesser\/"]}]},{"@type":"ImageObject","inLanguage":"de","@id":"https:\/\/www.gr2.com\/de\/scherenmesser\/#primaryimage","url":"https:\/\/www.gr2.com\/wp-content\/uploads\/produkte\/produkte_hartmetall-scherenmesser.png","contentUrl":"https:\/\/www.gr2.com\/wp-content\/uploads\/produkte\/produkte_hartmetall-scherenmesser.png","width":330,"height":170,"caption":"Scherenmesser"},{"@type":"BreadcrumbList","@id":"https:\/\/www.gr2.com\/de\/scherenmesser\/#breadcrumb","itemListElement":[{"@type":"ListItem","position":1,"name":"Startseite","item":"https:\/\/www.gr2.com\/de\/"},{"@type":"ListItem","position":2,"name":"Scherenmesser"}]},{"@type":"WebSite","@id":"https:\/\/www.gr2.com\/de\/#website","url":"https:\/\/www.gr2.com\/de\/","name":"GR\u00b2 GmbH","description":"","potentialAction":[{"@type":"SearchAction","target":{"@type":"EntryPoint","urlTemplate":"https:\/\/www.gr2.com\/de\/?s={search_term_string}"},"query-input":"required name=search_term_string"}],"inLanguage":"de"}]}},"_links":{"self":[{"href":"https:\/\/www.gr2.com\/de\/wp-json\/wp\/v2\/pages\/221"}],"collection":[{"href":"https:\/\/www.gr2.com\/de\/wp-json\/wp\/v2\/pages"}],"about":[{"href":"https:\/\/www.gr2.com\/de\/wp-json\/wp\/v2\/types\/page"}],"author":[{"embeddable":true,"href":"https:\/\/www.gr2.com\/de\/wp-json\/wp\/v2\/users\/1"}],"replies":[{"embeddable":true,"href":"https:\/\/www.gr2.com\/de\/wp-json\/wp\/v2\/comments?post=221"}],"version-history":[{"count":22,"href":"https:\/\/www.gr2.com\/de\/wp-json\/wp\/v2\/pages\/221\/revisions"}],"predecessor-version":[{"id":1882,"href":"https:\/\/www.gr2.com\/de\/wp-json\/wp\/v2\/pages\/221\/revisions\/1882"}],"wp:featuredmedia":[{"embeddable":true,"href":"https:\/\/www.gr2.com\/de\/wp-json\/wp\/v2\/media\/219"}],"wp:attachment":[{"href":"https:\/\/www.gr2.com\/de\/wp-json\/wp\/v2\/media?parent=221"}],"curies":[{"name":"wp","href":"https:\/\/api.w.org\/{rel}","templated":true}]}}