{"id":2160,"date":"2024-08-30T10:33:43","date_gmt":"2024-08-30T08:33:43","guid":{"rendered":"https:\/\/www.gr2.com\/?page_id=2160"},"modified":"2024-08-30T10:33:43","modified_gmt":"2024-08-30T08:33:43","slug":"glasschmelzwanne","status":"publish","type":"page","link":"https:\/\/www.gr2.com\/de\/glasschmelzwanne\/","title":{"rendered":"Glasschmelzwanne"},"content":{"rendered":"<section class=\"wpb-content-wrapper\"><p>[vc_row][vc_column][vc_column_text]\n    \n    \n\n    \t\n    \t\n            <div data-uk-slideshow>\n                <ul class=\"uk-slideshow\">\n\n            \n                    <li class=\"slide\">\n\n                        <div class=\"uk-width-1-1 uk-height-1-1\" id=\"slider-wrapper\">\n                                <div class=\"slider-img-wrapper\">\n                                    <img decoding=\"async\" src=\"https:\/\/www.gr2.com\/wp-content\/uploads\/slide-1.jpg\" alt=\"\" \/>\n                                <\/div>\n\n                                <div class=\"slider-cc-wrapper\">\n                                                                    <\/div>\n                        <\/div>\n\n                    <\/li>\n\n            \n                <\/ul>\n            <\/div>\n\n        \n    \t\n    \t\n    \n\n    [\/vc_column_text][\/vc_column][\/vc_row][vc_row css=&#8220;.vc_custom_1725006355292{padding-bottom: 20px !important;}&#8220;][vc_column el_class=&#8220;list&#8220;][vc_column_text]<\/p>\n<h1>Glasschmelzwannen-Ausr\u00fcstung<\/h1>\n<p><strong>Glasschmelzwannen<\/strong> sind das Herzst\u00fcck jeder Glasproduktion. Diese industriellen Hochtemperatur\u00f6fen schmelzen Rohmaterialien, wie Sand, Soda und Kalk, bei extrem hohen Temperaturen, um fl\u00fcssiges Glas herzustellen. Dabei m\u00fcssen die Wannen aus erstklassigen Materialien gefertigt sein, um den hohen Temperaturen standzuhalten. Dar\u00fcber hinaus ist ihre pr\u00e4zise \u00dcberwachung und Steuerung notwendig, damit sich die Qualit\u00e4t und Effizienz der Glasproduktion sicherstellen l\u00e4sst. Genau hier setzt <a title=\"GR\u00b2\" href=\"\/de\/\">GR\u00b2<\/a> an. Wir bieten Unternehmen in der Glasindustrie innovative L\u00f6sungen an, die f\u00fcr einen reibungslosen Betrieb Ihrer Schmelzwanne sorgen. Dank unserer umfassenden Expertise und unseres Engagements f\u00fcr h\u00f6chste Qualit\u00e4t erhalten Sie bei uns <strong>Zubeh\u00f6r, das der modernen Glasproduktion gerecht wird<\/strong>. <a title=\"Jetzt Kontakt aufnehmen!\" href=\"\/de\/kontakt\/\">Kontaktieren<\/a> Sie uns noch heute, um sich von unseren Experten beraten zu lassen![\/vc_column_text][vc_column_text]<\/p>\n<h2>Feuerfestmaterial<\/h2>\n<p>Das <a title=\"Feuerfestmaterial\" href=\"\/de\/psr-feuerfestmaterial\/\">Feuerfestmaterial<\/a> von Parkinson-Spencer Refractories Ltd. (PSR) ist speziell f\u00fcr die Anforderungen in der Glasindustrie entwickelt worden. Es zeichnet sich durch eine hohe Widerstandsf\u00e4higkeit gegen\u00fcber extremen Temperaturen und chemischen Belastungen sowie thermischen Schocks und Korrosion aus. Dadurch bietet es in der Glasproduktion eine hervorragende Isolierung und <strong>verl\u00e4ngert die Lebensdauer von Glasschmelzwannen<\/strong>, Schmelz\u00f6fen, Vorherden, Kan\u00e4len <strong>und anderen kritischen Komponenten<\/strong> erheblich.<\/p>\n<p>Durch den Einsatz von PSR-Feuerfestmaterial k\u00f6nnen Sie:<\/p>\n<ul>\n<li>Ausfallzeiten minimieren<\/li>\n<li>Wartungsaufwand reduzieren<\/li>\n<li>die Gesamtproduktivit\u00e4t der Glasproduktion steigern<\/li>\n<\/ul>\n<p>[\/vc_column_text][\/vc_column][\/vc_row][vc_row css=&#8220;.vc_custom_1725006373016{padding-bottom: 20px !important;}&#8220;][vc_column width=&#8220;1\/2&#8243;][vc_column_text]<\/p>\n<h2>Heat-Up-Wannenkamera<\/h2>\n<p>Die Heat-Up-<a title=\"Wannenkamera\" href=\"\/de\/wannenkamera\/\">Wannenkamera<\/a> ist ein unverzichtbares Werkzeug f\u00fcr die <strong>\u00dcberwachung von Glasschmelzwannen w\u00e4hrend der kritischen Anlaufphase<\/strong>. Diese Phase ist entscheidend f\u00fcr den Erfolg der Glasproduktion, da hier die Rohmaterialien langsam erhitzt und auf die notwendige Schmelztemperatur gebracht werden. Diese Kamera bietet eine pr\u00e4zise Echtzeit\u00fcberwachung der Temperaturverteilung, sodass sich <strong>Ungleichm\u00e4\u00dfigkeiten fr\u00fchzeitig erkennen und korrigieren<\/strong> lassen. Ihr robuster Aufbau und die Luftk\u00fchlung machen sie zu einer kosteneffektiven und wartungsarmen Alternative zu herk\u00f6mmlichen Systemen.[\/vc_column_text][vc_column_text]<\/p>\n<h2>Portable Wannenperiskope<\/h2>\n<p>Die <a title=\"mobile Wannenperiskope\" href=\"\/de\/mobile-wanneninspektionskamera-luftgekuehlte-wannenperiskope\/\">portablen Wannenperiskope<\/a> von GR\u00b2 sind f\u00fcr die regelm\u00e4\u00dfige <strong>Inspektion und Wartung von Glasschmelzwannen<\/strong> unerl\u00e4sslich. Diese mobilen Wanneninspektionskameras erm\u00f6glichen es, Bilder und Videos von Schmelzwannen, Arbeitswannen und Vorherden aufzunehmen, ohne den Betrieb zu unterbrechen. Dank ihres batteriebetriebenen Designs sind sie h\u00f6chst flexibel einsetzbar. So k\u00f6nnen Sie den Zustand der Glaswanne zur Glasherstellung mithilfe der Kamera visuell \u00fcberpr\u00fcfen und potenzielle Probleme, wie <strong>Risse oder Abnutzungen, im feuerfesten Material fr\u00fchzeitig feststellen<\/strong>. In der Folge wird die Sicherheit und Effizienz des Betriebs erheblich erh\u00f6ht.[\/vc_column_text][\/vc_column][vc_column width=&#8220;1\/2&#8243;][vc_column_text]<\/p>\n<h3>Produkt Anfrage<\/h3>\n<p>Bei Fragen bez\u00fcglich des Produktes k\u00f6nnen Sie gerne Kontakt mit uns aufnehmen.<\/p>\n<div class=\"wpcf7 no-js\" id=\"wpcf7-f995-o1\" lang=\"de-DE\" dir=\"ltr\">\n<div class=\"screen-reader-response\"><p role=\"status\" aria-live=\"polite\" aria-atomic=\"true\"><\/p> <ul><\/ul><\/div>\n<form action=\"\/de\/wp-json\/wp\/v2\/pages\/2160#wpcf7-f995-o1\" method=\"post\" class=\"wpcf7-form init anfrage-form uk-form wpcf7-acceptance-as-validation\" id=\"anfrage-form\" aria-label=\"Kontaktformular\" novalidate=\"novalidate\" data-status=\"init\">\n<div style=\"display: none;\">\n<input type=\"hidden\" name=\"_wpcf7\" value=\"995\" \/>\n<input type=\"hidden\" name=\"_wpcf7_version\" value=\"5.9.3\" \/>\n<input type=\"hidden\" name=\"_wpcf7_locale\" value=\"de_DE\" \/>\n<input type=\"hidden\" name=\"_wpcf7_unit_tag\" value=\"wpcf7-f995-o1\" \/>\n<input type=\"hidden\" name=\"_wpcf7_container_post\" value=\"0\" \/>\n<input type=\"hidden\" name=\"_wpcf7_posted_data_hash\" value=\"\" \/>\n<\/div>\n<div class=\"uk-grid\">\n<div class=\"uk-width-medium-1-1\">\n<div class=\"uk-grid uk-grid-small\">\n<div class=\"uk-width-medium-1-1 uk-margin-bottom\">\n<span class=\"wpcf7-form-control-wrap\" data-name=\"firma\"><input size=\"40\" class=\"wpcf7-form-control wpcf7-text wpcf7-validates-as-required uk-width-1-1\" aria-required=\"true\" aria-invalid=\"false\" placeholder=\"Firma\" value=\"\" type=\"text\" name=\"firma\" \/><\/span>\n<\/div>\n   <div class=\"uk-width-medium-1-2 margin-bottom-light\">\n<span class=\"wpcf7-form-control-wrap\" data-name=\"vorname\"><input size=\"40\" class=\"wpcf7-form-control wpcf7-text wpcf7-validates-as-required uk-width-1-1\" aria-required=\"true\" aria-invalid=\"false\" placeholder=\"Vorname\" value=\"\" type=\"text\" name=\"vorname\" \/><\/span>\n<\/div>\n   <div class=\"uk-width-medium-1-2\">\n<span class=\"wpcf7-form-control-wrap\" data-name=\"nachname\"><input size=\"40\" class=\"wpcf7-form-control wpcf7-text wpcf7-validates-as-required uk-width-1-1\" aria-required=\"true\" aria-invalid=\"false\" placeholder=\"Nachname\" value=\"\" type=\"text\" name=\"nachname\" \/><\/span>\n<\/div>\n<\/div><\/div>\n\n<div class=\"uk-width-medium-1-1 uk-margin-top\">\n<div class=\"uk-grid uk-grid-small\">\n        <div class=\"uk-width-medium-1-2 margin-bottom-light\">\n<span class=\"wpcf7-form-control-wrap\" data-name=\"email\"><input size=\"40\" class=\"wpcf7-form-control wpcf7-email wpcf7-validates-as-required wpcf7-text wpcf7-validates-as-email uk-width-1-1\" aria-required=\"true\" aria-invalid=\"false\" placeholder=\"E-Mail\" value=\"\" type=\"email\" name=\"email\" \/><\/span>\n<\/div>\n<div class=\"uk-width-medium-1-2\">\n<span class=\"wpcf7-form-control-wrap\" data-name=\"tele\"><input size=\"40\" class=\"wpcf7-form-control wpcf7-text wpcf7-validates-as-required uk-width-1-1\" aria-required=\"true\" aria-invalid=\"false\" placeholder=\"Telefon\" value=\"\" type=\"text\" name=\"tele\" \/><\/span>\n<\/div>\n<\/div><\/div>\n\n<div class=\"uk-width-medium-1-1 uk-margin-top\">\n<div class=\"uk-grid uk-grid-small\">\n        <div class=\"uk-width-medium-1-1\">\n<span class=\"wpcf7-form-control-wrap\" data-name=\"text-msg\"><textarea cols=\"40\" rows=\"10\" class=\"wpcf7-form-control wpcf7-textarea wpcf7-validates-as-required uk-width-1-1 input-text-block\" aria-required=\"true\" aria-invalid=\"false\" placeholder=\"Ihre Nachricht an uns...\" name=\"text-msg\"><\/textarea><\/span>\n<div class=\"uk-margin-small-bottom uk-position-relative agreement\">\n        <span class=\"wpcf7-form-control-wrap\" data-name=\"agreement-box\"><span class=\"wpcf7-form-control wpcf7-acceptance\"><span class=\"wpcf7-list-item\"><input type=\"checkbox\" name=\"agreement-box\" value=\"1\" aria-invalid=\"false\" \/><\/span><\/span><\/span> * Ich stimme zu, dass meine Angaben aus dem Kontaktformular zur Beantwortung meiner Anfrage erhoben und verarbeitet werden. Siehe auch <a href=\"https:\/\/www.gr2.com\/de\/datenschutz\/\">Datenschutz<\/a>\n        <i class=\"uk-icon-question-circle\" data-uk-tooltip=\"{pos:'top-right'}\" title=\"Hinweis: Sie k\u00f6nnen Ihre Einwilligung jederzeit f\u00fcr die Zukunft per E-Mail an info@gr2.com widerrufen.\"><\/i>\n      <\/div>\n<\/div>\n<\/div><\/div>\n\n<div class=\"uk-width-medium-1-1 uk-margin-top\">\n<div class=\"uk-grid submit-green\">\n        <div class=\"uk-width-medium-1-1\">\n<input class=\"wpcf7-form-control wpcf7-submit has-spinner\" type=\"submit\" value=\"Anfrage Senden\" \/>\n<\/div>\n<\/div><\/div><\/div><div class=\"wpcf7-response-output\" aria-hidden=\"true\"><\/div>\n<\/form>\n<\/div>\n[\/vc_column_text][\/vc_column][\/vc_row]<\/p>\n<\/section>","protected":false},"excerpt":{"rendered":"<p>[vc_row][vc_column][vc_column_text][\/vc_column_text][\/vc_column][\/vc_row][vc_row css=&#8220;.vc_custom_1725006355292{padding-bottom: 20px !important;}&#8220;][vc_column el_class=&#8220;list&#8220;][vc_column_text] Glasschmelzwannen-Ausr\u00fcstung Glasschmelzwannen sind das Herzst\u00fcck jeder Glasproduktion. Diese industriellen Hochtemperatur\u00f6fen schmelzen Rohmaterialien, wie Sand, Soda und Kalk, bei extrem hohen Temperaturen, um fl\u00fcssiges Glas herzustellen. Dabei m\u00fcssen die Wannen aus erstklassigen Materialien gefertigt sein, um den hohen Temperaturen standzuhalten. Dar\u00fcber hinaus ist ihre pr\u00e4zise \u00dcberwachung und Steuerung notwendig, damit sich [&hellip;]<\/p>\n","protected":false},"author":1,"featured_media":0,"parent":0,"menu_order":0,"comment_status":"closed","ping_status":"closed","template":"","meta":{"_acf_changed":false,"inline_featured_image":false,"footnotes":""},"acf":[],"yoast_head":"<!-- This site is optimized with the Yoast SEO plugin v22.4 - https:\/\/yoast.com\/wordpress\/plugins\/seo\/ -->\n<title>Glasschmelzwannen: Ausr\u00fcstung &amp; Zubeh\u00f6r \u2013 GR\u00b2 GmbH<\/title>\n<meta name=\"description\" content=\"Innovative Ausr\u00fcstung f\u00fcr Glasschmelzwannen bei GR\u00b2 \u2713 robuste L\u00f6sungen \u2713 Glasproduktion effizienter &amp; sicherer machen \u2794 Jetzt Beratung anfordern!\" \/>\n<meta name=\"robots\" content=\"index, follow, max-snippet:-1, max-image-preview:large, max-video-preview:-1\" \/>\n<link rel=\"canonical\" href=\"https:\/\/www.gr2.com\/de\/glasschmelzwanne\/\" \/>\n<meta property=\"og:locale\" content=\"de_DE\" \/>\n<meta property=\"og:type\" content=\"article\" \/>\n<meta property=\"og:title\" content=\"Glasschmelzwannen: Ausr\u00fcstung &amp; Zubeh\u00f6r \u2013 GR\u00b2 GmbH\" \/>\n<meta property=\"og:description\" content=\"Innovative Ausr\u00fcstung f\u00fcr Glasschmelzwannen bei GR\u00b2 \u2713 robuste L\u00f6sungen \u2713 Glasproduktion effizienter &amp; sicherer machen \u2794 Jetzt Beratung anfordern!\" \/>\n<meta property=\"og:url\" content=\"https:\/\/www.gr2.com\/de\/glasschmelzwanne\/\" \/>\n<meta property=\"og:site_name\" content=\"GR\u00b2 GmbH\" \/>\n<meta name=\"twitter:card\" content=\"summary_large_image\" \/>\n<meta name=\"twitter:label1\" content=\"Gesch\u00e4tzte Lesezeit\" \/>\n\t<meta name=\"twitter:data1\" content=\"3\u00a0Minuten\" \/>\n<script type=\"application\/ld+json\" class=\"yoast-schema-graph\">{\"@context\":\"https:\/\/schema.org\",\"@graph\":[{\"@type\":\"WebPage\",\"@id\":\"https:\/\/www.gr2.com\/de\/glasschmelzwanne\/\",\"url\":\"https:\/\/www.gr2.com\/de\/glasschmelzwanne\/\",\"name\":\"Glasschmelzwannen: Ausr\u00fcstung & Zubeh\u00f6r \u2013 GR\u00b2 GmbH\",\"isPartOf\":{\"@id\":\"https:\/\/www.gr2.com\/de\/#website\"},\"datePublished\":\"2024-08-30T08:33:43+00:00\",\"dateModified\":\"2024-08-30T08:33:43+00:00\",\"description\":\"Innovative Ausr\u00fcstung f\u00fcr Glasschmelzwannen bei GR\u00b2 \u2713 robuste L\u00f6sungen \u2713 Glasproduktion effizienter & sicherer machen \u2794 Jetzt Beratung anfordern!\",\"breadcrumb\":{\"@id\":\"https:\/\/www.gr2.com\/de\/glasschmelzwanne\/#breadcrumb\"},\"inLanguage\":\"de\",\"potentialAction\":[{\"@type\":\"ReadAction\",\"target\":[\"https:\/\/www.gr2.com\/de\/glasschmelzwanne\/\"]}]},{\"@type\":\"BreadcrumbList\",\"@id\":\"https:\/\/www.gr2.com\/de\/glasschmelzwanne\/#breadcrumb\",\"itemListElement\":[{\"@type\":\"ListItem\",\"position\":1,\"name\":\"Startseite\",\"item\":\"https:\/\/www.gr2.com\/de\/\"},{\"@type\":\"ListItem\",\"position\":2,\"name\":\"Glasschmelzwanne\"}]},{\"@type\":\"WebSite\",\"@id\":\"https:\/\/www.gr2.com\/de\/#website\",\"url\":\"https:\/\/www.gr2.com\/de\/\",\"name\":\"GR\u00b2 GmbH\",\"description\":\"\",\"potentialAction\":[{\"@type\":\"SearchAction\",\"target\":{\"@type\":\"EntryPoint\",\"urlTemplate\":\"https:\/\/www.gr2.com\/de\/?s={search_term_string}\"},\"query-input\":\"required name=search_term_string\"}],\"inLanguage\":\"de\"}]}<\/script>\n<!-- \/ Yoast SEO plugin. -->","yoast_head_json":{"title":"Glasschmelzwannen: Ausr\u00fcstung & Zubeh\u00f6r \u2013 GR\u00b2 GmbH","description":"Innovative Ausr\u00fcstung f\u00fcr Glasschmelzwannen bei GR\u00b2 \u2713 robuste L\u00f6sungen \u2713 Glasproduktion effizienter & sicherer machen \u2794 Jetzt Beratung anfordern!","robots":{"index":"index","follow":"follow","max-snippet":"max-snippet:-1","max-image-preview":"max-image-preview:large","max-video-preview":"max-video-preview:-1"},"canonical":"https:\/\/www.gr2.com\/de\/glasschmelzwanne\/","og_locale":"de_DE","og_type":"article","og_title":"Glasschmelzwannen: Ausr\u00fcstung & Zubeh\u00f6r \u2013 GR\u00b2 GmbH","og_description":"Innovative Ausr\u00fcstung f\u00fcr Glasschmelzwannen bei GR\u00b2 \u2713 robuste L\u00f6sungen \u2713 Glasproduktion effizienter & sicherer machen \u2794 Jetzt Beratung anfordern!","og_url":"https:\/\/www.gr2.com\/de\/glasschmelzwanne\/","og_site_name":"GR\u00b2 GmbH","twitter_card":"summary_large_image","twitter_misc":{"Gesch\u00e4tzte Lesezeit":"3\u00a0Minuten"},"schema":{"@context":"https:\/\/schema.org","@graph":[{"@type":"WebPage","@id":"https:\/\/www.gr2.com\/de\/glasschmelzwanne\/","url":"https:\/\/www.gr2.com\/de\/glasschmelzwanne\/","name":"Glasschmelzwannen: Ausr\u00fcstung & Zubeh\u00f6r \u2013 GR\u00b2 GmbH","isPartOf":{"@id":"https:\/\/www.gr2.com\/de\/#website"},"datePublished":"2024-08-30T08:33:43+00:00","dateModified":"2024-08-30T08:33:43+00:00","description":"Innovative Ausr\u00fcstung f\u00fcr Glasschmelzwannen bei GR\u00b2 \u2713 robuste L\u00f6sungen \u2713 Glasproduktion effizienter & sicherer machen \u2794 Jetzt Beratung anfordern!","breadcrumb":{"@id":"https:\/\/www.gr2.com\/de\/glasschmelzwanne\/#breadcrumb"},"inLanguage":"de","potentialAction":[{"@type":"ReadAction","target":["https:\/\/www.gr2.com\/de\/glasschmelzwanne\/"]}]},{"@type":"BreadcrumbList","@id":"https:\/\/www.gr2.com\/de\/glasschmelzwanne\/#breadcrumb","itemListElement":[{"@type":"ListItem","position":1,"name":"Startseite","item":"https:\/\/www.gr2.com\/de\/"},{"@type":"ListItem","position":2,"name":"Glasschmelzwanne"}]},{"@type":"WebSite","@id":"https:\/\/www.gr2.com\/de\/#website","url":"https:\/\/www.gr2.com\/de\/","name":"GR\u00b2 GmbH","description":"","potentialAction":[{"@type":"SearchAction","target":{"@type":"EntryPoint","urlTemplate":"https:\/\/www.gr2.com\/de\/?s={search_term_string}"},"query-input":"required name=search_term_string"}],"inLanguage":"de"}]}},"_links":{"self":[{"href":"https:\/\/www.gr2.com\/de\/wp-json\/wp\/v2\/pages\/2160"}],"collection":[{"href":"https:\/\/www.gr2.com\/de\/wp-json\/wp\/v2\/pages"}],"about":[{"href":"https:\/\/www.gr2.com\/de\/wp-json\/wp\/v2\/types\/page"}],"author":[{"embeddable":true,"href":"https:\/\/www.gr2.com\/de\/wp-json\/wp\/v2\/users\/1"}],"replies":[{"embeddable":true,"href":"https:\/\/www.gr2.com\/de\/wp-json\/wp\/v2\/comments?post=2160"}],"version-history":[{"count":14,"href":"https:\/\/www.gr2.com\/de\/wp-json\/wp\/v2\/pages\/2160\/revisions"}],"predecessor-version":[{"id":2174,"href":"https:\/\/www.gr2.com\/de\/wp-json\/wp\/v2\/pages\/2160\/revisions\/2174"}],"wp:attachment":[{"href":"https:\/\/www.gr2.com\/de\/wp-json\/wp\/v2\/media?parent=2160"}],"curies":[{"name":"wp","href":"https:\/\/api.w.org\/{rel}","templated":true}]}}