{"id":214,"date":"2011-11-25T11:56:49","date_gmt":"2011-11-25T10:56:49","guid":{"rendered":"http:\/\/relaunch.gr2.com\/feuerfestmaterialien\/"},"modified":"2022-02-22T14:02:43","modified_gmt":"2022-02-22T13:02:43","slug":"psr-feuerfestmaterial","status":"publish","type":"page","link":"https:\/\/www.gr2.com\/de\/psr-feuerfestmaterial\/","title":{"rendered":"Feuerfestmaterialien"},"content":{"rendered":"<section class=\"wpb-content-wrapper\"><p>[vc_row full_width=&#8220;stretch_row_content_no_spaces&#8220;][vc_column][vc_column_text]\n    \n    \n\n    \t\n    \t\n            <div data-uk-slideshow>\n                <ul class=\"uk-slideshow\">\n\n            \n                    <li class=\"slide\">\n\n                        <div class=\"uk-width-1-1 uk-height-1-1\" id=\"slider-wrapper\">\n                                <div class=\"slider-img-wrapper\">\n                                    <img decoding=\"async\" src=\"https:\/\/www.gr2.com\/wp-content\/uploads\/slide-1.jpg\" alt=\"\" \/>\n                                <\/div>\n\n                                <div class=\"slider-cc-wrapper\">\n                                                                    <\/div>\n                        <\/div>\n\n                    <\/li>\n\n            \n                <\/ul>\n            <\/div>\n\n        \n    \t\n    \t\n    \n\n    [\/vc_column_text][\/vc_column][\/vc_row][vc_row][vc_column][vc_column_text]<\/p>\n<h1>PSR Feuerfestmaterial<\/h1>\n<p>[\/vc_column_text][vc_column_text]<\/p>\n<div style=\"column-count: 2; column-gap: 40px;\">\n<p>Mit einer gro\u00dfen Vielfalt an feuerfesten Formen und Gr\u00f6\u00dfen deckt unser Partner <a href=\"\/de\/parkinson-spencer-refractories\/\">Parkinson-Spencer Refractories<\/a> Ltd. (PSR) mit den Feuerfestmaterialien nahezu alle Anwendungen bei hohen Temperaturen im Glasfertigungsprozess ab.<br \/>\nPSR fertigt Feuerfestmaterialien aus verschieden Materialien, die genau dem Produktionsprozess der Glasindustrie und den jeweiligen Kundenw\u00fcnschen angepasst sind.<\/p>\n<p>Die hohe Fertigungsqualit\u00e4t bei diesem<strong> Feuerfestmaterial <\/strong>wird durch einen \u00fcber Jahre hinweg optimierten Qualit\u00e4tsprozess gesichert und unterst\u00fctzt so optimal die Herstellung jeglicher Erzeugnisse aus Glas.<\/p>\n<\/div>\n<p>[\/vc_column_text][vc_row_inner][vc_column_inner el_class=&#8220;list&#8220; width=&#8220;1\/2&#8243; css=&#8220;.vc_custom_1500292899938{padding-right: 20px !important;}&#8220;][vc_column_text]<\/p>\n<h2>Feuerfestprodukte f\u00fcr Ihre Produktion<\/h2>\n<p>PSR ist weiterhin Lizenzinhaber von Emhart Glass Feuerfest-Produkten. Insbesondere k\u00f6nnen Teile des Metering Spout Systems von PSR in hervorragender Qualit\u00e4t bezogen werden (au\u00dfer 585).<\/p>\n<p>Feuerfest-Verbrauchsg\u00fcter werden unter der Lizenz von EMHART GLASS in folgenden Qualit\u00e4ten hergestellt: PSR-315, PSR-333, PSR-333FG, PSR-311.[\/vc_column_text][vc_column_text]<\/p>\n<h3>Materialeigenschaften im \u00dcberblick<\/h3>\n<ul>\n<li><strong>Gro\u00dfe Produktvielfalt <\/strong>des Feuerfestmaterials<\/li>\n<li>Exzellente <strong>Korrosionsbest\u00e4ndigkeit<\/strong><\/li>\n<li>Enorme Best\u00e4ndigkeit bei hohen und <b>h\u00f6chsten Temperaturen<\/b><\/li>\n<li>Hervorragende <strong>Thermoschock-Eigenschaften<\/strong><\/li>\n<li>Chargenbezogene Dokumentation der Qualit\u00e4t<\/li>\n<li><strong>Emhart Lizenz<\/strong> f\u00fcr Metering Spout (au\u00dfer 585)<\/li>\n<\/ul>\n<p>PSR <strong>Feuerfestmaterial<\/strong> aus hochwertigen Materialien wird sowohl dem Produktionsprozess der Glasindustrie als auch den Kundenw\u00fcnschen bei der Herstellung von Erzeugnissen aus Glas gerecht. Inklusive einer hohen Fertigungsqualit\u00e4t aller Feuerfestmaterialien.[\/vc_column_text][\/vc_column_inner][vc_column_inner width=&#8220;1\/2&#8243;][vc_column_text][\/vc_column_text][vc_column_text]<\/p>\n<h3>Feuerfestprodukte Anfrage<\/h3>\n<p>Nehmen Sie direkt <a title=\"Jetzt Kontaktieren!\" href=\"\/de\/kontakt\/\">Kontakt<\/a> zu uns auf bei Fragen zum <strong>Feuerfestmaterial <\/strong>und zu anderen Produkten. Unser Ansprechpartner von <a href=\"\/de\/\">gr\u00b2<\/a> sind jederzeit gern f\u00fcr Sie da.<\/p>\n<div class=\"wpcf7 no-js\" id=\"wpcf7-f995-o1\" lang=\"de-DE\" dir=\"ltr\">\n<div class=\"screen-reader-response\"><p role=\"status\" aria-live=\"polite\" aria-atomic=\"true\"><\/p> <ul><\/ul><\/div>\n<form action=\"\/de\/wp-json\/wp\/v2\/pages\/214#wpcf7-f995-o1\" method=\"post\" class=\"wpcf7-form init anfrage-form uk-form wpcf7-acceptance-as-validation\" id=\"anfrage-form\" aria-label=\"Kontaktformular\" novalidate=\"novalidate\" data-status=\"init\">\n<div style=\"display: none;\">\n<input type=\"hidden\" name=\"_wpcf7\" value=\"995\" \/>\n<input type=\"hidden\" name=\"_wpcf7_version\" value=\"5.9.3\" \/>\n<input type=\"hidden\" name=\"_wpcf7_locale\" value=\"de_DE\" \/>\n<input type=\"hidden\" name=\"_wpcf7_unit_tag\" value=\"wpcf7-f995-o1\" \/>\n<input type=\"hidden\" name=\"_wpcf7_container_post\" value=\"0\" \/>\n<input type=\"hidden\" name=\"_wpcf7_posted_data_hash\" value=\"\" \/>\n<\/div>\n<div class=\"uk-grid\">\n<div class=\"uk-width-medium-1-1\">\n<div class=\"uk-grid uk-grid-small\">\n<div class=\"uk-width-medium-1-1 uk-margin-bottom\">\n<span class=\"wpcf7-form-control-wrap\" data-name=\"firma\"><input size=\"40\" class=\"wpcf7-form-control wpcf7-text wpcf7-validates-as-required uk-width-1-1\" aria-required=\"true\" aria-invalid=\"false\" placeholder=\"Firma\" value=\"\" type=\"text\" name=\"firma\" \/><\/span>\n<\/div>\n   <div class=\"uk-width-medium-1-2 margin-bottom-light\">\n<span class=\"wpcf7-form-control-wrap\" data-name=\"vorname\"><input size=\"40\" class=\"wpcf7-form-control wpcf7-text wpcf7-validates-as-required uk-width-1-1\" aria-required=\"true\" aria-invalid=\"false\" placeholder=\"Vorname\" value=\"\" type=\"text\" name=\"vorname\" \/><\/span>\n<\/div>\n   <div class=\"uk-width-medium-1-2\">\n<span class=\"wpcf7-form-control-wrap\" data-name=\"nachname\"><input size=\"40\" class=\"wpcf7-form-control wpcf7-text wpcf7-validates-as-required uk-width-1-1\" aria-required=\"true\" aria-invalid=\"false\" placeholder=\"Nachname\" value=\"\" type=\"text\" name=\"nachname\" \/><\/span>\n<\/div>\n<\/div><\/div>\n\n<div class=\"uk-width-medium-1-1 uk-margin-top\">\n<div class=\"uk-grid uk-grid-small\">\n        <div class=\"uk-width-medium-1-2 margin-bottom-light\">\n<span class=\"wpcf7-form-control-wrap\" data-name=\"email\"><input size=\"40\" class=\"wpcf7-form-control wpcf7-email wpcf7-validates-as-required wpcf7-text wpcf7-validates-as-email uk-width-1-1\" aria-required=\"true\" aria-invalid=\"false\" placeholder=\"E-Mail\" value=\"\" type=\"email\" name=\"email\" \/><\/span>\n<\/div>\n<div class=\"uk-width-medium-1-2\">\n<span class=\"wpcf7-form-control-wrap\" data-name=\"tele\"><input size=\"40\" class=\"wpcf7-form-control wpcf7-text wpcf7-validates-as-required uk-width-1-1\" aria-required=\"true\" aria-invalid=\"false\" placeholder=\"Telefon\" value=\"\" type=\"text\" name=\"tele\" \/><\/span>\n<\/div>\n<\/div><\/div>\n\n<div class=\"uk-width-medium-1-1 uk-margin-top\">\n<div class=\"uk-grid uk-grid-small\">\n        <div class=\"uk-width-medium-1-1\">\n<span class=\"wpcf7-form-control-wrap\" data-name=\"text-msg\"><textarea cols=\"40\" rows=\"10\" class=\"wpcf7-form-control wpcf7-textarea wpcf7-validates-as-required uk-width-1-1 input-text-block\" aria-required=\"true\" aria-invalid=\"false\" placeholder=\"Ihre Nachricht an uns...\" name=\"text-msg\"><\/textarea><\/span>\n<div class=\"uk-margin-small-bottom uk-position-relative agreement\">\n        <span class=\"wpcf7-form-control-wrap\" data-name=\"agreement-box\"><span class=\"wpcf7-form-control wpcf7-acceptance\"><span class=\"wpcf7-list-item\"><input type=\"checkbox\" name=\"agreement-box\" value=\"1\" aria-invalid=\"false\" \/><\/span><\/span><\/span> * Ich stimme zu, dass meine Angaben aus dem Kontaktformular zur Beantwortung meiner Anfrage erhoben und verarbeitet werden. Siehe auch <a href=\"https:\/\/www.gr2.com\/de\/datenschutz\/\">Datenschutz<\/a>\n        <i class=\"uk-icon-question-circle\" data-uk-tooltip=\"{pos:'top-right'}\" title=\"Hinweis: Sie k\u00f6nnen Ihre Einwilligung jederzeit f\u00fcr die Zukunft per E-Mail an info@gr2.com widerrufen.\"><\/i>\n      <\/div>\n<\/div>\n<\/div><\/div>\n\n<div class=\"uk-width-medium-1-1 uk-margin-top\">\n<div class=\"uk-grid submit-green\">\n        <div class=\"uk-width-medium-1-1\">\n<input class=\"wpcf7-form-control wpcf7-submit has-spinner\" type=\"submit\" value=\"Anfrage Senden\" \/>\n<\/div>\n<\/div><\/div><\/div><div class=\"wpcf7-response-output\" aria-hidden=\"true\"><\/div>\n<\/form>\n<\/div>\n[\/vc_column_text][\/vc_column_inner][\/vc_row_inner][\/vc_column][\/vc_row]<\/p>\n<\/section>","protected":false},"excerpt":{"rendered":"<p>[vc_row full_width=&#8220;stretch_row_content_no_spaces&#8220;][vc_column][vc_column_text][\/vc_column_text][\/vc_column][\/vc_row][vc_row][vc_column][vc_column_text] PSR Feuerfestmaterial [\/vc_column_text][vc_column_text] Mit einer gro\u00dfen Vielfalt an feuerfesten Formen und Gr\u00f6\u00dfen deckt unser Partner Parkinson-Spencer Refractories Ltd. (PSR) mit den Feuerfestmaterialien nahezu alle Anwendungen bei hohen Temperaturen im Glasfertigungsprozess ab. PSR fertigt Feuerfestmaterialien aus verschieden Materialien, die genau dem Produktionsprozess der Glasindustrie und den jeweiligen Kundenw\u00fcnschen angepasst sind. Die hohe Fertigungsqualit\u00e4t bei [&hellip;]<\/p>\n","protected":false},"author":1,"featured_media":0,"parent":0,"menu_order":64,"comment_status":"closed","ping_status":"closed","template":"","meta":{"_acf_changed":false,"inline_featured_image":false,"footnotes":""},"acf":[],"yoast_head":"<!-- This site is optimized with the Yoast SEO plugin v22.4 - https:\/\/yoast.com\/wordpress\/plugins\/seo\/ -->\n<title>Feuerfestmaterial f\u00fcr Glasproduktion | gr2<\/title>\n<meta name=\"description\" content=\"Feuerfestprodukte aus verschiedenen Materialien von PSR: \u2713 angepasst an Ihre Produktionsprozesse \u2713 hohe Qualit\u00e4t &amp; Belastbarkeit \u2756 jetzt anschauen!\" \/>\n<meta name=\"robots\" content=\"index, follow, max-snippet:-1, max-image-preview:large, max-video-preview:-1\" \/>\n<link rel=\"canonical\" href=\"https:\/\/www.gr2.com\/de\/psr-feuerfestmaterial\/\" \/>\n<meta property=\"og:locale\" content=\"de_DE\" \/>\n<meta property=\"og:type\" content=\"article\" \/>\n<meta property=\"og:title\" content=\"Feuerfestmaterial f\u00fcr Glasproduktion | gr2\" \/>\n<meta property=\"og:description\" content=\"Feuerfestprodukte aus verschiedenen Materialien von PSR: \u2713 angepasst an Ihre Produktionsprozesse \u2713 hohe Qualit\u00e4t &amp; Belastbarkeit \u2756 jetzt anschauen!\" \/>\n<meta property=\"og:url\" content=\"https:\/\/www.gr2.com\/de\/psr-feuerfestmaterial\/\" \/>\n<meta property=\"og:site_name\" content=\"GR\u00b2 GmbH\" \/>\n<meta property=\"article:modified_time\" content=\"2022-02-22T13:02:43+00:00\" \/>\n<meta name=\"twitter:card\" content=\"summary_large_image\" \/>\n<meta name=\"twitter:label1\" content=\"Gesch\u00e4tzte Lesezeit\" \/>\n\t<meta name=\"twitter:data1\" content=\"1\u00a0Minute\" \/>\n<script type=\"application\/ld+json\" class=\"yoast-schema-graph\">{\"@context\":\"https:\/\/schema.org\",\"@graph\":[{\"@type\":\"WebPage\",\"@id\":\"https:\/\/www.gr2.com\/de\/psr-feuerfestmaterial\/\",\"url\":\"https:\/\/www.gr2.com\/de\/psr-feuerfestmaterial\/\",\"name\":\"Feuerfestmaterial f\u00fcr Glasproduktion | gr2\",\"isPartOf\":{\"@id\":\"https:\/\/www.gr2.com\/de\/#website\"},\"datePublished\":\"2011-11-25T10:56:49+00:00\",\"dateModified\":\"2022-02-22T13:02:43+00:00\",\"description\":\"Feuerfestprodukte aus verschiedenen Materialien von PSR: \u2713 angepasst an Ihre Produktionsprozesse \u2713 hohe Qualit\u00e4t & Belastbarkeit \u2756 jetzt anschauen!\",\"breadcrumb\":{\"@id\":\"https:\/\/www.gr2.com\/de\/psr-feuerfestmaterial\/#breadcrumb\"},\"inLanguage\":\"de\",\"potentialAction\":[{\"@type\":\"ReadAction\",\"target\":[\"https:\/\/www.gr2.com\/de\/psr-feuerfestmaterial\/\"]}]},{\"@type\":\"BreadcrumbList\",\"@id\":\"https:\/\/www.gr2.com\/de\/psr-feuerfestmaterial\/#breadcrumb\",\"itemListElement\":[{\"@type\":\"ListItem\",\"position\":1,\"name\":\"Startseite\",\"item\":\"https:\/\/www.gr2.com\/de\/\"},{\"@type\":\"ListItem\",\"position\":2,\"name\":\"Feuerfestmaterialien\"}]},{\"@type\":\"WebSite\",\"@id\":\"https:\/\/www.gr2.com\/de\/#website\",\"url\":\"https:\/\/www.gr2.com\/de\/\",\"name\":\"GR\u00b2 GmbH\",\"description\":\"\",\"potentialAction\":[{\"@type\":\"SearchAction\",\"target\":{\"@type\":\"EntryPoint\",\"urlTemplate\":\"https:\/\/www.gr2.com\/de\/?s={search_term_string}\"},\"query-input\":\"required name=search_term_string\"}],\"inLanguage\":\"de\"}]}<\/script>\n<!-- \/ Yoast SEO plugin. -->","yoast_head_json":{"title":"Feuerfestmaterial f\u00fcr Glasproduktion | gr2","description":"Feuerfestprodukte aus verschiedenen Materialien von PSR: \u2713 angepasst an Ihre Produktionsprozesse \u2713 hohe Qualit\u00e4t & Belastbarkeit \u2756 jetzt anschauen!","robots":{"index":"index","follow":"follow","max-snippet":"max-snippet:-1","max-image-preview":"max-image-preview:large","max-video-preview":"max-video-preview:-1"},"canonical":"https:\/\/www.gr2.com\/de\/psr-feuerfestmaterial\/","og_locale":"de_DE","og_type":"article","og_title":"Feuerfestmaterial f\u00fcr Glasproduktion | gr2","og_description":"Feuerfestprodukte aus verschiedenen Materialien von PSR: \u2713 angepasst an Ihre Produktionsprozesse \u2713 hohe Qualit\u00e4t & Belastbarkeit \u2756 jetzt anschauen!","og_url":"https:\/\/www.gr2.com\/de\/psr-feuerfestmaterial\/","og_site_name":"GR\u00b2 GmbH","article_modified_time":"2022-02-22T13:02:43+00:00","twitter_card":"summary_large_image","twitter_misc":{"Gesch\u00e4tzte Lesezeit":"1\u00a0Minute"},"schema":{"@context":"https:\/\/schema.org","@graph":[{"@type":"WebPage","@id":"https:\/\/www.gr2.com\/de\/psr-feuerfestmaterial\/","url":"https:\/\/www.gr2.com\/de\/psr-feuerfestmaterial\/","name":"Feuerfestmaterial f\u00fcr Glasproduktion | gr2","isPartOf":{"@id":"https:\/\/www.gr2.com\/de\/#website"},"datePublished":"2011-11-25T10:56:49+00:00","dateModified":"2022-02-22T13:02:43+00:00","description":"Feuerfestprodukte aus verschiedenen Materialien von PSR: \u2713 angepasst an Ihre Produktionsprozesse \u2713 hohe Qualit\u00e4t & Belastbarkeit \u2756 jetzt anschauen!","breadcrumb":{"@id":"https:\/\/www.gr2.com\/de\/psr-feuerfestmaterial\/#breadcrumb"},"inLanguage":"de","potentialAction":[{"@type":"ReadAction","target":["https:\/\/www.gr2.com\/de\/psr-feuerfestmaterial\/"]}]},{"@type":"BreadcrumbList","@id":"https:\/\/www.gr2.com\/de\/psr-feuerfestmaterial\/#breadcrumb","itemListElement":[{"@type":"ListItem","position":1,"name":"Startseite","item":"https:\/\/www.gr2.com\/de\/"},{"@type":"ListItem","position":2,"name":"Feuerfestmaterialien"}]},{"@type":"WebSite","@id":"https:\/\/www.gr2.com\/de\/#website","url":"https:\/\/www.gr2.com\/de\/","name":"GR\u00b2 GmbH","description":"","potentialAction":[{"@type":"SearchAction","target":{"@type":"EntryPoint","urlTemplate":"https:\/\/www.gr2.com\/de\/?s={search_term_string}"},"query-input":"required name=search_term_string"}],"inLanguage":"de"}]}},"_links":{"self":[{"href":"https:\/\/www.gr2.com\/de\/wp-json\/wp\/v2\/pages\/214"}],"collection":[{"href":"https:\/\/www.gr2.com\/de\/wp-json\/wp\/v2\/pages"}],"about":[{"href":"https:\/\/www.gr2.com\/de\/wp-json\/wp\/v2\/types\/page"}],"author":[{"embeddable":true,"href":"https:\/\/www.gr2.com\/de\/wp-json\/wp\/v2\/users\/1"}],"replies":[{"embeddable":true,"href":"https:\/\/www.gr2.com\/de\/wp-json\/wp\/v2\/comments?post=214"}],"version-history":[{"count":25,"href":"https:\/\/www.gr2.com\/de\/wp-json\/wp\/v2\/pages\/214\/revisions"}],"predecessor-version":[{"id":2081,"href":"https:\/\/www.gr2.com\/de\/wp-json\/wp\/v2\/pages\/214\/revisions\/2081"}],"wp:attachment":[{"href":"https:\/\/www.gr2.com\/de\/wp-json\/wp\/v2\/media?parent=214"}],"curies":[{"name":"wp","href":"https:\/\/api.w.org\/{rel}","templated":true}]}}