{"id":213,"date":"2011-11-25T11:56:13","date_gmt":"2011-11-25T10:56:13","guid":{"rendered":"http:\/\/relaunch.gr2.com\/glaskanaele\/"},"modified":"2022-02-22T13:59:21","modified_gmt":"2022-02-22T12:59:21","slug":"psr-kanalsteine-glaskanaele","status":"publish","type":"page","link":"https:\/\/www.gr2.com\/de\/psr-kanalsteine-glaskanaele\/","title":{"rendered":"Glaskan\u00e4le"},"content":{"rendered":"<section class=\"wpb-content-wrapper\"><p>[vc_row full_width=&#8220;stretch_row_content_no_spaces&#8220;][vc_column][vc_column_text]\n    \n    \n\n    \t\n    \t\n            <div data-uk-slideshow>\n                <ul class=\"uk-slideshow\">\n\n            \n                    <li class=\"slide\">\n\n                        <div class=\"uk-width-1-1 uk-height-1-1\" id=\"slider-wrapper\">\n                                <div class=\"slider-img-wrapper\">\n                                    <img decoding=\"async\" src=\"https:\/\/www.gr2.com\/wp-content\/uploads\/slide-1.jpg\" alt=\"\" \/>\n                                <\/div>\n\n                                <div class=\"slider-cc-wrapper\">\n                                                                    <\/div>\n                        <\/div>\n\n                    <\/li>\n\n            \n                <\/ul>\n            <\/div>\n\n        \n    \t\n    \t\n    \n\n    [\/vc_column_text][\/vc_column][\/vc_row][vc_row][vc_column][vc_column_text]<\/p>\n<h1>PSR Kanalsteine<\/h1>\n<p>[\/vc_column_text][vc_column_text el_class=&#8220;uk-column-medium-1-2&#8243;]Unser Partner <a title=\"Parkinson-Spencer Refractories\" href=\"\/de\/parkinson-spencer-refractories\/\">Parkinson-Spencer Refractories<\/a> Ltd. (PSR) stellt seit \u00fcber 200 Jahren <a title=\"Feuerfestmaterialien\" href=\"\/de\/psr-feuerfestmaterial\/\">Feuerfestmaterialien<\/a> her. Das Sortiment des Premium-Partners bietet der Glasindustrie allerdings viele weitere hochwertige Qualit\u00e4tsprodukte. In den vergangenen Jahrzehnten wurde die langj\u00e4hrige Erfahrung des Herstellers auch in die Herstellung von schweren und robusten <strong>Kanalsteinen <\/strong>eingebracht. Die Rinnsteine sind in verschiedenen Ausf\u00fchrungen erh\u00e4ltlich und eignen sich optimal f\u00fcr den industriellen Innen- und Au\u00dfenbereich. PSR Kanalsteine zeichnen sich durch eine hohe Korrosionsfestigkeit aus und sind auch nach Jahren des Betriebs in gutem Zustand.<\/p>\n<p>Die langj\u00e4hrige Erfahrung und gro\u00dfe Leidenschaft hat <a title=\"gr\u00b2\" href=\"\/de\/\">gr\u00b2<\/a> zum Spezialisten f\u00fcr die Belieferung der Glasindustrie gemacht. Wir vertrauen auf die Qualit\u00e4t unserer Premium-Hersteller und beliefern die Glasindustrie seit Jahrzehnten mit hochwertigen PSR Produkten. Ob Kanalsteine nach Ma\u00df, industrielle <a title=\"Brennersysteme\" href=\"\/de\/psr-verbrennungssystem\/\">Brennersysteme<\/a> oder <a title=\"K\u00fchlsysteme\" href=\"\/de\/psr-kuehlsysteme\/\">K\u00fchlsysteme<\/a> f\u00fcr die Industrie \u2014 langlebige und robuste Qualit\u00e4tsprodukte sind unsere Spezialit\u00e4t. Treten Sie mit uns in <a title=\"Jetzt Kontaktieren!\" href=\"\/de\/kontakt\/\">Kontakt<\/a> und lassen Sie sich von uns beraten![\/vc_column_text][vc_row_inner][vc_column_inner el_class=&#8220;list&#8220; width=&#8220;1\/2&#8243; css=&#8220;.vc_custom_1500292899938{padding-right: 20px !important;}&#8220;][vc_column_text]<\/p>\n<h2>Kanalsteine kaufen und nach Ma\u00df anfertigen lassen<\/h2>\n<p>Auf pr\u00e4zisen Bearbeitungsmaschinen werden die robusten Steine zuletzt nach Ma\u00df gefertigt. Die passgenauen Rinnsteine werden vor der Auslieferung komplett vormontiert, um vorab alle Ma\u00dfe des bereits vorhandenen Kanals \u00fcberpr\u00fcfen zu k\u00f6nnen. Mit der Montage an den entsprechenden Abwasserkan\u00e4len steht dem <b>reibungslosen Abfluss von Fl\u00fcssigkeiten<\/b> nichts mehr im Wege. Ganz gleich in welchen Ma\u00dfen (L\u00e4nge, Breite, H\u00f6he) die Steine angefertigt werden sollen \u2014 sie stellen in jeder Ausf\u00fchrung die <b>ma\u00dfgefertigte L\u00f6sung<\/b> f\u00fcr die Glasindustrie dar!<\/p>\n<p>Kontaktieren Sie uns online oder telefonisch und stellen Sie uns die ben\u00f6tigten Ma\u00dfe (L\u00e4nge, Breite, H\u00f6he) zur Verf\u00fcgung. In Zusammenarbeit mit unserem Premium-Hersteller <b>Parkinson-Spencer Refractories<\/b><b> Ltd.<\/b> (PSR) fertigen und liefern wir die Entw\u00e4sserungssteine binnen k\u00fcrzester Zeit. \u00dcberzeugen Sie sich nun selbst von unseren Qualit\u00e4tsprodukten f\u00fcr die Glasindustrie![\/vc_column_text][vc_column_text]<\/p>\n<h3>\u00dcberblick<\/h3>\n<ul>\n<li>Material PSR-333 und PSR-993<\/li>\n<li>Hoher Korrosionswiderstand<\/li>\n<li>Passgenaue Fertigung nach Ma\u00df (L\u00e4nge, Breite, H\u00f6he)<\/li>\n<li>Endkontrolle am vormontierten Kanal<\/li>\n<\/ul>\n<p>[\/vc_column_text][\/vc_column_inner][vc_column_inner width=&#8220;1\/2&#8243;][vc_column_text][\/vc_column_text][vc_column_text]<\/p>\n<h3>Produkt Anfrage<\/h3>\n<p>Bei Fragen bez\u00fcglich des Produktes k\u00f6nnen Sie gerne Kontakt mit uns aufnehmen.<\/p>\n<div class=\"wpcf7 no-js\" id=\"wpcf7-f995-o1\" lang=\"de-DE\" dir=\"ltr\">\n<div class=\"screen-reader-response\"><p role=\"status\" aria-live=\"polite\" aria-atomic=\"true\"><\/p> <ul><\/ul><\/div>\n<form action=\"\/de\/wp-json\/wp\/v2\/pages\/213#wpcf7-f995-o1\" method=\"post\" class=\"wpcf7-form init anfrage-form uk-form wpcf7-acceptance-as-validation\" id=\"anfrage-form\" aria-label=\"Kontaktformular\" novalidate=\"novalidate\" data-status=\"init\">\n<div style=\"display: none;\">\n<input type=\"hidden\" name=\"_wpcf7\" value=\"995\" \/>\n<input type=\"hidden\" name=\"_wpcf7_version\" value=\"5.9.3\" \/>\n<input type=\"hidden\" name=\"_wpcf7_locale\" value=\"de_DE\" \/>\n<input type=\"hidden\" name=\"_wpcf7_unit_tag\" value=\"wpcf7-f995-o1\" \/>\n<input type=\"hidden\" name=\"_wpcf7_container_post\" value=\"0\" \/>\n<input type=\"hidden\" name=\"_wpcf7_posted_data_hash\" value=\"\" \/>\n<\/div>\n<div class=\"uk-grid\">\n<div class=\"uk-width-medium-1-1\">\n<div class=\"uk-grid uk-grid-small\">\n<div class=\"uk-width-medium-1-1 uk-margin-bottom\">\n<span class=\"wpcf7-form-control-wrap\" data-name=\"firma\"><input size=\"40\" class=\"wpcf7-form-control wpcf7-text wpcf7-validates-as-required uk-width-1-1\" aria-required=\"true\" aria-invalid=\"false\" placeholder=\"Firma\" value=\"\" type=\"text\" name=\"firma\" \/><\/span>\n<\/div>\n   <div class=\"uk-width-medium-1-2 margin-bottom-light\">\n<span class=\"wpcf7-form-control-wrap\" data-name=\"vorname\"><input size=\"40\" class=\"wpcf7-form-control wpcf7-text wpcf7-validates-as-required uk-width-1-1\" aria-required=\"true\" aria-invalid=\"false\" placeholder=\"Vorname\" value=\"\" type=\"text\" name=\"vorname\" \/><\/span>\n<\/div>\n   <div class=\"uk-width-medium-1-2\">\n<span class=\"wpcf7-form-control-wrap\" data-name=\"nachname\"><input size=\"40\" class=\"wpcf7-form-control wpcf7-text wpcf7-validates-as-required uk-width-1-1\" aria-required=\"true\" aria-invalid=\"false\" placeholder=\"Nachname\" value=\"\" type=\"text\" name=\"nachname\" \/><\/span>\n<\/div>\n<\/div><\/div>\n\n<div class=\"uk-width-medium-1-1 uk-margin-top\">\n<div class=\"uk-grid uk-grid-small\">\n        <div class=\"uk-width-medium-1-2 margin-bottom-light\">\n<span class=\"wpcf7-form-control-wrap\" data-name=\"email\"><input size=\"40\" class=\"wpcf7-form-control wpcf7-email wpcf7-validates-as-required wpcf7-text wpcf7-validates-as-email uk-width-1-1\" aria-required=\"true\" aria-invalid=\"false\" placeholder=\"E-Mail\" value=\"\" type=\"email\" name=\"email\" \/><\/span>\n<\/div>\n<div class=\"uk-width-medium-1-2\">\n<span class=\"wpcf7-form-control-wrap\" data-name=\"tele\"><input size=\"40\" class=\"wpcf7-form-control wpcf7-text wpcf7-validates-as-required uk-width-1-1\" aria-required=\"true\" aria-invalid=\"false\" placeholder=\"Telefon\" value=\"\" type=\"text\" name=\"tele\" \/><\/span>\n<\/div>\n<\/div><\/div>\n\n<div class=\"uk-width-medium-1-1 uk-margin-top\">\n<div class=\"uk-grid uk-grid-small\">\n        <div class=\"uk-width-medium-1-1\">\n<span class=\"wpcf7-form-control-wrap\" data-name=\"text-msg\"><textarea cols=\"40\" rows=\"10\" class=\"wpcf7-form-control wpcf7-textarea wpcf7-validates-as-required uk-width-1-1 input-text-block\" aria-required=\"true\" aria-invalid=\"false\" placeholder=\"Ihre Nachricht an uns...\" name=\"text-msg\"><\/textarea><\/span>\n<div class=\"uk-margin-small-bottom uk-position-relative agreement\">\n        <span class=\"wpcf7-form-control-wrap\" data-name=\"agreement-box\"><span class=\"wpcf7-form-control wpcf7-acceptance\"><span class=\"wpcf7-list-item\"><input type=\"checkbox\" name=\"agreement-box\" value=\"1\" aria-invalid=\"false\" \/><\/span><\/span><\/span> * Ich stimme zu, dass meine Angaben aus dem Kontaktformular zur Beantwortung meiner Anfrage erhoben und verarbeitet werden. Siehe auch <a href=\"https:\/\/www.gr2.com\/de\/datenschutz\/\">Datenschutz<\/a>\n        <i class=\"uk-icon-question-circle\" data-uk-tooltip=\"{pos:'top-right'}\" title=\"Hinweis: Sie k\u00f6nnen Ihre Einwilligung jederzeit f\u00fcr die Zukunft per E-Mail an info@gr2.com widerrufen.\"><\/i>\n      <\/div>\n<\/div>\n<\/div><\/div>\n\n<div class=\"uk-width-medium-1-1 uk-margin-top\">\n<div class=\"uk-grid submit-green\">\n        <div class=\"uk-width-medium-1-1\">\n<input class=\"wpcf7-form-control wpcf7-submit has-spinner\" type=\"submit\" value=\"Anfrage Senden\" \/>\n<\/div>\n<\/div><\/div><\/div><div class=\"wpcf7-response-output\" aria-hidden=\"true\"><\/div>\n<\/form>\n<\/div>\n[\/vc_column_text][\/vc_column_inner][\/vc_row_inner][\/vc_column][\/vc_row]<\/p>\n<\/section>","protected":false},"excerpt":{"rendered":"<p>[vc_row full_width=&#8220;stretch_row_content_no_spaces&#8220;][vc_column][vc_column_text][\/vc_column_text][\/vc_column][\/vc_row][vc_row][vc_column][vc_column_text] PSR Kanalsteine [\/vc_column_text][vc_column_text el_class=&#8220;uk-column-medium-1-2&#8243;]Unser Partner Parkinson-Spencer Refractories Ltd. (PSR) stellt seit \u00fcber 200 Jahren Feuerfestmaterialien her. Das Sortiment des Premium-Partners bietet der Glasindustrie allerdings viele weitere hochwertige Qualit\u00e4tsprodukte. In den vergangenen Jahrzehnten wurde die langj\u00e4hrige Erfahrung des Herstellers auch in die Herstellung von schweren und robusten Kanalsteinen eingebracht. Die Rinnsteine sind in verschiedenen [&hellip;]<\/p>\n","protected":false},"author":1,"featured_media":0,"parent":0,"menu_order":37,"comment_status":"closed","ping_status":"closed","template":"","meta":{"_acf_changed":false,"inline_featured_image":false,"footnotes":""},"acf":[],"yoast_head":"<!-- This site is optimized with the Yoast SEO plugin v22.4 - https:\/\/yoast.com\/wordpress\/plugins\/seo\/ -->\n<title>Kanalsteine nach Ma\u00df von Parkinson-Spencer Refractories | gr2<\/title>\n<meta name=\"description\" content=\"Die ma\u00dfgefertigten Kanalsteine von PSR sind die idealen Entw\u00e4sserungssteine f\u00fcr Ihre Abwasserkan\u00e4le. \u2713 kompakt \u2713 langlebig \u2713 nach Ma\u00df \u25ba Jetzt kaufen!\" \/>\n<meta name=\"robots\" content=\"index, follow, max-snippet:-1, max-image-preview:large, max-video-preview:-1\" \/>\n<link rel=\"canonical\" href=\"https:\/\/www.gr2.com\/de\/psr-kanalsteine-glaskanaele\/\" \/>\n<meta property=\"og:locale\" content=\"de_DE\" \/>\n<meta property=\"og:type\" content=\"article\" \/>\n<meta property=\"og:title\" content=\"Kanalsteine nach Ma\u00df von Parkinson-Spencer Refractories | gr2\" \/>\n<meta property=\"og:description\" content=\"Die ma\u00dfgefertigten Kanalsteine von PSR sind die idealen Entw\u00e4sserungssteine f\u00fcr Ihre Abwasserkan\u00e4le. \u2713 kompakt \u2713 langlebig \u2713 nach Ma\u00df \u25ba Jetzt kaufen!\" \/>\n<meta property=\"og:url\" content=\"https:\/\/www.gr2.com\/de\/psr-kanalsteine-glaskanaele\/\" \/>\n<meta property=\"og:site_name\" content=\"GR\u00b2 GmbH\" \/>\n<meta property=\"article:modified_time\" content=\"2022-02-22T12:59:21+00:00\" \/>\n<meta name=\"twitter:card\" content=\"summary_large_image\" \/>\n<meta name=\"twitter:label1\" content=\"Gesch\u00e4tzte Lesezeit\" \/>\n\t<meta name=\"twitter:data1\" content=\"2\u00a0Minuten\" \/>\n<script type=\"application\/ld+json\" class=\"yoast-schema-graph\">{\"@context\":\"https:\/\/schema.org\",\"@graph\":[{\"@type\":\"WebPage\",\"@id\":\"https:\/\/www.gr2.com\/de\/psr-kanalsteine-glaskanaele\/\",\"url\":\"https:\/\/www.gr2.com\/de\/psr-kanalsteine-glaskanaele\/\",\"name\":\"Kanalsteine nach Ma\u00df von Parkinson-Spencer Refractories | gr2\",\"isPartOf\":{\"@id\":\"https:\/\/www.gr2.com\/de\/#website\"},\"datePublished\":\"2011-11-25T10:56:13+00:00\",\"dateModified\":\"2022-02-22T12:59:21+00:00\",\"description\":\"Die ma\u00dfgefertigten Kanalsteine von PSR sind die idealen Entw\u00e4sserungssteine f\u00fcr Ihre Abwasserkan\u00e4le. \u2713 kompakt \u2713 langlebig \u2713 nach Ma\u00df \u25ba Jetzt kaufen!\",\"breadcrumb\":{\"@id\":\"https:\/\/www.gr2.com\/de\/psr-kanalsteine-glaskanaele\/#breadcrumb\"},\"inLanguage\":\"de\",\"potentialAction\":[{\"@type\":\"ReadAction\",\"target\":[\"https:\/\/www.gr2.com\/de\/psr-kanalsteine-glaskanaele\/\"]}]},{\"@type\":\"BreadcrumbList\",\"@id\":\"https:\/\/www.gr2.com\/de\/psr-kanalsteine-glaskanaele\/#breadcrumb\",\"itemListElement\":[{\"@type\":\"ListItem\",\"position\":1,\"name\":\"Startseite\",\"item\":\"https:\/\/www.gr2.com\/de\/\"},{\"@type\":\"ListItem\",\"position\":2,\"name\":\"Glaskan\u00e4le\"}]},{\"@type\":\"WebSite\",\"@id\":\"https:\/\/www.gr2.com\/de\/#website\",\"url\":\"https:\/\/www.gr2.com\/de\/\",\"name\":\"GR\u00b2 GmbH\",\"description\":\"\",\"potentialAction\":[{\"@type\":\"SearchAction\",\"target\":{\"@type\":\"EntryPoint\",\"urlTemplate\":\"https:\/\/www.gr2.com\/de\/?s={search_term_string}\"},\"query-input\":\"required name=search_term_string\"}],\"inLanguage\":\"de\"}]}<\/script>\n<!-- \/ Yoast SEO plugin. -->","yoast_head_json":{"title":"Kanalsteine nach Ma\u00df von Parkinson-Spencer Refractories | gr2","description":"Die ma\u00dfgefertigten Kanalsteine von PSR sind die idealen Entw\u00e4sserungssteine f\u00fcr Ihre Abwasserkan\u00e4le. \u2713 kompakt \u2713 langlebig \u2713 nach Ma\u00df \u25ba Jetzt kaufen!","robots":{"index":"index","follow":"follow","max-snippet":"max-snippet:-1","max-image-preview":"max-image-preview:large","max-video-preview":"max-video-preview:-1"},"canonical":"https:\/\/www.gr2.com\/de\/psr-kanalsteine-glaskanaele\/","og_locale":"de_DE","og_type":"article","og_title":"Kanalsteine nach Ma\u00df von Parkinson-Spencer Refractories | gr2","og_description":"Die ma\u00dfgefertigten Kanalsteine von PSR sind die idealen Entw\u00e4sserungssteine f\u00fcr Ihre Abwasserkan\u00e4le. \u2713 kompakt \u2713 langlebig \u2713 nach Ma\u00df \u25ba Jetzt kaufen!","og_url":"https:\/\/www.gr2.com\/de\/psr-kanalsteine-glaskanaele\/","og_site_name":"GR\u00b2 GmbH","article_modified_time":"2022-02-22T12:59:21+00:00","twitter_card":"summary_large_image","twitter_misc":{"Gesch\u00e4tzte Lesezeit":"2\u00a0Minuten"},"schema":{"@context":"https:\/\/schema.org","@graph":[{"@type":"WebPage","@id":"https:\/\/www.gr2.com\/de\/psr-kanalsteine-glaskanaele\/","url":"https:\/\/www.gr2.com\/de\/psr-kanalsteine-glaskanaele\/","name":"Kanalsteine nach Ma\u00df von Parkinson-Spencer Refractories | gr2","isPartOf":{"@id":"https:\/\/www.gr2.com\/de\/#website"},"datePublished":"2011-11-25T10:56:13+00:00","dateModified":"2022-02-22T12:59:21+00:00","description":"Die ma\u00dfgefertigten Kanalsteine von PSR sind die idealen Entw\u00e4sserungssteine f\u00fcr Ihre Abwasserkan\u00e4le. \u2713 kompakt \u2713 langlebig \u2713 nach Ma\u00df \u25ba Jetzt kaufen!","breadcrumb":{"@id":"https:\/\/www.gr2.com\/de\/psr-kanalsteine-glaskanaele\/#breadcrumb"},"inLanguage":"de","potentialAction":[{"@type":"ReadAction","target":["https:\/\/www.gr2.com\/de\/psr-kanalsteine-glaskanaele\/"]}]},{"@type":"BreadcrumbList","@id":"https:\/\/www.gr2.com\/de\/psr-kanalsteine-glaskanaele\/#breadcrumb","itemListElement":[{"@type":"ListItem","position":1,"name":"Startseite","item":"https:\/\/www.gr2.com\/de\/"},{"@type":"ListItem","position":2,"name":"Glaskan\u00e4le"}]},{"@type":"WebSite","@id":"https:\/\/www.gr2.com\/de\/#website","url":"https:\/\/www.gr2.com\/de\/","name":"GR\u00b2 GmbH","description":"","potentialAction":[{"@type":"SearchAction","target":{"@type":"EntryPoint","urlTemplate":"https:\/\/www.gr2.com\/de\/?s={search_term_string}"},"query-input":"required name=search_term_string"}],"inLanguage":"de"}]}},"_links":{"self":[{"href":"https:\/\/www.gr2.com\/de\/wp-json\/wp\/v2\/pages\/213"}],"collection":[{"href":"https:\/\/www.gr2.com\/de\/wp-json\/wp\/v2\/pages"}],"about":[{"href":"https:\/\/www.gr2.com\/de\/wp-json\/wp\/v2\/types\/page"}],"author":[{"embeddable":true,"href":"https:\/\/www.gr2.com\/de\/wp-json\/wp\/v2\/users\/1"}],"replies":[{"embeddable":true,"href":"https:\/\/www.gr2.com\/de\/wp-json\/wp\/v2\/comments?post=213"}],"version-history":[{"count":7,"href":"https:\/\/www.gr2.com\/de\/wp-json\/wp\/v2\/pages\/213\/revisions"}],"predecessor-version":[{"id":2080,"href":"https:\/\/www.gr2.com\/de\/wp-json\/wp\/v2\/pages\/213\/revisions\/2080"}],"wp:attachment":[{"href":"https:\/\/www.gr2.com\/de\/wp-json\/wp\/v2\/media?parent=213"}],"curies":[{"name":"wp","href":"https:\/\/api.w.org\/{rel}","templated":true}]}}