{"id":212,"date":"2011-11-25T11:55:46","date_gmt":"2011-11-25T10:55:46","guid":{"rendered":"http:\/\/relaunch.gr2.com\/brennersysteme\/"},"modified":"2022-09-20T12:12:56","modified_gmt":"2022-09-20T10:12:56","slug":"psr-verbrennungssystem","status":"publish","type":"page","link":"https:\/\/www.gr2.com\/de\/psr-verbrennungssystem\/","title":{"rendered":"Brennersysteme"},"content":{"rendered":"<section class=\"wpb-content-wrapper\"><p>[vc_row full_width=&#8220;stretch_row_content_no_spaces&#8220;][vc_column][vc_column_text]\n    \n    \n\n    \t\n    \t\n            <div data-uk-slideshow>\n                <ul class=\"uk-slideshow\">\n\n            \n                    <li class=\"slide\">\n\n                        <div class=\"uk-width-1-1 uk-height-1-1\" id=\"slider-wrapper\">\n                                <div class=\"slider-img-wrapper\">\n                                    <img decoding=\"async\" src=\"https:\/\/www.gr2.com\/wp-content\/uploads\/slide-1.jpg\" alt=\"\" \/>\n                                <\/div>\n\n                                <div class=\"slider-cc-wrapper\">\n                                                                    <\/div>\n                        <\/div>\n\n                    <\/li>\n\n            \n                <\/ul>\n            <\/div>\n\n        \n    \t\n    \t\n    \n\n    [\/vc_column_text][\/vc_column][\/vc_row][vc_row][vc_column][vc_column_text]<\/p>\n<h1>PSR Brennersysteme mit Hochdruck<\/h1>\n<p>[\/vc_column_text][vc_column_text el_class=&#8220;uk-column-medium-1-2&#8243;]Das <strong>Brennersystem<\/strong> unseres Partners <a title=\"Parkinson-Spencer Refractories Ltd.\" href=\"\/de\/parkinson-spencer-refractories\/\">Parkinson-Spencer Refractories<\/a> Ltd. (PSR) versorgt die Arbeitswanne und den Glaskanal der Industrie mit der ben\u00f6tigten Verbrennungsluft. Seit mittlerweile mehr als 200 Jahren versorgt der Premium-Hersteller die Glasindustrie mit hochwertigen Verbrennungssystemen. <a title=\"Gr2\" href=\"\/\">Gr2<\/a> vertraut auf die hohe Qualit\u00e4t von PSR und unterst\u00fctzt Deutschlands Industrie mit den robusten Systemen und Bestandteilen vom bew\u00e4hrten Hersteller.<\/p>\n<p>Ein PSR Brennersystem bietet der Industrie zahlreiche Vorteile und st\u00e4rkt den Betrieb beim Vorgang der Verbrennung. Im Gegensatz zu Niederdrucksystemen bietet der weite Leistungsbereich des PSR Verbrennungssystems mit Hochdruck ein sehr gutes Abregelverhalten im unteren Druckbereich. Zus\u00e4tzlich \u00fcberzeugt das Verbrennungssystem mit einem hohen Wirkungsgrad und einer optimalen Verteilung der W\u00e4rme.<\/p>\n<p>Sie m\u00f6chten Ihren Betrieb mit einem Brennersystem f\u00fcr die Industrie unterst\u00fctzen und suchen nach einer hochwertigen L\u00f6sung? Dann haben Sie mit dem PSR Brennersystem die passende Anlage gefunden. Ob Brenner-, R\u00fchr- oder <a title=\"industrielle K\u00fchlsysteme\" href=\"\/de\/psr-kuehlsysteme\/\">K\u00fchlsysteme<\/a> \u2014 wir haben die perfekte L\u00f6sung f\u00fcr die Industrie auf Lager![\/vc_column_text][vc_row_inner][vc_column_inner el_class=&#8220;list&#8220; width=&#8220;1\/2&#8243; css=&#8220;.vc_custom_1500292899938{padding-right: 20px !important;}&#8220;][vc_column_text]<\/p>\n<h2>PSR Verbrennungssystem mit optimalem Mischungsverh\u00e4ltnis<\/h2>\n<p>Das PSR Verbrennungssystem mit Hochdruck zeichnet sich durch einen linearen Verlauf des Mischungsverh\u00e4ltnisses im Ausgang aus, das \u00fcber den gesamten Arbeitsbereich konstant gehalten wird. Ein spezieller sogenannter \u201eMulti Ratio\u201c-Mischer sorgt hierbei f\u00fcr ein gleichbleibendes Mischungsverh\u00e4ltnis von Luft zu Gas in jeder Stellung des Mischers. Ein solch optimales Verh\u00e4ltnis zwischen Luft und Gas bietet die M\u00f6glichkeit Abweichungen erfolgreich auszugleichen.<\/p>\n<p>Das optimale Verh\u00e4ltnis zwischen Luft und Gas, eine verl\u00e4ssliche Zufuhr von Energie und eine vorteilhafte Verteilung der W\u00e4rme in den industriellen Kan\u00e4len und R\u00f6hren &#8211; ein hochwertiges Verbrennungssystem ist aus der Industrie nicht mehr wegzudenken. Sorgen Sie nun f\u00fcr die optimale Regelung der Temperatur w\u00e4hrend der Glasherstellung und versorgen Sie den Glaskanal Ihrer Glasindustrie-Anlage mit der ben\u00f6tigten Verbrennungsluft. Jetzt unsere Expertise einholen!<\/p>\n<p>Haben Sie Fragen zu unseren Systemen und Anlagen? <a title=\"Kontaktieren Sie uns jetzt!\" href=\"\/de\/kontakt\/\">Kontaktieren<\/a> Sie uns und lassen Sie sich von unserem kompetenten Team beraten. Wir freuen uns Sie auf Ihre Anfrage!<\/p>\n<p>Einige der wichtigsten Vorteile unseres PSR Brennersystems in der \u00dcbersicht:<\/p>\n<ul>\n<li>Hochdrucksystem mit gro\u00dfem Regelbereich<\/li>\n<li>Konstantes Mischungsverh\u00e4ltnis \u00fcber gesamten Arbeitsbereich<\/li>\n<li>Direkt montierte Gebl\u00e4se f\u00fcr verlustfreie Luftversorgung<\/li>\n<li>Reservegebl\u00e4se f\u00fcr Verbrennungssystem mit kontinuierlichem Betrieb<\/li>\n<li>Komplett vormontierte Lieferung<\/li>\n<\/ul>\n<p>[\/vc_column_text][\/vc_column_inner][vc_column_inner width=&#8220;1\/2&#8243;][vc_column_text][\/vc_column_text][vc_column_text]<\/p>\n<h3>Produkt Anfrage<\/h3>\n<p>Bei Fragen bez\u00fcglich des Produktes k\u00f6nnen Sie gerne Kontakt mit uns aufnehmen.<\/p>\n<div class=\"wpcf7 no-js\" id=\"wpcf7-f995-o1\" lang=\"de-DE\" dir=\"ltr\">\n<div class=\"screen-reader-response\"><p role=\"status\" aria-live=\"polite\" aria-atomic=\"true\"><\/p> <ul><\/ul><\/div>\n<form action=\"\/de\/wp-json\/wp\/v2\/pages\/212#wpcf7-f995-o1\" method=\"post\" class=\"wpcf7-form init anfrage-form uk-form wpcf7-acceptance-as-validation\" id=\"anfrage-form\" aria-label=\"Kontaktformular\" novalidate=\"novalidate\" data-status=\"init\">\n<div style=\"display: none;\">\n<input type=\"hidden\" name=\"_wpcf7\" value=\"995\" \/>\n<input type=\"hidden\" name=\"_wpcf7_version\" value=\"5.9.3\" \/>\n<input type=\"hidden\" name=\"_wpcf7_locale\" value=\"de_DE\" \/>\n<input type=\"hidden\" name=\"_wpcf7_unit_tag\" value=\"wpcf7-f995-o1\" \/>\n<input type=\"hidden\" name=\"_wpcf7_container_post\" value=\"0\" \/>\n<input type=\"hidden\" name=\"_wpcf7_posted_data_hash\" value=\"\" \/>\n<\/div>\n<div class=\"uk-grid\">\n<div class=\"uk-width-medium-1-1\">\n<div class=\"uk-grid uk-grid-small\">\n<div class=\"uk-width-medium-1-1 uk-margin-bottom\">\n<span class=\"wpcf7-form-control-wrap\" data-name=\"firma\"><input size=\"40\" class=\"wpcf7-form-control wpcf7-text wpcf7-validates-as-required uk-width-1-1\" aria-required=\"true\" aria-invalid=\"false\" placeholder=\"Firma\" value=\"\" type=\"text\" name=\"firma\" \/><\/span>\n<\/div>\n   <div class=\"uk-width-medium-1-2 margin-bottom-light\">\n<span class=\"wpcf7-form-control-wrap\" data-name=\"vorname\"><input size=\"40\" class=\"wpcf7-form-control wpcf7-text wpcf7-validates-as-required uk-width-1-1\" aria-required=\"true\" aria-invalid=\"false\" placeholder=\"Vorname\" value=\"\" type=\"text\" name=\"vorname\" \/><\/span>\n<\/div>\n   <div class=\"uk-width-medium-1-2\">\n<span class=\"wpcf7-form-control-wrap\" data-name=\"nachname\"><input size=\"40\" class=\"wpcf7-form-control wpcf7-text wpcf7-validates-as-required uk-width-1-1\" aria-required=\"true\" aria-invalid=\"false\" placeholder=\"Nachname\" value=\"\" type=\"text\" name=\"nachname\" \/><\/span>\n<\/div>\n<\/div><\/div>\n\n<div class=\"uk-width-medium-1-1 uk-margin-top\">\n<div class=\"uk-grid uk-grid-small\">\n        <div class=\"uk-width-medium-1-2 margin-bottom-light\">\n<span class=\"wpcf7-form-control-wrap\" data-name=\"email\"><input size=\"40\" class=\"wpcf7-form-control wpcf7-email wpcf7-validates-as-required wpcf7-text wpcf7-validates-as-email uk-width-1-1\" aria-required=\"true\" aria-invalid=\"false\" placeholder=\"E-Mail\" value=\"\" type=\"email\" name=\"email\" \/><\/span>\n<\/div>\n<div class=\"uk-width-medium-1-2\">\n<span class=\"wpcf7-form-control-wrap\" data-name=\"tele\"><input size=\"40\" class=\"wpcf7-form-control wpcf7-text wpcf7-validates-as-required uk-width-1-1\" aria-required=\"true\" aria-invalid=\"false\" placeholder=\"Telefon\" value=\"\" type=\"text\" name=\"tele\" \/><\/span>\n<\/div>\n<\/div><\/div>\n\n<div class=\"uk-width-medium-1-1 uk-margin-top\">\n<div class=\"uk-grid uk-grid-small\">\n        <div class=\"uk-width-medium-1-1\">\n<span class=\"wpcf7-form-control-wrap\" data-name=\"text-msg\"><textarea cols=\"40\" rows=\"10\" class=\"wpcf7-form-control wpcf7-textarea wpcf7-validates-as-required uk-width-1-1 input-text-block\" aria-required=\"true\" aria-invalid=\"false\" placeholder=\"Ihre Nachricht an uns...\" name=\"text-msg\"><\/textarea><\/span>\n<div class=\"uk-margin-small-bottom uk-position-relative agreement\">\n        <span class=\"wpcf7-form-control-wrap\" data-name=\"agreement-box\"><span class=\"wpcf7-form-control wpcf7-acceptance\"><span class=\"wpcf7-list-item\"><input type=\"checkbox\" name=\"agreement-box\" value=\"1\" aria-invalid=\"false\" \/><\/span><\/span><\/span> * Ich stimme zu, dass meine Angaben aus dem Kontaktformular zur Beantwortung meiner Anfrage erhoben und verarbeitet werden. Siehe auch <a href=\"https:\/\/www.gr2.com\/de\/datenschutz\/\">Datenschutz<\/a>\n        <i class=\"uk-icon-question-circle\" data-uk-tooltip=\"{pos:'top-right'}\" title=\"Hinweis: Sie k\u00f6nnen Ihre Einwilligung jederzeit f\u00fcr die Zukunft per E-Mail an info@gr2.com widerrufen.\"><\/i>\n      <\/div>\n<\/div>\n<\/div><\/div>\n\n<div class=\"uk-width-medium-1-1 uk-margin-top\">\n<div class=\"uk-grid submit-green\">\n        <div class=\"uk-width-medium-1-1\">\n<input class=\"wpcf7-form-control wpcf7-submit has-spinner\" type=\"submit\" value=\"Anfrage Senden\" \/>\n<\/div>\n<\/div><\/div><\/div><div class=\"wpcf7-response-output\" aria-hidden=\"true\"><\/div>\n<\/form>\n<\/div>\n[\/vc_column_text][\/vc_column_inner][\/vc_row_inner][\/vc_column][\/vc_row][vc_row][vc_column][vc_column_text]<\/p>\n<h3>Gr2: Der richtige Ansprechpartner f\u00fcr die Glasindustrie<\/h3>\n<p>Ob <a title=\"Beh\u00e4lterglas\" href=\"\/de\/behaelterglas\/\">Beh\u00e4lterglas<\/a> oder <a title=\"Scherenmesser\" href=\"\/de\/scherenmesser\/\">Scherenmesser<\/a> \u2013 wir versorgen Sie mit jeglicher Ausr\u00fcstung, die Sie f\u00fcr die Glasproduktion und Glasverarbeitung ben\u00f6tigen. Sie ben\u00f6tigen z.B. die besten <a title=\"PSR Feuerfestmaterial\" href=\"\/de\/psr-feuerfestmaterial\/\">Feuerfestmaterialien<\/a>? Wir kooperieren mit den f\u00fchrenden Herstellern in der Glasindustrie wie PSR, Rondot, Graphoidal und einigen mehr. Wir freuen uns auf Ihre Anfrage![\/vc_column_text][\/vc_column][\/vc_row]<\/p>\n<\/section>","protected":false},"excerpt":{"rendered":"<p>[vc_row full_width=&#8220;stretch_row_content_no_spaces&#8220;][vc_column][vc_column_text][\/vc_column_text][\/vc_column][\/vc_row][vc_row][vc_column][vc_column_text] PSR Brennersysteme mit Hochdruck [\/vc_column_text][vc_column_text el_class=&#8220;uk-column-medium-1-2&#8243;]Das Brennersystem unseres Partners Parkinson-Spencer Refractories Ltd. (PSR) versorgt die Arbeitswanne und den Glaskanal der Industrie mit der ben\u00f6tigten Verbrennungsluft. Seit mittlerweile mehr als 200 Jahren versorgt der Premium-Hersteller die Glasindustrie mit hochwertigen Verbrennungssystemen. Gr2 vertraut auf die hohe Qualit\u00e4t von PSR und unterst\u00fctzt Deutschlands Industrie mit den [&hellip;]<\/p>\n","protected":false},"author":1,"featured_media":0,"parent":0,"menu_order":62,"comment_status":"closed","ping_status":"closed","template":"","meta":{"_acf_changed":false,"inline_featured_image":false,"footnotes":""},"acf":[],"yoast_head":"<!-- This site is optimized with the Yoast SEO plugin v22.4 - https:\/\/yoast.com\/wordpress\/plugins\/seo\/ -->\n<title>PSR Brennersysteme f\u00fcr die Glasindustrie | gr2<\/title>\n<meta name=\"description\" content=\"Unsere PSR Verbrennungssysteme sorgen f\u00fcr den optimalen Verbrennungsprozess w\u00e4hrend der Glasproduktion. \u2756 Jetzt informieren und gr2 kontaktieren!\" \/>\n<meta name=\"robots\" content=\"index, follow, max-snippet:-1, max-image-preview:large, max-video-preview:-1\" \/>\n<link rel=\"canonical\" href=\"https:\/\/www.gr2.com\/de\/psr-verbrennungssystem\/\" \/>\n<meta property=\"og:locale\" content=\"de_DE\" \/>\n<meta property=\"og:type\" content=\"article\" \/>\n<meta property=\"og:title\" content=\"PSR Brennersysteme f\u00fcr die Glasindustrie | gr2\" \/>\n<meta property=\"og:description\" content=\"Unsere PSR Verbrennungssysteme sorgen f\u00fcr den optimalen Verbrennungsprozess w\u00e4hrend der Glasproduktion. \u2756 Jetzt informieren und gr2 kontaktieren!\" \/>\n<meta property=\"og:url\" content=\"https:\/\/www.gr2.com\/de\/psr-verbrennungssystem\/\" \/>\n<meta property=\"og:site_name\" content=\"GR\u00b2 GmbH\" \/>\n<meta property=\"article:modified_time\" content=\"2022-09-20T10:12:56+00:00\" \/>\n<meta name=\"twitter:card\" content=\"summary_large_image\" \/>\n<meta name=\"twitter:label1\" content=\"Gesch\u00e4tzte Lesezeit\" \/>\n\t<meta name=\"twitter:data1\" content=\"2\u00a0Minuten\" \/>\n<script type=\"application\/ld+json\" class=\"yoast-schema-graph\">{\"@context\":\"https:\/\/schema.org\",\"@graph\":[{\"@type\":\"WebPage\",\"@id\":\"https:\/\/www.gr2.com\/de\/psr-verbrennungssystem\/\",\"url\":\"https:\/\/www.gr2.com\/de\/psr-verbrennungssystem\/\",\"name\":\"PSR Brennersysteme f\u00fcr die Glasindustrie | gr2\",\"isPartOf\":{\"@id\":\"https:\/\/www.gr2.com\/de\/#website\"},\"datePublished\":\"2011-11-25T10:55:46+00:00\",\"dateModified\":\"2022-09-20T10:12:56+00:00\",\"description\":\"Unsere PSR Verbrennungssysteme sorgen f\u00fcr den optimalen Verbrennungsprozess w\u00e4hrend der Glasproduktion. \u2756 Jetzt informieren und gr2 kontaktieren!\",\"breadcrumb\":{\"@id\":\"https:\/\/www.gr2.com\/de\/psr-verbrennungssystem\/#breadcrumb\"},\"inLanguage\":\"de\",\"potentialAction\":[{\"@type\":\"ReadAction\",\"target\":[\"https:\/\/www.gr2.com\/de\/psr-verbrennungssystem\/\"]}]},{\"@type\":\"BreadcrumbList\",\"@id\":\"https:\/\/www.gr2.com\/de\/psr-verbrennungssystem\/#breadcrumb\",\"itemListElement\":[{\"@type\":\"ListItem\",\"position\":1,\"name\":\"Startseite\",\"item\":\"https:\/\/www.gr2.com\/de\/\"},{\"@type\":\"ListItem\",\"position\":2,\"name\":\"Brennersysteme\"}]},{\"@type\":\"WebSite\",\"@id\":\"https:\/\/www.gr2.com\/de\/#website\",\"url\":\"https:\/\/www.gr2.com\/de\/\",\"name\":\"GR\u00b2 GmbH\",\"description\":\"\",\"potentialAction\":[{\"@type\":\"SearchAction\",\"target\":{\"@type\":\"EntryPoint\",\"urlTemplate\":\"https:\/\/www.gr2.com\/de\/?s={search_term_string}\"},\"query-input\":\"required name=search_term_string\"}],\"inLanguage\":\"de\"}]}<\/script>\n<!-- \/ Yoast SEO plugin. -->","yoast_head_json":{"title":"PSR Brennersysteme f\u00fcr die Glasindustrie | gr2","description":"Unsere PSR Verbrennungssysteme sorgen f\u00fcr den optimalen Verbrennungsprozess w\u00e4hrend der Glasproduktion. \u2756 Jetzt informieren und gr2 kontaktieren!","robots":{"index":"index","follow":"follow","max-snippet":"max-snippet:-1","max-image-preview":"max-image-preview:large","max-video-preview":"max-video-preview:-1"},"canonical":"https:\/\/www.gr2.com\/de\/psr-verbrennungssystem\/","og_locale":"de_DE","og_type":"article","og_title":"PSR Brennersysteme f\u00fcr die Glasindustrie | gr2","og_description":"Unsere PSR Verbrennungssysteme sorgen f\u00fcr den optimalen Verbrennungsprozess w\u00e4hrend der Glasproduktion. \u2756 Jetzt informieren und gr2 kontaktieren!","og_url":"https:\/\/www.gr2.com\/de\/psr-verbrennungssystem\/","og_site_name":"GR\u00b2 GmbH","article_modified_time":"2022-09-20T10:12:56+00:00","twitter_card":"summary_large_image","twitter_misc":{"Gesch\u00e4tzte Lesezeit":"2\u00a0Minuten"},"schema":{"@context":"https:\/\/schema.org","@graph":[{"@type":"WebPage","@id":"https:\/\/www.gr2.com\/de\/psr-verbrennungssystem\/","url":"https:\/\/www.gr2.com\/de\/psr-verbrennungssystem\/","name":"PSR Brennersysteme f\u00fcr die Glasindustrie | gr2","isPartOf":{"@id":"https:\/\/www.gr2.com\/de\/#website"},"datePublished":"2011-11-25T10:55:46+00:00","dateModified":"2022-09-20T10:12:56+00:00","description":"Unsere PSR Verbrennungssysteme sorgen f\u00fcr den optimalen Verbrennungsprozess w\u00e4hrend der Glasproduktion. \u2756 Jetzt informieren und gr2 kontaktieren!","breadcrumb":{"@id":"https:\/\/www.gr2.com\/de\/psr-verbrennungssystem\/#breadcrumb"},"inLanguage":"de","potentialAction":[{"@type":"ReadAction","target":["https:\/\/www.gr2.com\/de\/psr-verbrennungssystem\/"]}]},{"@type":"BreadcrumbList","@id":"https:\/\/www.gr2.com\/de\/psr-verbrennungssystem\/#breadcrumb","itemListElement":[{"@type":"ListItem","position":1,"name":"Startseite","item":"https:\/\/www.gr2.com\/de\/"},{"@type":"ListItem","position":2,"name":"Brennersysteme"}]},{"@type":"WebSite","@id":"https:\/\/www.gr2.com\/de\/#website","url":"https:\/\/www.gr2.com\/de\/","name":"GR\u00b2 GmbH","description":"","potentialAction":[{"@type":"SearchAction","target":{"@type":"EntryPoint","urlTemplate":"https:\/\/www.gr2.com\/de\/?s={search_term_string}"},"query-input":"required name=search_term_string"}],"inLanguage":"de"}]}},"_links":{"self":[{"href":"https:\/\/www.gr2.com\/de\/wp-json\/wp\/v2\/pages\/212"}],"collection":[{"href":"https:\/\/www.gr2.com\/de\/wp-json\/wp\/v2\/pages"}],"about":[{"href":"https:\/\/www.gr2.com\/de\/wp-json\/wp\/v2\/types\/page"}],"author":[{"embeddable":true,"href":"https:\/\/www.gr2.com\/de\/wp-json\/wp\/v2\/users\/1"}],"replies":[{"embeddable":true,"href":"https:\/\/www.gr2.com\/de\/wp-json\/wp\/v2\/comments?post=212"}],"version-history":[{"count":9,"href":"https:\/\/www.gr2.com\/de\/wp-json\/wp\/v2\/pages\/212\/revisions"}],"predecessor-version":[{"id":2090,"href":"https:\/\/www.gr2.com\/de\/wp-json\/wp\/v2\/pages\/212\/revisions\/2090"}],"wp:attachment":[{"href":"https:\/\/www.gr2.com\/de\/wp-json\/wp\/v2\/media?parent=212"}],"curies":[{"name":"wp","href":"https:\/\/api.w.org\/{rel}","templated":true}]}}