{"id":211,"date":"2011-11-25T11:55:17","date_gmt":"2011-11-25T10:55:17","guid":{"rendered":"http:\/\/relaunch.gr2.com\/kuehlsysteme\/"},"modified":"2022-02-08T13:04:51","modified_gmt":"2022-02-08T12:04:51","slug":"psr-kuehlsysteme","status":"publish","type":"page","link":"https:\/\/www.gr2.com\/de\/psr-kuehlsysteme\/","title":{"rendered":"K\u00fchlsysteme"},"content":{"rendered":"<section class=\"wpb-content-wrapper\"><p>[vc_row full_width=&#8220;stretch_row_content_no_spaces&#8220;][vc_column][vc_column_text]\n    \n    \n\n    \t\n    \t\n            <div data-uk-slideshow>\n                <ul class=\"uk-slideshow\">\n\n            \n                    <li class=\"slide\">\n\n                        <div class=\"uk-width-1-1 uk-height-1-1\" id=\"slider-wrapper\">\n                                <div class=\"slider-img-wrapper\">\n                                    <img decoding=\"async\" src=\"https:\/\/www.gr2.com\/wp-content\/uploads\/slide-1.jpg\" alt=\"\" \/>\n                                <\/div>\n\n                                <div class=\"slider-cc-wrapper\">\n                                                                    <\/div>\n                        <\/div>\n\n                    <\/li>\n\n            \n                <\/ul>\n            <\/div>\n\n        \n    \t\n    \t\n    \n\n    [\/vc_column_text][\/vc_column][\/vc_row][vc_row][vc_column][vc_column_text]<\/p>\n<h1>K\u00e4ltetechnik: PSR K\u00fchlsystem<\/h1>\n<p>[\/vc_column_text][vc_column_text el_class=&#8220;uk-column-medium-1-2&#8243;]Unser professioneller Partner <a title=\"Parkinson-Spencer Refractories Ltd. (PSR)\" href=\"\/de\/parkinson-spencer-refractories\/\">Parkinson-Spencer Refractories<\/a> Ltd. (PSR) versorgt die Glasindustrie seit Jahren mit hochwertigen K\u00fchlanlagen. Die <strong>K\u00fchlsysteme f\u00fcr die Industrie<\/strong> erm\u00f6glichen eine energieeffiziente Homogenisierung der Glastemperatur. Die Dachkonstruktion der K\u00e4lteanlagen zeichnet ist mit einem Wellenprofil und getrennten \u00d6ffnungen f\u00fcr K\u00fchl- und Verbrennungsluft ausgestattet. Die auf dem Dach der Anlage montierten Bl\u00f6cke erm\u00f6glichen nahezu komplett getrennte W\u00e4rme- und K\u00e4lte-Bereiche. W\u00e4hrend sich die k\u00fchle Luft in der Mitte des Glaskanals bewegt, kann warme Luft an den Seiten der Anlage austreten. Zudem strahlt das so geheizte Wellenprofil in die Ecken des Glaskanals und optimiert die thermische Glasverteilung \u00fcber den gesamten Kanalquerschnitt.<\/p>\n<p>Sie sind auf der Suche nach einem K\u00fchlsystem f\u00fcr die Industrie und suchen nach einer hochwertigen L\u00f6sung? Die industriellen K\u00fchlsysteme, K\u00fchl- und K\u00e4lteanlagen bieten die optimale L\u00f6sung. Treten Sie mit uns in <a title=\"Jetzt Kontaktieren!\" href=\"\/de\/kontakt\/\">Kontakt<\/a> und sichern Sie sich erstklassige Anlagen, Maschinen und Ger\u00e4te f\u00fcr Ihre K\u00e4ltetechnik![\/vc_column_text][vc_row_inner][vc_column_inner el_class=&#8220;list&#8220; width=&#8220;1\/2&#8243; css=&#8220;.vc_custom_1500292899938{padding-right: 20px !important;}&#8220;][vc_column_text]<\/p>\n<h2>Prozess der K\u00fchlung: Die Steuerung der industriellen K\u00fchlsysteme<\/h2>\n<p>Die automatische Steuerung der K\u00fchlsystem-Klappen erm\u00f6glicht den effizienten Einsatz der Energie, da W\u00e4rme und K\u00e4lte nicht vermischt werden. Das K\u00fchlzonen-System der Anlage unterteilt sich zudem in weitere Unterzonen, welche f\u00fcr eine zus\u00e4tzliche K\u00fchlleistung sorgen. Die industrielle Klappen-Steuerung erm\u00f6glicht aber auch die W\u00e4rme \u00fcber den gesamten Querschnitt zu verteilen, um die Temperatur des Glases reibungslos an eine neue Produktion anzupassen.<\/p>\n<p>Die wichtigsten Vorteile der PSR K\u00fchlsysteme f\u00fcr die Industrie im \u00dcberblick:<\/p>\n<ul>\n<li>Getrennt geregelte Austritts\u00f6ffnungen f\u00fcr K\u00e4lte und W\u00e4rme<\/li>\n<li>Durchgehende Dachbl\u00f6cke mit Wellenprofil<\/li>\n<li>Hohe K\u00fchlleistung und schnelle Temperatur\u00e4nderungen<\/li>\n<li>Hohes Energieeinsparpotential<\/li>\n<li>Reibungslose Wartung der Anlagen<\/li>\n<\/ul>\n<p>Ob Verbrennungssystem, <a title=\"Feuerfestmaterial\" href=\"\/de\/psr-feuerfestmaterial\/\">Feuerfestmaterial<\/a> oder <a title=\"Kanalsteine\" href=\"\/de\/psr-kanalsteine-glaskanaele\/\">Kanalsteine<\/a> \u2014 <a title=\"Ihr Experte in Sachen Glasproduktion!\" href=\"\/de\/\">gr\u00b2<\/a> vertraut auf die hervorragende Qualit\u00e4t von Parkinson-Spencer Refractories Ltd. (PSR). Kontaktieren Sie uns und lassen Sie sich von unseren Experten zu den hochwertigen Anlagen, Maschinen und Ger\u00e4ten f\u00fcr die Glasindustrie kompetent beraten![\/vc_column_text][\/vc_column_inner][vc_column_inner width=&#8220;1\/2&#8243;][vc_column_text][\/vc_column_text][vc_column_text]<\/p>\n<h3>Produkt Anfrage<\/h3>\n<p>Bei Fragen bez\u00fcglich des Produktes k\u00f6nnen Sie gerne Kontakt mit uns aufnehmen.<\/p>\n<div class=\"wpcf7 no-js\" id=\"wpcf7-f995-o1\" lang=\"de-DE\" dir=\"ltr\">\n<div class=\"screen-reader-response\"><p role=\"status\" aria-live=\"polite\" aria-atomic=\"true\"><\/p> <ul><\/ul><\/div>\n<form action=\"\/de\/wp-json\/wp\/v2\/pages\/211#wpcf7-f995-o1\" method=\"post\" class=\"wpcf7-form init anfrage-form uk-form wpcf7-acceptance-as-validation\" id=\"anfrage-form\" aria-label=\"Kontaktformular\" novalidate=\"novalidate\" data-status=\"init\">\n<div style=\"display: none;\">\n<input type=\"hidden\" name=\"_wpcf7\" value=\"995\" \/>\n<input type=\"hidden\" name=\"_wpcf7_version\" value=\"5.9.3\" \/>\n<input type=\"hidden\" name=\"_wpcf7_locale\" value=\"de_DE\" \/>\n<input type=\"hidden\" name=\"_wpcf7_unit_tag\" value=\"wpcf7-f995-o1\" \/>\n<input type=\"hidden\" name=\"_wpcf7_container_post\" value=\"0\" \/>\n<input type=\"hidden\" name=\"_wpcf7_posted_data_hash\" value=\"\" \/>\n<\/div>\n<div class=\"uk-grid\">\n<div class=\"uk-width-medium-1-1\">\n<div class=\"uk-grid uk-grid-small\">\n<div class=\"uk-width-medium-1-1 uk-margin-bottom\">\n<span class=\"wpcf7-form-control-wrap\" data-name=\"firma\"><input size=\"40\" class=\"wpcf7-form-control wpcf7-text wpcf7-validates-as-required uk-width-1-1\" aria-required=\"true\" aria-invalid=\"false\" placeholder=\"Firma\" value=\"\" type=\"text\" name=\"firma\" \/><\/span>\n<\/div>\n   <div class=\"uk-width-medium-1-2 margin-bottom-light\">\n<span class=\"wpcf7-form-control-wrap\" data-name=\"vorname\"><input size=\"40\" class=\"wpcf7-form-control wpcf7-text wpcf7-validates-as-required uk-width-1-1\" aria-required=\"true\" aria-invalid=\"false\" placeholder=\"Vorname\" value=\"\" type=\"text\" name=\"vorname\" \/><\/span>\n<\/div>\n   <div class=\"uk-width-medium-1-2\">\n<span class=\"wpcf7-form-control-wrap\" data-name=\"nachname\"><input size=\"40\" class=\"wpcf7-form-control wpcf7-text wpcf7-validates-as-required uk-width-1-1\" aria-required=\"true\" aria-invalid=\"false\" placeholder=\"Nachname\" value=\"\" type=\"text\" name=\"nachname\" \/><\/span>\n<\/div>\n<\/div><\/div>\n\n<div class=\"uk-width-medium-1-1 uk-margin-top\">\n<div class=\"uk-grid uk-grid-small\">\n        <div class=\"uk-width-medium-1-2 margin-bottom-light\">\n<span class=\"wpcf7-form-control-wrap\" data-name=\"email\"><input size=\"40\" class=\"wpcf7-form-control wpcf7-email wpcf7-validates-as-required wpcf7-text wpcf7-validates-as-email uk-width-1-1\" aria-required=\"true\" aria-invalid=\"false\" placeholder=\"E-Mail\" value=\"\" type=\"email\" name=\"email\" \/><\/span>\n<\/div>\n<div class=\"uk-width-medium-1-2\">\n<span class=\"wpcf7-form-control-wrap\" data-name=\"tele\"><input size=\"40\" class=\"wpcf7-form-control wpcf7-text wpcf7-validates-as-required uk-width-1-1\" aria-required=\"true\" aria-invalid=\"false\" placeholder=\"Telefon\" value=\"\" type=\"text\" name=\"tele\" \/><\/span>\n<\/div>\n<\/div><\/div>\n\n<div class=\"uk-width-medium-1-1 uk-margin-top\">\n<div class=\"uk-grid uk-grid-small\">\n        <div class=\"uk-width-medium-1-1\">\n<span class=\"wpcf7-form-control-wrap\" data-name=\"text-msg\"><textarea cols=\"40\" rows=\"10\" class=\"wpcf7-form-control wpcf7-textarea wpcf7-validates-as-required uk-width-1-1 input-text-block\" aria-required=\"true\" aria-invalid=\"false\" placeholder=\"Ihre Nachricht an uns...\" name=\"text-msg\"><\/textarea><\/span>\n<div class=\"uk-margin-small-bottom uk-position-relative agreement\">\n        <span class=\"wpcf7-form-control-wrap\" data-name=\"agreement-box\"><span class=\"wpcf7-form-control wpcf7-acceptance\"><span class=\"wpcf7-list-item\"><input type=\"checkbox\" name=\"agreement-box\" value=\"1\" aria-invalid=\"false\" \/><\/span><\/span><\/span> * Ich stimme zu, dass meine Angaben aus dem Kontaktformular zur Beantwortung meiner Anfrage erhoben und verarbeitet werden. Siehe auch <a href=\"https:\/\/www.gr2.com\/de\/datenschutz\/\">Datenschutz<\/a>\n        <i class=\"uk-icon-question-circle\" data-uk-tooltip=\"{pos:'top-right'}\" title=\"Hinweis: Sie k\u00f6nnen Ihre Einwilligung jederzeit f\u00fcr die Zukunft per E-Mail an info@gr2.com widerrufen.\"><\/i>\n      <\/div>\n<\/div>\n<\/div><\/div>\n\n<div class=\"uk-width-medium-1-1 uk-margin-top\">\n<div class=\"uk-grid submit-green\">\n        <div class=\"uk-width-medium-1-1\">\n<input class=\"wpcf7-form-control wpcf7-submit has-spinner\" type=\"submit\" value=\"Anfrage Senden\" \/>\n<\/div>\n<\/div><\/div><\/div><div class=\"wpcf7-response-output\" aria-hidden=\"true\"><\/div>\n<\/form>\n<\/div>\n[\/vc_column_text][\/vc_column_inner][\/vc_row_inner][\/vc_column][\/vc_row]<\/p>\n<\/section>","protected":false},"excerpt":{"rendered":"<p>[vc_row full_width=&#8220;stretch_row_content_no_spaces&#8220;][vc_column][vc_column_text][\/vc_column_text][\/vc_column][\/vc_row][vc_row][vc_column][vc_column_text] K\u00e4ltetechnik: PSR K\u00fchlsystem [\/vc_column_text][vc_column_text el_class=&#8220;uk-column-medium-1-2&#8243;]Unser professioneller Partner Parkinson-Spencer Refractories Ltd. (PSR) versorgt die Glasindustrie seit Jahren mit hochwertigen K\u00fchlanlagen. Die K\u00fchlsysteme f\u00fcr die Industrie erm\u00f6glichen eine energieeffiziente Homogenisierung der Glastemperatur. Die Dachkonstruktion der K\u00e4lteanlagen zeichnet ist mit einem Wellenprofil und getrennten \u00d6ffnungen f\u00fcr K\u00fchl- und Verbrennungsluft ausgestattet. Die auf dem Dach der Anlage [&hellip;]<\/p>\n","protected":false},"author":1,"featured_media":0,"parent":0,"menu_order":61,"comment_status":"closed","ping_status":"closed","template":"","meta":{"_acf_changed":false,"inline_featured_image":false,"footnotes":""},"acf":[],"yoast_head":"<!-- This site is optimized with the Yoast SEO plugin v22.4 - https:\/\/yoast.com\/wordpress\/plugins\/seo\/ -->\n<title>PSR K\u00fchlsysteme f\u00fcr die Industrie: Optimale Glas-K\u00fchlung | gr2<\/title>\n<meta name=\"description\" content=\"PSR K\u00e4lteanlagen sorgen f\u00fcr die Regulierung von W\u00e4rme und K\u00e4lte w\u00e4hrend der Glasproduktion. \u2713optimaler K\u00fchl-Prozess \u2713hohe Qualit\u00e4t \u2756 Jetzt informieren!\" \/>\n<meta name=\"robots\" content=\"index, follow, max-snippet:-1, max-image-preview:large, max-video-preview:-1\" \/>\n<link rel=\"canonical\" href=\"https:\/\/www.gr2.com\/de\/psr-kuehlsysteme\/\" \/>\n<meta property=\"og:locale\" content=\"de_DE\" \/>\n<meta property=\"og:type\" content=\"article\" \/>\n<meta property=\"og:title\" content=\"PSR K\u00fchlsysteme f\u00fcr die Industrie: Optimale Glas-K\u00fchlung | gr2\" \/>\n<meta property=\"og:description\" content=\"PSR K\u00e4lteanlagen sorgen f\u00fcr die Regulierung von W\u00e4rme und K\u00e4lte w\u00e4hrend der Glasproduktion. \u2713optimaler K\u00fchl-Prozess \u2713hohe Qualit\u00e4t \u2756 Jetzt informieren!\" \/>\n<meta property=\"og:url\" content=\"https:\/\/www.gr2.com\/de\/psr-kuehlsysteme\/\" \/>\n<meta property=\"og:site_name\" content=\"GR\u00b2 GmbH\" \/>\n<meta property=\"article:modified_time\" content=\"2022-02-08T12:04:51+00:00\" \/>\n<meta name=\"twitter:card\" content=\"summary_large_image\" \/>\n<meta name=\"twitter:label1\" content=\"Gesch\u00e4tzte Lesezeit\" \/>\n\t<meta name=\"twitter:data1\" content=\"2\u00a0Minuten\" \/>\n<script type=\"application\/ld+json\" class=\"yoast-schema-graph\">{\"@context\":\"https:\/\/schema.org\",\"@graph\":[{\"@type\":\"WebPage\",\"@id\":\"https:\/\/www.gr2.com\/de\/psr-kuehlsysteme\/\",\"url\":\"https:\/\/www.gr2.com\/de\/psr-kuehlsysteme\/\",\"name\":\"PSR K\u00fchlsysteme f\u00fcr die Industrie: Optimale Glas-K\u00fchlung | gr2\",\"isPartOf\":{\"@id\":\"https:\/\/www.gr2.com\/de\/#website\"},\"datePublished\":\"2011-11-25T10:55:17+00:00\",\"dateModified\":\"2022-02-08T12:04:51+00:00\",\"description\":\"PSR K\u00e4lteanlagen sorgen f\u00fcr die Regulierung von W\u00e4rme und K\u00e4lte w\u00e4hrend der Glasproduktion. \u2713optimaler K\u00fchl-Prozess \u2713hohe Qualit\u00e4t \u2756 Jetzt informieren!\",\"breadcrumb\":{\"@id\":\"https:\/\/www.gr2.com\/de\/psr-kuehlsysteme\/#breadcrumb\"},\"inLanguage\":\"de\",\"potentialAction\":[{\"@type\":\"ReadAction\",\"target\":[\"https:\/\/www.gr2.com\/de\/psr-kuehlsysteme\/\"]}]},{\"@type\":\"BreadcrumbList\",\"@id\":\"https:\/\/www.gr2.com\/de\/psr-kuehlsysteme\/#breadcrumb\",\"itemListElement\":[{\"@type\":\"ListItem\",\"position\":1,\"name\":\"Startseite\",\"item\":\"https:\/\/www.gr2.com\/de\/\"},{\"@type\":\"ListItem\",\"position\":2,\"name\":\"K\u00fchlsysteme\"}]},{\"@type\":\"WebSite\",\"@id\":\"https:\/\/www.gr2.com\/de\/#website\",\"url\":\"https:\/\/www.gr2.com\/de\/\",\"name\":\"GR\u00b2 GmbH\",\"description\":\"\",\"potentialAction\":[{\"@type\":\"SearchAction\",\"target\":{\"@type\":\"EntryPoint\",\"urlTemplate\":\"https:\/\/www.gr2.com\/de\/?s={search_term_string}\"},\"query-input\":\"required name=search_term_string\"}],\"inLanguage\":\"de\"}]}<\/script>\n<!-- \/ Yoast SEO plugin. -->","yoast_head_json":{"title":"PSR K\u00fchlsysteme f\u00fcr die Industrie: Optimale Glas-K\u00fchlung | gr2","description":"PSR K\u00e4lteanlagen sorgen f\u00fcr die Regulierung von W\u00e4rme und K\u00e4lte w\u00e4hrend der Glasproduktion. \u2713optimaler K\u00fchl-Prozess \u2713hohe Qualit\u00e4t \u2756 Jetzt informieren!","robots":{"index":"index","follow":"follow","max-snippet":"max-snippet:-1","max-image-preview":"max-image-preview:large","max-video-preview":"max-video-preview:-1"},"canonical":"https:\/\/www.gr2.com\/de\/psr-kuehlsysteme\/","og_locale":"de_DE","og_type":"article","og_title":"PSR K\u00fchlsysteme f\u00fcr die Industrie: Optimale Glas-K\u00fchlung | gr2","og_description":"PSR K\u00e4lteanlagen sorgen f\u00fcr die Regulierung von W\u00e4rme und K\u00e4lte w\u00e4hrend der Glasproduktion. \u2713optimaler K\u00fchl-Prozess \u2713hohe Qualit\u00e4t \u2756 Jetzt informieren!","og_url":"https:\/\/www.gr2.com\/de\/psr-kuehlsysteme\/","og_site_name":"GR\u00b2 GmbH","article_modified_time":"2022-02-08T12:04:51+00:00","twitter_card":"summary_large_image","twitter_misc":{"Gesch\u00e4tzte Lesezeit":"2\u00a0Minuten"},"schema":{"@context":"https:\/\/schema.org","@graph":[{"@type":"WebPage","@id":"https:\/\/www.gr2.com\/de\/psr-kuehlsysteme\/","url":"https:\/\/www.gr2.com\/de\/psr-kuehlsysteme\/","name":"PSR K\u00fchlsysteme f\u00fcr die Industrie: Optimale Glas-K\u00fchlung | gr2","isPartOf":{"@id":"https:\/\/www.gr2.com\/de\/#website"},"datePublished":"2011-11-25T10:55:17+00:00","dateModified":"2022-02-08T12:04:51+00:00","description":"PSR K\u00e4lteanlagen sorgen f\u00fcr die Regulierung von W\u00e4rme und K\u00e4lte w\u00e4hrend der Glasproduktion. \u2713optimaler K\u00fchl-Prozess \u2713hohe Qualit\u00e4t \u2756 Jetzt informieren!","breadcrumb":{"@id":"https:\/\/www.gr2.com\/de\/psr-kuehlsysteme\/#breadcrumb"},"inLanguage":"de","potentialAction":[{"@type":"ReadAction","target":["https:\/\/www.gr2.com\/de\/psr-kuehlsysteme\/"]}]},{"@type":"BreadcrumbList","@id":"https:\/\/www.gr2.com\/de\/psr-kuehlsysteme\/#breadcrumb","itemListElement":[{"@type":"ListItem","position":1,"name":"Startseite","item":"https:\/\/www.gr2.com\/de\/"},{"@type":"ListItem","position":2,"name":"K\u00fchlsysteme"}]},{"@type":"WebSite","@id":"https:\/\/www.gr2.com\/de\/#website","url":"https:\/\/www.gr2.com\/de\/","name":"GR\u00b2 GmbH","description":"","potentialAction":[{"@type":"SearchAction","target":{"@type":"EntryPoint","urlTemplate":"https:\/\/www.gr2.com\/de\/?s={search_term_string}"},"query-input":"required name=search_term_string"}],"inLanguage":"de"}]}},"_links":{"self":[{"href":"https:\/\/www.gr2.com\/de\/wp-json\/wp\/v2\/pages\/211"}],"collection":[{"href":"https:\/\/www.gr2.com\/de\/wp-json\/wp\/v2\/pages"}],"about":[{"href":"https:\/\/www.gr2.com\/de\/wp-json\/wp\/v2\/types\/page"}],"author":[{"embeddable":true,"href":"https:\/\/www.gr2.com\/de\/wp-json\/wp\/v2\/users\/1"}],"replies":[{"embeddable":true,"href":"https:\/\/www.gr2.com\/de\/wp-json\/wp\/v2\/comments?post=211"}],"version-history":[{"count":6,"href":"https:\/\/www.gr2.com\/de\/wp-json\/wp\/v2\/pages\/211\/revisions"}],"predecessor-version":[{"id":2077,"href":"https:\/\/www.gr2.com\/de\/wp-json\/wp\/v2\/pages\/211\/revisions\/2077"}],"wp:attachment":[{"href":"https:\/\/www.gr2.com\/de\/wp-json\/wp\/v2\/media?parent=211"}],"curies":[{"name":"wp","href":"https:\/\/api.w.org\/{rel}","templated":true}]}}