{"id":206,"date":"2011-11-15T08:42:27","date_gmt":"2011-11-15T07:42:27","guid":{"rendered":"http:\/\/relaunch.gr2.com\/mobile-inspektionskamera\/"},"modified":"2018-02-21T17:13:09","modified_gmt":"2018-02-21T16:13:09","slug":"mobile-wanneninspektionskamera-luftgekuehlte-wannenperiskope","status":"publish","type":"page","link":"https:\/\/www.gr2.com\/de\/mobile-wanneninspektionskamera-luftgekuehlte-wannenperiskope\/","title":{"rendered":"Mobile Inspektionskamera"},"content":{"rendered":"<section class=\"wpb-content-wrapper\"><p>[vc_row full_width=&#8220;stretch_row_content_no_spaces&#8220;][vc_column][vc_column_text]\n    \n    \n\n    \t\n    \t\n            <div data-uk-slideshow>\n                <ul class=\"uk-slideshow\">\n\n            \n                    <li class=\"slide\">\n\n                        <div class=\"uk-width-1-1 uk-height-1-1\" id=\"slider-wrapper\">\n                                <div class=\"slider-img-wrapper\">\n                                    <img decoding=\"async\" src=\"https:\/\/www.gr2.com\/wp-content\/uploads\/slide-1.jpg\" alt=\"\" \/>\n                                <\/div>\n\n                                <div class=\"slider-cc-wrapper\">\n                                                                    <\/div>\n                        <\/div>\n\n                    <\/li>\n\n            \n                <\/ul>\n            <\/div>\n\n        \n    \t\n    \t\n    \n\n    [\/vc_column_text][\/vc_column][\/vc_row][vc_row][vc_column][vc_column_text]<\/p>\n<h1>Mobile Wanneninspektionskameras (Portable luftgek\u00fchlte Wannenperiskope)<\/h1>\n<p>[\/vc_column_text][vc_column_text el_class=&#8220;uk-column-medium-1-2&#8243;]<a title=\"Glasindustrie\" href=\"https:\/\/www.gr2.com\/de\/\">GR\u00b2<\/a> bietet zwei Versionen von <strong>mobilen Wanneninspektionskameras<\/strong> an, die es dem Anwender erm\u00f6glichen, schnelle und einfache Bilder bzw. Videos von Schmelzwannen, Arbeitswannen und Vorherden aufzunehmen. Beide Kameras, hergestellt von unserem Partner Heat-Up, sind luftgek\u00fchlt und ben\u00f6tigen nur einen Druckluftanschluss. Durch Batteriebetrieb der Kamera und durch die M\u00f6glichkeit, Einzelbilder oder Videos auf einen Laptop aufzuspielen, ist der Einsatzort v\u00f6llig flexibel und unabh\u00e4ngig von einer Netzstromversorgung.[\/vc_column_text][vc_row_inner][vc_column_inner el_class=&#8220;list&#8220; width=&#8220;1\/2&#8243; css=&#8220;.vc_custom_1500292899938{padding-right: 20px !important;}&#8220;][vc_column_text]<\/p>\n<h2>Inspektionskamera in Standardversion &amp; Leichtgewichtversion<\/h2>\n<p>Die Standardversion der <strong>Inspektionskamera<\/strong> ist eine etwas robustere Konstruktion inklusive eines gr\u00f6\u00dferen Tragekoffers. Die Leichtgewichtsversion ist eine vom Gewicht her abgespeckte Variante, die f\u00fcr den Transport in zwei Teile zerlegt werden kann.<\/p>\n<p>Der Anwender hat eine Auswahl an Seefeldern, z.B. 30\u00b0 oder 60\u00b0, die gerade ausgerichtet oder mit Betrachtungswinkeln von 60\u00b0 oder 90\u00b0 oder einer Kombination hieraus gew\u00e4hlt werden k\u00f6nnen.[\/vc_column_text][\/vc_column_inner][vc_column_inner width=&#8220;1\/2&#8243;][vc_column_text][\/vc_column_text][vc_column_text]<\/p>\n<h3>Produkt Anfrage<\/h3>\n<p>Bei Fragen bez\u00fcglich des Produktes k\u00f6nnen Sie gerne Kontakt mit uns aufnehmen.<\/p>\n<div class=\"wpcf7 no-js\" id=\"wpcf7-f995-o1\" lang=\"de-DE\" dir=\"ltr\">\n<div class=\"screen-reader-response\"><p role=\"status\" aria-live=\"polite\" aria-atomic=\"true\"><\/p> <ul><\/ul><\/div>\n<form action=\"\/de\/wp-json\/wp\/v2\/pages\/206#wpcf7-f995-o1\" method=\"post\" class=\"wpcf7-form init anfrage-form uk-form wpcf7-acceptance-as-validation\" id=\"anfrage-form\" aria-label=\"Kontaktformular\" novalidate=\"novalidate\" data-status=\"init\">\n<div style=\"display: none;\">\n<input type=\"hidden\" name=\"_wpcf7\" value=\"995\" \/>\n<input type=\"hidden\" name=\"_wpcf7_version\" value=\"5.9.3\" \/>\n<input type=\"hidden\" name=\"_wpcf7_locale\" value=\"de_DE\" \/>\n<input type=\"hidden\" name=\"_wpcf7_unit_tag\" value=\"wpcf7-f995-o1\" \/>\n<input type=\"hidden\" name=\"_wpcf7_container_post\" value=\"0\" \/>\n<input type=\"hidden\" name=\"_wpcf7_posted_data_hash\" value=\"\" \/>\n<\/div>\n<div class=\"uk-grid\">\n<div class=\"uk-width-medium-1-1\">\n<div class=\"uk-grid uk-grid-small\">\n<div class=\"uk-width-medium-1-1 uk-margin-bottom\">\n<span class=\"wpcf7-form-control-wrap\" data-name=\"firma\"><input size=\"40\" class=\"wpcf7-form-control wpcf7-text wpcf7-validates-as-required uk-width-1-1\" aria-required=\"true\" aria-invalid=\"false\" placeholder=\"Firma\" value=\"\" type=\"text\" name=\"firma\" \/><\/span>\n<\/div>\n   <div class=\"uk-width-medium-1-2 margin-bottom-light\">\n<span class=\"wpcf7-form-control-wrap\" data-name=\"vorname\"><input size=\"40\" class=\"wpcf7-form-control wpcf7-text wpcf7-validates-as-required uk-width-1-1\" aria-required=\"true\" aria-invalid=\"false\" placeholder=\"Vorname\" value=\"\" type=\"text\" name=\"vorname\" \/><\/span>\n<\/div>\n   <div class=\"uk-width-medium-1-2\">\n<span class=\"wpcf7-form-control-wrap\" data-name=\"nachname\"><input size=\"40\" class=\"wpcf7-form-control wpcf7-text wpcf7-validates-as-required uk-width-1-1\" aria-required=\"true\" aria-invalid=\"false\" placeholder=\"Nachname\" value=\"\" type=\"text\" name=\"nachname\" \/><\/span>\n<\/div>\n<\/div><\/div>\n\n<div class=\"uk-width-medium-1-1 uk-margin-top\">\n<div class=\"uk-grid uk-grid-small\">\n        <div class=\"uk-width-medium-1-2 margin-bottom-light\">\n<span class=\"wpcf7-form-control-wrap\" data-name=\"email\"><input size=\"40\" class=\"wpcf7-form-control wpcf7-email wpcf7-validates-as-required wpcf7-text wpcf7-validates-as-email uk-width-1-1\" aria-required=\"true\" aria-invalid=\"false\" placeholder=\"E-Mail\" value=\"\" type=\"email\" name=\"email\" \/><\/span>\n<\/div>\n<div class=\"uk-width-medium-1-2\">\n<span class=\"wpcf7-form-control-wrap\" data-name=\"tele\"><input size=\"40\" class=\"wpcf7-form-control wpcf7-text wpcf7-validates-as-required uk-width-1-1\" aria-required=\"true\" aria-invalid=\"false\" placeholder=\"Telefon\" value=\"\" type=\"text\" name=\"tele\" \/><\/span>\n<\/div>\n<\/div><\/div>\n\n<div class=\"uk-width-medium-1-1 uk-margin-top\">\n<div class=\"uk-grid uk-grid-small\">\n        <div class=\"uk-width-medium-1-1\">\n<span class=\"wpcf7-form-control-wrap\" data-name=\"text-msg\"><textarea cols=\"40\" rows=\"10\" class=\"wpcf7-form-control wpcf7-textarea wpcf7-validates-as-required uk-width-1-1 input-text-block\" aria-required=\"true\" aria-invalid=\"false\" placeholder=\"Ihre Nachricht an uns...\" name=\"text-msg\"><\/textarea><\/span>\n<div class=\"uk-margin-small-bottom uk-position-relative agreement\">\n        <span class=\"wpcf7-form-control-wrap\" data-name=\"agreement-box\"><span class=\"wpcf7-form-control wpcf7-acceptance\"><span class=\"wpcf7-list-item\"><input type=\"checkbox\" name=\"agreement-box\" value=\"1\" aria-invalid=\"false\" \/><\/span><\/span><\/span> * Ich stimme zu, dass meine Angaben aus dem Kontaktformular zur Beantwortung meiner Anfrage erhoben und verarbeitet werden. Siehe auch <a href=\"https:\/\/www.gr2.com\/de\/datenschutz\/\">Datenschutz<\/a>\n        <i class=\"uk-icon-question-circle\" data-uk-tooltip=\"{pos:'top-right'}\" title=\"Hinweis: Sie k\u00f6nnen Ihre Einwilligung jederzeit f\u00fcr die Zukunft per E-Mail an info@gr2.com widerrufen.\"><\/i>\n      <\/div>\n<\/div>\n<\/div><\/div>\n\n<div class=\"uk-width-medium-1-1 uk-margin-top\">\n<div class=\"uk-grid submit-green\">\n        <div class=\"uk-width-medium-1-1\">\n<input class=\"wpcf7-form-control wpcf7-submit has-spinner\" type=\"submit\" value=\"Anfrage Senden\" \/>\n<\/div>\n<\/div><\/div><\/div><div class=\"wpcf7-response-output\" aria-hidden=\"true\"><\/div>\n<\/form>\n<\/div>\n[\/vc_column_text][\/vc_column_inner][\/vc_row_inner][\/vc_column][\/vc_row]<\/p>\n<\/section>","protected":false},"excerpt":{"rendered":"<p>[vc_row full_width=&#8220;stretch_row_content_no_spaces&#8220;][vc_column][vc_column_text][\/vc_column_text][\/vc_column][\/vc_row][vc_row][vc_column][vc_column_text] Mobile Wanneninspektionskameras (Portable luftgek\u00fchlte Wannenperiskope) [\/vc_column_text][vc_column_text el_class=&#8220;uk-column-medium-1-2&#8243;]GR\u00b2 bietet zwei Versionen von mobilen Wanneninspektionskameras an, die es dem Anwender erm\u00f6glichen, schnelle und einfache Bilder bzw. Videos von Schmelzwannen, Arbeitswannen und Vorherden aufzunehmen. Beide Kameras, hergestellt von unserem Partner Heat-Up, sind luftgek\u00fchlt und ben\u00f6tigen nur einen Druckluftanschluss. Durch Batteriebetrieb der Kamera und durch die M\u00f6glichkeit, [&hellip;]<\/p>\n","protected":false},"author":1,"featured_media":0,"parent":0,"menu_order":71,"comment_status":"closed","ping_status":"closed","template":"","meta":{"_acf_changed":false,"inline_featured_image":false,"footnotes":""},"acf":[],"yoast_head":"<!-- This site is optimized with the Yoast SEO plugin v22.4 - https:\/\/yoast.com\/wordpress\/plugins\/seo\/ -->\n<title>Mobile Wanneninspektionskameras - Luftgek\u00fchlte Wannenperiskope - GR\u00b2 GmbH<\/title>\n<meta name=\"description\" content=\"Bei uns k\u00f6nnen Sie zwei verschiedene Versionen von mobilen Wanneninspektionskameras beziehen: Standardversion &amp; Leichtgewichtversion.\" \/>\n<meta name=\"robots\" content=\"index, follow, max-snippet:-1, max-image-preview:large, max-video-preview:-1\" \/>\n<link rel=\"canonical\" href=\"https:\/\/www.gr2.com\/de\/mobile-wanneninspektionskamera-luftgekuehlte-wannenperiskope\/\" \/>\n<meta property=\"og:locale\" content=\"de_DE\" \/>\n<meta property=\"og:type\" content=\"article\" \/>\n<meta property=\"og:title\" content=\"Mobile Wanneninspektionskameras - Luftgek\u00fchlte Wannenperiskope - GR\u00b2 GmbH\" \/>\n<meta property=\"og:description\" content=\"Bei uns k\u00f6nnen Sie zwei verschiedene Versionen von mobilen Wanneninspektionskameras beziehen: Standardversion &amp; Leichtgewichtversion.\" \/>\n<meta property=\"og:url\" content=\"https:\/\/www.gr2.com\/de\/mobile-wanneninspektionskamera-luftgekuehlte-wannenperiskope\/\" \/>\n<meta property=\"og:site_name\" content=\"GR\u00b2 GmbH\" \/>\n<meta property=\"article:modified_time\" content=\"2018-02-21T16:13:09+00:00\" \/>\n<meta name=\"twitter:card\" content=\"summary_large_image\" \/>\n<meta name=\"twitter:label1\" content=\"Gesch\u00e4tzte Lesezeit\" \/>\n\t<meta name=\"twitter:data1\" content=\"1\u00a0Minute\" \/>\n<script type=\"application\/ld+json\" class=\"yoast-schema-graph\">{\"@context\":\"https:\/\/schema.org\",\"@graph\":[{\"@type\":\"WebPage\",\"@id\":\"https:\/\/www.gr2.com\/de\/mobile-wanneninspektionskamera-luftgekuehlte-wannenperiskope\/\",\"url\":\"https:\/\/www.gr2.com\/de\/mobile-wanneninspektionskamera-luftgekuehlte-wannenperiskope\/\",\"name\":\"Mobile Wanneninspektionskameras - Luftgek\u00fchlte Wannenperiskope - GR\u00b2 GmbH\",\"isPartOf\":{\"@id\":\"https:\/\/www.gr2.com\/de\/#website\"},\"datePublished\":\"2011-11-15T07:42:27+00:00\",\"dateModified\":\"2018-02-21T16:13:09+00:00\",\"description\":\"Bei uns k\u00f6nnen Sie zwei verschiedene Versionen von mobilen Wanneninspektionskameras beziehen: Standardversion & Leichtgewichtversion.\",\"breadcrumb\":{\"@id\":\"https:\/\/www.gr2.com\/de\/mobile-wanneninspektionskamera-luftgekuehlte-wannenperiskope\/#breadcrumb\"},\"inLanguage\":\"de\",\"potentialAction\":[{\"@type\":\"ReadAction\",\"target\":[\"https:\/\/www.gr2.com\/de\/mobile-wanneninspektionskamera-luftgekuehlte-wannenperiskope\/\"]}]},{\"@type\":\"BreadcrumbList\",\"@id\":\"https:\/\/www.gr2.com\/de\/mobile-wanneninspektionskamera-luftgekuehlte-wannenperiskope\/#breadcrumb\",\"itemListElement\":[{\"@type\":\"ListItem\",\"position\":1,\"name\":\"Startseite\",\"item\":\"https:\/\/www.gr2.com\/de\/\"},{\"@type\":\"ListItem\",\"position\":2,\"name\":\"Mobile Inspektionskamera\"}]},{\"@type\":\"WebSite\",\"@id\":\"https:\/\/www.gr2.com\/de\/#website\",\"url\":\"https:\/\/www.gr2.com\/de\/\",\"name\":\"GR\u00b2 GmbH\",\"description\":\"\",\"potentialAction\":[{\"@type\":\"SearchAction\",\"target\":{\"@type\":\"EntryPoint\",\"urlTemplate\":\"https:\/\/www.gr2.com\/de\/?s={search_term_string}\"},\"query-input\":\"required name=search_term_string\"}],\"inLanguage\":\"de\"}]}<\/script>\n<!-- \/ Yoast SEO plugin. -->","yoast_head_json":{"title":"Mobile Wanneninspektionskameras - Luftgek\u00fchlte Wannenperiskope - GR\u00b2 GmbH","description":"Bei uns k\u00f6nnen Sie zwei verschiedene Versionen von mobilen Wanneninspektionskameras beziehen: Standardversion & Leichtgewichtversion.","robots":{"index":"index","follow":"follow","max-snippet":"max-snippet:-1","max-image-preview":"max-image-preview:large","max-video-preview":"max-video-preview:-1"},"canonical":"https:\/\/www.gr2.com\/de\/mobile-wanneninspektionskamera-luftgekuehlte-wannenperiskope\/","og_locale":"de_DE","og_type":"article","og_title":"Mobile Wanneninspektionskameras - Luftgek\u00fchlte Wannenperiskope - GR\u00b2 GmbH","og_description":"Bei uns k\u00f6nnen Sie zwei verschiedene Versionen von mobilen Wanneninspektionskameras beziehen: Standardversion & Leichtgewichtversion.","og_url":"https:\/\/www.gr2.com\/de\/mobile-wanneninspektionskamera-luftgekuehlte-wannenperiskope\/","og_site_name":"GR\u00b2 GmbH","article_modified_time":"2018-02-21T16:13:09+00:00","twitter_card":"summary_large_image","twitter_misc":{"Gesch\u00e4tzte Lesezeit":"1\u00a0Minute"},"schema":{"@context":"https:\/\/schema.org","@graph":[{"@type":"WebPage","@id":"https:\/\/www.gr2.com\/de\/mobile-wanneninspektionskamera-luftgekuehlte-wannenperiskope\/","url":"https:\/\/www.gr2.com\/de\/mobile-wanneninspektionskamera-luftgekuehlte-wannenperiskope\/","name":"Mobile Wanneninspektionskameras - Luftgek\u00fchlte Wannenperiskope - GR\u00b2 GmbH","isPartOf":{"@id":"https:\/\/www.gr2.com\/de\/#website"},"datePublished":"2011-11-15T07:42:27+00:00","dateModified":"2018-02-21T16:13:09+00:00","description":"Bei uns k\u00f6nnen Sie zwei verschiedene Versionen von mobilen Wanneninspektionskameras beziehen: Standardversion & Leichtgewichtversion.","breadcrumb":{"@id":"https:\/\/www.gr2.com\/de\/mobile-wanneninspektionskamera-luftgekuehlte-wannenperiskope\/#breadcrumb"},"inLanguage":"de","potentialAction":[{"@type":"ReadAction","target":["https:\/\/www.gr2.com\/de\/mobile-wanneninspektionskamera-luftgekuehlte-wannenperiskope\/"]}]},{"@type":"BreadcrumbList","@id":"https:\/\/www.gr2.com\/de\/mobile-wanneninspektionskamera-luftgekuehlte-wannenperiskope\/#breadcrumb","itemListElement":[{"@type":"ListItem","position":1,"name":"Startseite","item":"https:\/\/www.gr2.com\/de\/"},{"@type":"ListItem","position":2,"name":"Mobile Inspektionskamera"}]},{"@type":"WebSite","@id":"https:\/\/www.gr2.com\/de\/#website","url":"https:\/\/www.gr2.com\/de\/","name":"GR\u00b2 GmbH","description":"","potentialAction":[{"@type":"SearchAction","target":{"@type":"EntryPoint","urlTemplate":"https:\/\/www.gr2.com\/de\/?s={search_term_string}"},"query-input":"required name=search_term_string"}],"inLanguage":"de"}]}},"_links":{"self":[{"href":"https:\/\/www.gr2.com\/de\/wp-json\/wp\/v2\/pages\/206"}],"collection":[{"href":"https:\/\/www.gr2.com\/de\/wp-json\/wp\/v2\/pages"}],"about":[{"href":"https:\/\/www.gr2.com\/de\/wp-json\/wp\/v2\/types\/page"}],"author":[{"embeddable":true,"href":"https:\/\/www.gr2.com\/de\/wp-json\/wp\/v2\/users\/1"}],"replies":[{"embeddable":true,"href":"https:\/\/www.gr2.com\/de\/wp-json\/wp\/v2\/comments?post=206"}],"version-history":[{"count":5,"href":"https:\/\/www.gr2.com\/de\/wp-json\/wp\/v2\/pages\/206\/revisions"}],"predecessor-version":[{"id":1891,"href":"https:\/\/www.gr2.com\/de\/wp-json\/wp\/v2\/pages\/206\/revisions\/1891"}],"wp:attachment":[{"href":"https:\/\/www.gr2.com\/de\/wp-json\/wp\/v2\/media?parent=206"}],"curies":[{"name":"wp","href":"https:\/\/api.w.org\/{rel}","templated":true}]}}