{"id":205,"date":"2011-11-15T08:30:52","date_gmt":"2011-11-15T07:30:52","guid":{"rendered":"http:\/\/relaunch.gr2.com\/wannenkamera\/"},"modified":"2017-07-27T17:47:38","modified_gmt":"2017-07-27T15:47:38","slug":"wannenkamera","status":"publish","type":"page","link":"https:\/\/www.gr2.com\/de\/wannenkamera\/","title":{"rendered":"Wannenkamera"},"content":{"rendered":"<section class=\"wpb-content-wrapper\"><p>[vc_row full_width=&#8220;stretch_row_content_no_spaces&#8220;][vc_column][vc_column_text]\n    \n    \n\n    \t\n    \t\n            <div data-uk-slideshow>\n                <ul class=\"uk-slideshow\">\n\n            \n                    <li class=\"slide\">\n\n                        <div class=\"uk-width-1-1 uk-height-1-1\" id=\"slider-wrapper\">\n                                <div class=\"slider-img-wrapper\">\n                                    <img decoding=\"async\" src=\"https:\/\/www.gr2.com\/wp-content\/uploads\/slide-1.jpg\" alt=\"\" \/>\n                                <\/div>\n\n                                <div class=\"slider-cc-wrapper\">\n                                                                    <\/div>\n                        <\/div>\n\n                    <\/li>\n\n            \n                <\/ul>\n            <\/div>\n\n        \n    \t\n    \t\n    \n\n    [\/vc_column_text][\/vc_column][\/vc_row][vc_row][vc_column][vc_column_text]<\/p>\n<h1>Heat-Up Wannenkamera<\/h1>\n<p>[\/vc_column_text][vc_row_inner][vc_column_inner width=&#8220;1\/3&#8243;][vc_column_text]Die Heat-Up Wannenkamera ist eine durchdachte Konstruktion, die es erlaubt auf einen Wasserk\u00fchlkreislauf zu verzichten, und<br \/>\ndie aufgrund niedriger Anschaffungs- und Betriebskosten eine preiswerte Alternative zu konventionellen Wannenkameras darstellt.[\/vc_column_text][\/vc_column_inner][vc_column_inner width=&#8220;1\/3&#8243;][vc_column_text]<\/p>\n<div id=\"attachment_204\" style=\"width: 310px\" class=\"wp-caption aligncenter\"><img loading=\"lazy\" decoding=\"async\" aria-describedby=\"caption-attachment-204\" class=\"wp-image-204 size-medium\" src=\"https:\/\/www.gr2.com\/wp-content\/uploads\/produkte\/produkte_wannenkamera-small-300x147.jpg\" alt=\"Wannenkamera\" width=\"300\" height=\"147\" srcset=\"https:\/\/www.gr2.com\/wp-content\/uploads\/produkte\/produkte_wannenkamera-small-300x147.jpg 300w, https:\/\/www.gr2.com\/wp-content\/uploads\/produkte\/produkte_wannenkamera-small.jpg 327w\" sizes=\"(max-width: 300px) 100vw, 300px\" \/><p id=\"caption-attachment-204\" class=\"wp-caption-text\">Wannenkamera<\/p><\/div>\n<p>[\/vc_column_text][\/vc_column_inner][vc_column_inner width=&#8220;1\/3&#8243;][vc_column_text]<\/p>\n<div id=\"attachment_203\" style=\"width: 310px\" class=\"wp-caption aligncenter\"><img loading=\"lazy\" decoding=\"async\" aria-describedby=\"caption-attachment-203\" class=\"wp-image-203 size-medium\" src=\"https:\/\/www.gr2.com\/wp-content\/uploads\/produkte\/produkte_wannenkamera_1-small-300x147.jpg\" alt=\"Wannenkamera\" width=\"300\" height=\"147\" srcset=\"https:\/\/www.gr2.com\/wp-content\/uploads\/produkte\/produkte_wannenkamera_1-small-300x147.jpg 300w, https:\/\/www.gr2.com\/wp-content\/uploads\/produkte\/produkte_wannenkamera_1-small.jpg 327w\" sizes=\"(max-width: 300px) 100vw, 300px\" \/><p id=\"caption-attachment-203\" class=\"wp-caption-text\">Wannenkamera<\/p><\/div>\n<p>[\/vc_column_text][\/vc_column_inner][\/vc_row_inner][vc_empty_space][vc_row_inner][vc_column_inner el_class=&#8220;list&#8220; width=&#8220;1\/2&#8243; css=&#8220;.vc_custom_1500292899938{padding-right: 20px !important;}&#8220;][vc_column_text]<\/p>\n<h3>\u00dcberblick<\/h3>\n<ul>\n<li>Sehr gute \u00dcberwachung der Geschehnisse in der Schmelzwanne<\/li>\n<li>Luftk\u00fchlung statt Wasserk\u00fchlung! Keine Gefahr von Wasserleckagen an der Schmelzwanne mehr!<\/li>\n<li>Sehr kompaktes System &#8211; nur 25 mm Bohrung durch Feuerfeststeine f\u00fcr Kameraoptik! Kein Energieverlust aus der Wanne.<\/li>\n<li>Verringerte Gefahr des Eintretens von kalter Luft in die Wanne<\/li>\n<li>Automatisches Ausfahren der Kamera bei Verlust der K\u00fchlluft oder bei Stromausfall<\/li>\n<li>Niedrige Betriebs- und Wartungskosten durch einfachen und robusten Aufbau<\/li>\n<\/ul>\n<p>[\/vc_column_text][\/vc_column_inner][vc_column_inner width=&#8220;1\/2&#8243;][vc_column_text]<\/p>\n<h3>Produkt Anfrage<\/h3>\n<p>Bei Fragen bez\u00fcglich des Produktes k\u00f6nnen Sie gerne Kontakt mit uns aufnehmen.<\/p>\n<div class=\"wpcf7 no-js\" id=\"wpcf7-f995-o1\" lang=\"de-DE\" dir=\"ltr\">\n<div class=\"screen-reader-response\"><p role=\"status\" aria-live=\"polite\" aria-atomic=\"true\"><\/p> <ul><\/ul><\/div>\n<form action=\"\/de\/wp-json\/wp\/v2\/pages\/205#wpcf7-f995-o1\" method=\"post\" class=\"wpcf7-form init anfrage-form uk-form wpcf7-acceptance-as-validation\" id=\"anfrage-form\" aria-label=\"Kontaktformular\" novalidate=\"novalidate\" data-status=\"init\">\n<div style=\"display: none;\">\n<input type=\"hidden\" name=\"_wpcf7\" value=\"995\" \/>\n<input type=\"hidden\" name=\"_wpcf7_version\" value=\"5.9.3\" \/>\n<input type=\"hidden\" name=\"_wpcf7_locale\" value=\"de_DE\" \/>\n<input type=\"hidden\" name=\"_wpcf7_unit_tag\" value=\"wpcf7-f995-o1\" \/>\n<input type=\"hidden\" name=\"_wpcf7_container_post\" value=\"0\" \/>\n<input type=\"hidden\" name=\"_wpcf7_posted_data_hash\" value=\"\" \/>\n<\/div>\n<div class=\"uk-grid\">\n<div class=\"uk-width-medium-1-1\">\n<div class=\"uk-grid uk-grid-small\">\n<div class=\"uk-width-medium-1-1 uk-margin-bottom\">\n<span class=\"wpcf7-form-control-wrap\" data-name=\"firma\"><input size=\"40\" class=\"wpcf7-form-control wpcf7-text wpcf7-validates-as-required uk-width-1-1\" aria-required=\"true\" aria-invalid=\"false\" placeholder=\"Firma\" value=\"\" type=\"text\" name=\"firma\" \/><\/span>\n<\/div>\n   <div class=\"uk-width-medium-1-2 margin-bottom-light\">\n<span class=\"wpcf7-form-control-wrap\" data-name=\"vorname\"><input size=\"40\" class=\"wpcf7-form-control wpcf7-text wpcf7-validates-as-required uk-width-1-1\" aria-required=\"true\" aria-invalid=\"false\" placeholder=\"Vorname\" value=\"\" type=\"text\" name=\"vorname\" \/><\/span>\n<\/div>\n   <div class=\"uk-width-medium-1-2\">\n<span class=\"wpcf7-form-control-wrap\" data-name=\"nachname\"><input size=\"40\" class=\"wpcf7-form-control wpcf7-text wpcf7-validates-as-required uk-width-1-1\" aria-required=\"true\" aria-invalid=\"false\" placeholder=\"Nachname\" value=\"\" type=\"text\" name=\"nachname\" \/><\/span>\n<\/div>\n<\/div><\/div>\n\n<div class=\"uk-width-medium-1-1 uk-margin-top\">\n<div class=\"uk-grid uk-grid-small\">\n        <div class=\"uk-width-medium-1-2 margin-bottom-light\">\n<span class=\"wpcf7-form-control-wrap\" data-name=\"email\"><input size=\"40\" class=\"wpcf7-form-control wpcf7-email wpcf7-validates-as-required wpcf7-text wpcf7-validates-as-email uk-width-1-1\" aria-required=\"true\" aria-invalid=\"false\" placeholder=\"E-Mail\" value=\"\" type=\"email\" name=\"email\" \/><\/span>\n<\/div>\n<div class=\"uk-width-medium-1-2\">\n<span class=\"wpcf7-form-control-wrap\" data-name=\"tele\"><input size=\"40\" class=\"wpcf7-form-control wpcf7-text wpcf7-validates-as-required uk-width-1-1\" aria-required=\"true\" aria-invalid=\"false\" placeholder=\"Telefon\" value=\"\" type=\"text\" name=\"tele\" \/><\/span>\n<\/div>\n<\/div><\/div>\n\n<div class=\"uk-width-medium-1-1 uk-margin-top\">\n<div class=\"uk-grid uk-grid-small\">\n        <div class=\"uk-width-medium-1-1\">\n<span class=\"wpcf7-form-control-wrap\" data-name=\"text-msg\"><textarea cols=\"40\" rows=\"10\" class=\"wpcf7-form-control wpcf7-textarea wpcf7-validates-as-required uk-width-1-1 input-text-block\" aria-required=\"true\" aria-invalid=\"false\" placeholder=\"Ihre Nachricht an uns...\" name=\"text-msg\"><\/textarea><\/span>\n<div class=\"uk-margin-small-bottom uk-position-relative agreement\">\n        <span class=\"wpcf7-form-control-wrap\" data-name=\"agreement-box\"><span class=\"wpcf7-form-control wpcf7-acceptance\"><span class=\"wpcf7-list-item\"><input type=\"checkbox\" name=\"agreement-box\" value=\"1\" aria-invalid=\"false\" \/><\/span><\/span><\/span> * Ich stimme zu, dass meine Angaben aus dem Kontaktformular zur Beantwortung meiner Anfrage erhoben und verarbeitet werden. Siehe auch <a href=\"https:\/\/www.gr2.com\/de\/datenschutz\/\">Datenschutz<\/a>\n        <i class=\"uk-icon-question-circle\" data-uk-tooltip=\"{pos:'top-right'}\" title=\"Hinweis: Sie k\u00f6nnen Ihre Einwilligung jederzeit f\u00fcr die Zukunft per E-Mail an info@gr2.com widerrufen.\"><\/i>\n      <\/div>\n<\/div>\n<\/div><\/div>\n\n<div class=\"uk-width-medium-1-1 uk-margin-top\">\n<div class=\"uk-grid submit-green\">\n        <div class=\"uk-width-medium-1-1\">\n<input class=\"wpcf7-form-control wpcf7-submit has-spinner\" type=\"submit\" value=\"Anfrage Senden\" \/>\n<\/div>\n<\/div><\/div><\/div><div class=\"wpcf7-response-output\" aria-hidden=\"true\"><\/div>\n<\/form>\n<\/div>\n[\/vc_column_text][\/vc_column_inner][\/vc_row_inner][\/vc_column][\/vc_row]<\/p>\n<\/section>","protected":false},"excerpt":{"rendered":"<p>[vc_row full_width=&#8220;stretch_row_content_no_spaces&#8220;][vc_column][vc_column_text][\/vc_column_text][\/vc_column][\/vc_row][vc_row][vc_column][vc_column_text] Heat-Up Wannenkamera [\/vc_column_text][vc_row_inner][vc_column_inner width=&#8220;1\/3&#8243;][vc_column_text]Die Heat-Up Wannenkamera ist eine durchdachte Konstruktion, die es erlaubt auf einen Wasserk\u00fchlkreislauf zu verzichten, und die aufgrund niedriger Anschaffungs- und Betriebskosten eine preiswerte Alternative zu konventionellen Wannenkameras darstellt.[\/vc_column_text][\/vc_column_inner][vc_column_inner width=&#8220;1\/3&#8243;][vc_column_text] [\/vc_column_text][\/vc_column_inner][vc_column_inner width=&#8220;1\/3&#8243;][vc_column_text] [\/vc_column_text][\/vc_column_inner][\/vc_row_inner][vc_empty_space][vc_row_inner][vc_column_inner el_class=&#8220;list&#8220; width=&#8220;1\/2&#8243; css=&#8220;.vc_custom_1500292899938{padding-right: 20px !important;}&#8220;][vc_column_text] \u00dcberblick Sehr gute \u00dcberwachung der Geschehnisse in der Schmelzwanne Luftk\u00fchlung statt Wasserk\u00fchlung! [&hellip;]<\/p>\n","protected":false},"author":1,"featured_media":203,"parent":0,"menu_order":70,"comment_status":"closed","ping_status":"closed","template":"","meta":{"_acf_changed":false,"inline_featured_image":false,"footnotes":""},"acf":[],"yoast_head":"<!-- This site is optimized with the Yoast SEO plugin v22.4 - https:\/\/yoast.com\/wordpress\/plugins\/seo\/ -->\n<title>Heat-Up Wannenkamera - Kein Wasserk\u00fchlkreislauf notwendig - GR\u00b2 GmbH<\/title>\n<meta name=\"description\" content=\"Durch die Heat-Up Wannenkamera ist der Wasserk\u00fchlkreislauf \u00fcberfl\u00fcssig. Eine Alternative gegen\u00fcber konventionelle teure Wannenkameras.\" \/>\n<meta name=\"robots\" content=\"index, follow, max-snippet:-1, max-image-preview:large, max-video-preview:-1\" \/>\n<link rel=\"canonical\" href=\"https:\/\/www.gr2.com\/de\/wannenkamera\/\" \/>\n<meta property=\"og:locale\" content=\"de_DE\" \/>\n<meta property=\"og:type\" content=\"article\" \/>\n<meta property=\"og:title\" content=\"Heat-Up Wannenkamera - Kein Wasserk\u00fchlkreislauf notwendig - GR\u00b2 GmbH\" \/>\n<meta property=\"og:description\" content=\"Durch die Heat-Up Wannenkamera ist der Wasserk\u00fchlkreislauf \u00fcberfl\u00fcssig. Eine Alternative gegen\u00fcber konventionelle teure Wannenkameras.\" \/>\n<meta property=\"og:url\" content=\"https:\/\/www.gr2.com\/de\/wannenkamera\/\" \/>\n<meta property=\"og:site_name\" content=\"GR\u00b2 GmbH\" \/>\n<meta property=\"article:modified_time\" content=\"2017-07-27T15:47:38+00:00\" \/>\n<meta property=\"og:image\" content=\"https:\/\/www.gr2.com\/wp-content\/uploads\/produkte\/produkte_wannenkamera_1-small.jpg\" \/>\n\t<meta property=\"og:image:width\" content=\"327\" \/>\n\t<meta property=\"og:image:height\" content=\"160\" \/>\n\t<meta property=\"og:image:type\" content=\"image\/jpeg\" \/>\n<meta name=\"twitter:card\" content=\"summary_large_image\" \/>\n<meta name=\"twitter:label1\" content=\"Gesch\u00e4tzte Lesezeit\" \/>\n\t<meta name=\"twitter:data1\" content=\"1\u00a0Minute\" \/>\n<script type=\"application\/ld+json\" class=\"yoast-schema-graph\">{\"@context\":\"https:\/\/schema.org\",\"@graph\":[{\"@type\":\"WebPage\",\"@id\":\"https:\/\/www.gr2.com\/de\/wannenkamera\/\",\"url\":\"https:\/\/www.gr2.com\/de\/wannenkamera\/\",\"name\":\"Heat-Up Wannenkamera - Kein Wasserk\u00fchlkreislauf notwendig - GR\u00b2 GmbH\",\"isPartOf\":{\"@id\":\"https:\/\/www.gr2.com\/de\/#website\"},\"primaryImageOfPage\":{\"@id\":\"https:\/\/www.gr2.com\/de\/wannenkamera\/#primaryimage\"},\"image\":{\"@id\":\"https:\/\/www.gr2.com\/de\/wannenkamera\/#primaryimage\"},\"thumbnailUrl\":\"https:\/\/www.gr2.com\/wp-content\/uploads\/produkte\/produkte_wannenkamera_1-small.jpg\",\"datePublished\":\"2011-11-15T07:30:52+00:00\",\"dateModified\":\"2017-07-27T15:47:38+00:00\",\"description\":\"Durch die Heat-Up Wannenkamera ist der Wasserk\u00fchlkreislauf \u00fcberfl\u00fcssig. Eine Alternative gegen\u00fcber konventionelle teure Wannenkameras.\",\"breadcrumb\":{\"@id\":\"https:\/\/www.gr2.com\/de\/wannenkamera\/#breadcrumb\"},\"inLanguage\":\"de\",\"potentialAction\":[{\"@type\":\"ReadAction\",\"target\":[\"https:\/\/www.gr2.com\/de\/wannenkamera\/\"]}]},{\"@type\":\"ImageObject\",\"inLanguage\":\"de\",\"@id\":\"https:\/\/www.gr2.com\/de\/wannenkamera\/#primaryimage\",\"url\":\"https:\/\/www.gr2.com\/wp-content\/uploads\/produkte\/produkte_wannenkamera_1-small.jpg\",\"contentUrl\":\"https:\/\/www.gr2.com\/wp-content\/uploads\/produkte\/produkte_wannenkamera_1-small.jpg\",\"width\":327,\"height\":160,\"caption\":\"Wannenkamera\"},{\"@type\":\"BreadcrumbList\",\"@id\":\"https:\/\/www.gr2.com\/de\/wannenkamera\/#breadcrumb\",\"itemListElement\":[{\"@type\":\"ListItem\",\"position\":1,\"name\":\"Startseite\",\"item\":\"https:\/\/www.gr2.com\/de\/\"},{\"@type\":\"ListItem\",\"position\":2,\"name\":\"Wannenkamera\"}]},{\"@type\":\"WebSite\",\"@id\":\"https:\/\/www.gr2.com\/de\/#website\",\"url\":\"https:\/\/www.gr2.com\/de\/\",\"name\":\"GR\u00b2 GmbH\",\"description\":\"\",\"potentialAction\":[{\"@type\":\"SearchAction\",\"target\":{\"@type\":\"EntryPoint\",\"urlTemplate\":\"https:\/\/www.gr2.com\/de\/?s={search_term_string}\"},\"query-input\":\"required name=search_term_string\"}],\"inLanguage\":\"de\"}]}<\/script>\n<!-- \/ Yoast SEO plugin. -->","yoast_head_json":{"title":"Heat-Up Wannenkamera - Kein Wasserk\u00fchlkreislauf notwendig - GR\u00b2 GmbH","description":"Durch die Heat-Up Wannenkamera ist der Wasserk\u00fchlkreislauf \u00fcberfl\u00fcssig. Eine Alternative gegen\u00fcber konventionelle teure Wannenkameras.","robots":{"index":"index","follow":"follow","max-snippet":"max-snippet:-1","max-image-preview":"max-image-preview:large","max-video-preview":"max-video-preview:-1"},"canonical":"https:\/\/www.gr2.com\/de\/wannenkamera\/","og_locale":"de_DE","og_type":"article","og_title":"Heat-Up Wannenkamera - Kein Wasserk\u00fchlkreislauf notwendig - GR\u00b2 GmbH","og_description":"Durch die Heat-Up Wannenkamera ist der Wasserk\u00fchlkreislauf \u00fcberfl\u00fcssig. Eine Alternative gegen\u00fcber konventionelle teure Wannenkameras.","og_url":"https:\/\/www.gr2.com\/de\/wannenkamera\/","og_site_name":"GR\u00b2 GmbH","article_modified_time":"2017-07-27T15:47:38+00:00","og_image":[{"width":327,"height":160,"url":"https:\/\/www.gr2.com\/wp-content\/uploads\/produkte\/produkte_wannenkamera_1-small.jpg","type":"image\/jpeg"}],"twitter_card":"summary_large_image","twitter_misc":{"Gesch\u00e4tzte Lesezeit":"1\u00a0Minute"},"schema":{"@context":"https:\/\/schema.org","@graph":[{"@type":"WebPage","@id":"https:\/\/www.gr2.com\/de\/wannenkamera\/","url":"https:\/\/www.gr2.com\/de\/wannenkamera\/","name":"Heat-Up Wannenkamera - Kein Wasserk\u00fchlkreislauf notwendig - GR\u00b2 GmbH","isPartOf":{"@id":"https:\/\/www.gr2.com\/de\/#website"},"primaryImageOfPage":{"@id":"https:\/\/www.gr2.com\/de\/wannenkamera\/#primaryimage"},"image":{"@id":"https:\/\/www.gr2.com\/de\/wannenkamera\/#primaryimage"},"thumbnailUrl":"https:\/\/www.gr2.com\/wp-content\/uploads\/produkte\/produkte_wannenkamera_1-small.jpg","datePublished":"2011-11-15T07:30:52+00:00","dateModified":"2017-07-27T15:47:38+00:00","description":"Durch die Heat-Up Wannenkamera ist der Wasserk\u00fchlkreislauf \u00fcberfl\u00fcssig. Eine Alternative gegen\u00fcber konventionelle teure Wannenkameras.","breadcrumb":{"@id":"https:\/\/www.gr2.com\/de\/wannenkamera\/#breadcrumb"},"inLanguage":"de","potentialAction":[{"@type":"ReadAction","target":["https:\/\/www.gr2.com\/de\/wannenkamera\/"]}]},{"@type":"ImageObject","inLanguage":"de","@id":"https:\/\/www.gr2.com\/de\/wannenkamera\/#primaryimage","url":"https:\/\/www.gr2.com\/wp-content\/uploads\/produkte\/produkte_wannenkamera_1-small.jpg","contentUrl":"https:\/\/www.gr2.com\/wp-content\/uploads\/produkte\/produkte_wannenkamera_1-small.jpg","width":327,"height":160,"caption":"Wannenkamera"},{"@type":"BreadcrumbList","@id":"https:\/\/www.gr2.com\/de\/wannenkamera\/#breadcrumb","itemListElement":[{"@type":"ListItem","position":1,"name":"Startseite","item":"https:\/\/www.gr2.com\/de\/"},{"@type":"ListItem","position":2,"name":"Wannenkamera"}]},{"@type":"WebSite","@id":"https:\/\/www.gr2.com\/de\/#website","url":"https:\/\/www.gr2.com\/de\/","name":"GR\u00b2 GmbH","description":"","potentialAction":[{"@type":"SearchAction","target":{"@type":"EntryPoint","urlTemplate":"https:\/\/www.gr2.com\/de\/?s={search_term_string}"},"query-input":"required name=search_term_string"}],"inLanguage":"de"}]}},"_links":{"self":[{"href":"https:\/\/www.gr2.com\/de\/wp-json\/wp\/v2\/pages\/205"}],"collection":[{"href":"https:\/\/www.gr2.com\/de\/wp-json\/wp\/v2\/pages"}],"about":[{"href":"https:\/\/www.gr2.com\/de\/wp-json\/wp\/v2\/types\/page"}],"author":[{"embeddable":true,"href":"https:\/\/www.gr2.com\/de\/wp-json\/wp\/v2\/users\/1"}],"replies":[{"embeddable":true,"href":"https:\/\/www.gr2.com\/de\/wp-json\/wp\/v2\/comments?post=205"}],"version-history":[{"count":12,"href":"https:\/\/www.gr2.com\/de\/wp-json\/wp\/v2\/pages\/205\/revisions"}],"predecessor-version":[{"id":1069,"href":"https:\/\/www.gr2.com\/de\/wp-json\/wp\/v2\/pages\/205\/revisions\/1069"}],"wp:featuredmedia":[{"embeddable":true,"href":"https:\/\/www.gr2.com\/de\/wp-json\/wp\/v2\/media\/203"}],"wp:attachment":[{"href":"https:\/\/www.gr2.com\/de\/wp-json\/wp\/v2\/media?parent=205"}],"curies":[{"name":"wp","href":"https:\/\/api.w.org\/{rel}","templated":true}]}}