{"id":190,"date":"2011-11-07T17:25:11","date_gmt":"2011-11-07T16:25:11","guid":{"rendered":"http:\/\/relaunch.gr2.com\/sheppee\/"},"modified":"2020-08-12T16:44:09","modified_gmt":"2020-08-12T14:44:09","slug":"sheppee","status":"publish","type":"page","link":"https:\/\/www.gr2.com\/de\/sheppee\/","title":{"rendered":"Sheppee"},"content":{"rendered":"<section class=\"wpb-content-wrapper\"><p>[vc_row full_width=&#8220;stretch_row_content_no_spaces&#8220;][vc_column][vc_column_text]\n    \n    \n\n    \t\n    \t\n            <div data-uk-slideshow>\n                <ul class=\"uk-slideshow\">\n\n            \n                    <li class=\"slide\">\n\n                        <div class=\"uk-width-1-1 uk-height-1-1\" id=\"slider-wrapper\">\n                                <div class=\"slider-img-wrapper\">\n                                    <img decoding=\"async\" src=\"https:\/\/www.gr2.com\/wp-content\/uploads\/slide-1.jpg\" alt=\"\" \/>\n                                <\/div>\n\n                                <div class=\"slider-cc-wrapper\">\n                                                                    <\/div>\n                        <\/div>\n\n                    <\/li>\n\n            \n                <\/ul>\n            <\/div>\n\n        \n    \t\n    \t\n    \n\n    [\/vc_column_text][\/vc_column][\/vc_row][vc_row][vc_column][vc_column_text]<img loading=\"lazy\" decoding=\"async\" class=\"alignnone wp-image-166 size-full\" style=\"margin: 0px 0px 20px;\" src=\"https:\/\/www.gr2.com\/wp-content\/uploads\/premiumpartners\/logo\/images_premiumpartners_logo_sheppee-e1506518983514.jpg\" alt=\"Sheppee\" width=\"304\" height=\"87\" border=\"0\" srcset=\"https:\/\/www.gr2.com\/wp-content\/uploads\/premiumpartners\/logo\/images_premiumpartners_logo_sheppee-e1506518983514.jpg 304w, https:\/\/www.gr2.com\/wp-content\/uploads\/premiumpartners\/logo\/images_premiumpartners_logo_sheppee-e1506518983514-300x86.jpg 300w\" sizes=\"(max-width: 304px) 100vw, 304px\" \/>[\/vc_column_text][vc_row_inner][vc_column_inner el_class=&#8220;list&#8220; css=&#8220;.vc_custom_1506519097365{padding-right: 20px !important;}&#8220;][vc_column_text el_class=&#8220;uk-column-medium-1-2&#8243;]<\/p>\n<h1>Partnerschaft mit Sheppee<\/h1>\n<p>Sheppee International ist der einzige weltweit aktive Hersteller, der sich ausschliesslich auf Ausr\u00fcstungen f\u00fcr den Beh\u00e4lterglastransport spezialisiert hat. Aufgrund dieser Spezialisierung und der gro\u00dfen Erfahrung dieser Firma, welche 1907 gegr\u00fcndet wurde, bieten Sheppee-Produkte wie Einschieber, Umlenkecken, Querb\u00e4nder und Antriebe dem Anwender einzigartige Vorteile. Wir vertreiben seit 1978 Sheppee-Produkte und sind sehr dankbar einen solch starken Partner an unserer Seite zu haben.[\/vc_column_text][vc_column_text]<\/p>\n<p><a href=\"http:\/\/www.sheppee.com\/\" target=\"_blank\" rel=\"noopener noreferrer\">www.sheppee.com<\/a>[\/vc_column_text][\/vc_column_inner][\/vc_row_inner][\/vc_column][\/vc_row]<\/p>\n<\/section>","protected":false},"excerpt":{"rendered":"<p>[vc_row full_width=&#8220;stretch_row_content_no_spaces&#8220;][vc_column][vc_column_text][\/vc_column_text][\/vc_column][\/vc_row][vc_row][vc_column][vc_column_text][\/vc_column_text][vc_row_inner][vc_column_inner el_class=&#8220;list&#8220; css=&#8220;.vc_custom_1506519097365{padding-right: 20px !important;}&#8220;][vc_column_text el_class=&#8220;uk-column-medium-1-2&#8243;] Partnerschaft mit Sheppee Sheppee International ist der einzige weltweit aktive Hersteller, der sich ausschliesslich auf Ausr\u00fcstungen f\u00fcr den Beh\u00e4lterglastransport spezialisiert hat. Aufgrund dieser Spezialisierung und der gro\u00dfen Erfahrung dieser Firma, welche 1907 gegr\u00fcndet wurde, bieten Sheppee-Produkte wie Einschieber, Umlenkecken, Querb\u00e4nder und Antriebe dem Anwender einzigartige Vorteile. Wir vertreiben [&hellip;]<\/p>\n","protected":false},"author":1,"featured_media":166,"parent":0,"menu_order":11,"comment_status":"closed","ping_status":"closed","template":"","meta":{"_acf_changed":false,"inline_featured_image":false,"footnotes":""},"acf":[],"yoast_head":"<!-- This site is optimized with the Yoast SEO plugin v22.4 - https:\/\/yoast.com\/wordpress\/plugins\/seo\/ -->\n<title>Partnerschaft mit Sheppee - GR\u00b2 GmbH<\/title>\n<meta name=\"description\" content=\"Wir kooperieren mit Sheppee International, der einzige weltweit aktive Hersteller, der sich ausschliesslich auf Beh\u00e4lterglastransport spezialisiert hat.\" \/>\n<meta name=\"robots\" content=\"index, follow, max-snippet:-1, max-image-preview:large, max-video-preview:-1\" \/>\n<link rel=\"canonical\" href=\"https:\/\/www.gr2.com\/de\/sheppee\/\" \/>\n<meta property=\"og:locale\" content=\"de_DE\" \/>\n<meta property=\"og:type\" content=\"article\" \/>\n<meta property=\"og:title\" content=\"Partnerschaft mit Sheppee - GR\u00b2 GmbH\" \/>\n<meta property=\"og:description\" content=\"Wir kooperieren mit Sheppee International, der einzige weltweit aktive Hersteller, der sich ausschliesslich auf Beh\u00e4lterglastransport spezialisiert hat.\" \/>\n<meta property=\"og:url\" content=\"https:\/\/www.gr2.com\/de\/sheppee\/\" \/>\n<meta property=\"og:site_name\" content=\"GR\u00b2 GmbH\" \/>\n<meta property=\"article:modified_time\" content=\"2020-08-12T14:44:09+00:00\" \/>\n<meta property=\"og:image\" content=\"https:\/\/www.gr2.com\/wp-content\/uploads\/premiumpartners\/logo\/images_premiumpartners_logo_sheppee-e1506518983514.jpg\" \/>\n\t<meta property=\"og:image:width\" content=\"304\" \/>\n\t<meta property=\"og:image:height\" content=\"87\" \/>\n\t<meta property=\"og:image:type\" content=\"image\/jpeg\" \/>\n<meta name=\"twitter:card\" content=\"summary_large_image\" \/>\n<meta name=\"twitter:label1\" content=\"Gesch\u00e4tzte Lesezeit\" \/>\n\t<meta name=\"twitter:data1\" content=\"1\u00a0Minute\" \/>\n<script type=\"application\/ld+json\" class=\"yoast-schema-graph\">{\"@context\":\"https:\/\/schema.org\",\"@graph\":[{\"@type\":\"WebPage\",\"@id\":\"https:\/\/www.gr2.com\/de\/sheppee\/\",\"url\":\"https:\/\/www.gr2.com\/de\/sheppee\/\",\"name\":\"Partnerschaft mit Sheppee - GR\u00b2 GmbH\",\"isPartOf\":{\"@id\":\"https:\/\/www.gr2.com\/de\/#website\"},\"primaryImageOfPage\":{\"@id\":\"https:\/\/www.gr2.com\/de\/sheppee\/#primaryimage\"},\"image\":{\"@id\":\"https:\/\/www.gr2.com\/de\/sheppee\/#primaryimage\"},\"thumbnailUrl\":\"https:\/\/www.gr2.com\/wp-content\/uploads\/premiumpartners\/logo\/images_premiumpartners_logo_sheppee-e1506518983514.jpg\",\"datePublished\":\"2011-11-07T16:25:11+00:00\",\"dateModified\":\"2020-08-12T14:44:09+00:00\",\"description\":\"Wir kooperieren mit Sheppee International, der einzige weltweit aktive Hersteller, der sich ausschliesslich auf Beh\u00e4lterglastransport spezialisiert hat.\",\"breadcrumb\":{\"@id\":\"https:\/\/www.gr2.com\/de\/sheppee\/#breadcrumb\"},\"inLanguage\":\"de\",\"potentialAction\":[{\"@type\":\"ReadAction\",\"target\":[\"https:\/\/www.gr2.com\/de\/sheppee\/\"]}]},{\"@type\":\"ImageObject\",\"inLanguage\":\"de\",\"@id\":\"https:\/\/www.gr2.com\/de\/sheppee\/#primaryimage\",\"url\":\"https:\/\/www.gr2.com\/wp-content\/uploads\/premiumpartners\/logo\/images_premiumpartners_logo_sheppee-e1506518983514.jpg\",\"contentUrl\":\"https:\/\/www.gr2.com\/wp-content\/uploads\/premiumpartners\/logo\/images_premiumpartners_logo_sheppee-e1506518983514.jpg\",\"width\":304,\"height\":87,\"caption\":\"Sheppee\"},{\"@type\":\"BreadcrumbList\",\"@id\":\"https:\/\/www.gr2.com\/de\/sheppee\/#breadcrumb\",\"itemListElement\":[{\"@type\":\"ListItem\",\"position\":1,\"name\":\"Startseite\",\"item\":\"https:\/\/www.gr2.com\/de\/\"},{\"@type\":\"ListItem\",\"position\":2,\"name\":\"Sheppee\"}]},{\"@type\":\"WebSite\",\"@id\":\"https:\/\/www.gr2.com\/de\/#website\",\"url\":\"https:\/\/www.gr2.com\/de\/\",\"name\":\"GR\u00b2 GmbH\",\"description\":\"\",\"potentialAction\":[{\"@type\":\"SearchAction\",\"target\":{\"@type\":\"EntryPoint\",\"urlTemplate\":\"https:\/\/www.gr2.com\/de\/?s={search_term_string}\"},\"query-input\":\"required name=search_term_string\"}],\"inLanguage\":\"de\"}]}<\/script>\n<!-- \/ Yoast SEO plugin. -->","yoast_head_json":{"title":"Partnerschaft mit Sheppee - GR\u00b2 GmbH","description":"Wir kooperieren mit Sheppee International, der einzige weltweit aktive Hersteller, der sich ausschliesslich auf Beh\u00e4lterglastransport spezialisiert hat.","robots":{"index":"index","follow":"follow","max-snippet":"max-snippet:-1","max-image-preview":"max-image-preview:large","max-video-preview":"max-video-preview:-1"},"canonical":"https:\/\/www.gr2.com\/de\/sheppee\/","og_locale":"de_DE","og_type":"article","og_title":"Partnerschaft mit Sheppee - GR\u00b2 GmbH","og_description":"Wir kooperieren mit Sheppee International, der einzige weltweit aktive Hersteller, der sich ausschliesslich auf Beh\u00e4lterglastransport spezialisiert hat.","og_url":"https:\/\/www.gr2.com\/de\/sheppee\/","og_site_name":"GR\u00b2 GmbH","article_modified_time":"2020-08-12T14:44:09+00:00","og_image":[{"width":304,"height":87,"url":"https:\/\/www.gr2.com\/wp-content\/uploads\/premiumpartners\/logo\/images_premiumpartners_logo_sheppee-e1506518983514.jpg","type":"image\/jpeg"}],"twitter_card":"summary_large_image","twitter_misc":{"Gesch\u00e4tzte Lesezeit":"1\u00a0Minute"},"schema":{"@context":"https:\/\/schema.org","@graph":[{"@type":"WebPage","@id":"https:\/\/www.gr2.com\/de\/sheppee\/","url":"https:\/\/www.gr2.com\/de\/sheppee\/","name":"Partnerschaft mit Sheppee - GR\u00b2 GmbH","isPartOf":{"@id":"https:\/\/www.gr2.com\/de\/#website"},"primaryImageOfPage":{"@id":"https:\/\/www.gr2.com\/de\/sheppee\/#primaryimage"},"image":{"@id":"https:\/\/www.gr2.com\/de\/sheppee\/#primaryimage"},"thumbnailUrl":"https:\/\/www.gr2.com\/wp-content\/uploads\/premiumpartners\/logo\/images_premiumpartners_logo_sheppee-e1506518983514.jpg","datePublished":"2011-11-07T16:25:11+00:00","dateModified":"2020-08-12T14:44:09+00:00","description":"Wir kooperieren mit Sheppee International, der einzige weltweit aktive Hersteller, der sich ausschliesslich auf Beh\u00e4lterglastransport spezialisiert hat.","breadcrumb":{"@id":"https:\/\/www.gr2.com\/de\/sheppee\/#breadcrumb"},"inLanguage":"de","potentialAction":[{"@type":"ReadAction","target":["https:\/\/www.gr2.com\/de\/sheppee\/"]}]},{"@type":"ImageObject","inLanguage":"de","@id":"https:\/\/www.gr2.com\/de\/sheppee\/#primaryimage","url":"https:\/\/www.gr2.com\/wp-content\/uploads\/premiumpartners\/logo\/images_premiumpartners_logo_sheppee-e1506518983514.jpg","contentUrl":"https:\/\/www.gr2.com\/wp-content\/uploads\/premiumpartners\/logo\/images_premiumpartners_logo_sheppee-e1506518983514.jpg","width":304,"height":87,"caption":"Sheppee"},{"@type":"BreadcrumbList","@id":"https:\/\/www.gr2.com\/de\/sheppee\/#breadcrumb","itemListElement":[{"@type":"ListItem","position":1,"name":"Startseite","item":"https:\/\/www.gr2.com\/de\/"},{"@type":"ListItem","position":2,"name":"Sheppee"}]},{"@type":"WebSite","@id":"https:\/\/www.gr2.com\/de\/#website","url":"https:\/\/www.gr2.com\/de\/","name":"GR\u00b2 GmbH","description":"","potentialAction":[{"@type":"SearchAction","target":{"@type":"EntryPoint","urlTemplate":"https:\/\/www.gr2.com\/de\/?s={search_term_string}"},"query-input":"required name=search_term_string"}],"inLanguage":"de"}]}},"_links":{"self":[{"href":"https:\/\/www.gr2.com\/de\/wp-json\/wp\/v2\/pages\/190"}],"collection":[{"href":"https:\/\/www.gr2.com\/de\/wp-json\/wp\/v2\/pages"}],"about":[{"href":"https:\/\/www.gr2.com\/de\/wp-json\/wp\/v2\/types\/page"}],"author":[{"embeddable":true,"href":"https:\/\/www.gr2.com\/de\/wp-json\/wp\/v2\/users\/1"}],"replies":[{"embeddable":true,"href":"https:\/\/www.gr2.com\/de\/wp-json\/wp\/v2\/comments?post=190"}],"version-history":[{"count":5,"href":"https:\/\/www.gr2.com\/de\/wp-json\/wp\/v2\/pages\/190\/revisions"}],"predecessor-version":[{"id":2034,"href":"https:\/\/www.gr2.com\/de\/wp-json\/wp\/v2\/pages\/190\/revisions\/2034"}],"wp:featuredmedia":[{"embeddable":true,"href":"https:\/\/www.gr2.com\/de\/wp-json\/wp\/v2\/media\/166"}],"wp:attachment":[{"href":"https:\/\/www.gr2.com\/de\/wp-json\/wp\/v2\/media?parent=190"}],"curies":[{"name":"wp","href":"https:\/\/api.w.org\/{rel}","templated":true}]}}