{"id":185,"date":"2011-11-07T17:09:52","date_gmt":"2011-11-07T16:09:52","guid":{"rendered":"http:\/\/relaunch.gr2.com\/rondot-frog\/"},"modified":"2021-10-25T15:49:15","modified_gmt":"2021-10-25T13:49:15","slug":"rondot","status":"publish","type":"page","link":"https:\/\/www.gr2.com\/de\/rondot\/","title":{"rendered":"Rondot"},"content":{"rendered":"<section class=\"wpb-content-wrapper\"><p>[vc_row full_width=&#8220;stretch_row_content_no_spaces&#8220;][vc_column][vc_column_text]\n    \n    \n\n    \t\n    \t\n            <div data-uk-slideshow>\n                <ul class=\"uk-slideshow\">\n\n            \n                    <li class=\"slide\">\n\n                        <div class=\"uk-width-1-1 uk-height-1-1\" id=\"slider-wrapper\">\n                                <div class=\"slider-img-wrapper\">\n                                    <img decoding=\"async\" src=\"https:\/\/www.gr2.com\/wp-content\/uploads\/slide-1.jpg\" alt=\"\" \/>\n                                <\/div>\n\n                                <div class=\"slider-cc-wrapper\">\n                                                                    <\/div>\n                        <\/div>\n\n                    <\/li>\n\n            \n                <\/ul>\n            <\/div>\n\n        \n    \t\n    \t\n    \n\n    [\/vc_column_text][\/vc_column][\/vc_row][vc_row][vc_column][vc_column_text]<img loading=\"lazy\" decoding=\"async\" class=\"alignnone wp-image-184 size-medium\" style=\"margin: 0px 0px 10px;\" src=\"https:\/\/www.gr2.com\/wp-content\/uploads\/premiumpartners\/logo\/images_premiumpartners_logo_RondotSAS-300x73.png\" alt=\"Rondot SAS\" width=\"300\" height=\"73\" border=\"0\" srcset=\"https:\/\/www.gr2.com\/wp-content\/uploads\/premiumpartners\/logo\/images_premiumpartners_logo_RondotSAS-300x73.png 300w, https:\/\/www.gr2.com\/wp-content\/uploads\/premiumpartners\/logo\/images_premiumpartners_logo_RondotSAS.png 420w\" sizes=\"(max-width: 300px) 100vw, 300px\" \/>[\/vc_column_text][vc_row_inner][vc_column_inner el_class=&#8220;list&#8220; width=&#8220;1\/2&#8243; css=&#8220;.vc_custom_1500292899938{padding-right: 20px !important;}&#8220;][vc_column_text]<\/p>\n<h1>Rondot &#8211; Schwestergesellschaft<\/h1>\n<p>Rondot S.A.S\u00a0ist unsere Schwestergesellschaft innerhalb unserer Gruppe. Unter der Marke \u201eRondot\u201c werden viele innovative und spezialisierte Produkte f\u00fcr die\u00a0<a title=\"Glasindustrie - Qualit\u00e4tsprodukte von GR\u00b2 GmbH\" href=\"https:\/\/www.gr2.com\/de\/\">Glasindustrie<\/a>\u00a0vertrieben.\u00a0 Zu dem Rondot-Lieferprogramm geh\u00f6ren unter anderem Edelstahl-Scoops, Stahl- und Gussrinnen, Tropfringhalter, Patronenventile, Greiferk\u00f6pfe und Greifereinheiten, Sonderanfertigung von variablen Teilen, Messger\u00e4te f\u00fcr Formentemperatur sowie Messger\u00e4te f\u00fcr Tropfengeschwindigkeit, Tropfenl\u00e4nge und Tropfentemperatur.<\/p>\n<p><a href=\"http:\/\/www.rondot-glass.com\/\" target=\"_blank\" rel=\"nofollow noopener noreferrer\">www.rondot-glass.com<\/a>[\/vc_column_text][\/vc_column_inner][vc_column_inner width=&#8220;1\/2&#8243;][vc_column_text][\/vc_column_text][\/vc_column_inner][\/vc_row_inner][\/vc_column][\/vc_row][vc_row][vc_column][vc_column_text]gr\u00b2 ist einer der f\u00fchrenden Hersteller in der <a title=\"Glasindustrie\" href=\"https:\/\/www.gr2.com\/de\/\">Glasindustrie<\/a>. Ob <a title=\"Beh\u00e4lterglas\" href=\"https:\/\/www.gr2.com\/de\/behaelterglas\/\">Beh\u00e4lterglas<\/a> oder <a title=\"Scherenmesser\" href=\"https:\/\/www.gr2.com\/de\/scherenmesser\/\">Scherenmesser<\/a> &#8211; wir versorgen Sie mit jeglicher Ausr\u00fcstung, die Sie f\u00fcr die Glasproduktion und Glasverarbeitung ben\u00f6tigen. Sie ben\u00f6tigen z.B. die besten <a title=\"Feuerfestmaterial\" href=\"https:\/\/www.gr2.com\/de\/psr-feuerfestmaterial\/\">Feuerfestmaterialien<\/a>? Wir kooperieren mit den f\u00fchrenden Herstellern in der Glasindustrie wie PSR, Rondot, Graphoidal und mehr. Wir freuen uns auf Ihre Anfrage.[\/vc_column_text][\/vc_column][\/vc_row]<\/p>\n<\/section>","protected":false},"excerpt":{"rendered":"<p>[vc_row full_width=&#8220;stretch_row_content_no_spaces&#8220;][vc_column][vc_column_text][\/vc_column_text][\/vc_column][\/vc_row][vc_row][vc_column][vc_column_text][\/vc_column_text][vc_row_inner][vc_column_inner el_class=&#8220;list&#8220; width=&#8220;1\/2&#8243; css=&#8220;.vc_custom_1500292899938{padding-right: 20px !important;}&#8220;][vc_column_text] Rondot &#8211; Schwestergesellschaft Rondot S.A.S\u00a0ist unsere Schwestergesellschaft innerhalb unserer Gruppe. Unter der Marke \u201eRondot\u201c werden viele innovative und spezialisierte Produkte f\u00fcr die\u00a0Glasindustrie\u00a0vertrieben.\u00a0 Zu dem Rondot-Lieferprogramm geh\u00f6ren unter anderem Edelstahl-Scoops, Stahl- und Gussrinnen, Tropfringhalter, Patronenventile, Greiferk\u00f6pfe und Greifereinheiten, Sonderanfertigung von variablen Teilen, Messger\u00e4te f\u00fcr Formentemperatur sowie Messger\u00e4te f\u00fcr Tropfengeschwindigkeit, [&hellip;]<\/p>\n","protected":false},"author":1,"featured_media":183,"parent":0,"menu_order":13,"comment_status":"closed","ping_status":"closed","template":"","meta":{"_acf_changed":false,"inline_featured_image":false,"footnotes":""},"acf":[],"yoast_head":"<!-- This site is optimized with the Yoast SEO plugin v22.4 - https:\/\/yoast.com\/wordpress\/plugins\/seo\/ -->\n<title>Rondot S.A.S. Schwestergesellschaft - GR\u00b2 GmbH<\/title>\n<meta name=\"description\" content=\"Rondot S.A.S ist unsere Schwestergesellschaft der gr\u00b2-Gruppe. Unter der Marke werden viele innovative Produkte f\u00fcr die Glasindustrie vertrieben.\" \/>\n<meta name=\"robots\" content=\"index, follow, max-snippet:-1, max-image-preview:large, max-video-preview:-1\" \/>\n<link rel=\"canonical\" href=\"https:\/\/www.gr2.com\/de\/rondot\/\" \/>\n<meta property=\"og:locale\" content=\"de_DE\" \/>\n<meta property=\"og:type\" content=\"article\" \/>\n<meta property=\"og:title\" content=\"Rondot S.A.S. Schwestergesellschaft - GR\u00b2 GmbH\" \/>\n<meta property=\"og:description\" content=\"Rondot S.A.S ist unsere Schwestergesellschaft der gr\u00b2-Gruppe. Unter der Marke werden viele innovative Produkte f\u00fcr die Glasindustrie vertrieben.\" \/>\n<meta property=\"og:url\" content=\"https:\/\/www.gr2.com\/de\/rondot\/\" \/>\n<meta property=\"og:site_name\" content=\"GR\u00b2 GmbH\" \/>\n<meta property=\"article:modified_time\" content=\"2021-10-25T13:49:15+00:00\" \/>\n<meta property=\"og:image\" content=\"https:\/\/www.gr2.com\/wp-content\/uploads\/premiumpartners\/logo\/images_premiumpartners_logo_rondot-frog.png\" \/>\n\t<meta property=\"og:image:width\" content=\"420\" \/>\n\t<meta property=\"og:image:height\" content=\"137\" \/>\n\t<meta property=\"og:image:type\" content=\"image\/png\" \/>\n<meta name=\"twitter:card\" content=\"summary_large_image\" \/>\n<meta name=\"twitter:label1\" content=\"Gesch\u00e4tzte Lesezeit\" \/>\n\t<meta name=\"twitter:data1\" content=\"1\u00a0Minute\" \/>\n<script type=\"application\/ld+json\" class=\"yoast-schema-graph\">{\"@context\":\"https:\/\/schema.org\",\"@graph\":[{\"@type\":\"WebPage\",\"@id\":\"https:\/\/www.gr2.com\/de\/rondot\/\",\"url\":\"https:\/\/www.gr2.com\/de\/rondot\/\",\"name\":\"Rondot S.A.S. Schwestergesellschaft - GR\u00b2 GmbH\",\"isPartOf\":{\"@id\":\"https:\/\/www.gr2.com\/de\/#website\"},\"primaryImageOfPage\":{\"@id\":\"https:\/\/www.gr2.com\/de\/rondot\/#primaryimage\"},\"image\":{\"@id\":\"https:\/\/www.gr2.com\/de\/rondot\/#primaryimage\"},\"thumbnailUrl\":\"https:\/\/www.gr2.com\/wp-content\/uploads\/premiumpartners\/logo\/images_premiumpartners_logo_rondot-frog.png\",\"datePublished\":\"2011-11-07T16:09:52+00:00\",\"dateModified\":\"2021-10-25T13:49:15+00:00\",\"description\":\"Rondot S.A.S ist unsere Schwestergesellschaft der gr\u00b2-Gruppe. Unter der Marke werden viele innovative Produkte f\u00fcr die Glasindustrie vertrieben.\",\"breadcrumb\":{\"@id\":\"https:\/\/www.gr2.com\/de\/rondot\/#breadcrumb\"},\"inLanguage\":\"de\",\"potentialAction\":[{\"@type\":\"ReadAction\",\"target\":[\"https:\/\/www.gr2.com\/de\/rondot\/\"]}]},{\"@type\":\"ImageObject\",\"inLanguage\":\"de\",\"@id\":\"https:\/\/www.gr2.com\/de\/rondot\/#primaryimage\",\"url\":\"https:\/\/www.gr2.com\/wp-content\/uploads\/premiumpartners\/logo\/images_premiumpartners_logo_rondot-frog.png\",\"contentUrl\":\"https:\/\/www.gr2.com\/wp-content\/uploads\/premiumpartners\/logo\/images_premiumpartners_logo_rondot-frog.png\",\"width\":420,\"height\":137,\"caption\":\"Frog\"},{\"@type\":\"BreadcrumbList\",\"@id\":\"https:\/\/www.gr2.com\/de\/rondot\/#breadcrumb\",\"itemListElement\":[{\"@type\":\"ListItem\",\"position\":1,\"name\":\"Startseite\",\"item\":\"https:\/\/www.gr2.com\/de\/\"},{\"@type\":\"ListItem\",\"position\":2,\"name\":\"Rondot\"}]},{\"@type\":\"WebSite\",\"@id\":\"https:\/\/www.gr2.com\/de\/#website\",\"url\":\"https:\/\/www.gr2.com\/de\/\",\"name\":\"GR\u00b2 GmbH\",\"description\":\"\",\"potentialAction\":[{\"@type\":\"SearchAction\",\"target\":{\"@type\":\"EntryPoint\",\"urlTemplate\":\"https:\/\/www.gr2.com\/de\/?s={search_term_string}\"},\"query-input\":\"required name=search_term_string\"}],\"inLanguage\":\"de\"}]}<\/script>\n<!-- \/ Yoast SEO plugin. -->","yoast_head_json":{"title":"Rondot S.A.S. Schwestergesellschaft - GR\u00b2 GmbH","description":"Rondot S.A.S ist unsere Schwestergesellschaft der gr\u00b2-Gruppe. Unter der Marke werden viele innovative Produkte f\u00fcr die Glasindustrie vertrieben.","robots":{"index":"index","follow":"follow","max-snippet":"max-snippet:-1","max-image-preview":"max-image-preview:large","max-video-preview":"max-video-preview:-1"},"canonical":"https:\/\/www.gr2.com\/de\/rondot\/","og_locale":"de_DE","og_type":"article","og_title":"Rondot S.A.S. Schwestergesellschaft - GR\u00b2 GmbH","og_description":"Rondot S.A.S ist unsere Schwestergesellschaft der gr\u00b2-Gruppe. Unter der Marke werden viele innovative Produkte f\u00fcr die Glasindustrie vertrieben.","og_url":"https:\/\/www.gr2.com\/de\/rondot\/","og_site_name":"GR\u00b2 GmbH","article_modified_time":"2021-10-25T13:49:15+00:00","og_image":[{"width":420,"height":137,"url":"https:\/\/www.gr2.com\/wp-content\/uploads\/premiumpartners\/logo\/images_premiumpartners_logo_rondot-frog.png","type":"image\/png"}],"twitter_card":"summary_large_image","twitter_misc":{"Gesch\u00e4tzte Lesezeit":"1\u00a0Minute"},"schema":{"@context":"https:\/\/schema.org","@graph":[{"@type":"WebPage","@id":"https:\/\/www.gr2.com\/de\/rondot\/","url":"https:\/\/www.gr2.com\/de\/rondot\/","name":"Rondot S.A.S. Schwestergesellschaft - GR\u00b2 GmbH","isPartOf":{"@id":"https:\/\/www.gr2.com\/de\/#website"},"primaryImageOfPage":{"@id":"https:\/\/www.gr2.com\/de\/rondot\/#primaryimage"},"image":{"@id":"https:\/\/www.gr2.com\/de\/rondot\/#primaryimage"},"thumbnailUrl":"https:\/\/www.gr2.com\/wp-content\/uploads\/premiumpartners\/logo\/images_premiumpartners_logo_rondot-frog.png","datePublished":"2011-11-07T16:09:52+00:00","dateModified":"2021-10-25T13:49:15+00:00","description":"Rondot S.A.S ist unsere Schwestergesellschaft der gr\u00b2-Gruppe. Unter der Marke werden viele innovative Produkte f\u00fcr die Glasindustrie vertrieben.","breadcrumb":{"@id":"https:\/\/www.gr2.com\/de\/rondot\/#breadcrumb"},"inLanguage":"de","potentialAction":[{"@type":"ReadAction","target":["https:\/\/www.gr2.com\/de\/rondot\/"]}]},{"@type":"ImageObject","inLanguage":"de","@id":"https:\/\/www.gr2.com\/de\/rondot\/#primaryimage","url":"https:\/\/www.gr2.com\/wp-content\/uploads\/premiumpartners\/logo\/images_premiumpartners_logo_rondot-frog.png","contentUrl":"https:\/\/www.gr2.com\/wp-content\/uploads\/premiumpartners\/logo\/images_premiumpartners_logo_rondot-frog.png","width":420,"height":137,"caption":"Frog"},{"@type":"BreadcrumbList","@id":"https:\/\/www.gr2.com\/de\/rondot\/#breadcrumb","itemListElement":[{"@type":"ListItem","position":1,"name":"Startseite","item":"https:\/\/www.gr2.com\/de\/"},{"@type":"ListItem","position":2,"name":"Rondot"}]},{"@type":"WebSite","@id":"https:\/\/www.gr2.com\/de\/#website","url":"https:\/\/www.gr2.com\/de\/","name":"GR\u00b2 GmbH","description":"","potentialAction":[{"@type":"SearchAction","target":{"@type":"EntryPoint","urlTemplate":"https:\/\/www.gr2.com\/de\/?s={search_term_string}"},"query-input":"required name=search_term_string"}],"inLanguage":"de"}]}},"_links":{"self":[{"href":"https:\/\/www.gr2.com\/de\/wp-json\/wp\/v2\/pages\/185"}],"collection":[{"href":"https:\/\/www.gr2.com\/de\/wp-json\/wp\/v2\/pages"}],"about":[{"href":"https:\/\/www.gr2.com\/de\/wp-json\/wp\/v2\/types\/page"}],"author":[{"embeddable":true,"href":"https:\/\/www.gr2.com\/de\/wp-json\/wp\/v2\/users\/1"}],"replies":[{"embeddable":true,"href":"https:\/\/www.gr2.com\/de\/wp-json\/wp\/v2\/comments?post=185"}],"version-history":[{"count":11,"href":"https:\/\/www.gr2.com\/de\/wp-json\/wp\/v2\/pages\/185\/revisions"}],"predecessor-version":[{"id":2048,"href":"https:\/\/www.gr2.com\/de\/wp-json\/wp\/v2\/pages\/185\/revisions\/2048"}],"wp:featuredmedia":[{"embeddable":true,"href":"https:\/\/www.gr2.com\/de\/wp-json\/wp\/v2\/media\/183"}],"wp:attachment":[{"href":"https:\/\/www.gr2.com\/de\/wp-json\/wp\/v2\/media?parent=185"}],"curies":[{"name":"wp","href":"https:\/\/api.w.org\/{rel}","templated":true}]}}