{"id":178,"date":"2011-11-07T16:09:13","date_gmt":"2011-11-07T15:09:13","guid":{"rendered":"http:\/\/relaunch.gr2.com\/psr\/"},"modified":"2020-08-12T16:45:52","modified_gmt":"2020-08-12T14:45:52","slug":"parkinson-spencer-refractories","status":"publish","type":"page","link":"https:\/\/www.gr2.com\/de\/parkinson-spencer-refractories\/","title":{"rendered":"PSR"},"content":{"rendered":"<section class=\"wpb-content-wrapper\"><p>[vc_row full_width=&#8220;stretch_row_content_no_spaces&#8220;][vc_column][vc_column_text]\n    \n    \n\n    \t\n    \t\n            <div data-uk-slideshow>\n                <ul class=\"uk-slideshow\">\n\n            \n                    <li class=\"slide\">\n\n                        <div class=\"uk-width-1-1 uk-height-1-1\" id=\"slider-wrapper\">\n                                <div class=\"slider-img-wrapper\">\n                                    <img decoding=\"async\" src=\"https:\/\/www.gr2.com\/wp-content\/uploads\/slide-1.jpg\" alt=\"\" \/>\n                                <\/div>\n\n                                <div class=\"slider-cc-wrapper\">\n                                                                    <\/div>\n                        <\/div>\n\n                    <\/li>\n\n            \n                <\/ul>\n            <\/div>\n\n        \n    \t\n    \t\n    \n\n    [\/vc_column_text][\/vc_column][\/vc_row][vc_row][vc_column][vc_column_text]<img loading=\"lazy\" decoding=\"async\" class=\"alignnone wp-image-177 size-full\" style=\"margin: 0px 0px 20px;\" src=\"https:\/\/www.gr2.com\/wp-content\/uploads\/premiumpartners\/logo\/images_premiumpartners_logo_PSR-logo-e1506518399497.png\" alt=\"parkinson-spencer\" width=\"147\" height=\"87\" border=\"0\" \/>[\/vc_column_text][vc_row_inner][vc_column_inner el_class=&#8220;list&#8220; width=&#8220;1\/2&#8243; css=&#8220;.vc_custom_1500292899938{padding-right: 20px !important;}&#8220;][vc_column_text]<\/p>\n<h1>Partnerschaft mit Parkinson Spencer Refractories (PSR)<\/h1>\n<p>Parkinson Spencer Refractories (PSR) ist ein f\u00fchrender Hersteller von Feuerfestmaterialien, Speisersystemen sowie Befeuerungssystemen f\u00fcr Arbeitswannen und Vorherde. Seit mehr als 200 Jahren beliefert PSR die\u00a0<a title=\"Glasindustrie - Qualit\u00e4tsprodukte von GR\u00b2 GmbH\" href=\"https:\/\/www.gr2.com\/de\/\">Glasindustrie<\/a>\u00a0mit Qualit\u00e4tsprodukten und verf\u00fcgt daher \u00fcber ein unendlich wertvolles Erfahrungsspektrum.<\/p>\n<p><a href=\"http:\/\/www.parkinson-spencer.co.uk\/\" target=\"_blank\" rel=\"nofollow noopener noreferrer\">www.parkinson-spencer.co.uk<\/a>[\/vc_column_text][\/vc_column_inner][vc_column_inner width=&#8220;1\/2&#8243;][vc_column_text][\/vc_column_text][\/vc_column_inner][\/vc_row_inner][\/vc_column][\/vc_row]<\/p>\n<\/section>","protected":false},"excerpt":{"rendered":"<p>[vc_row full_width=&#8220;stretch_row_content_no_spaces&#8220;][vc_column][vc_column_text][\/vc_column_text][\/vc_column][\/vc_row][vc_row][vc_column][vc_column_text][\/vc_column_text][vc_row_inner][vc_column_inner el_class=&#8220;list&#8220; width=&#8220;1\/2&#8243; css=&#8220;.vc_custom_1500292899938{padding-right: 20px !important;}&#8220;][vc_column_text] Partnerschaft mit Parkinson Spencer Refractories (PSR) Parkinson Spencer Refractories (PSR) ist ein f\u00fchrender Hersteller von Feuerfestmaterialien, Speisersystemen sowie Befeuerungssystemen f\u00fcr Arbeitswannen und Vorherde. Seit mehr als 200 Jahren beliefert PSR die\u00a0Glasindustrie\u00a0mit Qualit\u00e4tsprodukten und verf\u00fcgt daher \u00fcber ein unendlich wertvolles Erfahrungsspektrum. www.parkinson-spencer.co.uk[\/vc_column_text][\/vc_column_inner][vc_column_inner width=&#8220;1\/2&#8243;][vc_column_text][\/vc_column_text][\/vc_column_inner][\/vc_row_inner][\/vc_column][\/vc_row]<\/p>\n","protected":false},"author":1,"featured_media":177,"parent":0,"menu_order":17,"comment_status":"closed","ping_status":"closed","template":"","meta":{"_acf_changed":false,"inline_featured_image":false,"footnotes":""},"acf":[],"yoast_head":"<!-- This site is optimized with the Yoast SEO plugin v22.4 - https:\/\/yoast.com\/wordpress\/plugins\/seo\/ -->\n<title>Parkinson Spencer Refractories - PSR - GR\u00b2 GmbH<\/title>\n<meta name=\"description\" content=\"Parkinson Spencer Refractories (PSR) ist ein f\u00fchrender Hersteller in der Glasindustrie - seit 200 Jahren. Wir sind stolzer Partner.\" \/>\n<meta name=\"robots\" content=\"index, follow, max-snippet:-1, max-image-preview:large, max-video-preview:-1\" \/>\n<link rel=\"canonical\" href=\"https:\/\/www.gr2.com\/de\/parkinson-spencer-refractories\/\" \/>\n<meta property=\"og:locale\" content=\"de_DE\" \/>\n<meta property=\"og:type\" content=\"article\" \/>\n<meta property=\"og:title\" content=\"Parkinson Spencer Refractories - PSR - GR\u00b2 GmbH\" \/>\n<meta property=\"og:description\" content=\"Parkinson Spencer Refractories (PSR) ist ein f\u00fchrender Hersteller in der Glasindustrie - seit 200 Jahren. Wir sind stolzer Partner.\" \/>\n<meta property=\"og:url\" content=\"https:\/\/www.gr2.com\/de\/parkinson-spencer-refractories\/\" \/>\n<meta property=\"og:site_name\" content=\"GR\u00b2 GmbH\" \/>\n<meta property=\"article:modified_time\" content=\"2020-08-12T14:45:52+00:00\" \/>\n<meta property=\"og:image\" content=\"https:\/\/www.gr2.com\/wp-content\/uploads\/premiumpartners\/logo\/images_premiumpartners_logo_PSR-logo-e1506518399497.png\" \/>\n\t<meta property=\"og:image:width\" content=\"147\" \/>\n\t<meta property=\"og:image:height\" content=\"87\" \/>\n\t<meta property=\"og:image:type\" content=\"image\/png\" \/>\n<meta name=\"twitter:card\" content=\"summary_large_image\" \/>\n<meta name=\"twitter:label1\" content=\"Gesch\u00e4tzte Lesezeit\" \/>\n\t<meta name=\"twitter:data1\" content=\"1\u00a0Minute\" \/>\n<script type=\"application\/ld+json\" class=\"yoast-schema-graph\">{\"@context\":\"https:\/\/schema.org\",\"@graph\":[{\"@type\":\"WebPage\",\"@id\":\"https:\/\/www.gr2.com\/de\/parkinson-spencer-refractories\/\",\"url\":\"https:\/\/www.gr2.com\/de\/parkinson-spencer-refractories\/\",\"name\":\"Parkinson Spencer Refractories - PSR - GR\u00b2 GmbH\",\"isPartOf\":{\"@id\":\"https:\/\/www.gr2.com\/de\/#website\"},\"primaryImageOfPage\":{\"@id\":\"https:\/\/www.gr2.com\/de\/parkinson-spencer-refractories\/#primaryimage\"},\"image\":{\"@id\":\"https:\/\/www.gr2.com\/de\/parkinson-spencer-refractories\/#primaryimage\"},\"thumbnailUrl\":\"https:\/\/www.gr2.com\/wp-content\/uploads\/premiumpartners\/logo\/images_premiumpartners_logo_PSR-logo-e1506518399497.png\",\"datePublished\":\"2011-11-07T15:09:13+00:00\",\"dateModified\":\"2020-08-12T14:45:52+00:00\",\"description\":\"Parkinson Spencer Refractories (PSR) ist ein f\u00fchrender Hersteller in der Glasindustrie - seit 200 Jahren. Wir sind stolzer Partner.\",\"breadcrumb\":{\"@id\":\"https:\/\/www.gr2.com\/de\/parkinson-spencer-refractories\/#breadcrumb\"},\"inLanguage\":\"de\",\"potentialAction\":[{\"@type\":\"ReadAction\",\"target\":[\"https:\/\/www.gr2.com\/de\/parkinson-spencer-refractories\/\"]}]},{\"@type\":\"ImageObject\",\"inLanguage\":\"de\",\"@id\":\"https:\/\/www.gr2.com\/de\/parkinson-spencer-refractories\/#primaryimage\",\"url\":\"https:\/\/www.gr2.com\/wp-content\/uploads\/premiumpartners\/logo\/images_premiumpartners_logo_PSR-logo-e1506518399497.png\",\"contentUrl\":\"https:\/\/www.gr2.com\/wp-content\/uploads\/premiumpartners\/logo\/images_premiumpartners_logo_PSR-logo-e1506518399497.png\",\"width\":147,\"height\":87,\"caption\":\"parkinson-spencer\"},{\"@type\":\"BreadcrumbList\",\"@id\":\"https:\/\/www.gr2.com\/de\/parkinson-spencer-refractories\/#breadcrumb\",\"itemListElement\":[{\"@type\":\"ListItem\",\"position\":1,\"name\":\"Startseite\",\"item\":\"https:\/\/www.gr2.com\/de\/\"},{\"@type\":\"ListItem\",\"position\":2,\"name\":\"PSR\"}]},{\"@type\":\"WebSite\",\"@id\":\"https:\/\/www.gr2.com\/de\/#website\",\"url\":\"https:\/\/www.gr2.com\/de\/\",\"name\":\"GR\u00b2 GmbH\",\"description\":\"\",\"potentialAction\":[{\"@type\":\"SearchAction\",\"target\":{\"@type\":\"EntryPoint\",\"urlTemplate\":\"https:\/\/www.gr2.com\/de\/?s={search_term_string}\"},\"query-input\":\"required name=search_term_string\"}],\"inLanguage\":\"de\"}]}<\/script>\n<!-- \/ Yoast SEO plugin. -->","yoast_head_json":{"title":"Parkinson Spencer Refractories - PSR - GR\u00b2 GmbH","description":"Parkinson Spencer Refractories (PSR) ist ein f\u00fchrender Hersteller in der Glasindustrie - seit 200 Jahren. Wir sind stolzer Partner.","robots":{"index":"index","follow":"follow","max-snippet":"max-snippet:-1","max-image-preview":"max-image-preview:large","max-video-preview":"max-video-preview:-1"},"canonical":"https:\/\/www.gr2.com\/de\/parkinson-spencer-refractories\/","og_locale":"de_DE","og_type":"article","og_title":"Parkinson Spencer Refractories - PSR - GR\u00b2 GmbH","og_description":"Parkinson Spencer Refractories (PSR) ist ein f\u00fchrender Hersteller in der Glasindustrie - seit 200 Jahren. Wir sind stolzer Partner.","og_url":"https:\/\/www.gr2.com\/de\/parkinson-spencer-refractories\/","og_site_name":"GR\u00b2 GmbH","article_modified_time":"2020-08-12T14:45:52+00:00","og_image":[{"width":147,"height":87,"url":"https:\/\/www.gr2.com\/wp-content\/uploads\/premiumpartners\/logo\/images_premiumpartners_logo_PSR-logo-e1506518399497.png","type":"image\/png"}],"twitter_card":"summary_large_image","twitter_misc":{"Gesch\u00e4tzte Lesezeit":"1\u00a0Minute"},"schema":{"@context":"https:\/\/schema.org","@graph":[{"@type":"WebPage","@id":"https:\/\/www.gr2.com\/de\/parkinson-spencer-refractories\/","url":"https:\/\/www.gr2.com\/de\/parkinson-spencer-refractories\/","name":"Parkinson Spencer Refractories - PSR - GR\u00b2 GmbH","isPartOf":{"@id":"https:\/\/www.gr2.com\/de\/#website"},"primaryImageOfPage":{"@id":"https:\/\/www.gr2.com\/de\/parkinson-spencer-refractories\/#primaryimage"},"image":{"@id":"https:\/\/www.gr2.com\/de\/parkinson-spencer-refractories\/#primaryimage"},"thumbnailUrl":"https:\/\/www.gr2.com\/wp-content\/uploads\/premiumpartners\/logo\/images_premiumpartners_logo_PSR-logo-e1506518399497.png","datePublished":"2011-11-07T15:09:13+00:00","dateModified":"2020-08-12T14:45:52+00:00","description":"Parkinson Spencer Refractories (PSR) ist ein f\u00fchrender Hersteller in der Glasindustrie - seit 200 Jahren. Wir sind stolzer Partner.","breadcrumb":{"@id":"https:\/\/www.gr2.com\/de\/parkinson-spencer-refractories\/#breadcrumb"},"inLanguage":"de","potentialAction":[{"@type":"ReadAction","target":["https:\/\/www.gr2.com\/de\/parkinson-spencer-refractories\/"]}]},{"@type":"ImageObject","inLanguage":"de","@id":"https:\/\/www.gr2.com\/de\/parkinson-spencer-refractories\/#primaryimage","url":"https:\/\/www.gr2.com\/wp-content\/uploads\/premiumpartners\/logo\/images_premiumpartners_logo_PSR-logo-e1506518399497.png","contentUrl":"https:\/\/www.gr2.com\/wp-content\/uploads\/premiumpartners\/logo\/images_premiumpartners_logo_PSR-logo-e1506518399497.png","width":147,"height":87,"caption":"parkinson-spencer"},{"@type":"BreadcrumbList","@id":"https:\/\/www.gr2.com\/de\/parkinson-spencer-refractories\/#breadcrumb","itemListElement":[{"@type":"ListItem","position":1,"name":"Startseite","item":"https:\/\/www.gr2.com\/de\/"},{"@type":"ListItem","position":2,"name":"PSR"}]},{"@type":"WebSite","@id":"https:\/\/www.gr2.com\/de\/#website","url":"https:\/\/www.gr2.com\/de\/","name":"GR\u00b2 GmbH","description":"","potentialAction":[{"@type":"SearchAction","target":{"@type":"EntryPoint","urlTemplate":"https:\/\/www.gr2.com\/de\/?s={search_term_string}"},"query-input":"required name=search_term_string"}],"inLanguage":"de"}]}},"_links":{"self":[{"href":"https:\/\/www.gr2.com\/de\/wp-json\/wp\/v2\/pages\/178"}],"collection":[{"href":"https:\/\/www.gr2.com\/de\/wp-json\/wp\/v2\/pages"}],"about":[{"href":"https:\/\/www.gr2.com\/de\/wp-json\/wp\/v2\/types\/page"}],"author":[{"embeddable":true,"href":"https:\/\/www.gr2.com\/de\/wp-json\/wp\/v2\/users\/1"}],"replies":[{"embeddable":true,"href":"https:\/\/www.gr2.com\/de\/wp-json\/wp\/v2\/comments?post=178"}],"version-history":[{"count":6,"href":"https:\/\/www.gr2.com\/de\/wp-json\/wp\/v2\/pages\/178\/revisions"}],"predecessor-version":[{"id":2037,"href":"https:\/\/www.gr2.com\/de\/wp-json\/wp\/v2\/pages\/178\/revisions\/2037"}],"wp:featuredmedia":[{"embeddable":true,"href":"https:\/\/www.gr2.com\/de\/wp-json\/wp\/v2\/media\/177"}],"wp:attachment":[{"href":"https:\/\/www.gr2.com\/de\/wp-json\/wp\/v2\/media?parent=178"}],"curies":[{"name":"wp","href":"https:\/\/api.w.org\/{rel}","templated":true}]}}