{"id":172,"date":"2011-11-07T13:13:24","date_gmt":"2011-11-07T12:13:24","guid":{"rendered":"http:\/\/relaunch.gr2.com\/graphoidal\/"},"modified":"2020-07-28T10:47:52","modified_gmt":"2020-07-28T08:47:52","slug":"graphoidal","status":"publish","type":"page","link":"https:\/\/www.gr2.com\/de\/graphoidal\/","title":{"rendered":"Graphoidal"},"content":{"rendered":"<section class=\"wpb-content-wrapper\"><p>[vc_row full_width=&#8220;stretch_row_content_no_spaces&#8220;][vc_column][vc_column_text]\n    \n    \n\n    \t\n    \t\n            <div data-uk-slideshow>\n                <ul class=\"uk-slideshow\">\n\n            \n                    <li class=\"slide\">\n\n                        <div class=\"uk-width-1-1 uk-height-1-1\" id=\"slider-wrapper\">\n                                <div class=\"slider-img-wrapper\">\n                                    <img decoding=\"async\" src=\"https:\/\/www.gr2.com\/wp-content\/uploads\/slide-1.jpg\" alt=\"\" \/>\n                                <\/div>\n\n                                <div class=\"slider-cc-wrapper\">\n                                                                    <\/div>\n                        <\/div>\n\n                    <\/li>\n\n            \n                <\/ul>\n            <\/div>\n\n        \n    \t\n    \t\n    \n\n    [\/vc_column_text][\/vc_column][\/vc_row][vc_row][vc_column][vc_column_text]<\/p>\n<h1><img loading=\"lazy\" decoding=\"async\" class=\" size-full wp-image-151\" style=\"margin: 0px 0px 20px;\" src=\"https:\/\/www.gr2.com\/wp-content\/uploads\/premiumpartners\/logo\/images_premiumpartners_logo_graphoidal-logo.jpg\" alt=\"Graphoidal\" width=\"420\" height=\"87\" border=\"0\" srcset=\"https:\/\/www.gr2.com\/wp-content\/uploads\/premiumpartners\/logo\/images_premiumpartners_logo_graphoidal-logo.jpg 420w, https:\/\/www.gr2.com\/wp-content\/uploads\/premiumpartners\/logo\/images_premiumpartners_logo_graphoidal-logo-300x62.jpg 300w\" sizes=\"(max-width: 420px) 100vw, 420px\" \/><\/h1>\n<p>[\/vc_column_text][vc_row_inner][vc_column_inner el_class=&#8220;list&#8220; width=&#8220;1\/2&#8243; css=&#8220;.vc_custom_1500292899938{padding-right: 20px !important;}&#8220;][vc_column_text]Die Firma Graphoidal Developments ist eine unserer Schwesterfirmen innerhalb unserer Gruppe und der weltweit f\u00fchrende Hersteller im Bereich Fl\u00fcssigkeitsdosiersystemen f\u00fcr die\u00a0<a title=\"Glasindustrie - Qualit\u00e4tsprodukte von GR\u00b2 GmbH\" href=\"https:\/\/www.gr2.com\/de\/\">Glasindustrie<\/a>\u00a0von Beh\u00e4lterglas. Graphoidals Lieferprogramm umfasst unter anderem Scheren-bespr\u00fchungsysteme, Scooprinnen-Bespr\u00fchungssysteme, Zentralschmiersysteme f\u00fcr IS-Maschinen, Kaltendspr\u00fchbr\u00fccken sowie Kaltenddosiersysteme f\u00fcr Kaltendverg\u00fctungsanlagen.<\/p>\n<p><a href=\"https:\/\/www.graphoidal.com\/\" target=\"_blank\" rel=\"nofollow noopener noreferrer\">www.graphoidal.com<\/a>[\/vc_column_text][\/vc_column_inner][vc_column_inner width=&#8220;1\/2&#8243;][vc_column_text][\/vc_column_text][\/vc_column_inner][\/vc_row_inner][\/vc_column][\/vc_row]<\/p>\n<\/section>","protected":false},"excerpt":{"rendered":"<p>[vc_row full_width=&#8220;stretch_row_content_no_spaces&#8220;][vc_column][vc_column_text][\/vc_column_text][\/vc_column][\/vc_row][vc_row][vc_column][vc_column_text] [\/vc_column_text][vc_row_inner][vc_column_inner el_class=&#8220;list&#8220; width=&#8220;1\/2&#8243; css=&#8220;.vc_custom_1500292899938{padding-right: 20px !important;}&#8220;][vc_column_text]Die Firma Graphoidal Developments ist eine unserer Schwesterfirmen innerhalb unserer Gruppe und der weltweit f\u00fchrende Hersteller im Bereich Fl\u00fcssigkeitsdosiersystemen f\u00fcr die\u00a0Glasindustrie\u00a0von Beh\u00e4lterglas. Graphoidals Lieferprogramm umfasst unter anderem Scheren-bespr\u00fchungsysteme, Scooprinnen-Bespr\u00fchungssysteme, Zentralschmiersysteme f\u00fcr IS-Maschinen, Kaltendspr\u00fchbr\u00fccken sowie Kaltenddosiersysteme f\u00fcr Kaltendverg\u00fctungsanlagen. www.graphoidal.com[\/vc_column_text][\/vc_column_inner][vc_column_inner width=&#8220;1\/2&#8243;][vc_column_text][\/vc_column_text][\/vc_column_inner][\/vc_row_inner][\/vc_column][\/vc_row]<\/p>\n","protected":false},"author":1,"featured_media":151,"parent":0,"menu_order":21,"comment_status":"closed","ping_status":"closed","template":"","meta":{"_acf_changed":false,"inline_featured_image":false,"footnotes":""},"acf":[],"yoast_head":"<!-- This site is optimized with the Yoast SEO plugin v22.4 - https:\/\/yoast.com\/wordpress\/plugins\/seo\/ -->\n<title>Graphoidal Developments - Schwesterfirma - GR\u00b2 GmbH<\/title>\n<meta name=\"description\" content=\"Graphoidal Developments ist der weltweit f\u00fchrende Hersteller im Bereich Fl\u00fcssigkeitsdosiersystemen f\u00fcr die Glasindustrie von Beh\u00e4lterglas.\" \/>\n<meta name=\"robots\" content=\"index, follow, max-snippet:-1, max-image-preview:large, max-video-preview:-1\" \/>\n<link rel=\"canonical\" href=\"https:\/\/www.gr2.com\/de\/graphoidal\/\" \/>\n<meta property=\"og:locale\" content=\"de_DE\" \/>\n<meta property=\"og:type\" content=\"article\" \/>\n<meta property=\"og:title\" content=\"Graphoidal Developments - Schwesterfirma - GR\u00b2 GmbH\" \/>\n<meta property=\"og:description\" content=\"Graphoidal Developments ist der weltweit f\u00fchrende Hersteller im Bereich Fl\u00fcssigkeitsdosiersystemen f\u00fcr die Glasindustrie von Beh\u00e4lterglas.\" \/>\n<meta property=\"og:url\" content=\"https:\/\/www.gr2.com\/de\/graphoidal\/\" \/>\n<meta property=\"og:site_name\" content=\"GR\u00b2 GmbH\" \/>\n<meta property=\"article:modified_time\" content=\"2020-07-28T08:47:52+00:00\" \/>\n<meta property=\"og:image\" content=\"https:\/\/www.gr2.com\/wp-content\/uploads\/premiumpartners\/logo\/images_premiumpartners_logo_graphoidal-logo.jpg\" \/>\n\t<meta property=\"og:image:width\" content=\"420\" \/>\n\t<meta property=\"og:image:height\" content=\"87\" \/>\n\t<meta property=\"og:image:type\" content=\"image\/jpeg\" \/>\n<meta name=\"twitter:card\" content=\"summary_large_image\" \/>\n<meta name=\"twitter:label1\" content=\"Gesch\u00e4tzte Lesezeit\" \/>\n\t<meta name=\"twitter:data1\" content=\"1\u00a0Minute\" \/>\n<script type=\"application\/ld+json\" class=\"yoast-schema-graph\">{\"@context\":\"https:\/\/schema.org\",\"@graph\":[{\"@type\":\"WebPage\",\"@id\":\"https:\/\/www.gr2.com\/de\/graphoidal\/\",\"url\":\"https:\/\/www.gr2.com\/de\/graphoidal\/\",\"name\":\"Graphoidal Developments - Schwesterfirma - GR\u00b2 GmbH\",\"isPartOf\":{\"@id\":\"https:\/\/www.gr2.com\/de\/#website\"},\"primaryImageOfPage\":{\"@id\":\"https:\/\/www.gr2.com\/de\/graphoidal\/#primaryimage\"},\"image\":{\"@id\":\"https:\/\/www.gr2.com\/de\/graphoidal\/#primaryimage\"},\"thumbnailUrl\":\"https:\/\/www.gr2.com\/wp-content\/uploads\/premiumpartners\/logo\/images_premiumpartners_logo_graphoidal-logo.jpg\",\"datePublished\":\"2011-11-07T12:13:24+00:00\",\"dateModified\":\"2020-07-28T08:47:52+00:00\",\"description\":\"Graphoidal Developments ist der weltweit f\u00fchrende Hersteller im Bereich Fl\u00fcssigkeitsdosiersystemen f\u00fcr die Glasindustrie von Beh\u00e4lterglas.\",\"breadcrumb\":{\"@id\":\"https:\/\/www.gr2.com\/de\/graphoidal\/#breadcrumb\"},\"inLanguage\":\"de\",\"potentialAction\":[{\"@type\":\"ReadAction\",\"target\":[\"https:\/\/www.gr2.com\/de\/graphoidal\/\"]}]},{\"@type\":\"ImageObject\",\"inLanguage\":\"de\",\"@id\":\"https:\/\/www.gr2.com\/de\/graphoidal\/#primaryimage\",\"url\":\"https:\/\/www.gr2.com\/wp-content\/uploads\/premiumpartners\/logo\/images_premiumpartners_logo_graphoidal-logo.jpg\",\"contentUrl\":\"https:\/\/www.gr2.com\/wp-content\/uploads\/premiumpartners\/logo\/images_premiumpartners_logo_graphoidal-logo.jpg\",\"width\":420,\"height\":87,\"caption\":\"Graphoidal\"},{\"@type\":\"BreadcrumbList\",\"@id\":\"https:\/\/www.gr2.com\/de\/graphoidal\/#breadcrumb\",\"itemListElement\":[{\"@type\":\"ListItem\",\"position\":1,\"name\":\"Startseite\",\"item\":\"https:\/\/www.gr2.com\/de\/\"},{\"@type\":\"ListItem\",\"position\":2,\"name\":\"Graphoidal\"}]},{\"@type\":\"WebSite\",\"@id\":\"https:\/\/www.gr2.com\/de\/#website\",\"url\":\"https:\/\/www.gr2.com\/de\/\",\"name\":\"GR\u00b2 GmbH\",\"description\":\"\",\"potentialAction\":[{\"@type\":\"SearchAction\",\"target\":{\"@type\":\"EntryPoint\",\"urlTemplate\":\"https:\/\/www.gr2.com\/de\/?s={search_term_string}\"},\"query-input\":\"required name=search_term_string\"}],\"inLanguage\":\"de\"}]}<\/script>\n<!-- \/ Yoast SEO plugin. -->","yoast_head_json":{"title":"Graphoidal Developments - Schwesterfirma - GR\u00b2 GmbH","description":"Graphoidal Developments ist der weltweit f\u00fchrende Hersteller im Bereich Fl\u00fcssigkeitsdosiersystemen f\u00fcr die Glasindustrie von Beh\u00e4lterglas.","robots":{"index":"index","follow":"follow","max-snippet":"max-snippet:-1","max-image-preview":"max-image-preview:large","max-video-preview":"max-video-preview:-1"},"canonical":"https:\/\/www.gr2.com\/de\/graphoidal\/","og_locale":"de_DE","og_type":"article","og_title":"Graphoidal Developments - Schwesterfirma - GR\u00b2 GmbH","og_description":"Graphoidal Developments ist der weltweit f\u00fchrende Hersteller im Bereich Fl\u00fcssigkeitsdosiersystemen f\u00fcr die Glasindustrie von Beh\u00e4lterglas.","og_url":"https:\/\/www.gr2.com\/de\/graphoidal\/","og_site_name":"GR\u00b2 GmbH","article_modified_time":"2020-07-28T08:47:52+00:00","og_image":[{"width":420,"height":87,"url":"https:\/\/www.gr2.com\/wp-content\/uploads\/premiumpartners\/logo\/images_premiumpartners_logo_graphoidal-logo.jpg","type":"image\/jpeg"}],"twitter_card":"summary_large_image","twitter_misc":{"Gesch\u00e4tzte Lesezeit":"1\u00a0Minute"},"schema":{"@context":"https:\/\/schema.org","@graph":[{"@type":"WebPage","@id":"https:\/\/www.gr2.com\/de\/graphoidal\/","url":"https:\/\/www.gr2.com\/de\/graphoidal\/","name":"Graphoidal Developments - Schwesterfirma - GR\u00b2 GmbH","isPartOf":{"@id":"https:\/\/www.gr2.com\/de\/#website"},"primaryImageOfPage":{"@id":"https:\/\/www.gr2.com\/de\/graphoidal\/#primaryimage"},"image":{"@id":"https:\/\/www.gr2.com\/de\/graphoidal\/#primaryimage"},"thumbnailUrl":"https:\/\/www.gr2.com\/wp-content\/uploads\/premiumpartners\/logo\/images_premiumpartners_logo_graphoidal-logo.jpg","datePublished":"2011-11-07T12:13:24+00:00","dateModified":"2020-07-28T08:47:52+00:00","description":"Graphoidal Developments ist der weltweit f\u00fchrende Hersteller im Bereich Fl\u00fcssigkeitsdosiersystemen f\u00fcr die Glasindustrie von Beh\u00e4lterglas.","breadcrumb":{"@id":"https:\/\/www.gr2.com\/de\/graphoidal\/#breadcrumb"},"inLanguage":"de","potentialAction":[{"@type":"ReadAction","target":["https:\/\/www.gr2.com\/de\/graphoidal\/"]}]},{"@type":"ImageObject","inLanguage":"de","@id":"https:\/\/www.gr2.com\/de\/graphoidal\/#primaryimage","url":"https:\/\/www.gr2.com\/wp-content\/uploads\/premiumpartners\/logo\/images_premiumpartners_logo_graphoidal-logo.jpg","contentUrl":"https:\/\/www.gr2.com\/wp-content\/uploads\/premiumpartners\/logo\/images_premiumpartners_logo_graphoidal-logo.jpg","width":420,"height":87,"caption":"Graphoidal"},{"@type":"BreadcrumbList","@id":"https:\/\/www.gr2.com\/de\/graphoidal\/#breadcrumb","itemListElement":[{"@type":"ListItem","position":1,"name":"Startseite","item":"https:\/\/www.gr2.com\/de\/"},{"@type":"ListItem","position":2,"name":"Graphoidal"}]},{"@type":"WebSite","@id":"https:\/\/www.gr2.com\/de\/#website","url":"https:\/\/www.gr2.com\/de\/","name":"GR\u00b2 GmbH","description":"","potentialAction":[{"@type":"SearchAction","target":{"@type":"EntryPoint","urlTemplate":"https:\/\/www.gr2.com\/de\/?s={search_term_string}"},"query-input":"required name=search_term_string"}],"inLanguage":"de"}]}},"_links":{"self":[{"href":"https:\/\/www.gr2.com\/de\/wp-json\/wp\/v2\/pages\/172"}],"collection":[{"href":"https:\/\/www.gr2.com\/de\/wp-json\/wp\/v2\/pages"}],"about":[{"href":"https:\/\/www.gr2.com\/de\/wp-json\/wp\/v2\/types\/page"}],"author":[{"embeddable":true,"href":"https:\/\/www.gr2.com\/de\/wp-json\/wp\/v2\/users\/1"}],"replies":[{"embeddable":true,"href":"https:\/\/www.gr2.com\/de\/wp-json\/wp\/v2\/comments?post=172"}],"version-history":[{"count":4,"href":"https:\/\/www.gr2.com\/de\/wp-json\/wp\/v2\/pages\/172\/revisions"}],"predecessor-version":[{"id":1900,"href":"https:\/\/www.gr2.com\/de\/wp-json\/wp\/v2\/pages\/172\/revisions\/1900"}],"wp:featuredmedia":[{"embeddable":true,"href":"https:\/\/www.gr2.com\/de\/wp-json\/wp\/v2\/media\/151"}],"wp:attachment":[{"href":"https:\/\/www.gr2.com\/de\/wp-json\/wp\/v2\/media?parent=172"}],"curies":[{"name":"wp","href":"https:\/\/api.w.org\/{rel}","templated":true}]}}